{"id":6527,"date":"2023-11-05T18:01:00","date_gmt":"2023-11-05T17:01:00","guid":{"rendered":"https:\/\/xmy.ch\/prodotto\/m-jacke-north-estate-blau\/"},"modified":"2023-11-05T18:01:00","modified_gmt":"2023-11-05T17:01:00","slug":"m-jacke-north-estate-blau","status":"publish","type":"product","link":"https:\/\/xmy.ch\/de\/prodotto\/m-jacke-north-estate-blau\/","title":{"rendered":"M Jacke North Estate Blau"},"content":{"rendered":"<p>Die North-Jacke ist eine Langlaufjacke mit Kapuze, die f\u00fcr ein Training mit mittlerer Intensit\u00e4t konzipiert wurde. Winddichtes und wasserabweisendes Dreilagen-Softshell mit Thermore-Wattierung im Frontbereich f\u00fcr zus\u00e4tzliche Isolierung. Thermore Ecodown-Faser, eine zu 100 % recycelte Faser mit hochwirksamen Isolationseigenschaften, die weich ist und nach dem Waschen nicht verklumpt. Mesh-Eins\u00e4tze unter den Armen und am R\u00fccken sorgen f\u00fcr optimale Bel\u00fcftung und Bewegungsfreiheit. Die Jacke hat einen \u00fcberdurchschnittlich hohen Kragen und eine leichte Kapuze mit einer geb\u00fcrsteten Innenseite, die eine gute Isolierung bietet. Die Bionic Finish Eco\u00ae-Technologie auf der Gewebeoberfl\u00e4che l\u00e4sst leichten Regen und Schnee abperlen. Zwei Vordertaschen und eine Brusttasche, alle mit Rei\u00dfverschluss. Interner Kordelzug am unteren Ende der Jacke f\u00fcr eine individuelle Passform. Wenn die Temperatur unter -10\u00b0C sinkt, erscheint ein k\u00fchles Muster im Softshell-Material.<\/p>\n<ul>\n<li>3-Lagen-Softshell<\/li>\n<li>TPU-Membran<\/li>\n<li>Wassers\u00e4ule: 10.000 WP<\/li>\n<li>Atmungsaktivit\u00e4t: 10.000 MVP<\/li>\n<li>Gepolsterte Brust<\/li>\n<li>Isolierung aus Wollgemisch<\/li>\n<li>YKK-Scharniere<\/li>\n<li>Kinnschutz<\/li>\n<li>Strategisch platzierte elastische Eins\u00e4tze f\u00fcr bessere Bewegung und Bel\u00fcftung<\/li>\n<li>Eine Brusttasche mit Rei\u00dfverschluss<\/li>\n<li>Mit einem Handgriff verstellbarer Saum<\/li>\n<li>Feste Haube<\/li>\n<li>Gedrucktes Logo<\/li>\n<li>Temperaturempfindlicher Druck<\/li>\n<li>Aufh\u00e4ngering<\/li>\n<\/ul>\n<p>Pflegehinweise:<br \/>\nMit geschlossenen Verschl\u00fcssen waschen. Verwenden Sie keine Weichsp\u00fcler. Mit \u00e4hnlichen Farben waschen.<\/p>\n","protected":false},"excerpt":{"rendered":"<p>Die North-Jacke ist eine Langlaufjacke mit Kapuze, die f\u00fcr ein Training mit mittlerer Intensit\u00e4t konzipiert wurde.<\/p>\n","protected":false},"featured_media":4440,"comment_status":"open","ping_status":"closed","template":"","meta":[],"product_brand":[],"product_cat":[330,332],"product_tag":[272],"class_list":{"0":"post-6527","1":"product","2":"type-product","3":"status-publish","4":"has-post-thumbnail","6":"product_cat-jacken-und-westen","7":"product_cat-sweatshirts","8":"product_tag-mann","10":"first","11":"instock","12":"taxable","13":"shipping-taxable","14":"purchasable","15":"product-type-variable"},"yoast_head":"<!-- This site is optimized with the Yoast SEO Premium plugin v27.5 (Yoast SEO v27.5) - https:\/\/yoast.com\/product\/yoast-seo-premium-wordpress\/ -->\n<title>North Estate M Jacke Blau \u2013 Warme Softshell-Isolation<\/title>\n<meta name=\"description\" content=\"Die North Estate M Jacke Blau bietet wind- und wasserdichten Softshell mit Thermore-Isolierung vorne, Bel\u00fcftung und Kapuze. Jetzt bequem online ansehen.\" \/>\n<meta name=\"robots\" content=\"index, follow, max-snippet:-1, max-image-preview:large, max-video-preview:-1\" \/>\n<link rel=\"canonical\" href=\"https:\/\/xmy.ch\/de\/prodotto\/m-jacke-north-estate-blau\/\" \/>\n<meta property=\"og:locale\" content=\"de_DE\" \/>\n<meta property=\"og:type\" content=\"article\" \/>\n<meta property=\"og:title\" content=\"North Estate M Jacke Blau \u2013 Warme Softshell-Isolation\" \/>\n<meta property=\"og:description\" content=\"Entdecken Sie die North Estate M Jacke Blau \u2013 ideal f\u00fcr Training mit mittlerer Intensit\u00e4t und Schutz bei Wind und Wetter.\" \/>\n<meta property=\"og:url\" content=\"https:\/\/xmy.ch\/de\/prodotto\/m-jacke-north-estate-blau\/\" \/>\n<meta property=\"og:site_name\" content=\"Xmy Sagl\" \/>\n<meta property=\"article:publisher\" content=\"https:\/\/www.facebook.com\/xmy.sagl\" \/>\n<meta property=\"og:image\" content=\"https:\/\/xmy.ch\/wp-content\/uploads\/2023\/11\/Daehlie-M-Jacket-North-surf-the-web-Main.jpg\" \/>\n\t<meta property=\"og:image:width\" content=\"1024\" \/>\n\t<meta property=\"og:image:height\" content=\"1024\" \/>\n\t<meta property=\"og:image:type\" content=\"image\/jpeg\" \/>\n<meta name=\"twitter:card\" content=\"summary_large_image\" \/>\n<meta name=\"twitter:title\" content=\"North Estate M Jacke Blau \u2013 Softshell mit W\u00e4rme\" \/>\n<meta name=\"twitter:description\" content=\"Jetzt die North Estate M Jacke Blau ansehen \u2013 Wind- und Wasserschutz mit Bel\u00fcftung und Kapuze. Ideal f\u00fcr mittleres Training.\" \/>\n<meta name=\"twitter:label1\" content=\"Gesch\u00e4tzte Lesezeit\" \/>\n\t<meta name=\"twitter:data1\" content=\"1 minute\" \/>\n<script type=\"application\/ld+json\" class=\"yoast-schema-graph\">{\"@context\":\"https:\\\/\\\/schema.org\",\"@graph\":[{\"@type\":\"WebPage\",\"@id\":\"https:\\\/\\\/xmy.ch\\\/de\\\/prodotto\\\/m-jacke-north-estate-blau\\\/\",\"url\":\"https:\\\/\\\/xmy.ch\\\/de\\\/prodotto\\\/m-jacke-north-estate-blau\\\/\",\"name\":\"North Estate M Jacke Blau \u2013 Warme Softshell-Isolation\",\"isPartOf\":{\"@id\":\"https:\\\/\\\/xmy.ch\\\/de\\\/#website\"},\"primaryImageOfPage\":{\"@id\":\"https:\\\/\\\/xmy.ch\\\/de\\\/prodotto\\\/m-jacke-north-estate-blau\\\/#primaryimage\"},\"image\":{\"@id\":\"https:\\\/\\\/xmy.ch\\\/de\\\/prodotto\\\/m-jacke-north-estate-blau\\\/#primaryimage\"},\"thumbnailUrl\":\"https:\\\/\\\/xmy.ch\\\/wp-content\\\/uploads\\\/2023\\\/11\\\/Daehlie-M-Jacket-North-surf-the-web-Main.jpg\",\"datePublished\":\"2023-11-05T17:01:00+00:00\",\"description\":\"Die North Estate M Jacke Blau bietet wind- und wasserdichten Softshell mit Thermore-Isolierung vorne, Bel\u00fcftung und Kapuze. Jetzt bequem online ansehen.\",\"breadcrumb\":{\"@id\":\"https:\\\/\\\/xmy.ch\\\/de\\\/prodotto\\\/m-jacke-north-estate-blau\\\/#breadcrumb\"},\"inLanguage\":\"de-DE\",\"potentialAction\":[{\"@type\":\"ReadAction\",\"target\":[\"https:\\\/\\\/xmy.ch\\\/de\\\/prodotto\\\/m-jacke-north-estate-blau\\\/\"]}]},{\"@type\":\"ImageObject\",\"inLanguage\":\"de-DE\",\"@id\":\"https:\\\/\\\/xmy.ch\\\/de\\\/prodotto\\\/m-jacke-north-estate-blau\\\/#primaryimage\",\"url\":\"https:\\\/\\\/xmy.ch\\\/wp-content\\\/uploads\\\/2023\\\/11\\\/Daehlie-M-Jacket-North-surf-the-web-Main.jpg\",\"contentUrl\":\"https:\\\/\\\/xmy.ch\\\/wp-content\\\/uploads\\\/2023\\\/11\\\/Daehlie-M-Jacket-North-surf-the-web-Main.jpg\",\"width\":1024,\"height\":1024},{\"@type\":\"BreadcrumbList\",\"@id\":\"https:\\\/\\\/xmy.ch\\\/de\\\/prodotto\\\/m-jacke-north-estate-blau\\\/#breadcrumb\",\"itemListElement\":[{\"@type\":\"ListItem\",\"position\":1,\"name\":\"Home\",\"item\":\"https:\\\/\\\/xmy.ch\\\/de\\\/\"},{\"@type\":\"ListItem\",\"position\":2,\"name\":\"Shop\",\"item\":\"https:\\\/\\\/xmy.ch\\\/de\\\/shop-2\\\/\"},{\"@type\":\"ListItem\",\"position\":3,\"name\":\"M Jacke North Estate Blau\"}]},{\"@type\":\"WebSite\",\"@id\":\"https:\\\/\\\/xmy.ch\\\/de\\\/#website\",\"url\":\"https:\\\/\\\/xmy.ch\\\/de\\\/\",\"name\":\"Xmy Sagl\",\"description\":\"\",\"publisher\":{\"@id\":\"https:\\\/\\\/xmy.ch\\\/de\\\/#organization\"},\"potentialAction\":[{\"@type\":\"SearchAction\",\"target\":{\"@type\":\"EntryPoint\",\"urlTemplate\":\"https:\\\/\\\/xmy.ch\\\/de\\\/?s={search_term_string}\"},\"query-input\":{\"@type\":\"PropertyValueSpecification\",\"valueRequired\":true,\"valueName\":\"search_term_string\"}}],\"inLanguage\":\"de-DE\"},{\"@type\":\"Organization\",\"@id\":\"https:\\\/\\\/xmy.ch\\\/de\\\/#organization\",\"name\":\"Xmy Sagl\",\"url\":\"https:\\\/\\\/xmy.ch\\\/de\\\/\",\"logo\":{\"@type\":\"ImageObject\",\"inLanguage\":\"de-DE\",\"@id\":\"https:\\\/\\\/xmy.ch\\\/de\\\/#\\\/schema\\\/logo\\\/image\\\/\",\"url\":\"https:\\\/\\\/xmy.ch\\\/wp-content\\\/uploads\\\/2024\\\/02\\\/XMY_UNI_B.webp\",\"contentUrl\":\"https:\\\/\\\/xmy.ch\\\/wp-content\\\/uploads\\\/2024\\\/02\\\/XMY_UNI_B.webp\",\"width\":1459,\"height\":421,\"caption\":\"Xmy Sagl\"},\"image\":{\"@id\":\"https:\\\/\\\/xmy.ch\\\/de\\\/#\\\/schema\\\/logo\\\/image\\\/\"},\"sameAs\":[\"https:\\\/\\\/www.facebook.com\\\/xmy.sagl\",\"https:\\\/\\\/www.instagram.com\\\/xmy.sagl\\\/\"]}]}<\/script>\n<!-- \/ Yoast SEO Premium plugin. -->","yoast_head_json":{"title":"North Estate M Jacke Blau \u2013 Warme Softshell-Isolation","description":"Die North Estate M Jacke Blau bietet wind- und wasserdichten Softshell mit Thermore-Isolierung vorne, Bel\u00fcftung und Kapuze. Jetzt bequem online ansehen.","robots":{"index":"index","follow":"follow","max-snippet":"max-snippet:-1","max-image-preview":"max-image-preview:large","max-video-preview":"max-video-preview:-1"},"canonical":"https:\/\/xmy.ch\/de\/prodotto\/m-jacke-north-estate-blau\/","og_locale":"de_DE","og_type":"article","og_title":"North Estate M Jacke Blau \u2013 Warme Softshell-Isolation","og_description":"Entdecken Sie die North Estate M Jacke Blau \u2013 ideal f\u00fcr Training mit mittlerer Intensit\u00e4t und Schutz bei Wind und Wetter.","og_url":"https:\/\/xmy.ch\/de\/prodotto\/m-jacke-north-estate-blau\/","og_site_name":"Xmy Sagl","article_publisher":"https:\/\/www.facebook.com\/xmy.sagl","og_image":[{"width":1024,"height":1024,"url":"https:\/\/xmy.ch\/wp-content\/uploads\/2023\/11\/Daehlie-M-Jacket-North-surf-the-web-Main.jpg","type":"image\/jpeg"}],"twitter_card":"summary_large_image","twitter_title":"North Estate M Jacke Blau \u2013 Softshell mit W\u00e4rme","twitter_description":"Jetzt die North Estate M Jacke Blau ansehen \u2013 Wind- und Wasserschutz mit Bel\u00fcftung und Kapuze. Ideal f\u00fcr mittleres Training.","twitter_misc":{"Gesch\u00e4tzte Lesezeit":"1 minute"},"schema":{"@context":"https:\/\/schema.org","@graph":[{"@type":"WebPage","@id":"https:\/\/xmy.ch\/de\/prodotto\/m-jacke-north-estate-blau\/","url":"https:\/\/xmy.ch\/de\/prodotto\/m-jacke-north-estate-blau\/","name":"North Estate M Jacke Blau \u2013 Warme Softshell-Isolation","isPartOf":{"@id":"https:\/\/xmy.ch\/de\/#website"},"primaryImageOfPage":{"@id":"https:\/\/xmy.ch\/de\/prodotto\/m-jacke-north-estate-blau\/#primaryimage"},"image":{"@id":"https:\/\/xmy.ch\/de\/prodotto\/m-jacke-north-estate-blau\/#primaryimage"},"thumbnailUrl":"https:\/\/xmy.ch\/wp-content\/uploads\/2023\/11\/Daehlie-M-Jacket-North-surf-the-web-Main.jpg","datePublished":"2023-11-05T17:01:00+00:00","description":"Die North Estate M Jacke Blau bietet wind- und wasserdichten Softshell mit Thermore-Isolierung vorne, Bel\u00fcftung und Kapuze. Jetzt bequem online ansehen.","breadcrumb":{"@id":"https:\/\/xmy.ch\/de\/prodotto\/m-jacke-north-estate-blau\/#breadcrumb"},"inLanguage":"de-DE","potentialAction":[{"@type":"ReadAction","target":["https:\/\/xmy.ch\/de\/prodotto\/m-jacke-north-estate-blau\/"]}]},{"@type":"ImageObject","inLanguage":"de-DE","@id":"https:\/\/xmy.ch\/de\/prodotto\/m-jacke-north-estate-blau\/#primaryimage","url":"https:\/\/xmy.ch\/wp-content\/uploads\/2023\/11\/Daehlie-M-Jacket-North-surf-the-web-Main.jpg","contentUrl":"https:\/\/xmy.ch\/wp-content\/uploads\/2023\/11\/Daehlie-M-Jacket-North-surf-the-web-Main.jpg","width":1024,"height":1024},{"@type":"BreadcrumbList","@id":"https:\/\/xmy.ch\/de\/prodotto\/m-jacke-north-estate-blau\/#breadcrumb","itemListElement":[{"@type":"ListItem","position":1,"name":"Home","item":"https:\/\/xmy.ch\/de\/"},{"@type":"ListItem","position":2,"name":"Shop","item":"https:\/\/xmy.ch\/de\/shop-2\/"},{"@type":"ListItem","position":3,"name":"M Jacke North Estate Blau"}]},{"@type":"WebSite","@id":"https:\/\/xmy.ch\/de\/#website","url":"https:\/\/xmy.ch\/de\/","name":"Xmy Sagl","description":"","publisher":{"@id":"https:\/\/xmy.ch\/de\/#organization"},"potentialAction":[{"@type":"SearchAction","target":{"@type":"EntryPoint","urlTemplate":"https:\/\/xmy.ch\/de\/?s={search_term_string}"},"query-input":{"@type":"PropertyValueSpecification","valueRequired":true,"valueName":"search_term_string"}}],"inLanguage":"de-DE"},{"@type":"Organization","@id":"https:\/\/xmy.ch\/de\/#organization","name":"Xmy Sagl","url":"https:\/\/xmy.ch\/de\/","logo":{"@type":"ImageObject","inLanguage":"de-DE","@id":"https:\/\/xmy.ch\/de\/#\/schema\/logo\/image\/","url":"https:\/\/xmy.ch\/wp-content\/uploads\/2024\/02\/XMY_UNI_B.webp","contentUrl":"https:\/\/xmy.ch\/wp-content\/uploads\/2024\/02\/XMY_UNI_B.webp","width":1459,"height":421,"caption":"Xmy Sagl"},"image":{"@id":"https:\/\/xmy.ch\/de\/#\/schema\/logo\/image\/"},"sameAs":["https:\/\/www.facebook.com\/xmy.sagl","https:\/\/www.instagram.com\/xmy.sagl\/"]}]}},"_links":{"self":[{"href":"https:\/\/xmy.ch\/de\/wp-json\/wp\/v2\/product\/6527","targetHints":{"allow":["GET"]}}],"collection":[{"href":"https:\/\/xmy.ch\/de\/wp-json\/wp\/v2\/product"}],"about":[{"href":"https:\/\/xmy.ch\/de\/wp-json\/wp\/v2\/types\/product"}],"replies":[{"embeddable":true,"href":"https:\/\/xmy.ch\/de\/wp-json\/wp\/v2\/comments?post=6527"}],"wp:featuredmedia":[{"embeddable":true,"href":"https:\/\/xmy.ch\/de\/wp-json\/wp\/v2\/media\/4440"}],"wp:attachment":[{"href":"https:\/\/xmy.ch\/de\/wp-json\/wp\/v2\/media?parent=6527"}],"wp:term":[{"taxonomy":"product_brand","embeddable":true,"href":"https:\/\/xmy.ch\/de\/wp-json\/wp\/v2\/product_brand?post=6527"},{"taxonomy":"product_cat","embeddable":true,"href":"https:\/\/xmy.ch\/de\/wp-json\/wp\/v2\/product_cat?post=6527"},{"taxonomy":"product_tag","embeddable":true,"href":"https:\/\/xmy.ch\/de\/wp-json\/wp\/v2\/product_tag?post=6527"}],"curies":[{"name":"wp","href":"https:\/\/api.w.org\/{rel}","templated":true}]}}