{"id":6457,"date":"2023-11-05T11:22:00","date_gmt":"2023-11-05T10:22:00","guid":{"rendered":"https:\/\/xmy.ch\/prodotto\/w-motion-hood-miami-blau\/"},"modified":"2023-11-05T11:22:00","modified_gmt":"2023-11-05T10:22:00","slug":"w-motion-hood-miami-blau","status":"publish","type":"product","link":"https:\/\/xmy.ch\/de\/prodotto\/w-motion-hood-miami-blau\/","title":{"rendered":"W Motion Hood Miami Blau"},"content":{"rendered":"<p>Leichte Daunenjacke f\u00fcr alle Arten von Ausfl\u00fcgen, das ganze Jahr \u00fcber. Ein vielseitiges Kleidungsst\u00fcck, das sich sowohl als eigenst\u00e4ndige Jacke als auch als Midlayer in der kalten Jahreszeit eignet. Recycelte synthetische Daunenisolierung ist eine hervorragende Alternative zu normaler Daune, wenn man viel Zeit in den Bergen bei wechselnden Bedingungen verbringt. Die Freifaserisolierung hat einen Loft, der dem von Daunen \u00e4hnelt, und beh\u00e4lt ihre Isolierf\u00e4higkeit auch bei N\u00e4sse. Das Gewebe aus recyceltem Polyamid ist leicht und flexibel und bietet maximale Isolierung.<\/p>\n<ul>\n<li>Recycelte Polyester-Daunen<\/li>\n<li>Folienisolierung an Schultern und Ellbogen<\/li>\n<li>Obermaterial aus recyceltem Polyamid mit PFC-freier wasserabweisender Behandlung<\/li>\n<li>Eng anliegende Kapuze mit elastischem Saum<\/li>\n<li>Innenliegende Rei\u00dfverschlussklappe und geb\u00fcrsteter Kinnschutz f\u00fcr zus\u00e4tzlichen Komfort<\/li>\n<li>Innere Rei\u00dfverschlusstasche<\/li>\n<li>Offene Eingrifftaschen mit elastischem Saum und verdeckten Rei\u00dfverschlusstaschen<\/li>\n<\/ul>\n<p>100% Polyamid recycelt, Isolierung: Thermore Ecodwon 100% Polyester recycelt<\/p>\n","protected":false},"excerpt":{"rendered":"<p>Leichte Daunenjacke f\u00fcr alle Arten von Ausfl\u00fcgen, das ganze Jahr \u00fcber. Ein vielseitiges Kleidungsst\u00fcck, das sich sowohl als eigenst\u00e4ndige Jacke als auch als Midlayer in der kalten Jahreszeit eignet.<\/p>\n","protected":false},"featured_media":4390,"comment_status":"open","ping_status":"closed","template":"","meta":[],"product_brand":[],"product_cat":[332],"product_tag":[271],"class_list":{"0":"post-6457","1":"product","2":"type-product","3":"status-publish","4":"has-post-thumbnail","6":"product_cat-sweatshirts","7":"product_tag-frau","9":"first","10":"instock","11":"taxable","12":"shipping-taxable","13":"purchasable","14":"product-type-variable"},"yoast_head":"<!-- This site is optimized with the Yoast SEO Premium plugin v27.5 (Yoast SEO v27.5) - https:\/\/yoast.com\/product\/yoast-seo-premium-wordpress\/ -->\n<title>W Motion Hood Miami Blau \u2013 Leichte Daunenjacke Outdoor<\/title>\n<meta name=\"description\" content=\"W Motion Hood Miami Blau bietet W\u00e4rme, Leichtigkeit und Vielseitigkeit als Jacke oder Midlayer. Recycelte Isolierung, PFC-freie Beschichtung \u2013 jetzt entdecken und kaufen.\" \/>\n<meta name=\"robots\" content=\"index, follow, max-snippet:-1, max-image-preview:large, max-video-preview:-1\" \/>\n<link rel=\"canonical\" href=\"https:\/\/xmy.ch\/de\/prodotto\/w-motion-hood-miami-blau\/\" \/>\n<meta property=\"og:locale\" content=\"de_DE\" \/>\n<meta property=\"og:type\" content=\"article\" \/>\n<meta property=\"og:title\" content=\"W Motion Hood Miami Blau \u2013 Leichte Daunenjacke\" \/>\n<meta property=\"og:description\" content=\"Vielseitige Daunenjacke f\u00fcr das ganze Jahr \u2013 jetzt entdecken und bestellen.\" \/>\n<meta property=\"og:url\" content=\"https:\/\/xmy.ch\/de\/prodotto\/w-motion-hood-miami-blau\/\" \/>\n<meta property=\"og:site_name\" content=\"Xmy Sagl\" \/>\n<meta property=\"article:publisher\" content=\"https:\/\/www.facebook.com\/xmy.sagl\" \/>\n<meta property=\"og:image\" content=\"https:\/\/xmy.ch\/wp-content\/uploads\/2023\/11\/Elevenate-W-Motion-Hood-miami-blue-Main.jpg\" \/>\n\t<meta property=\"og:image:width\" content=\"1024\" \/>\n\t<meta property=\"og:image:height\" content=\"1024\" \/>\n\t<meta property=\"og:image:type\" content=\"image\/jpeg\" \/>\n<meta name=\"twitter:card\" content=\"summary_large_image\" \/>\n<meta name=\"twitter:title\" content=\"W Motion Hood Miami Blau \u2013 Outdoor Daunenjacke\" \/>\n<meta name=\"twitter:description\" content=\"Jetzt online kaufen und W\u00e4rme sowie Stil genie\u00dfen.\" \/>\n<meta name=\"twitter:label1\" content=\"Gesch\u00e4tzte Lesezeit\" \/>\n\t<meta name=\"twitter:data1\" content=\"1 minute\" \/>\n<script type=\"application\/ld+json\" class=\"yoast-schema-graph\">{\"@context\":\"https:\\\/\\\/schema.org\",\"@graph\":[{\"@type\":\"WebPage\",\"@id\":\"https:\\\/\\\/xmy.ch\\\/de\\\/prodotto\\\/w-motion-hood-miami-blau\\\/\",\"url\":\"https:\\\/\\\/xmy.ch\\\/de\\\/prodotto\\\/w-motion-hood-miami-blau\\\/\",\"name\":\"W Motion Hood Miami Blau \u2013 Leichte Daunenjacke Outdoor\",\"isPartOf\":{\"@id\":\"https:\\\/\\\/xmy.ch\\\/de\\\/#website\"},\"primaryImageOfPage\":{\"@id\":\"https:\\\/\\\/xmy.ch\\\/de\\\/prodotto\\\/w-motion-hood-miami-blau\\\/#primaryimage\"},\"image\":{\"@id\":\"https:\\\/\\\/xmy.ch\\\/de\\\/prodotto\\\/w-motion-hood-miami-blau\\\/#primaryimage\"},\"thumbnailUrl\":\"https:\\\/\\\/xmy.ch\\\/wp-content\\\/uploads\\\/2023\\\/11\\\/Elevenate-W-Motion-Hood-miami-blue-Main.jpg\",\"datePublished\":\"2023-11-05T10:22:00+00:00\",\"description\":\"W Motion Hood Miami Blau bietet W\u00e4rme, Leichtigkeit und Vielseitigkeit als Jacke oder Midlayer. Recycelte Isolierung, PFC-freie Beschichtung \u2013 jetzt entdecken und kaufen.\",\"breadcrumb\":{\"@id\":\"https:\\\/\\\/xmy.ch\\\/de\\\/prodotto\\\/w-motion-hood-miami-blau\\\/#breadcrumb\"},\"inLanguage\":\"de-DE\",\"potentialAction\":[{\"@type\":\"ReadAction\",\"target\":[\"https:\\\/\\\/xmy.ch\\\/de\\\/prodotto\\\/w-motion-hood-miami-blau\\\/\"]}]},{\"@type\":\"ImageObject\",\"inLanguage\":\"de-DE\",\"@id\":\"https:\\\/\\\/xmy.ch\\\/de\\\/prodotto\\\/w-motion-hood-miami-blau\\\/#primaryimage\",\"url\":\"https:\\\/\\\/xmy.ch\\\/wp-content\\\/uploads\\\/2023\\\/11\\\/Elevenate-W-Motion-Hood-miami-blue-Main.jpg\",\"contentUrl\":\"https:\\\/\\\/xmy.ch\\\/wp-content\\\/uploads\\\/2023\\\/11\\\/Elevenate-W-Motion-Hood-miami-blue-Main.jpg\",\"width\":1024,\"height\":1024},{\"@type\":\"BreadcrumbList\",\"@id\":\"https:\\\/\\\/xmy.ch\\\/de\\\/prodotto\\\/w-motion-hood-miami-blau\\\/#breadcrumb\",\"itemListElement\":[{\"@type\":\"ListItem\",\"position\":1,\"name\":\"Home\",\"item\":\"https:\\\/\\\/xmy.ch\\\/de\\\/\"},{\"@type\":\"ListItem\",\"position\":2,\"name\":\"Shop\",\"item\":\"https:\\\/\\\/xmy.ch\\\/de\\\/shop-2\\\/\"},{\"@type\":\"ListItem\",\"position\":3,\"name\":\"W Motion Hood Miami Blau\"}]},{\"@type\":\"WebSite\",\"@id\":\"https:\\\/\\\/xmy.ch\\\/de\\\/#website\",\"url\":\"https:\\\/\\\/xmy.ch\\\/de\\\/\",\"name\":\"Xmy Sagl\",\"description\":\"\",\"publisher\":{\"@id\":\"https:\\\/\\\/xmy.ch\\\/de\\\/#organization\"},\"potentialAction\":[{\"@type\":\"SearchAction\",\"target\":{\"@type\":\"EntryPoint\",\"urlTemplate\":\"https:\\\/\\\/xmy.ch\\\/de\\\/?s={search_term_string}\"},\"query-input\":{\"@type\":\"PropertyValueSpecification\",\"valueRequired\":true,\"valueName\":\"search_term_string\"}}],\"inLanguage\":\"de-DE\"},{\"@type\":\"Organization\",\"@id\":\"https:\\\/\\\/xmy.ch\\\/de\\\/#organization\",\"name\":\"Xmy Sagl\",\"url\":\"https:\\\/\\\/xmy.ch\\\/de\\\/\",\"logo\":{\"@type\":\"ImageObject\",\"inLanguage\":\"de-DE\",\"@id\":\"https:\\\/\\\/xmy.ch\\\/de\\\/#\\\/schema\\\/logo\\\/image\\\/\",\"url\":\"https:\\\/\\\/xmy.ch\\\/wp-content\\\/uploads\\\/2024\\\/02\\\/XMY_UNI_B.webp\",\"contentUrl\":\"https:\\\/\\\/xmy.ch\\\/wp-content\\\/uploads\\\/2024\\\/02\\\/XMY_UNI_B.webp\",\"width\":1459,\"height\":421,\"caption\":\"Xmy Sagl\"},\"image\":{\"@id\":\"https:\\\/\\\/xmy.ch\\\/de\\\/#\\\/schema\\\/logo\\\/image\\\/\"},\"sameAs\":[\"https:\\\/\\\/www.facebook.com\\\/xmy.sagl\",\"https:\\\/\\\/www.instagram.com\\\/xmy.sagl\\\/\"]}]}<\/script>\n<!-- \/ Yoast SEO Premium plugin. -->","yoast_head_json":{"title":"W Motion Hood Miami Blau \u2013 Leichte Daunenjacke Outdoor","description":"W Motion Hood Miami Blau bietet W\u00e4rme, Leichtigkeit und Vielseitigkeit als Jacke oder Midlayer. Recycelte Isolierung, PFC-freie Beschichtung \u2013 jetzt entdecken und kaufen.","robots":{"index":"index","follow":"follow","max-snippet":"max-snippet:-1","max-image-preview":"max-image-preview:large","max-video-preview":"max-video-preview:-1"},"canonical":"https:\/\/xmy.ch\/de\/prodotto\/w-motion-hood-miami-blau\/","og_locale":"de_DE","og_type":"article","og_title":"W Motion Hood Miami Blau \u2013 Leichte Daunenjacke","og_description":"Vielseitige Daunenjacke f\u00fcr das ganze Jahr \u2013 jetzt entdecken und bestellen.","og_url":"https:\/\/xmy.ch\/de\/prodotto\/w-motion-hood-miami-blau\/","og_site_name":"Xmy Sagl","article_publisher":"https:\/\/www.facebook.com\/xmy.sagl","og_image":[{"width":1024,"height":1024,"url":"https:\/\/xmy.ch\/wp-content\/uploads\/2023\/11\/Elevenate-W-Motion-Hood-miami-blue-Main.jpg","type":"image\/jpeg"}],"twitter_card":"summary_large_image","twitter_title":"W Motion Hood Miami Blau \u2013 Outdoor Daunenjacke","twitter_description":"Jetzt online kaufen und W\u00e4rme sowie Stil genie\u00dfen.","twitter_misc":{"Gesch\u00e4tzte Lesezeit":"1 minute"},"schema":{"@context":"https:\/\/schema.org","@graph":[{"@type":"WebPage","@id":"https:\/\/xmy.ch\/de\/prodotto\/w-motion-hood-miami-blau\/","url":"https:\/\/xmy.ch\/de\/prodotto\/w-motion-hood-miami-blau\/","name":"W Motion Hood Miami Blau \u2013 Leichte Daunenjacke Outdoor","isPartOf":{"@id":"https:\/\/xmy.ch\/de\/#website"},"primaryImageOfPage":{"@id":"https:\/\/xmy.ch\/de\/prodotto\/w-motion-hood-miami-blau\/#primaryimage"},"image":{"@id":"https:\/\/xmy.ch\/de\/prodotto\/w-motion-hood-miami-blau\/#primaryimage"},"thumbnailUrl":"https:\/\/xmy.ch\/wp-content\/uploads\/2023\/11\/Elevenate-W-Motion-Hood-miami-blue-Main.jpg","datePublished":"2023-11-05T10:22:00+00:00","description":"W Motion Hood Miami Blau bietet W\u00e4rme, Leichtigkeit und Vielseitigkeit als Jacke oder Midlayer. Recycelte Isolierung, PFC-freie Beschichtung \u2013 jetzt entdecken und kaufen.","breadcrumb":{"@id":"https:\/\/xmy.ch\/de\/prodotto\/w-motion-hood-miami-blau\/#breadcrumb"},"inLanguage":"de-DE","potentialAction":[{"@type":"ReadAction","target":["https:\/\/xmy.ch\/de\/prodotto\/w-motion-hood-miami-blau\/"]}]},{"@type":"ImageObject","inLanguage":"de-DE","@id":"https:\/\/xmy.ch\/de\/prodotto\/w-motion-hood-miami-blau\/#primaryimage","url":"https:\/\/xmy.ch\/wp-content\/uploads\/2023\/11\/Elevenate-W-Motion-Hood-miami-blue-Main.jpg","contentUrl":"https:\/\/xmy.ch\/wp-content\/uploads\/2023\/11\/Elevenate-W-Motion-Hood-miami-blue-Main.jpg","width":1024,"height":1024},{"@type":"BreadcrumbList","@id":"https:\/\/xmy.ch\/de\/prodotto\/w-motion-hood-miami-blau\/#breadcrumb","itemListElement":[{"@type":"ListItem","position":1,"name":"Home","item":"https:\/\/xmy.ch\/de\/"},{"@type":"ListItem","position":2,"name":"Shop","item":"https:\/\/xmy.ch\/de\/shop-2\/"},{"@type":"ListItem","position":3,"name":"W Motion Hood Miami Blau"}]},{"@type":"WebSite","@id":"https:\/\/xmy.ch\/de\/#website","url":"https:\/\/xmy.ch\/de\/","name":"Xmy Sagl","description":"","publisher":{"@id":"https:\/\/xmy.ch\/de\/#organization"},"potentialAction":[{"@type":"SearchAction","target":{"@type":"EntryPoint","urlTemplate":"https:\/\/xmy.ch\/de\/?s={search_term_string}"},"query-input":{"@type":"PropertyValueSpecification","valueRequired":true,"valueName":"search_term_string"}}],"inLanguage":"de-DE"},{"@type":"Organization","@id":"https:\/\/xmy.ch\/de\/#organization","name":"Xmy Sagl","url":"https:\/\/xmy.ch\/de\/","logo":{"@type":"ImageObject","inLanguage":"de-DE","@id":"https:\/\/xmy.ch\/de\/#\/schema\/logo\/image\/","url":"https:\/\/xmy.ch\/wp-content\/uploads\/2024\/02\/XMY_UNI_B.webp","contentUrl":"https:\/\/xmy.ch\/wp-content\/uploads\/2024\/02\/XMY_UNI_B.webp","width":1459,"height":421,"caption":"Xmy Sagl"},"image":{"@id":"https:\/\/xmy.ch\/de\/#\/schema\/logo\/image\/"},"sameAs":["https:\/\/www.facebook.com\/xmy.sagl","https:\/\/www.instagram.com\/xmy.sagl\/"]}]}},"_links":{"self":[{"href":"https:\/\/xmy.ch\/de\/wp-json\/wp\/v2\/product\/6457","targetHints":{"allow":["GET"]}}],"collection":[{"href":"https:\/\/xmy.ch\/de\/wp-json\/wp\/v2\/product"}],"about":[{"href":"https:\/\/xmy.ch\/de\/wp-json\/wp\/v2\/types\/product"}],"replies":[{"embeddable":true,"href":"https:\/\/xmy.ch\/de\/wp-json\/wp\/v2\/comments?post=6457"}],"wp:featuredmedia":[{"embeddable":true,"href":"https:\/\/xmy.ch\/de\/wp-json\/wp\/v2\/media\/4390"}],"wp:attachment":[{"href":"https:\/\/xmy.ch\/de\/wp-json\/wp\/v2\/media?parent=6457"}],"wp:term":[{"taxonomy":"product_brand","embeddable":true,"href":"https:\/\/xmy.ch\/de\/wp-json\/wp\/v2\/product_brand?post=6457"},{"taxonomy":"product_cat","embeddable":true,"href":"https:\/\/xmy.ch\/de\/wp-json\/wp\/v2\/product_cat?post=6457"},{"taxonomy":"product_tag","embeddable":true,"href":"https:\/\/xmy.ch\/de\/wp-json\/wp\/v2\/product_tag?post=6457"}],"curies":[{"name":"wp","href":"https:\/\/api.w.org\/{rel}","templated":true}]}}