{"id":6432,"date":"2023-11-05T11:01:00","date_gmt":"2023-11-05T10:01:00","guid":{"rendered":"https:\/\/xmy.ch\/prodotto\/m-motion-vest-schwarz\/"},"modified":"2023-11-05T11:01:00","modified_gmt":"2023-11-05T10:01:00","slug":"m-motion-vest-schwarz","status":"publish","type":"product","link":"https:\/\/xmy.ch\/de\/prodotto\/m-motion-vest-schwarz\/","title":{"rendered":"M Motion Vest Schwarz"},"content":{"rendered":"<p>Leichte Daunenweste f\u00fcr alle Arten von Ausfl\u00fcgen, das ganze Jahr \u00fcber. Ein vielseitiges Kleidungsst\u00fcck, das sich sowohl als eigenst\u00e4ndige Weste als auch als Midlayer an k\u00e4lteren Tagen eignet. Recycelte synthetische Daunenisolierung ist eine hervorragende Alternative zu normaler Daune, wenn man viel Zeit in den Bergen bei wechselnden Bedingungen verbringt. Die lose Faserisolierung hat einen \u00e4hnlichen Loft wie Daunen und beh\u00e4lt ihre Isolierf\u00e4higkeit auch bei N\u00e4sse. Das recycelte Polyamid-Gewebe ist leicht und flexibel und bietet maximale Polsterung und Isolierung.<\/p>\n<ul>\n<li>Recycelte Polyester-Daunen<\/li>\n<li>Folienisolierung an den Schultern<\/li>\n<li>Obermaterial aus recyceltem Polyamid mit PFC-freier wasserabweisender Behandlung<\/li>\n<li>Geb\u00fcrsteter, gestrickter Kinnschutzkragen f\u00fcr zus\u00e4tzlichen Komfort<\/li>\n<li>Innere Rei\u00dfverschlusstasche<\/li>\n<li>Rei\u00dfverschlusstaschen f\u00fcr die H\u00e4nde<\/li>\n<\/ul>\n<p>100% Polyamid recycelt, Isolierung: Thermore Ecodwon 100% Polyester recycelt<\/p>\n","protected":false},"excerpt":{"rendered":"<p>Leichte Daunenweste f\u00fcr alle Arten von Ausfl\u00fcgen, das ganze Jahr \u00fcber.<\/p>\n","protected":false},"featured_media":4338,"comment_status":"open","ping_status":"closed","template":"","meta":[],"product_brand":[],"product_cat":[330],"product_tag":[272],"class_list":{"0":"post-6432","1":"product","2":"type-product","3":"status-publish","4":"has-post-thumbnail","6":"product_cat-jacken-und-westen","7":"product_tag-mann","9":"first","10":"instock","11":"taxable","12":"shipping-taxable","13":"purchasable","14":"product-type-variable"},"yoast_head":"<!-- This site is optimized with the Yoast SEO Premium plugin v27.5 (Yoast SEO v27.5) - https:\/\/yoast.com\/product\/yoast-seo-premium-wordpress\/ -->\n<title>Motion Vest Schwarz \u2013 Leichte Daunenweste f\u00fcr Outdoor<\/title>\n<meta name=\"description\" content=\"Motion Vest Schwarz bietet vielseitige Isolation aus recycelten Materialien. Jetzt entdecken und bequem online bestellen \u2013 ideal als Midlayer oder eigenst\u00e4ndige Weste.\" \/>\n<meta name=\"robots\" content=\"index, follow, max-snippet:-1, max-image-preview:large, max-video-preview:-1\" \/>\n<link rel=\"canonical\" href=\"https:\/\/xmy.ch\/de\/prodotto\/m-motion-vest-schwarz\/\" \/>\n<meta property=\"og:locale\" content=\"de_DE\" \/>\n<meta property=\"og:type\" content=\"article\" \/>\n<meta property=\"og:title\" content=\"Motion Vest Schwarz \u2013 Vielseitige Daunenweste\" \/>\n<meta property=\"og:description\" content=\"Jetzt Motion Vest Schwarz entdecken und outdoor optimal sch\u00fctzen. Jetzt kaufen!\" \/>\n<meta property=\"og:url\" content=\"https:\/\/xmy.ch\/de\/prodotto\/m-motion-vest-schwarz\/\" \/>\n<meta property=\"og:site_name\" content=\"Xmy Sagl\" \/>\n<meta property=\"article:publisher\" content=\"https:\/\/www.facebook.com\/xmy.sagl\" \/>\n<meta property=\"og:image\" content=\"https:\/\/xmy.ch\/wp-content\/uploads\/2023\/11\/Elevenate-M-Motion-Vest-black-Main_1920x1920.jpg\" \/>\n\t<meta property=\"og:image:width\" content=\"1024\" \/>\n\t<meta property=\"og:image:height\" content=\"1024\" \/>\n\t<meta property=\"og:image:type\" content=\"image\/jpeg\" \/>\n<meta name=\"twitter:card\" content=\"summary_large_image\" \/>\n<meta name=\"twitter:title\" content=\"Motion Vest Schwarz \u2013 Leichte Warmisolierung\" \/>\n<meta name=\"twitter:description\" content=\"Entdecke die recycelte Isolierung der Motion Vest und bestelle online.\" \/>\n<meta name=\"twitter:label1\" content=\"Gesch\u00e4tzte Lesezeit\" \/>\n\t<meta name=\"twitter:data1\" content=\"1 minute\" \/>\n<script type=\"application\/ld+json\" class=\"yoast-schema-graph\">{\"@context\":\"https:\\\/\\\/schema.org\",\"@graph\":[{\"@type\":\"WebPage\",\"@id\":\"https:\\\/\\\/xmy.ch\\\/de\\\/prodotto\\\/m-motion-vest-schwarz\\\/\",\"url\":\"https:\\\/\\\/xmy.ch\\\/de\\\/prodotto\\\/m-motion-vest-schwarz\\\/\",\"name\":\"Motion Vest Schwarz \u2013 Leichte Daunenweste f\u00fcr Outdoor\",\"isPartOf\":{\"@id\":\"https:\\\/\\\/xmy.ch\\\/de\\\/#website\"},\"primaryImageOfPage\":{\"@id\":\"https:\\\/\\\/xmy.ch\\\/de\\\/prodotto\\\/m-motion-vest-schwarz\\\/#primaryimage\"},\"image\":{\"@id\":\"https:\\\/\\\/xmy.ch\\\/de\\\/prodotto\\\/m-motion-vest-schwarz\\\/#primaryimage\"},\"thumbnailUrl\":\"https:\\\/\\\/xmy.ch\\\/wp-content\\\/uploads\\\/2023\\\/11\\\/Elevenate-M-Motion-Vest-black-Main_1920x1920.jpg\",\"datePublished\":\"2023-11-05T10:01:00+00:00\",\"description\":\"Motion Vest Schwarz bietet vielseitige Isolation aus recycelten Materialien. Jetzt entdecken und bequem online bestellen \u2013 ideal als Midlayer oder eigenst\u00e4ndige Weste.\",\"breadcrumb\":{\"@id\":\"https:\\\/\\\/xmy.ch\\\/de\\\/prodotto\\\/m-motion-vest-schwarz\\\/#breadcrumb\"},\"inLanguage\":\"de-DE\",\"potentialAction\":[{\"@type\":\"ReadAction\",\"target\":[\"https:\\\/\\\/xmy.ch\\\/de\\\/prodotto\\\/m-motion-vest-schwarz\\\/\"]}]},{\"@type\":\"ImageObject\",\"inLanguage\":\"de-DE\",\"@id\":\"https:\\\/\\\/xmy.ch\\\/de\\\/prodotto\\\/m-motion-vest-schwarz\\\/#primaryimage\",\"url\":\"https:\\\/\\\/xmy.ch\\\/wp-content\\\/uploads\\\/2023\\\/11\\\/Elevenate-M-Motion-Vest-black-Main_1920x1920.jpg\",\"contentUrl\":\"https:\\\/\\\/xmy.ch\\\/wp-content\\\/uploads\\\/2023\\\/11\\\/Elevenate-M-Motion-Vest-black-Main_1920x1920.jpg\",\"width\":1024,\"height\":1024},{\"@type\":\"BreadcrumbList\",\"@id\":\"https:\\\/\\\/xmy.ch\\\/de\\\/prodotto\\\/m-motion-vest-schwarz\\\/#breadcrumb\",\"itemListElement\":[{\"@type\":\"ListItem\",\"position\":1,\"name\":\"Home\",\"item\":\"https:\\\/\\\/xmy.ch\\\/de\\\/\"},{\"@type\":\"ListItem\",\"position\":2,\"name\":\"Shop\",\"item\":\"https:\\\/\\\/xmy.ch\\\/de\\\/shop-2\\\/\"},{\"@type\":\"ListItem\",\"position\":3,\"name\":\"M Motion Vest Schwarz\"}]},{\"@type\":\"WebSite\",\"@id\":\"https:\\\/\\\/xmy.ch\\\/de\\\/#website\",\"url\":\"https:\\\/\\\/xmy.ch\\\/de\\\/\",\"name\":\"Xmy Sagl\",\"description\":\"\",\"publisher\":{\"@id\":\"https:\\\/\\\/xmy.ch\\\/de\\\/#organization\"},\"potentialAction\":[{\"@type\":\"SearchAction\",\"target\":{\"@type\":\"EntryPoint\",\"urlTemplate\":\"https:\\\/\\\/xmy.ch\\\/de\\\/?s={search_term_string}\"},\"query-input\":{\"@type\":\"PropertyValueSpecification\",\"valueRequired\":true,\"valueName\":\"search_term_string\"}}],\"inLanguage\":\"de-DE\"},{\"@type\":\"Organization\",\"@id\":\"https:\\\/\\\/xmy.ch\\\/de\\\/#organization\",\"name\":\"Xmy Sagl\",\"url\":\"https:\\\/\\\/xmy.ch\\\/de\\\/\",\"logo\":{\"@type\":\"ImageObject\",\"inLanguage\":\"de-DE\",\"@id\":\"https:\\\/\\\/xmy.ch\\\/de\\\/#\\\/schema\\\/logo\\\/image\\\/\",\"url\":\"https:\\\/\\\/xmy.ch\\\/wp-content\\\/uploads\\\/2024\\\/02\\\/XMY_UNI_B.webp\",\"contentUrl\":\"https:\\\/\\\/xmy.ch\\\/wp-content\\\/uploads\\\/2024\\\/02\\\/XMY_UNI_B.webp\",\"width\":1459,\"height\":421,\"caption\":\"Xmy Sagl\"},\"image\":{\"@id\":\"https:\\\/\\\/xmy.ch\\\/de\\\/#\\\/schema\\\/logo\\\/image\\\/\"},\"sameAs\":[\"https:\\\/\\\/www.facebook.com\\\/xmy.sagl\",\"https:\\\/\\\/www.instagram.com\\\/xmy.sagl\\\/\"]}]}<\/script>\n<!-- \/ Yoast SEO Premium plugin. -->","yoast_head_json":{"title":"Motion Vest Schwarz \u2013 Leichte Daunenweste f\u00fcr Outdoor","description":"Motion Vest Schwarz bietet vielseitige Isolation aus recycelten Materialien. Jetzt entdecken und bequem online bestellen \u2013 ideal als Midlayer oder eigenst\u00e4ndige Weste.","robots":{"index":"index","follow":"follow","max-snippet":"max-snippet:-1","max-image-preview":"max-image-preview:large","max-video-preview":"max-video-preview:-1"},"canonical":"https:\/\/xmy.ch\/de\/prodotto\/m-motion-vest-schwarz\/","og_locale":"de_DE","og_type":"article","og_title":"Motion Vest Schwarz \u2013 Vielseitige Daunenweste","og_description":"Jetzt Motion Vest Schwarz entdecken und outdoor optimal sch\u00fctzen. Jetzt kaufen!","og_url":"https:\/\/xmy.ch\/de\/prodotto\/m-motion-vest-schwarz\/","og_site_name":"Xmy Sagl","article_publisher":"https:\/\/www.facebook.com\/xmy.sagl","og_image":[{"width":1024,"height":1024,"url":"https:\/\/xmy.ch\/wp-content\/uploads\/2023\/11\/Elevenate-M-Motion-Vest-black-Main_1920x1920.jpg","type":"image\/jpeg"}],"twitter_card":"summary_large_image","twitter_title":"Motion Vest Schwarz \u2013 Leichte Warmisolierung","twitter_description":"Entdecke die recycelte Isolierung der Motion Vest und bestelle online.","twitter_misc":{"Gesch\u00e4tzte Lesezeit":"1 minute"},"schema":{"@context":"https:\/\/schema.org","@graph":[{"@type":"WebPage","@id":"https:\/\/xmy.ch\/de\/prodotto\/m-motion-vest-schwarz\/","url":"https:\/\/xmy.ch\/de\/prodotto\/m-motion-vest-schwarz\/","name":"Motion Vest Schwarz \u2013 Leichte Daunenweste f\u00fcr Outdoor","isPartOf":{"@id":"https:\/\/xmy.ch\/de\/#website"},"primaryImageOfPage":{"@id":"https:\/\/xmy.ch\/de\/prodotto\/m-motion-vest-schwarz\/#primaryimage"},"image":{"@id":"https:\/\/xmy.ch\/de\/prodotto\/m-motion-vest-schwarz\/#primaryimage"},"thumbnailUrl":"https:\/\/xmy.ch\/wp-content\/uploads\/2023\/11\/Elevenate-M-Motion-Vest-black-Main_1920x1920.jpg","datePublished":"2023-11-05T10:01:00+00:00","description":"Motion Vest Schwarz bietet vielseitige Isolation aus recycelten Materialien. Jetzt entdecken und bequem online bestellen \u2013 ideal als Midlayer oder eigenst\u00e4ndige Weste.","breadcrumb":{"@id":"https:\/\/xmy.ch\/de\/prodotto\/m-motion-vest-schwarz\/#breadcrumb"},"inLanguage":"de-DE","potentialAction":[{"@type":"ReadAction","target":["https:\/\/xmy.ch\/de\/prodotto\/m-motion-vest-schwarz\/"]}]},{"@type":"ImageObject","inLanguage":"de-DE","@id":"https:\/\/xmy.ch\/de\/prodotto\/m-motion-vest-schwarz\/#primaryimage","url":"https:\/\/xmy.ch\/wp-content\/uploads\/2023\/11\/Elevenate-M-Motion-Vest-black-Main_1920x1920.jpg","contentUrl":"https:\/\/xmy.ch\/wp-content\/uploads\/2023\/11\/Elevenate-M-Motion-Vest-black-Main_1920x1920.jpg","width":1024,"height":1024},{"@type":"BreadcrumbList","@id":"https:\/\/xmy.ch\/de\/prodotto\/m-motion-vest-schwarz\/#breadcrumb","itemListElement":[{"@type":"ListItem","position":1,"name":"Home","item":"https:\/\/xmy.ch\/de\/"},{"@type":"ListItem","position":2,"name":"Shop","item":"https:\/\/xmy.ch\/de\/shop-2\/"},{"@type":"ListItem","position":3,"name":"M Motion Vest Schwarz"}]},{"@type":"WebSite","@id":"https:\/\/xmy.ch\/de\/#website","url":"https:\/\/xmy.ch\/de\/","name":"Xmy Sagl","description":"","publisher":{"@id":"https:\/\/xmy.ch\/de\/#organization"},"potentialAction":[{"@type":"SearchAction","target":{"@type":"EntryPoint","urlTemplate":"https:\/\/xmy.ch\/de\/?s={search_term_string}"},"query-input":{"@type":"PropertyValueSpecification","valueRequired":true,"valueName":"search_term_string"}}],"inLanguage":"de-DE"},{"@type":"Organization","@id":"https:\/\/xmy.ch\/de\/#organization","name":"Xmy Sagl","url":"https:\/\/xmy.ch\/de\/","logo":{"@type":"ImageObject","inLanguage":"de-DE","@id":"https:\/\/xmy.ch\/de\/#\/schema\/logo\/image\/","url":"https:\/\/xmy.ch\/wp-content\/uploads\/2024\/02\/XMY_UNI_B.webp","contentUrl":"https:\/\/xmy.ch\/wp-content\/uploads\/2024\/02\/XMY_UNI_B.webp","width":1459,"height":421,"caption":"Xmy Sagl"},"image":{"@id":"https:\/\/xmy.ch\/de\/#\/schema\/logo\/image\/"},"sameAs":["https:\/\/www.facebook.com\/xmy.sagl","https:\/\/www.instagram.com\/xmy.sagl\/"]}]}},"_links":{"self":[{"href":"https:\/\/xmy.ch\/de\/wp-json\/wp\/v2\/product\/6432","targetHints":{"allow":["GET"]}}],"collection":[{"href":"https:\/\/xmy.ch\/de\/wp-json\/wp\/v2\/product"}],"about":[{"href":"https:\/\/xmy.ch\/de\/wp-json\/wp\/v2\/types\/product"}],"replies":[{"embeddable":true,"href":"https:\/\/xmy.ch\/de\/wp-json\/wp\/v2\/comments?post=6432"}],"wp:featuredmedia":[{"embeddable":true,"href":"https:\/\/xmy.ch\/de\/wp-json\/wp\/v2\/media\/4338"}],"wp:attachment":[{"href":"https:\/\/xmy.ch\/de\/wp-json\/wp\/v2\/media?parent=6432"}],"wp:term":[{"taxonomy":"product_brand","embeddable":true,"href":"https:\/\/xmy.ch\/de\/wp-json\/wp\/v2\/product_brand?post=6432"},{"taxonomy":"product_cat","embeddable":true,"href":"https:\/\/xmy.ch\/de\/wp-json\/wp\/v2\/product_cat?post=6432"},{"taxonomy":"product_tag","embeddable":true,"href":"https:\/\/xmy.ch\/de\/wp-json\/wp\/v2\/product_tag?post=6432"}],"curies":[{"name":"wp","href":"https:\/\/api.w.org\/{rel}","templated":true}]}}