{"id":6330,"date":"2023-11-04T19:33:00","date_gmt":"2023-11-04T18:33:00","guid":{"rendered":"https:\/\/xmy.ch\/prodotto\/m-geisterfluesterer-2-kapuzenpulli-dark-caspian\/"},"modified":"2023-11-04T19:33:00","modified_gmt":"2023-11-04T18:33:00","slug":"m-geisterfluesterer-2-kapuzenpulli-dark-caspian","status":"publish","type":"product","link":"https:\/\/xmy.ch\/de\/prodotto\/m-geisterfluesterer-2-kapuzenpulli-dark-caspian\/","title":{"rendered":"M Geisterfl\u00fcsterer\/2\u2122 Kapuzenpulli Dark Caspian"},"content":{"rendered":"<p>Eine \u00f6kologische Neuinterpretation unserer meistverkauften ultraleichten Daunenjacke. Und wenn eine Jacke Sie warm halten k\u00f6nnte (wie diese hier), ohne dass ihre Herstellung zur globalen Erw\u00e4rmung beitr\u00e4gt. Weil wir unseren sch\u00f6nen Planeten bewahren wollen, haben wir den Ghost Whisperer\/2\u2122 aus Abfall hergestellt, anstatt neuen Abfall zu erzeugen. Die Kombination aus einem Oberstoff aus recyceltem Material und einer verantwortungsbewussten, RDS-zertifizierten G\u00e4nsedaunen-Isolierung sorgt f\u00fcr au\u00dfergew\u00f6hnliche W\u00e4rme.<\/p>\n<ul>\n<li>Ultraleichtes Au\u00dfenmaterial aus 100 % recyceltem Ripstop mit DWR-Beschichtung \/ Isolierung aus zertifizierter RDS\u00ae-G\u00e4nsedaune mit 800 Grad F\u00fcllung \/ Zwei Rei\u00dfverschlusstaschen \/ Elastische Kapuze und \u00c4rmelb\u00fcndchen<\/li>\n<li>Zertifizierte RDS\u00ae-Isolierung (G\u00e4nsedaunen aus verantwortungsvollen Quellen) mit einer F\u00fcllkraft von 800 von Allied Feather &amp; Down.<\/li>\n<li>Zwei Rei\u00dfverschlusstaschen<\/li>\n<li>Elastische Kapuze und B\u00fcndchen<\/li>\n<li>Das erste Fach der beiden Manschetten ist mit synthetischer Isolierung gef\u00fcttert, damit sie nicht nass werden<\/li>\n<li>Verstellbarer Saum mit Kordelzug<\/li>\n<li>Kann in einer eigenen Tasche mit interner Karabinerhakenschlaufe verstaut werden<\/li>\n<li>bluesign\u00ae-zertifizierte Isolierung<\/li>\n<\/ul>\n<p>Ripstop Whisperer 10D x 10D \/ 100 % Nylon recycelt<br \/>\nDuvet d&#8217;oie (90\/10) 800 cuin<\/p>\n","protected":false},"excerpt":{"rendered":"<p>Eine \u00f6kologische Neuinterpretation unserer meistverkauften ultraleichten Daunenjacke. Was w\u00e4re, wenn eine Jacke Sie warm halten k\u00f6nnte?<\/p>\n","protected":false},"featured_media":4268,"comment_status":"open","ping_status":"closed","template":"","meta":[],"product_brand":[],"product_cat":[332],"product_tag":[272],"class_list":{"0":"post-6330","1":"product","2":"type-product","3":"status-publish","4":"has-post-thumbnail","6":"product_cat-sweatshirts","7":"product_tag-mann","9":"first","10":"instock","11":"taxable","12":"shipping-taxable","13":"purchasable","14":"product-type-variable"},"yoast_head":"<!-- This site is optimized with the Yoast SEO Premium plugin v27.5 (Yoast SEO v27.5) - https:\/\/yoast.com\/product\/yoast-seo-premium-wordpress\/ -->\n<title>Geisterfl\u00fcsterer Kapuzenpulli Dark Caspian \u2013 Ultraleicht, recycled, nachhaltig<\/title>\n<meta name=\"description\" content=\"Geisterfl\u00fcsterer Kapuzenpulli Dark Caspian verbindet recyceltes Au\u00dfenmaterial, RDS-G\u00e4nsedaunen und ultraleichte W\u00e4rme. Jetzt nachhaltig bestellen und warm bleiben.\" \/>\n<meta name=\"robots\" content=\"index, follow, max-snippet:-1, max-image-preview:large, max-video-preview:-1\" \/>\n<link rel=\"canonical\" href=\"https:\/\/xmy.ch\/de\/prodotto\/m-geisterfluesterer-2-kapuzenpulli-dark-caspian\/\" \/>\n<meta property=\"og:locale\" content=\"de_DE\" \/>\n<meta property=\"og:type\" content=\"article\" \/>\n<meta property=\"og:title\" content=\"Geisterfl\u00fcsterer Kapuzenpulli Dark Caspian \u2013 Ultraleicht &amp; nachhaltig\" \/>\n<meta property=\"og:description\" content=\"Geisterfl\u00fcsterer Kapuzenpulli Dark Caspian entdecken und nachhaltig warm bleiben.\" \/>\n<meta property=\"og:url\" content=\"https:\/\/xmy.ch\/de\/prodotto\/m-geisterfluesterer-2-kapuzenpulli-dark-caspian\/\" \/>\n<meta property=\"og:site_name\" content=\"Xmy Sagl\" \/>\n<meta property=\"article:publisher\" content=\"https:\/\/www.facebook.com\/xmy.sagl\" \/>\n<meta property=\"og:image\" content=\"https:\/\/xmy.ch\/wp-content\/uploads\/2023\/11\/Mountain-Hardwear-M-Ghost-Whisperer-2-Hoody-dark-caspian-418-Main.jpg\" \/>\n\t<meta property=\"og:image:width\" content=\"1024\" \/>\n\t<meta property=\"og:image:height\" content=\"1024\" \/>\n\t<meta property=\"og:image:type\" content=\"image\/jpeg\" \/>\n<meta name=\"twitter:card\" content=\"summary_large_image\" \/>\n<meta name=\"twitter:title\" content=\"Geisterfl\u00fcsterer Dark Caspian Kapuzenpulli \u2013 Ultraleicht &amp; \u00d6ko\" \/>\n<meta name=\"twitter:description\" content=\"Geisterfl\u00fcsterer Dark Caspian Kapuzenpulli entdecken und nachhaltig warm bleiben.\" \/>\n<meta name=\"twitter:label1\" content=\"Gesch\u00e4tzte Lesezeit\" \/>\n\t<meta name=\"twitter:data1\" content=\"1 minute\" \/>\n<script type=\"application\/ld+json\" class=\"yoast-schema-graph\">{\"@context\":\"https:\\\/\\\/schema.org\",\"@graph\":[{\"@type\":\"WebPage\",\"@id\":\"https:\\\/\\\/xmy.ch\\\/de\\\/prodotto\\\/m-geisterfluesterer-2-kapuzenpulli-dark-caspian\\\/\",\"url\":\"https:\\\/\\\/xmy.ch\\\/de\\\/prodotto\\\/m-geisterfluesterer-2-kapuzenpulli-dark-caspian\\\/\",\"name\":\"Geisterfl\u00fcsterer Kapuzenpulli Dark Caspian \u2013 Ultraleicht, recycled, nachhaltig\",\"isPartOf\":{\"@id\":\"https:\\\/\\\/xmy.ch\\\/de\\\/#website\"},\"primaryImageOfPage\":{\"@id\":\"https:\\\/\\\/xmy.ch\\\/de\\\/prodotto\\\/m-geisterfluesterer-2-kapuzenpulli-dark-caspian\\\/#primaryimage\"},\"image\":{\"@id\":\"https:\\\/\\\/xmy.ch\\\/de\\\/prodotto\\\/m-geisterfluesterer-2-kapuzenpulli-dark-caspian\\\/#primaryimage\"},\"thumbnailUrl\":\"https:\\\/\\\/xmy.ch\\\/wp-content\\\/uploads\\\/2023\\\/11\\\/Mountain-Hardwear-M-Ghost-Whisperer-2-Hoody-dark-caspian-418-Main.jpg\",\"datePublished\":\"2023-11-04T18:33:00+00:00\",\"description\":\"Geisterfl\u00fcsterer Kapuzenpulli Dark Caspian verbindet recyceltes Au\u00dfenmaterial, RDS-G\u00e4nsedaunen und ultraleichte W\u00e4rme. Jetzt nachhaltig bestellen und warm bleiben.\",\"breadcrumb\":{\"@id\":\"https:\\\/\\\/xmy.ch\\\/de\\\/prodotto\\\/m-geisterfluesterer-2-kapuzenpulli-dark-caspian\\\/#breadcrumb\"},\"inLanguage\":\"de-DE\",\"potentialAction\":[{\"@type\":\"ReadAction\",\"target\":[\"https:\\\/\\\/xmy.ch\\\/de\\\/prodotto\\\/m-geisterfluesterer-2-kapuzenpulli-dark-caspian\\\/\"]}]},{\"@type\":\"ImageObject\",\"inLanguage\":\"de-DE\",\"@id\":\"https:\\\/\\\/xmy.ch\\\/de\\\/prodotto\\\/m-geisterfluesterer-2-kapuzenpulli-dark-caspian\\\/#primaryimage\",\"url\":\"https:\\\/\\\/xmy.ch\\\/wp-content\\\/uploads\\\/2023\\\/11\\\/Mountain-Hardwear-M-Ghost-Whisperer-2-Hoody-dark-caspian-418-Main.jpg\",\"contentUrl\":\"https:\\\/\\\/xmy.ch\\\/wp-content\\\/uploads\\\/2023\\\/11\\\/Mountain-Hardwear-M-Ghost-Whisperer-2-Hoody-dark-caspian-418-Main.jpg\",\"width\":1024,\"height\":1024},{\"@type\":\"BreadcrumbList\",\"@id\":\"https:\\\/\\\/xmy.ch\\\/de\\\/prodotto\\\/m-geisterfluesterer-2-kapuzenpulli-dark-caspian\\\/#breadcrumb\",\"itemListElement\":[{\"@type\":\"ListItem\",\"position\":1,\"name\":\"Home\",\"item\":\"https:\\\/\\\/xmy.ch\\\/de\\\/\"},{\"@type\":\"ListItem\",\"position\":2,\"name\":\"Shop\",\"item\":\"https:\\\/\\\/xmy.ch\\\/de\\\/shop-2\\\/\"},{\"@type\":\"ListItem\",\"position\":3,\"name\":\"M Geisterfl\u00fcsterer\\\/2\u2122 Kapuzenpulli Dark Caspian\"}]},{\"@type\":\"WebSite\",\"@id\":\"https:\\\/\\\/xmy.ch\\\/de\\\/#website\",\"url\":\"https:\\\/\\\/xmy.ch\\\/de\\\/\",\"name\":\"Xmy Sagl\",\"description\":\"\",\"publisher\":{\"@id\":\"https:\\\/\\\/xmy.ch\\\/de\\\/#organization\"},\"potentialAction\":[{\"@type\":\"SearchAction\",\"target\":{\"@type\":\"EntryPoint\",\"urlTemplate\":\"https:\\\/\\\/xmy.ch\\\/de\\\/?s={search_term_string}\"},\"query-input\":{\"@type\":\"PropertyValueSpecification\",\"valueRequired\":true,\"valueName\":\"search_term_string\"}}],\"inLanguage\":\"de-DE\"},{\"@type\":\"Organization\",\"@id\":\"https:\\\/\\\/xmy.ch\\\/de\\\/#organization\",\"name\":\"Xmy Sagl\",\"url\":\"https:\\\/\\\/xmy.ch\\\/de\\\/\",\"logo\":{\"@type\":\"ImageObject\",\"inLanguage\":\"de-DE\",\"@id\":\"https:\\\/\\\/xmy.ch\\\/de\\\/#\\\/schema\\\/logo\\\/image\\\/\",\"url\":\"https:\\\/\\\/xmy.ch\\\/wp-content\\\/uploads\\\/2024\\\/02\\\/XMY_UNI_B.webp\",\"contentUrl\":\"https:\\\/\\\/xmy.ch\\\/wp-content\\\/uploads\\\/2024\\\/02\\\/XMY_UNI_B.webp\",\"width\":1459,\"height\":421,\"caption\":\"Xmy Sagl\"},\"image\":{\"@id\":\"https:\\\/\\\/xmy.ch\\\/de\\\/#\\\/schema\\\/logo\\\/image\\\/\"},\"sameAs\":[\"https:\\\/\\\/www.facebook.com\\\/xmy.sagl\",\"https:\\\/\\\/www.instagram.com\\\/xmy.sagl\\\/\"]}]}<\/script>\n<!-- \/ Yoast SEO Premium plugin. -->","yoast_head_json":{"title":"Geisterfl\u00fcsterer Kapuzenpulli Dark Caspian \u2013 Ultraleicht, recycled, nachhaltig","description":"Geisterfl\u00fcsterer Kapuzenpulli Dark Caspian verbindet recyceltes Au\u00dfenmaterial, RDS-G\u00e4nsedaunen und ultraleichte W\u00e4rme. Jetzt nachhaltig bestellen und warm bleiben.","robots":{"index":"index","follow":"follow","max-snippet":"max-snippet:-1","max-image-preview":"max-image-preview:large","max-video-preview":"max-video-preview:-1"},"canonical":"https:\/\/xmy.ch\/de\/prodotto\/m-geisterfluesterer-2-kapuzenpulli-dark-caspian\/","og_locale":"de_DE","og_type":"article","og_title":"Geisterfl\u00fcsterer Kapuzenpulli Dark Caspian \u2013 Ultraleicht &amp; nachhaltig","og_description":"Geisterfl\u00fcsterer Kapuzenpulli Dark Caspian entdecken und nachhaltig warm bleiben.","og_url":"https:\/\/xmy.ch\/de\/prodotto\/m-geisterfluesterer-2-kapuzenpulli-dark-caspian\/","og_site_name":"Xmy Sagl","article_publisher":"https:\/\/www.facebook.com\/xmy.sagl","og_image":[{"width":1024,"height":1024,"url":"https:\/\/xmy.ch\/wp-content\/uploads\/2023\/11\/Mountain-Hardwear-M-Ghost-Whisperer-2-Hoody-dark-caspian-418-Main.jpg","type":"image\/jpeg"}],"twitter_card":"summary_large_image","twitter_title":"Geisterfl\u00fcsterer Dark Caspian Kapuzenpulli \u2013 Ultraleicht &amp; \u00d6ko","twitter_description":"Geisterfl\u00fcsterer Dark Caspian Kapuzenpulli entdecken und nachhaltig warm bleiben.","twitter_misc":{"Gesch\u00e4tzte Lesezeit":"1 minute"},"schema":{"@context":"https:\/\/schema.org","@graph":[{"@type":"WebPage","@id":"https:\/\/xmy.ch\/de\/prodotto\/m-geisterfluesterer-2-kapuzenpulli-dark-caspian\/","url":"https:\/\/xmy.ch\/de\/prodotto\/m-geisterfluesterer-2-kapuzenpulli-dark-caspian\/","name":"Geisterfl\u00fcsterer Kapuzenpulli Dark Caspian \u2013 Ultraleicht, recycled, nachhaltig","isPartOf":{"@id":"https:\/\/xmy.ch\/de\/#website"},"primaryImageOfPage":{"@id":"https:\/\/xmy.ch\/de\/prodotto\/m-geisterfluesterer-2-kapuzenpulli-dark-caspian\/#primaryimage"},"image":{"@id":"https:\/\/xmy.ch\/de\/prodotto\/m-geisterfluesterer-2-kapuzenpulli-dark-caspian\/#primaryimage"},"thumbnailUrl":"https:\/\/xmy.ch\/wp-content\/uploads\/2023\/11\/Mountain-Hardwear-M-Ghost-Whisperer-2-Hoody-dark-caspian-418-Main.jpg","datePublished":"2023-11-04T18:33:00+00:00","description":"Geisterfl\u00fcsterer Kapuzenpulli Dark Caspian verbindet recyceltes Au\u00dfenmaterial, RDS-G\u00e4nsedaunen und ultraleichte W\u00e4rme. Jetzt nachhaltig bestellen und warm bleiben.","breadcrumb":{"@id":"https:\/\/xmy.ch\/de\/prodotto\/m-geisterfluesterer-2-kapuzenpulli-dark-caspian\/#breadcrumb"},"inLanguage":"de-DE","potentialAction":[{"@type":"ReadAction","target":["https:\/\/xmy.ch\/de\/prodotto\/m-geisterfluesterer-2-kapuzenpulli-dark-caspian\/"]}]},{"@type":"ImageObject","inLanguage":"de-DE","@id":"https:\/\/xmy.ch\/de\/prodotto\/m-geisterfluesterer-2-kapuzenpulli-dark-caspian\/#primaryimage","url":"https:\/\/xmy.ch\/wp-content\/uploads\/2023\/11\/Mountain-Hardwear-M-Ghost-Whisperer-2-Hoody-dark-caspian-418-Main.jpg","contentUrl":"https:\/\/xmy.ch\/wp-content\/uploads\/2023\/11\/Mountain-Hardwear-M-Ghost-Whisperer-2-Hoody-dark-caspian-418-Main.jpg","width":1024,"height":1024},{"@type":"BreadcrumbList","@id":"https:\/\/xmy.ch\/de\/prodotto\/m-geisterfluesterer-2-kapuzenpulli-dark-caspian\/#breadcrumb","itemListElement":[{"@type":"ListItem","position":1,"name":"Home","item":"https:\/\/xmy.ch\/de\/"},{"@type":"ListItem","position":2,"name":"Shop","item":"https:\/\/xmy.ch\/de\/shop-2\/"},{"@type":"ListItem","position":3,"name":"M Geisterfl\u00fcsterer\/2\u2122 Kapuzenpulli Dark Caspian"}]},{"@type":"WebSite","@id":"https:\/\/xmy.ch\/de\/#website","url":"https:\/\/xmy.ch\/de\/","name":"Xmy Sagl","description":"","publisher":{"@id":"https:\/\/xmy.ch\/de\/#organization"},"potentialAction":[{"@type":"SearchAction","target":{"@type":"EntryPoint","urlTemplate":"https:\/\/xmy.ch\/de\/?s={search_term_string}"},"query-input":{"@type":"PropertyValueSpecification","valueRequired":true,"valueName":"search_term_string"}}],"inLanguage":"de-DE"},{"@type":"Organization","@id":"https:\/\/xmy.ch\/de\/#organization","name":"Xmy Sagl","url":"https:\/\/xmy.ch\/de\/","logo":{"@type":"ImageObject","inLanguage":"de-DE","@id":"https:\/\/xmy.ch\/de\/#\/schema\/logo\/image\/","url":"https:\/\/xmy.ch\/wp-content\/uploads\/2024\/02\/XMY_UNI_B.webp","contentUrl":"https:\/\/xmy.ch\/wp-content\/uploads\/2024\/02\/XMY_UNI_B.webp","width":1459,"height":421,"caption":"Xmy Sagl"},"image":{"@id":"https:\/\/xmy.ch\/de\/#\/schema\/logo\/image\/"},"sameAs":["https:\/\/www.facebook.com\/xmy.sagl","https:\/\/www.instagram.com\/xmy.sagl\/"]}]}},"_links":{"self":[{"href":"https:\/\/xmy.ch\/de\/wp-json\/wp\/v2\/product\/6330","targetHints":{"allow":["GET"]}}],"collection":[{"href":"https:\/\/xmy.ch\/de\/wp-json\/wp\/v2\/product"}],"about":[{"href":"https:\/\/xmy.ch\/de\/wp-json\/wp\/v2\/types\/product"}],"replies":[{"embeddable":true,"href":"https:\/\/xmy.ch\/de\/wp-json\/wp\/v2\/comments?post=6330"}],"wp:featuredmedia":[{"embeddable":true,"href":"https:\/\/xmy.ch\/de\/wp-json\/wp\/v2\/media\/4268"}],"wp:attachment":[{"href":"https:\/\/xmy.ch\/de\/wp-json\/wp\/v2\/media?parent=6330"}],"wp:term":[{"taxonomy":"product_brand","embeddable":true,"href":"https:\/\/xmy.ch\/de\/wp-json\/wp\/v2\/product_brand?post=6330"},{"taxonomy":"product_cat","embeddable":true,"href":"https:\/\/xmy.ch\/de\/wp-json\/wp\/v2\/product_cat?post=6330"},{"taxonomy":"product_tag","embeddable":true,"href":"https:\/\/xmy.ch\/de\/wp-json\/wp\/v2\/product_tag?post=6330"}],"curies":[{"name":"wp","href":"https:\/\/api.w.org\/{rel}","templated":true}]}}