{"id":6329,"date":"2023-11-04T19:26:00","date_gmt":"2023-11-04T18:26:00","guid":{"rendered":"https:\/\/xmy.ch\/prodotto\/m-ventano-kapuzenpulli-dark-caspian\/"},"modified":"2023-11-04T19:26:00","modified_gmt":"2023-11-04T18:26:00","slug":"m-ventano-kapuzenpulli-dark-caspian","status":"publish","type":"product","link":"https:\/\/xmy.ch\/de\/prodotto\/m-ventano-kapuzenpulli-dark-caspian\/","title":{"rendered":"M Ventano\u2122 Kapuzenpulli Dark Caspian"},"content":{"rendered":"<p>Die Ventano\u2122-Kapuzenjacke ist mit kleinen B\u00fcscheln aus seidigem, recyceltem Polyester gef\u00fcllt, die f\u00fcr eine leichte, warme, haltbare und komprimierbare Isolierung sorgen, die die Eigenschaften nat\u00fcrlicher G\u00e4nsedaunen besser nachahmt als herk\u00f6mmliche synthetische Isolierfolien. Dieser ultraleichte Kapuzenpullover l\u00e4sst sich kompakt in der Tasche verstauen und ist ideal f\u00fcr Rucksacktouren und Wanderungen.<\/p>\n<ul>\n<li>Ultraleichtes Ripstop-Nylongewebe<\/li>\n<li>Die einzigartige Cloudloft-Isolierung aus recyceltem Material bietet W\u00e4rme, Leichtigkeit, Weichheit und Komprimierbarkeit \u00e4hnlich wie nat\u00fcrliche G\u00e4nsedaunen.<\/li>\n<li>Isolierte Kapuze mit verstellbarer R\u00fcckenpartie und elastischer Litze zum W\u00e4rmer\u00fcckhalt<\/li>\n<li>Sichere Brusttasche mit Rei\u00dfverschluss<\/li>\n<li>Zwei sichere Rei\u00dfverschlusstaschen<\/li>\n<li>\u00c4u\u00dferst kompaktes Design f\u00fcr die Aufbewahrung in der eigenen Tasche mit interner Schlaufe f\u00fcr Karabiner<\/li>\n<li>Elastische \u00c4rmelb\u00fcndchen zur W\u00e4rmespeicherung<\/li>\n<li>Zwei Saumverstellsysteme zur W\u00e4rmespeicherung<\/li>\n<\/ul>\n<p>&nbsp;<\/p>\n<p>100 % recyceltes Nylon<\/p>\n","protected":false},"excerpt":{"rendered":"<p>Die Ventano\u2122-Kapuzenjacke ist mit kleinen B\u00fcscheln aus seidigem, recyceltem Polyester gef\u00fcllt, die eine leichte, warme, langlebige und komprimierbare Isolierung bilden, die die Eigenschaften nat\u00fcrlicher G\u00e4nsedaunen nachahmt&#8230;<\/p>\n","protected":false},"featured_media":4257,"comment_status":"open","ping_status":"closed","template":"","meta":[],"product_brand":[],"product_cat":[330],"product_tag":[271],"class_list":{"0":"post-6329","1":"product","2":"type-product","3":"status-publish","4":"has-post-thumbnail","6":"product_cat-jacken-und-westen","7":"product_tag-frau","9":"first","10":"instock","11":"taxable","12":"shipping-taxable","13":"purchasable","14":"product-type-variable"},"yoast_head":"<!-- This site is optimized with the Yoast SEO Premium plugin v27.5 (Yoast SEO v27.5) - https:\/\/yoast.com\/product\/yoast-seo-premium-wordpress\/ -->\n<title>Ventano Kapuzenpulli Dark Caspian \u2013 Ultralight Isolierung<\/title>\n<meta name=\"description\" content=\"Ventano Kapuzenpulli Dark Caspian bietet leichte W\u00e4rme und komprimierbare Isolation aus recyceltem Material. Jetzt online entdecken und bequem reisen.\" \/>\n<meta name=\"robots\" content=\"index, follow, max-snippet:-1, max-image-preview:large, max-video-preview:-1\" \/>\n<link rel=\"canonical\" href=\"https:\/\/xmy.ch\/de\/prodotto\/m-ventano-kapuzenpulli-dark-caspian\/\" \/>\n<meta property=\"og:locale\" content=\"de_DE\" \/>\n<meta property=\"og:type\" content=\"article\" \/>\n<meta property=\"og:title\" content=\"Ventano Kapuzenpulli Dark Caspian \u2013 Leicht &amp; Warm\" \/>\n<meta property=\"og:description\" content=\"Entdecke die ultraleichte Ventano Kapuzenpulli-Kollektion. Jetzt zuschlagen!\" \/>\n<meta property=\"og:url\" content=\"https:\/\/xmy.ch\/de\/prodotto\/m-ventano-kapuzenpulli-dark-caspian\/\" \/>\n<meta property=\"og:site_name\" content=\"Xmy Sagl\" \/>\n<meta property=\"article:publisher\" content=\"https:\/\/www.facebook.com\/xmy.sagl\" \/>\n<meta property=\"og:image\" content=\"https:\/\/xmy.ch\/wp-content\/uploads\/2023\/11\/Mountain-Hardwear-M-Ventano\u2122-Hoody-dark-caspian-418-Main_1920x1920.jpg\" \/>\n\t<meta property=\"og:image:width\" content=\"1024\" \/>\n\t<meta property=\"og:image:height\" content=\"1024\" \/>\n\t<meta property=\"og:image:type\" content=\"image\/jpeg\" \/>\n<meta name=\"twitter:card\" content=\"summary_large_image\" \/>\n<meta name=\"twitter:title\" content=\"Dark Caspian: Ventano Kapuzenpulli \u2013 Ultraleichte W\u00e4rme\" \/>\n<meta name=\"twitter:description\" content=\"Kompakt, warm, nachhaltig \u2013 Jetzt den Ventano Kapuzenpulli entdecken.\" \/>\n<meta name=\"twitter:label1\" content=\"Gesch\u00e4tzte Lesezeit\" \/>\n\t<meta name=\"twitter:data1\" content=\"1 minute\" \/>\n<script type=\"application\/ld+json\" class=\"yoast-schema-graph\">{\"@context\":\"https:\\\/\\\/schema.org\",\"@graph\":[{\"@type\":\"WebPage\",\"@id\":\"https:\\\/\\\/xmy.ch\\\/de\\\/prodotto\\\/m-ventano-kapuzenpulli-dark-caspian\\\/\",\"url\":\"https:\\\/\\\/xmy.ch\\\/de\\\/prodotto\\\/m-ventano-kapuzenpulli-dark-caspian\\\/\",\"name\":\"Ventano Kapuzenpulli Dark Caspian \u2013 Ultralight Isolierung\",\"isPartOf\":{\"@id\":\"https:\\\/\\\/xmy.ch\\\/de\\\/#website\"},\"primaryImageOfPage\":{\"@id\":\"https:\\\/\\\/xmy.ch\\\/de\\\/prodotto\\\/m-ventano-kapuzenpulli-dark-caspian\\\/#primaryimage\"},\"image\":{\"@id\":\"https:\\\/\\\/xmy.ch\\\/de\\\/prodotto\\\/m-ventano-kapuzenpulli-dark-caspian\\\/#primaryimage\"},\"thumbnailUrl\":\"https:\\\/\\\/xmy.ch\\\/wp-content\\\/uploads\\\/2023\\\/11\\\/Mountain-Hardwear-M-Ventano\u2122-Hoody-dark-caspian-418-Main_1920x1920.jpg\",\"datePublished\":\"2023-11-04T18:26:00+00:00\",\"description\":\"Ventano Kapuzenpulli Dark Caspian bietet leichte W\u00e4rme und komprimierbare Isolation aus recyceltem Material. Jetzt online entdecken und bequem reisen.\",\"breadcrumb\":{\"@id\":\"https:\\\/\\\/xmy.ch\\\/de\\\/prodotto\\\/m-ventano-kapuzenpulli-dark-caspian\\\/#breadcrumb\"},\"inLanguage\":\"de-DE\",\"potentialAction\":[{\"@type\":\"ReadAction\",\"target\":[\"https:\\\/\\\/xmy.ch\\\/de\\\/prodotto\\\/m-ventano-kapuzenpulli-dark-caspian\\\/\"]}]},{\"@type\":\"ImageObject\",\"inLanguage\":\"de-DE\",\"@id\":\"https:\\\/\\\/xmy.ch\\\/de\\\/prodotto\\\/m-ventano-kapuzenpulli-dark-caspian\\\/#primaryimage\",\"url\":\"https:\\\/\\\/xmy.ch\\\/wp-content\\\/uploads\\\/2023\\\/11\\\/Mountain-Hardwear-M-Ventano\u2122-Hoody-dark-caspian-418-Main_1920x1920.jpg\",\"contentUrl\":\"https:\\\/\\\/xmy.ch\\\/wp-content\\\/uploads\\\/2023\\\/11\\\/Mountain-Hardwear-M-Ventano\u2122-Hoody-dark-caspian-418-Main_1920x1920.jpg\",\"width\":1024,\"height\":1024},{\"@type\":\"BreadcrumbList\",\"@id\":\"https:\\\/\\\/xmy.ch\\\/de\\\/prodotto\\\/m-ventano-kapuzenpulli-dark-caspian\\\/#breadcrumb\",\"itemListElement\":[{\"@type\":\"ListItem\",\"position\":1,\"name\":\"Home\",\"item\":\"https:\\\/\\\/xmy.ch\\\/de\\\/\"},{\"@type\":\"ListItem\",\"position\":2,\"name\":\"Shop\",\"item\":\"https:\\\/\\\/xmy.ch\\\/de\\\/shop-2\\\/\"},{\"@type\":\"ListItem\",\"position\":3,\"name\":\"M Ventano\u2122 Kapuzenpulli Dark Caspian\"}]},{\"@type\":\"WebSite\",\"@id\":\"https:\\\/\\\/xmy.ch\\\/de\\\/#website\",\"url\":\"https:\\\/\\\/xmy.ch\\\/de\\\/\",\"name\":\"Xmy Sagl\",\"description\":\"\",\"publisher\":{\"@id\":\"https:\\\/\\\/xmy.ch\\\/de\\\/#organization\"},\"potentialAction\":[{\"@type\":\"SearchAction\",\"target\":{\"@type\":\"EntryPoint\",\"urlTemplate\":\"https:\\\/\\\/xmy.ch\\\/de\\\/?s={search_term_string}\"},\"query-input\":{\"@type\":\"PropertyValueSpecification\",\"valueRequired\":true,\"valueName\":\"search_term_string\"}}],\"inLanguage\":\"de-DE\"},{\"@type\":\"Organization\",\"@id\":\"https:\\\/\\\/xmy.ch\\\/de\\\/#organization\",\"name\":\"Xmy Sagl\",\"url\":\"https:\\\/\\\/xmy.ch\\\/de\\\/\",\"logo\":{\"@type\":\"ImageObject\",\"inLanguage\":\"de-DE\",\"@id\":\"https:\\\/\\\/xmy.ch\\\/de\\\/#\\\/schema\\\/logo\\\/image\\\/\",\"url\":\"https:\\\/\\\/xmy.ch\\\/wp-content\\\/uploads\\\/2024\\\/02\\\/XMY_UNI_B.webp\",\"contentUrl\":\"https:\\\/\\\/xmy.ch\\\/wp-content\\\/uploads\\\/2024\\\/02\\\/XMY_UNI_B.webp\",\"width\":1459,\"height\":421,\"caption\":\"Xmy Sagl\"},\"image\":{\"@id\":\"https:\\\/\\\/xmy.ch\\\/de\\\/#\\\/schema\\\/logo\\\/image\\\/\"},\"sameAs\":[\"https:\\\/\\\/www.facebook.com\\\/xmy.sagl\",\"https:\\\/\\\/www.instagram.com\\\/xmy.sagl\\\/\"]}]}<\/script>\n<!-- \/ Yoast SEO Premium plugin. -->","yoast_head_json":{"title":"Ventano Kapuzenpulli Dark Caspian \u2013 Ultralight Isolierung","description":"Ventano Kapuzenpulli Dark Caspian bietet leichte W\u00e4rme und komprimierbare Isolation aus recyceltem Material. Jetzt online entdecken und bequem reisen.","robots":{"index":"index","follow":"follow","max-snippet":"max-snippet:-1","max-image-preview":"max-image-preview:large","max-video-preview":"max-video-preview:-1"},"canonical":"https:\/\/xmy.ch\/de\/prodotto\/m-ventano-kapuzenpulli-dark-caspian\/","og_locale":"de_DE","og_type":"article","og_title":"Ventano Kapuzenpulli Dark Caspian \u2013 Leicht &amp; Warm","og_description":"Entdecke die ultraleichte Ventano Kapuzenpulli-Kollektion. Jetzt zuschlagen!","og_url":"https:\/\/xmy.ch\/de\/prodotto\/m-ventano-kapuzenpulli-dark-caspian\/","og_site_name":"Xmy Sagl","article_publisher":"https:\/\/www.facebook.com\/xmy.sagl","og_image":[{"width":1024,"height":1024,"url":"https:\/\/xmy.ch\/wp-content\/uploads\/2023\/11\/Mountain-Hardwear-M-Ventano\u2122-Hoody-dark-caspian-418-Main_1920x1920.jpg","type":"image\/jpeg"}],"twitter_card":"summary_large_image","twitter_title":"Dark Caspian: Ventano Kapuzenpulli \u2013 Ultraleichte W\u00e4rme","twitter_description":"Kompakt, warm, nachhaltig \u2013 Jetzt den Ventano Kapuzenpulli entdecken.","twitter_misc":{"Gesch\u00e4tzte Lesezeit":"1 minute"},"schema":{"@context":"https:\/\/schema.org","@graph":[{"@type":"WebPage","@id":"https:\/\/xmy.ch\/de\/prodotto\/m-ventano-kapuzenpulli-dark-caspian\/","url":"https:\/\/xmy.ch\/de\/prodotto\/m-ventano-kapuzenpulli-dark-caspian\/","name":"Ventano Kapuzenpulli Dark Caspian \u2013 Ultralight Isolierung","isPartOf":{"@id":"https:\/\/xmy.ch\/de\/#website"},"primaryImageOfPage":{"@id":"https:\/\/xmy.ch\/de\/prodotto\/m-ventano-kapuzenpulli-dark-caspian\/#primaryimage"},"image":{"@id":"https:\/\/xmy.ch\/de\/prodotto\/m-ventano-kapuzenpulli-dark-caspian\/#primaryimage"},"thumbnailUrl":"https:\/\/xmy.ch\/wp-content\/uploads\/2023\/11\/Mountain-Hardwear-M-Ventano\u2122-Hoody-dark-caspian-418-Main_1920x1920.jpg","datePublished":"2023-11-04T18:26:00+00:00","description":"Ventano Kapuzenpulli Dark Caspian bietet leichte W\u00e4rme und komprimierbare Isolation aus recyceltem Material. Jetzt online entdecken und bequem reisen.","breadcrumb":{"@id":"https:\/\/xmy.ch\/de\/prodotto\/m-ventano-kapuzenpulli-dark-caspian\/#breadcrumb"},"inLanguage":"de-DE","potentialAction":[{"@type":"ReadAction","target":["https:\/\/xmy.ch\/de\/prodotto\/m-ventano-kapuzenpulli-dark-caspian\/"]}]},{"@type":"ImageObject","inLanguage":"de-DE","@id":"https:\/\/xmy.ch\/de\/prodotto\/m-ventano-kapuzenpulli-dark-caspian\/#primaryimage","url":"https:\/\/xmy.ch\/wp-content\/uploads\/2023\/11\/Mountain-Hardwear-M-Ventano\u2122-Hoody-dark-caspian-418-Main_1920x1920.jpg","contentUrl":"https:\/\/xmy.ch\/wp-content\/uploads\/2023\/11\/Mountain-Hardwear-M-Ventano\u2122-Hoody-dark-caspian-418-Main_1920x1920.jpg","width":1024,"height":1024},{"@type":"BreadcrumbList","@id":"https:\/\/xmy.ch\/de\/prodotto\/m-ventano-kapuzenpulli-dark-caspian\/#breadcrumb","itemListElement":[{"@type":"ListItem","position":1,"name":"Home","item":"https:\/\/xmy.ch\/de\/"},{"@type":"ListItem","position":2,"name":"Shop","item":"https:\/\/xmy.ch\/de\/shop-2\/"},{"@type":"ListItem","position":3,"name":"M Ventano\u2122 Kapuzenpulli Dark Caspian"}]},{"@type":"WebSite","@id":"https:\/\/xmy.ch\/de\/#website","url":"https:\/\/xmy.ch\/de\/","name":"Xmy Sagl","description":"","publisher":{"@id":"https:\/\/xmy.ch\/de\/#organization"},"potentialAction":[{"@type":"SearchAction","target":{"@type":"EntryPoint","urlTemplate":"https:\/\/xmy.ch\/de\/?s={search_term_string}"},"query-input":{"@type":"PropertyValueSpecification","valueRequired":true,"valueName":"search_term_string"}}],"inLanguage":"de-DE"},{"@type":"Organization","@id":"https:\/\/xmy.ch\/de\/#organization","name":"Xmy Sagl","url":"https:\/\/xmy.ch\/de\/","logo":{"@type":"ImageObject","inLanguage":"de-DE","@id":"https:\/\/xmy.ch\/de\/#\/schema\/logo\/image\/","url":"https:\/\/xmy.ch\/wp-content\/uploads\/2024\/02\/XMY_UNI_B.webp","contentUrl":"https:\/\/xmy.ch\/wp-content\/uploads\/2024\/02\/XMY_UNI_B.webp","width":1459,"height":421,"caption":"Xmy Sagl"},"image":{"@id":"https:\/\/xmy.ch\/de\/#\/schema\/logo\/image\/"},"sameAs":["https:\/\/www.facebook.com\/xmy.sagl","https:\/\/www.instagram.com\/xmy.sagl\/"]}]}},"_links":{"self":[{"href":"https:\/\/xmy.ch\/de\/wp-json\/wp\/v2\/product\/6329","targetHints":{"allow":["GET"]}}],"collection":[{"href":"https:\/\/xmy.ch\/de\/wp-json\/wp\/v2\/product"}],"about":[{"href":"https:\/\/xmy.ch\/de\/wp-json\/wp\/v2\/types\/product"}],"replies":[{"embeddable":true,"href":"https:\/\/xmy.ch\/de\/wp-json\/wp\/v2\/comments?post=6329"}],"wp:featuredmedia":[{"embeddable":true,"href":"https:\/\/xmy.ch\/de\/wp-json\/wp\/v2\/media\/4257"}],"wp:attachment":[{"href":"https:\/\/xmy.ch\/de\/wp-json\/wp\/v2\/media?parent=6329"}],"wp:term":[{"taxonomy":"product_brand","embeddable":true,"href":"https:\/\/xmy.ch\/de\/wp-json\/wp\/v2\/product_brand?post=6329"},{"taxonomy":"product_cat","embeddable":true,"href":"https:\/\/xmy.ch\/de\/wp-json\/wp\/v2\/product_cat?post=6329"},{"taxonomy":"product_tag","embeddable":true,"href":"https:\/\/xmy.ch\/de\/wp-json\/wp\/v2\/product_tag?post=6329"}],"curies":[{"name":"wp","href":"https:\/\/api.w.org\/{rel}","templated":true}]}}