{"id":6286,"date":"2023-11-04T19:12:32","date_gmt":"2023-11-04T18:12:32","guid":{"rendered":"https:\/\/xmy.ch\/prodotto\/w-sendura-kapuzenjacke-jack-pine\/"},"modified":"2023-11-04T19:12:32","modified_gmt":"2023-11-04T18:12:32","slug":"w-sendura-kapuzenjacke-jack-pine","status":"publish","type":"product","link":"https:\/\/xmy.ch\/de\/prodotto\/w-sendura-kapuzenjacke-jack-pine\/","title":{"rendered":"W Sendura\u2122 Kapuzenjacke Jack Pine"},"content":{"rendered":"<p>Die wichtigste Ausr\u00fcstung f\u00fcr ein mehrt\u00e4giges Wanderabenteuer: ein zuverl\u00e4ssiger Rucksack, ein Wasserfilter, gutes Schuhwerk und vor allem ein Fleece-Oberteil. Entscheiden Sie sich f\u00fcr den Sendura\u2122 Fleece Hoodie. Weich, geschmeidig, anschmiegsam und eng anliegend &#8211; das alles hat er zu bieten. Sie ist aus einem warmen, r\u00fcckseitig gek\u00e4mmten Stoff gefertigt, der beim Klettern und Wandern f\u00fcr dauerhaften Komfort sorgt.<\/p>\n<ul>\n<li>Der Fleecestoff ist ultraweich, bequem und elastisch.<\/li>\n<li>Glattes Au\u00dfenmaterial f\u00fcr einen leichten Sitz<\/li>\n<li>Elastische Borte an \u00c4rmeln, Saum und Kapuze<\/li>\n<li>Durchgehender Rei\u00dfverschluss in der Mitte der Stirn<\/li>\n<li>Zwei sichere Rei\u00dfverschlusstaschen<\/li>\n<li>Zwei Innentaschen<\/li>\n<\/ul>\n<p>94 % recyceltes Polyester, 6 % Elasthanne<\/p>\n","protected":false},"excerpt":{"rendered":"<p>Die unverzichtbare Ausr\u00fcstung f\u00fcr ein mehrt\u00e4giges Trail-Abenteuer&#8230; der Sendura\u2122 Fleece Hoodie.<\/p>\n","protected":false},"featured_media":4226,"comment_status":"open","ping_status":"closed","template":"","meta":[],"product_brand":[],"product_cat":[332],"product_tag":[271],"class_list":{"0":"post-6286","1":"product","2":"type-product","3":"status-publish","4":"has-post-thumbnail","6":"product_cat-sweatshirts","7":"product_tag-frau","9":"first","10":"instock","11":"taxable","12":"shipping-taxable","13":"purchasable","14":"product-type-variable"},"yoast_head":"<!-- This site is optimized with the Yoast SEO Premium plugin v27.5 (Yoast SEO v27.5) - https:\/\/yoast.com\/product\/yoast-seo-premium-wordpress\/ -->\n<title>Kapuzenjacke Jack Pine \u2013 Sendura\u2122 Fleece Hoodie<\/title>\n<meta name=\"description\" content=\"Kapuzenjacke Jack Pine von Sendura\u2122: warmer, weicher Fleece Hoodie f\u00fcr mehrt\u00e4gige Wanderabenteuer. Jetzt bequem online entdecken und durchstarten.\" \/>\n<meta name=\"robots\" content=\"index, follow, max-snippet:-1, max-image-preview:large, max-video-preview:-1\" \/>\n<link rel=\"canonical\" href=\"https:\/\/xmy.ch\/de\/prodotto\/w-sendura-kapuzenjacke-jack-pine\/\" \/>\n<meta property=\"og:locale\" content=\"de_DE\" \/>\n<meta property=\"og:type\" content=\"article\" \/>\n<meta property=\"og:title\" content=\"Kapuzenjacke Jack Pine von Sendura\u2122 \u2013 Fleece Hoodie\" \/>\n<meta property=\"og:description\" content=\"Jetzt Jack Pine Hoodie entdecken und bequem wandern gehen.\" \/>\n<meta property=\"og:url\" content=\"https:\/\/xmy.ch\/de\/prodotto\/w-sendura-kapuzenjacke-jack-pine\/\" \/>\n<meta property=\"og:site_name\" content=\"Xmy Sagl\" \/>\n<meta property=\"article:publisher\" content=\"https:\/\/www.facebook.com\/xmy.sagl\" \/>\n<meta property=\"og:image\" content=\"https:\/\/xmy.ch\/wp-content\/uploads\/2023\/11\/Mountain-Hardwear-W-Sendura\u2122-Hoody-jack-pine-heather-314-Main.jpg\" \/>\n\t<meta property=\"og:image:width\" content=\"1024\" \/>\n\t<meta property=\"og:image:height\" content=\"1024\" \/>\n\t<meta property=\"og:image:type\" content=\"image\/jpeg\" \/>\n<meta name=\"twitter:card\" content=\"summary_large_image\" \/>\n<meta name=\"twitter:title\" content=\"Jack Pine Fleece Hoodie \u2013 Sendura Kapuzenjacke\" \/>\n<meta name=\"twitter:description\" content=\"Erleben Sie Trail-Tempo mit der Jack Pine Hoodie \u2013 jetzt ansehen.\" \/>\n<meta name=\"twitter:label1\" content=\"Gesch\u00e4tzte Lesezeit\" \/>\n\t<meta name=\"twitter:data1\" content=\"1 minute\" \/>\n<script type=\"application\/ld+json\" class=\"yoast-schema-graph\">{\"@context\":\"https:\\\/\\\/schema.org\",\"@graph\":[{\"@type\":\"WebPage\",\"@id\":\"https:\\\/\\\/xmy.ch\\\/de\\\/prodotto\\\/w-sendura-kapuzenjacke-jack-pine\\\/\",\"url\":\"https:\\\/\\\/xmy.ch\\\/de\\\/prodotto\\\/w-sendura-kapuzenjacke-jack-pine\\\/\",\"name\":\"Kapuzenjacke Jack Pine \u2013 Sendura\u2122 Fleece Hoodie\",\"isPartOf\":{\"@id\":\"https:\\\/\\\/xmy.ch\\\/de\\\/#website\"},\"primaryImageOfPage\":{\"@id\":\"https:\\\/\\\/xmy.ch\\\/de\\\/prodotto\\\/w-sendura-kapuzenjacke-jack-pine\\\/#primaryimage\"},\"image\":{\"@id\":\"https:\\\/\\\/xmy.ch\\\/de\\\/prodotto\\\/w-sendura-kapuzenjacke-jack-pine\\\/#primaryimage\"},\"thumbnailUrl\":\"https:\\\/\\\/xmy.ch\\\/wp-content\\\/uploads\\\/2023\\\/11\\\/Mountain-Hardwear-W-Sendura\u2122-Hoody-jack-pine-heather-314-Main.jpg\",\"datePublished\":\"2023-11-04T18:12:32+00:00\",\"description\":\"Kapuzenjacke Jack Pine von Sendura\u2122: warmer, weicher Fleece Hoodie f\u00fcr mehrt\u00e4gige Wanderabenteuer. Jetzt bequem online entdecken und durchstarten.\",\"breadcrumb\":{\"@id\":\"https:\\\/\\\/xmy.ch\\\/de\\\/prodotto\\\/w-sendura-kapuzenjacke-jack-pine\\\/#breadcrumb\"},\"inLanguage\":\"de-DE\",\"potentialAction\":[{\"@type\":\"ReadAction\",\"target\":[\"https:\\\/\\\/xmy.ch\\\/de\\\/prodotto\\\/w-sendura-kapuzenjacke-jack-pine\\\/\"]}]},{\"@type\":\"ImageObject\",\"inLanguage\":\"de-DE\",\"@id\":\"https:\\\/\\\/xmy.ch\\\/de\\\/prodotto\\\/w-sendura-kapuzenjacke-jack-pine\\\/#primaryimage\",\"url\":\"https:\\\/\\\/xmy.ch\\\/wp-content\\\/uploads\\\/2023\\\/11\\\/Mountain-Hardwear-W-Sendura\u2122-Hoody-jack-pine-heather-314-Main.jpg\",\"contentUrl\":\"https:\\\/\\\/xmy.ch\\\/wp-content\\\/uploads\\\/2023\\\/11\\\/Mountain-Hardwear-W-Sendura\u2122-Hoody-jack-pine-heather-314-Main.jpg\",\"width\":1024,\"height\":1024},{\"@type\":\"BreadcrumbList\",\"@id\":\"https:\\\/\\\/xmy.ch\\\/de\\\/prodotto\\\/w-sendura-kapuzenjacke-jack-pine\\\/#breadcrumb\",\"itemListElement\":[{\"@type\":\"ListItem\",\"position\":1,\"name\":\"Home\",\"item\":\"https:\\\/\\\/xmy.ch\\\/de\\\/\"},{\"@type\":\"ListItem\",\"position\":2,\"name\":\"Shop\",\"item\":\"https:\\\/\\\/xmy.ch\\\/de\\\/shop-2\\\/\"},{\"@type\":\"ListItem\",\"position\":3,\"name\":\"W Sendura\u2122 Kapuzenjacke Jack Pine\"}]},{\"@type\":\"WebSite\",\"@id\":\"https:\\\/\\\/xmy.ch\\\/de\\\/#website\",\"url\":\"https:\\\/\\\/xmy.ch\\\/de\\\/\",\"name\":\"Xmy Sagl\",\"description\":\"\",\"publisher\":{\"@id\":\"https:\\\/\\\/xmy.ch\\\/de\\\/#organization\"},\"potentialAction\":[{\"@type\":\"SearchAction\",\"target\":{\"@type\":\"EntryPoint\",\"urlTemplate\":\"https:\\\/\\\/xmy.ch\\\/de\\\/?s={search_term_string}\"},\"query-input\":{\"@type\":\"PropertyValueSpecification\",\"valueRequired\":true,\"valueName\":\"search_term_string\"}}],\"inLanguage\":\"de-DE\"},{\"@type\":\"Organization\",\"@id\":\"https:\\\/\\\/xmy.ch\\\/de\\\/#organization\",\"name\":\"Xmy Sagl\",\"url\":\"https:\\\/\\\/xmy.ch\\\/de\\\/\",\"logo\":{\"@type\":\"ImageObject\",\"inLanguage\":\"de-DE\",\"@id\":\"https:\\\/\\\/xmy.ch\\\/de\\\/#\\\/schema\\\/logo\\\/image\\\/\",\"url\":\"https:\\\/\\\/xmy.ch\\\/wp-content\\\/uploads\\\/2024\\\/02\\\/XMY_UNI_B.webp\",\"contentUrl\":\"https:\\\/\\\/xmy.ch\\\/wp-content\\\/uploads\\\/2024\\\/02\\\/XMY_UNI_B.webp\",\"width\":1459,\"height\":421,\"caption\":\"Xmy Sagl\"},\"image\":{\"@id\":\"https:\\\/\\\/xmy.ch\\\/de\\\/#\\\/schema\\\/logo\\\/image\\\/\"},\"sameAs\":[\"https:\\\/\\\/www.facebook.com\\\/xmy.sagl\",\"https:\\\/\\\/www.instagram.com\\\/xmy.sagl\\\/\"]}]}<\/script>\n<!-- \/ Yoast SEO Premium plugin. -->","yoast_head_json":{"title":"Kapuzenjacke Jack Pine \u2013 Sendura\u2122 Fleece Hoodie","description":"Kapuzenjacke Jack Pine von Sendura\u2122: warmer, weicher Fleece Hoodie f\u00fcr mehrt\u00e4gige Wanderabenteuer. Jetzt bequem online entdecken und durchstarten.","robots":{"index":"index","follow":"follow","max-snippet":"max-snippet:-1","max-image-preview":"max-image-preview:large","max-video-preview":"max-video-preview:-1"},"canonical":"https:\/\/xmy.ch\/de\/prodotto\/w-sendura-kapuzenjacke-jack-pine\/","og_locale":"de_DE","og_type":"article","og_title":"Kapuzenjacke Jack Pine von Sendura\u2122 \u2013 Fleece Hoodie","og_description":"Jetzt Jack Pine Hoodie entdecken und bequem wandern gehen.","og_url":"https:\/\/xmy.ch\/de\/prodotto\/w-sendura-kapuzenjacke-jack-pine\/","og_site_name":"Xmy Sagl","article_publisher":"https:\/\/www.facebook.com\/xmy.sagl","og_image":[{"width":1024,"height":1024,"url":"https:\/\/xmy.ch\/wp-content\/uploads\/2023\/11\/Mountain-Hardwear-W-Sendura\u2122-Hoody-jack-pine-heather-314-Main.jpg","type":"image\/jpeg"}],"twitter_card":"summary_large_image","twitter_title":"Jack Pine Fleece Hoodie \u2013 Sendura Kapuzenjacke","twitter_description":"Erleben Sie Trail-Tempo mit der Jack Pine Hoodie \u2013 jetzt ansehen.","twitter_misc":{"Gesch\u00e4tzte Lesezeit":"1 minute"},"schema":{"@context":"https:\/\/schema.org","@graph":[{"@type":"WebPage","@id":"https:\/\/xmy.ch\/de\/prodotto\/w-sendura-kapuzenjacke-jack-pine\/","url":"https:\/\/xmy.ch\/de\/prodotto\/w-sendura-kapuzenjacke-jack-pine\/","name":"Kapuzenjacke Jack Pine \u2013 Sendura\u2122 Fleece Hoodie","isPartOf":{"@id":"https:\/\/xmy.ch\/de\/#website"},"primaryImageOfPage":{"@id":"https:\/\/xmy.ch\/de\/prodotto\/w-sendura-kapuzenjacke-jack-pine\/#primaryimage"},"image":{"@id":"https:\/\/xmy.ch\/de\/prodotto\/w-sendura-kapuzenjacke-jack-pine\/#primaryimage"},"thumbnailUrl":"https:\/\/xmy.ch\/wp-content\/uploads\/2023\/11\/Mountain-Hardwear-W-Sendura\u2122-Hoody-jack-pine-heather-314-Main.jpg","datePublished":"2023-11-04T18:12:32+00:00","description":"Kapuzenjacke Jack Pine von Sendura\u2122: warmer, weicher Fleece Hoodie f\u00fcr mehrt\u00e4gige Wanderabenteuer. Jetzt bequem online entdecken und durchstarten.","breadcrumb":{"@id":"https:\/\/xmy.ch\/de\/prodotto\/w-sendura-kapuzenjacke-jack-pine\/#breadcrumb"},"inLanguage":"de-DE","potentialAction":[{"@type":"ReadAction","target":["https:\/\/xmy.ch\/de\/prodotto\/w-sendura-kapuzenjacke-jack-pine\/"]}]},{"@type":"ImageObject","inLanguage":"de-DE","@id":"https:\/\/xmy.ch\/de\/prodotto\/w-sendura-kapuzenjacke-jack-pine\/#primaryimage","url":"https:\/\/xmy.ch\/wp-content\/uploads\/2023\/11\/Mountain-Hardwear-W-Sendura\u2122-Hoody-jack-pine-heather-314-Main.jpg","contentUrl":"https:\/\/xmy.ch\/wp-content\/uploads\/2023\/11\/Mountain-Hardwear-W-Sendura\u2122-Hoody-jack-pine-heather-314-Main.jpg","width":1024,"height":1024},{"@type":"BreadcrumbList","@id":"https:\/\/xmy.ch\/de\/prodotto\/w-sendura-kapuzenjacke-jack-pine\/#breadcrumb","itemListElement":[{"@type":"ListItem","position":1,"name":"Home","item":"https:\/\/xmy.ch\/de\/"},{"@type":"ListItem","position":2,"name":"Shop","item":"https:\/\/xmy.ch\/de\/shop-2\/"},{"@type":"ListItem","position":3,"name":"W Sendura\u2122 Kapuzenjacke Jack Pine"}]},{"@type":"WebSite","@id":"https:\/\/xmy.ch\/de\/#website","url":"https:\/\/xmy.ch\/de\/","name":"Xmy Sagl","description":"","publisher":{"@id":"https:\/\/xmy.ch\/de\/#organization"},"potentialAction":[{"@type":"SearchAction","target":{"@type":"EntryPoint","urlTemplate":"https:\/\/xmy.ch\/de\/?s={search_term_string}"},"query-input":{"@type":"PropertyValueSpecification","valueRequired":true,"valueName":"search_term_string"}}],"inLanguage":"de-DE"},{"@type":"Organization","@id":"https:\/\/xmy.ch\/de\/#organization","name":"Xmy Sagl","url":"https:\/\/xmy.ch\/de\/","logo":{"@type":"ImageObject","inLanguage":"de-DE","@id":"https:\/\/xmy.ch\/de\/#\/schema\/logo\/image\/","url":"https:\/\/xmy.ch\/wp-content\/uploads\/2024\/02\/XMY_UNI_B.webp","contentUrl":"https:\/\/xmy.ch\/wp-content\/uploads\/2024\/02\/XMY_UNI_B.webp","width":1459,"height":421,"caption":"Xmy Sagl"},"image":{"@id":"https:\/\/xmy.ch\/de\/#\/schema\/logo\/image\/"},"sameAs":["https:\/\/www.facebook.com\/xmy.sagl","https:\/\/www.instagram.com\/xmy.sagl\/"]}]}},"_links":{"self":[{"href":"https:\/\/xmy.ch\/de\/wp-json\/wp\/v2\/product\/6286","targetHints":{"allow":["GET"]}}],"collection":[{"href":"https:\/\/xmy.ch\/de\/wp-json\/wp\/v2\/product"}],"about":[{"href":"https:\/\/xmy.ch\/de\/wp-json\/wp\/v2\/types\/product"}],"replies":[{"embeddable":true,"href":"https:\/\/xmy.ch\/de\/wp-json\/wp\/v2\/comments?post=6286"}],"wp:featuredmedia":[{"embeddable":true,"href":"https:\/\/xmy.ch\/de\/wp-json\/wp\/v2\/media\/4226"}],"wp:attachment":[{"href":"https:\/\/xmy.ch\/de\/wp-json\/wp\/v2\/media?parent=6286"}],"wp:term":[{"taxonomy":"product_brand","embeddable":true,"href":"https:\/\/xmy.ch\/de\/wp-json\/wp\/v2\/product_brand?post=6286"},{"taxonomy":"product_cat","embeddable":true,"href":"https:\/\/xmy.ch\/de\/wp-json\/wp\/v2\/product_cat?post=6286"},{"taxonomy":"product_tag","embeddable":true,"href":"https:\/\/xmy.ch\/de\/wp-json\/wp\/v2\/product_tag?post=6286"}],"curies":[{"name":"wp","href":"https:\/\/api.w.org\/{rel}","templated":true}]}}