{"id":6282,"date":"2023-11-04T18:15:00","date_gmt":"2023-11-04T17:15:00","guid":{"rendered":"https:\/\/xmy.ch\/prodotto\/m-polartec-power-stretch-m-fz-folie-grau\/"},"modified":"2023-11-04T18:15:00","modified_gmt":"2023-11-04T17:15:00","slug":"m-polartec-power-stretch-m-fz-folie-grau","status":"publish","type":"product","link":"https:\/\/xmy.ch\/de\/prodotto\/m-polartec-power-stretch-m-fz-folie-grau\/","title":{"rendered":"M Polartec Power Stretch M FZ Folie Grau"},"content":{"rendered":"<p>Das ideale Modell, um Sie den ganzen Winter \u00fcber vor Schnee und K\u00e4lte zu sch\u00fctzen. Dieser weiche und dehnbare Fleece-Midlayer begleitet Sie \u00fcberall hin, von einer Gletscherwanderung bis zu einer \u00dcbernachtung im Everest-Basislager. Das eng anliegende Material bietet eine optimale W\u00e4rmeisolierung und leitet Feuchtigkeit ab, damit Sie sich beim Schneeschuhwandern, Skifahren und allen anderen Aktivit\u00e4ten wohl f\u00fchlen und trocken bleiben.<\/p>\n<ul>\n<li>Polartec\u00ae Stretch-Fleece-Gewebe<\/li>\n<li>Durchgehender Rei\u00dfverschluss in der Mitte der Stirn<\/li>\n<li>Hoher Hals<\/li>\n<li>Zwei Rei\u00dfverschlusstaschen an der Hand<\/li>\n<li>Flechtung an Kragen, \u00c4rmeln und Saum<\/li>\n<li>MHW-Logo im Siebdruckverfahren auf der linken Brust<\/li>\n<\/ul>\n<p>Pflegehinweise:<br \/>\nZum Waschen in der Maschine schlie\u00dfen Sie alle Rei\u00dfverschl\u00fcsse, schlie\u00dfen alle Klettverschl\u00fcsse und drehen das Kleidungsst\u00fcck auf links. Verwenden Sie nur eine Frontlader-Maschine mit kaltem Wasser und einer sanften Einstellung. Verwenden Sie eine kleine Menge mildes Seifenpulver oder spezielle Seife f\u00fcr Bettdecken (erh\u00e4ltlich in Outdoor-L\u00e4den). Sp\u00fclen Sie das Kleidungsst\u00fcck mindestens zweimal aus, um die gesamte Seife zu entfernen. Wenn Sie das Kleidungsst\u00fcck von der Waschmaschine in den Trockner geben, tragen Sie es von unten. Trocknen Sie das Kleidungsst\u00fcck in einem gro\u00dfen, handels\u00fcblichen W\u00e4schetrockner bei niedriger Temperatur. Der Trockner muss gro\u00df genug sein, damit das Kleidungsst\u00fcck frei schweben kann. Das Trocknen kann mehrere Stunden dauern, und das Kleidungsst\u00fcck muss h\u00e4ufig kontrolliert werden, um sicherzustellen, dass es nicht \u00fcberhitzt ist. Achten Sie w\u00e4hrend des Trocknungsprozesses auf nasse Daunenklumpen und sch\u00fctteln Sie sie vorsichtig, um sie zu verteilen. Waschen Sie Ihre Bettdecke oder Ihren Parka nicht: &#8211; wenn Sie eine Toplader-Waschmaschine benutzen &#8211; wenn Sie Fl\u00fcssigseife oder Sp\u00fclmittel verwenden &#8211; wenn Sie Ihren Trockner benutzen &#8211; wenn Sie sie in der Sonne trocknen lassen (UV-Strahlen k\u00f6nnen Nylon besch\u00e4digen).<\/p>\n","protected":false},"excerpt":{"rendered":"<p>Das ideale Modell, um Sie den ganzen Winter \u00fcber vor Schnee und K\u00e4lte zu sch\u00fctzen. Dieser weiche und dehnbare Fleece-Midlayer begleitet Sie \u00fcberall hin, von einer Gletscherwanderung bis zu einer \u00dcbernachtung im Everest-Basislager.<\/p>\n","protected":false},"featured_media":4156,"comment_status":"open","ping_status":"closed","template":"","meta":[],"product_brand":[],"product_cat":[330],"product_tag":[272],"class_list":{"0":"post-6282","1":"product","2":"type-product","3":"status-publish","4":"has-post-thumbnail","6":"product_cat-jacken-und-westen","7":"product_tag-mann","9":"first","10":"instock","11":"taxable","12":"shipping-taxable","13":"purchasable","14":"product-type-variable"},"yoast_head":"<!-- This site is optimized with the Yoast SEO Premium plugin v27.5 (Yoast SEO v27.5) - https:\/\/yoast.com\/product\/yoast-seo-premium-wordpress\/ -->\n<title>Polartec Power Stretch M FZ Folie Grau \u2013 Midlayer Jacke<\/title>\n<meta name=\"description\" content=\"Der M Polartec Power Stretch M FZ Folie Grau ist ein weicher, dehnbarer Fleece-Midlayer f\u00fcr Schnee und K\u00e4lte. Jetzt online bestellen und warm bleiben.\" \/>\n<meta name=\"robots\" content=\"index, follow, max-snippet:-1, max-image-preview:large, max-video-preview:-1\" \/>\n<link rel=\"canonical\" href=\"https:\/\/xmy.ch\/de\/prodotto\/m-polartec-power-stretch-m-fz-folie-grau\/\" \/>\n<meta property=\"og:locale\" content=\"de_DE\" \/>\n<meta property=\"og:type\" content=\"article\" \/>\n<meta property=\"og:title\" content=\"Polartec Power Stretch M FZ Folie Grau \u2013 Midlayer Jacke\" \/>\n<meta property=\"og:description\" content=\"Jetzt Polartec Power Stretch M FZ Folie Grau kaufen und warm durch den Winter.\" \/>\n<meta property=\"og:url\" content=\"https:\/\/xmy.ch\/de\/prodotto\/m-polartec-power-stretch-m-fz-folie-grau\/\" \/>\n<meta property=\"og:site_name\" content=\"Xmy Sagl\" \/>\n<meta property=\"article:publisher\" content=\"https:\/\/www.facebook.com\/xmy.sagl\" \/>\n<meta property=\"og:image\" content=\"https:\/\/xmy.ch\/wp-content\/uploads\/2023\/11\/Mountain-Hardwear-M-Polartec-Power-Stretch-M-FZ-foil-grey-056-Main.jpg\" \/>\n\t<meta property=\"og:image:width\" content=\"1024\" \/>\n\t<meta property=\"og:image:height\" content=\"1024\" \/>\n\t<meta property=\"og:image:type\" content=\"image\/jpeg\" \/>\n<meta name=\"twitter:card\" content=\"summary_large_image\" \/>\n<meta name=\"twitter:title\" content=\"Polartec Power Stretch M FZ Folie Grau \u2013 Midlayer\" \/>\n<meta name=\"twitter:description\" content=\"Jetzt bestellen und warm bleiben mit Power Stretch M FZ Folie Grau.\" \/>\n<meta name=\"twitter:label1\" content=\"Gesch\u00e4tzte Lesezeit\" \/>\n\t<meta name=\"twitter:data1\" content=\"1 minute\" \/>\n<script type=\"application\/ld+json\" class=\"yoast-schema-graph\">{\"@context\":\"https:\\\/\\\/schema.org\",\"@graph\":[{\"@type\":\"WebPage\",\"@id\":\"https:\\\/\\\/xmy.ch\\\/de\\\/prodotto\\\/m-polartec-power-stretch-m-fz-folie-grau\\\/\",\"url\":\"https:\\\/\\\/xmy.ch\\\/de\\\/prodotto\\\/m-polartec-power-stretch-m-fz-folie-grau\\\/\",\"name\":\"Polartec Power Stretch M FZ Folie Grau \u2013 Midlayer Jacke\",\"isPartOf\":{\"@id\":\"https:\\\/\\\/xmy.ch\\\/de\\\/#website\"},\"primaryImageOfPage\":{\"@id\":\"https:\\\/\\\/xmy.ch\\\/de\\\/prodotto\\\/m-polartec-power-stretch-m-fz-folie-grau\\\/#primaryimage\"},\"image\":{\"@id\":\"https:\\\/\\\/xmy.ch\\\/de\\\/prodotto\\\/m-polartec-power-stretch-m-fz-folie-grau\\\/#primaryimage\"},\"thumbnailUrl\":\"https:\\\/\\\/xmy.ch\\\/wp-content\\\/uploads\\\/2023\\\/11\\\/Mountain-Hardwear-M-Polartec-Power-Stretch-M-FZ-foil-grey-056-Main.jpg\",\"datePublished\":\"2023-11-04T17:15:00+00:00\",\"description\":\"Der M Polartec Power Stretch M FZ Folie Grau ist ein weicher, dehnbarer Fleece-Midlayer f\u00fcr Schnee und K\u00e4lte. Jetzt online bestellen und warm bleiben.\",\"breadcrumb\":{\"@id\":\"https:\\\/\\\/xmy.ch\\\/de\\\/prodotto\\\/m-polartec-power-stretch-m-fz-folie-grau\\\/#breadcrumb\"},\"inLanguage\":\"de-DE\",\"potentialAction\":[{\"@type\":\"ReadAction\",\"target\":[\"https:\\\/\\\/xmy.ch\\\/de\\\/prodotto\\\/m-polartec-power-stretch-m-fz-folie-grau\\\/\"]}]},{\"@type\":\"ImageObject\",\"inLanguage\":\"de-DE\",\"@id\":\"https:\\\/\\\/xmy.ch\\\/de\\\/prodotto\\\/m-polartec-power-stretch-m-fz-folie-grau\\\/#primaryimage\",\"url\":\"https:\\\/\\\/xmy.ch\\\/wp-content\\\/uploads\\\/2023\\\/11\\\/Mountain-Hardwear-M-Polartec-Power-Stretch-M-FZ-foil-grey-056-Main.jpg\",\"contentUrl\":\"https:\\\/\\\/xmy.ch\\\/wp-content\\\/uploads\\\/2023\\\/11\\\/Mountain-Hardwear-M-Polartec-Power-Stretch-M-FZ-foil-grey-056-Main.jpg\",\"width\":1024,\"height\":1024},{\"@type\":\"BreadcrumbList\",\"@id\":\"https:\\\/\\\/xmy.ch\\\/de\\\/prodotto\\\/m-polartec-power-stretch-m-fz-folie-grau\\\/#breadcrumb\",\"itemListElement\":[{\"@type\":\"ListItem\",\"position\":1,\"name\":\"Home\",\"item\":\"https:\\\/\\\/xmy.ch\\\/de\\\/\"},{\"@type\":\"ListItem\",\"position\":2,\"name\":\"Shop\",\"item\":\"https:\\\/\\\/xmy.ch\\\/de\\\/shop-2\\\/\"},{\"@type\":\"ListItem\",\"position\":3,\"name\":\"M Polartec Power Stretch M FZ Folie Grau\"}]},{\"@type\":\"WebSite\",\"@id\":\"https:\\\/\\\/xmy.ch\\\/de\\\/#website\",\"url\":\"https:\\\/\\\/xmy.ch\\\/de\\\/\",\"name\":\"Xmy Sagl\",\"description\":\"\",\"publisher\":{\"@id\":\"https:\\\/\\\/xmy.ch\\\/de\\\/#organization\"},\"potentialAction\":[{\"@type\":\"SearchAction\",\"target\":{\"@type\":\"EntryPoint\",\"urlTemplate\":\"https:\\\/\\\/xmy.ch\\\/de\\\/?s={search_term_string}\"},\"query-input\":{\"@type\":\"PropertyValueSpecification\",\"valueRequired\":true,\"valueName\":\"search_term_string\"}}],\"inLanguage\":\"de-DE\"},{\"@type\":\"Organization\",\"@id\":\"https:\\\/\\\/xmy.ch\\\/de\\\/#organization\",\"name\":\"Xmy Sagl\",\"url\":\"https:\\\/\\\/xmy.ch\\\/de\\\/\",\"logo\":{\"@type\":\"ImageObject\",\"inLanguage\":\"de-DE\",\"@id\":\"https:\\\/\\\/xmy.ch\\\/de\\\/#\\\/schema\\\/logo\\\/image\\\/\",\"url\":\"https:\\\/\\\/xmy.ch\\\/wp-content\\\/uploads\\\/2024\\\/02\\\/XMY_UNI_B.webp\",\"contentUrl\":\"https:\\\/\\\/xmy.ch\\\/wp-content\\\/uploads\\\/2024\\\/02\\\/XMY_UNI_B.webp\",\"width\":1459,\"height\":421,\"caption\":\"Xmy Sagl\"},\"image\":{\"@id\":\"https:\\\/\\\/xmy.ch\\\/de\\\/#\\\/schema\\\/logo\\\/image\\\/\"},\"sameAs\":[\"https:\\\/\\\/www.facebook.com\\\/xmy.sagl\",\"https:\\\/\\\/www.instagram.com\\\/xmy.sagl\\\/\"]}]}<\/script>\n<!-- \/ Yoast SEO Premium plugin. -->","yoast_head_json":{"title":"Polartec Power Stretch M FZ Folie Grau \u2013 Midlayer Jacke","description":"Der M Polartec Power Stretch M FZ Folie Grau ist ein weicher, dehnbarer Fleece-Midlayer f\u00fcr Schnee und K\u00e4lte. Jetzt online bestellen und warm bleiben.","robots":{"index":"index","follow":"follow","max-snippet":"max-snippet:-1","max-image-preview":"max-image-preview:large","max-video-preview":"max-video-preview:-1"},"canonical":"https:\/\/xmy.ch\/de\/prodotto\/m-polartec-power-stretch-m-fz-folie-grau\/","og_locale":"de_DE","og_type":"article","og_title":"Polartec Power Stretch M FZ Folie Grau \u2013 Midlayer Jacke","og_description":"Jetzt Polartec Power Stretch M FZ Folie Grau kaufen und warm durch den Winter.","og_url":"https:\/\/xmy.ch\/de\/prodotto\/m-polartec-power-stretch-m-fz-folie-grau\/","og_site_name":"Xmy Sagl","article_publisher":"https:\/\/www.facebook.com\/xmy.sagl","og_image":[{"width":1024,"height":1024,"url":"https:\/\/xmy.ch\/wp-content\/uploads\/2023\/11\/Mountain-Hardwear-M-Polartec-Power-Stretch-M-FZ-foil-grey-056-Main.jpg","type":"image\/jpeg"}],"twitter_card":"summary_large_image","twitter_title":"Polartec Power Stretch M FZ Folie Grau \u2013 Midlayer","twitter_description":"Jetzt bestellen und warm bleiben mit Power Stretch M FZ Folie Grau.","twitter_misc":{"Gesch\u00e4tzte Lesezeit":"1 minute"},"schema":{"@context":"https:\/\/schema.org","@graph":[{"@type":"WebPage","@id":"https:\/\/xmy.ch\/de\/prodotto\/m-polartec-power-stretch-m-fz-folie-grau\/","url":"https:\/\/xmy.ch\/de\/prodotto\/m-polartec-power-stretch-m-fz-folie-grau\/","name":"Polartec Power Stretch M FZ Folie Grau \u2013 Midlayer Jacke","isPartOf":{"@id":"https:\/\/xmy.ch\/de\/#website"},"primaryImageOfPage":{"@id":"https:\/\/xmy.ch\/de\/prodotto\/m-polartec-power-stretch-m-fz-folie-grau\/#primaryimage"},"image":{"@id":"https:\/\/xmy.ch\/de\/prodotto\/m-polartec-power-stretch-m-fz-folie-grau\/#primaryimage"},"thumbnailUrl":"https:\/\/xmy.ch\/wp-content\/uploads\/2023\/11\/Mountain-Hardwear-M-Polartec-Power-Stretch-M-FZ-foil-grey-056-Main.jpg","datePublished":"2023-11-04T17:15:00+00:00","description":"Der M Polartec Power Stretch M FZ Folie Grau ist ein weicher, dehnbarer Fleece-Midlayer f\u00fcr Schnee und K\u00e4lte. Jetzt online bestellen und warm bleiben.","breadcrumb":{"@id":"https:\/\/xmy.ch\/de\/prodotto\/m-polartec-power-stretch-m-fz-folie-grau\/#breadcrumb"},"inLanguage":"de-DE","potentialAction":[{"@type":"ReadAction","target":["https:\/\/xmy.ch\/de\/prodotto\/m-polartec-power-stretch-m-fz-folie-grau\/"]}]},{"@type":"ImageObject","inLanguage":"de-DE","@id":"https:\/\/xmy.ch\/de\/prodotto\/m-polartec-power-stretch-m-fz-folie-grau\/#primaryimage","url":"https:\/\/xmy.ch\/wp-content\/uploads\/2023\/11\/Mountain-Hardwear-M-Polartec-Power-Stretch-M-FZ-foil-grey-056-Main.jpg","contentUrl":"https:\/\/xmy.ch\/wp-content\/uploads\/2023\/11\/Mountain-Hardwear-M-Polartec-Power-Stretch-M-FZ-foil-grey-056-Main.jpg","width":1024,"height":1024},{"@type":"BreadcrumbList","@id":"https:\/\/xmy.ch\/de\/prodotto\/m-polartec-power-stretch-m-fz-folie-grau\/#breadcrumb","itemListElement":[{"@type":"ListItem","position":1,"name":"Home","item":"https:\/\/xmy.ch\/de\/"},{"@type":"ListItem","position":2,"name":"Shop","item":"https:\/\/xmy.ch\/de\/shop-2\/"},{"@type":"ListItem","position":3,"name":"M Polartec Power Stretch M FZ Folie Grau"}]},{"@type":"WebSite","@id":"https:\/\/xmy.ch\/de\/#website","url":"https:\/\/xmy.ch\/de\/","name":"Xmy Sagl","description":"","publisher":{"@id":"https:\/\/xmy.ch\/de\/#organization"},"potentialAction":[{"@type":"SearchAction","target":{"@type":"EntryPoint","urlTemplate":"https:\/\/xmy.ch\/de\/?s={search_term_string}"},"query-input":{"@type":"PropertyValueSpecification","valueRequired":true,"valueName":"search_term_string"}}],"inLanguage":"de-DE"},{"@type":"Organization","@id":"https:\/\/xmy.ch\/de\/#organization","name":"Xmy Sagl","url":"https:\/\/xmy.ch\/de\/","logo":{"@type":"ImageObject","inLanguage":"de-DE","@id":"https:\/\/xmy.ch\/de\/#\/schema\/logo\/image\/","url":"https:\/\/xmy.ch\/wp-content\/uploads\/2024\/02\/XMY_UNI_B.webp","contentUrl":"https:\/\/xmy.ch\/wp-content\/uploads\/2024\/02\/XMY_UNI_B.webp","width":1459,"height":421,"caption":"Xmy Sagl"},"image":{"@id":"https:\/\/xmy.ch\/de\/#\/schema\/logo\/image\/"},"sameAs":["https:\/\/www.facebook.com\/xmy.sagl","https:\/\/www.instagram.com\/xmy.sagl\/"]}]}},"_links":{"self":[{"href":"https:\/\/xmy.ch\/de\/wp-json\/wp\/v2\/product\/6282","targetHints":{"allow":["GET"]}}],"collection":[{"href":"https:\/\/xmy.ch\/de\/wp-json\/wp\/v2\/product"}],"about":[{"href":"https:\/\/xmy.ch\/de\/wp-json\/wp\/v2\/types\/product"}],"replies":[{"embeddable":true,"href":"https:\/\/xmy.ch\/de\/wp-json\/wp\/v2\/comments?post=6282"}],"wp:featuredmedia":[{"embeddable":true,"href":"https:\/\/xmy.ch\/de\/wp-json\/wp\/v2\/media\/4156"}],"wp:attachment":[{"href":"https:\/\/xmy.ch\/de\/wp-json\/wp\/v2\/media?parent=6282"}],"wp:term":[{"taxonomy":"product_brand","embeddable":true,"href":"https:\/\/xmy.ch\/de\/wp-json\/wp\/v2\/product_brand?post=6282"},{"taxonomy":"product_cat","embeddable":true,"href":"https:\/\/xmy.ch\/de\/wp-json\/wp\/v2\/product_cat?post=6282"},{"taxonomy":"product_tag","embeddable":true,"href":"https:\/\/xmy.ch\/de\/wp-json\/wp\/v2\/product_tag?post=6282"}],"curies":[{"name":"wp","href":"https:\/\/api.w.org\/{rel}","templated":true}]}}