{"id":6249,"date":"2023-11-04T18:31:15","date_gmt":"2023-11-04T17:31:15","guid":{"rendered":"https:\/\/xmy.ch\/prodotto\/w-geisterfluesterer-2-jacke-aussen-dark-jack-pine\/"},"modified":"2023-11-04T18:31:15","modified_gmt":"2023-11-04T17:31:15","slug":"w-geisterfluesterer-2-jacke-aussen-dark-jack-pine","status":"publish","type":"product","link":"https:\/\/xmy.ch\/de\/prodotto\/w-geisterfluesterer-2-jacke-aussen-dark-jack-pine\/","title":{"rendered":"W Geisterfl\u00fcsterer\/2\u2122 Jacke Au\u00dfen Dark Jack Pine"},"content":{"rendered":"<p>Eine \u00f6kologische Neuinterpretation unserer meistverkauften ultraleichten Daunenjacke. Und wenn eine Jacke Sie warm halten k\u00f6nnte (wie diese hier), ohne dass ihre Herstellung zur globalen Erw\u00e4rmung beitr\u00e4gt. Weil wir unseren sch\u00f6nen Planeten bewahren wollen, haben wir den Ghost Whisperer\/2\u2122 aus Abfall hergestellt, anstatt neuen Abfall zu erzeugen. Die Kombination aus einem Oberstoff aus recyceltem Material und einer verantwortungsbewussten, RDS-zertifizierten G\u00e4nsedaunen-Isolierung sorgt f\u00fcr au\u00dfergew\u00f6hnliche W\u00e4rme.<\/p>\n<ul>\n<li>Ultraleichtes Ripstop-Gewebe<\/li>\n<li>RDS\u00ae-zertifizierte G\u00e4nsedaunenisolierung (G\u00e4nsedaunen aus verantwortungsvollen Quellen) mit 800 % Belastbarkeit.<\/li>\n<li>Das erste Fach an beiden Manschetten ist mit synthetischer Isolierung gef\u00fcttert, damit sie nicht nass werden<\/li>\n<li>Zwei Rei\u00dfverschlusstaschen an der Hand<\/li>\n<li>\u00c4u\u00dferst kompaktes Design, das die Aufbewahrung in einer eigenen Tasche mit einer internen Karabinerschlaufe erm\u00f6glicht<\/li>\n<li>Elastische \u00c4rmelb\u00fcndchen zum Warmhalten<\/li>\n<li>Verstellbarer Saum mit Kordelzug<\/li>\n<li>Der Responsible Down Standard bescheinigt, dass die Daunen von Lieferanten stammen, die den Tierschutz respektieren, und erm\u00f6glicht die R\u00fcckverfolgbarkeit von der Quelle bis zum Endprodukt.<\/li>\n<\/ul>\n<p>&nbsp;<\/p>\n<p>100 % recyceltes Nylon ; Imprim\u00e9s : 100 % Nylon<\/p>\n<p>90 % duvet d&#8217;oie, 10 % plumes d&#8217;oie<\/p>\n","protected":false},"excerpt":{"rendered":"<p>Eine \u00f6kologische Neuinterpretation unserer meistverkauften ultraleichten Daunenjacke.<\/p>\n","protected":false},"featured_media":4193,"comment_status":"open","ping_status":"closed","template":"","meta":[],"product_brand":[],"product_cat":[330],"product_tag":[271],"class_list":{"0":"post-6249","1":"product","2":"type-product","3":"status-publish","4":"has-post-thumbnail","6":"product_cat-jacken-und-westen","7":"product_tag-frau","9":"first","10":"instock","11":"taxable","12":"shipping-taxable","13":"purchasable","14":"product-type-variable"},"yoast_head":"<!-- This site is optimized with the Yoast SEO Premium plugin v27.5 (Yoast SEO v27.5) - https:\/\/yoast.com\/product\/yoast-seo-premium-wordpress\/ -->\n<title>Geisterfl\u00fcsterer Jacke \u2013 Ultraleicht, Outer Dark Jack Pine<\/title>\n<meta name=\"description\" content=\"Geisterfl\u00fcsterer Jacke \u2013 Ultraleicht und \u00f6kologisch gefertigt aus recyceltem Material mit RDS-zertifizierter Daunenisolation. Jetzt entdecken und nachhaltige W\u00e4rme erleben.\" \/>\n<meta name=\"robots\" content=\"index, follow, max-snippet:-1, max-image-preview:large, max-video-preview:-1\" \/>\n<link rel=\"canonical\" href=\"https:\/\/xmy.ch\/de\/prodotto\/w-geisterfluesterer-2-jacke-aussen-dark-jack-pine\/\" \/>\n<meta property=\"og:locale\" content=\"de_DE\" \/>\n<meta property=\"og:type\" content=\"article\" \/>\n<meta property=\"og:title\" content=\"Geisterfl\u00fcsterer Jacke \u2013 Ultraleicht Outer Dark Jack Pine\" \/>\n<meta property=\"og:description\" content=\"\u00d6kologisch hergestellt: Geisterfl\u00fcsterer Jacke mit recyceltem Oberstoff und RDS-Daunen. Jetzt mehr erfahren und nachhaltig w\u00e4rmen.\" \/>\n<meta property=\"og:url\" content=\"https:\/\/xmy.ch\/de\/prodotto\/w-geisterfluesterer-2-jacke-aussen-dark-jack-pine\/\" \/>\n<meta property=\"og:site_name\" content=\"Xmy Sagl\" \/>\n<meta property=\"article:publisher\" content=\"https:\/\/www.facebook.com\/xmy.sagl\" \/>\n<meta property=\"og:image\" content=\"https:\/\/xmy.ch\/wp-content\/uploads\/2023\/11\/Mountain-Hardwear-W-Ghost-Whisperer-2\u2122-Jacket-jack-pine-314-Main.jpg\" \/>\n\t<meta property=\"og:image:width\" content=\"1024\" \/>\n\t<meta property=\"og:image:height\" content=\"1024\" \/>\n\t<meta property=\"og:image:type\" content=\"image\/jpeg\" \/>\n<meta name=\"twitter:card\" content=\"summary_large_image\" \/>\n<meta name=\"twitter:title\" content=\"Geisterfl\u00fcsterer Jacke \u2013 Ultraleicht Outer Dark Jack Pine\" \/>\n<meta name=\"twitter:description\" content=\"Entdecken Sie die Geisterfl\u00fcsterer Jacke: ultraleicht, nachhaltig und warm. Jetzt informieren und stilvoll sch\u00fctzen.\" \/>\n<meta name=\"twitter:label1\" content=\"Gesch\u00e4tzte Lesezeit\" \/>\n\t<meta name=\"twitter:data1\" content=\"1 minute\" \/>\n<script type=\"application\/ld+json\" class=\"yoast-schema-graph\">{\"@context\":\"https:\\\/\\\/schema.org\",\"@graph\":[{\"@type\":\"WebPage\",\"@id\":\"https:\\\/\\\/xmy.ch\\\/de\\\/prodotto\\\/w-geisterfluesterer-2-jacke-aussen-dark-jack-pine\\\/\",\"url\":\"https:\\\/\\\/xmy.ch\\\/de\\\/prodotto\\\/w-geisterfluesterer-2-jacke-aussen-dark-jack-pine\\\/\",\"name\":\"Geisterfl\u00fcsterer Jacke \u2013 Ultraleicht, Outer Dark Jack Pine\",\"isPartOf\":{\"@id\":\"https:\\\/\\\/xmy.ch\\\/de\\\/#website\"},\"primaryImageOfPage\":{\"@id\":\"https:\\\/\\\/xmy.ch\\\/de\\\/prodotto\\\/w-geisterfluesterer-2-jacke-aussen-dark-jack-pine\\\/#primaryimage\"},\"image\":{\"@id\":\"https:\\\/\\\/xmy.ch\\\/de\\\/prodotto\\\/w-geisterfluesterer-2-jacke-aussen-dark-jack-pine\\\/#primaryimage\"},\"thumbnailUrl\":\"https:\\\/\\\/xmy.ch\\\/wp-content\\\/uploads\\\/2023\\\/11\\\/Mountain-Hardwear-W-Ghost-Whisperer-2\u2122-Jacket-jack-pine-314-Main.jpg\",\"datePublished\":\"2023-11-04T17:31:15+00:00\",\"description\":\"Geisterfl\u00fcsterer Jacke \u2013 Ultraleicht und \u00f6kologisch gefertigt aus recyceltem Material mit RDS-zertifizierter Daunenisolation. Jetzt entdecken und nachhaltige W\u00e4rme erleben.\",\"breadcrumb\":{\"@id\":\"https:\\\/\\\/xmy.ch\\\/de\\\/prodotto\\\/w-geisterfluesterer-2-jacke-aussen-dark-jack-pine\\\/#breadcrumb\"},\"inLanguage\":\"de-DE\",\"potentialAction\":[{\"@type\":\"ReadAction\",\"target\":[\"https:\\\/\\\/xmy.ch\\\/de\\\/prodotto\\\/w-geisterfluesterer-2-jacke-aussen-dark-jack-pine\\\/\"]}]},{\"@type\":\"ImageObject\",\"inLanguage\":\"de-DE\",\"@id\":\"https:\\\/\\\/xmy.ch\\\/de\\\/prodotto\\\/w-geisterfluesterer-2-jacke-aussen-dark-jack-pine\\\/#primaryimage\",\"url\":\"https:\\\/\\\/xmy.ch\\\/wp-content\\\/uploads\\\/2023\\\/11\\\/Mountain-Hardwear-W-Ghost-Whisperer-2\u2122-Jacket-jack-pine-314-Main.jpg\",\"contentUrl\":\"https:\\\/\\\/xmy.ch\\\/wp-content\\\/uploads\\\/2023\\\/11\\\/Mountain-Hardwear-W-Ghost-Whisperer-2\u2122-Jacket-jack-pine-314-Main.jpg\",\"width\":1024,\"height\":1024},{\"@type\":\"BreadcrumbList\",\"@id\":\"https:\\\/\\\/xmy.ch\\\/de\\\/prodotto\\\/w-geisterfluesterer-2-jacke-aussen-dark-jack-pine\\\/#breadcrumb\",\"itemListElement\":[{\"@type\":\"ListItem\",\"position\":1,\"name\":\"Home\",\"item\":\"https:\\\/\\\/xmy.ch\\\/de\\\/\"},{\"@type\":\"ListItem\",\"position\":2,\"name\":\"Shop\",\"item\":\"https:\\\/\\\/xmy.ch\\\/de\\\/shop-2\\\/\"},{\"@type\":\"ListItem\",\"position\":3,\"name\":\"W Geisterfl\u00fcsterer\\\/2\u2122 Jacke Au\u00dfen Dark Jack Pine\"}]},{\"@type\":\"WebSite\",\"@id\":\"https:\\\/\\\/xmy.ch\\\/de\\\/#website\",\"url\":\"https:\\\/\\\/xmy.ch\\\/de\\\/\",\"name\":\"Xmy Sagl\",\"description\":\"\",\"publisher\":{\"@id\":\"https:\\\/\\\/xmy.ch\\\/de\\\/#organization\"},\"potentialAction\":[{\"@type\":\"SearchAction\",\"target\":{\"@type\":\"EntryPoint\",\"urlTemplate\":\"https:\\\/\\\/xmy.ch\\\/de\\\/?s={search_term_string}\"},\"query-input\":{\"@type\":\"PropertyValueSpecification\",\"valueRequired\":true,\"valueName\":\"search_term_string\"}}],\"inLanguage\":\"de-DE\"},{\"@type\":\"Organization\",\"@id\":\"https:\\\/\\\/xmy.ch\\\/de\\\/#organization\",\"name\":\"Xmy Sagl\",\"url\":\"https:\\\/\\\/xmy.ch\\\/de\\\/\",\"logo\":{\"@type\":\"ImageObject\",\"inLanguage\":\"de-DE\",\"@id\":\"https:\\\/\\\/xmy.ch\\\/de\\\/#\\\/schema\\\/logo\\\/image\\\/\",\"url\":\"https:\\\/\\\/xmy.ch\\\/wp-content\\\/uploads\\\/2024\\\/02\\\/XMY_UNI_B.webp\",\"contentUrl\":\"https:\\\/\\\/xmy.ch\\\/wp-content\\\/uploads\\\/2024\\\/02\\\/XMY_UNI_B.webp\",\"width\":1459,\"height\":421,\"caption\":\"Xmy Sagl\"},\"image\":{\"@id\":\"https:\\\/\\\/xmy.ch\\\/de\\\/#\\\/schema\\\/logo\\\/image\\\/\"},\"sameAs\":[\"https:\\\/\\\/www.facebook.com\\\/xmy.sagl\",\"https:\\\/\\\/www.instagram.com\\\/xmy.sagl\\\/\"]}]}<\/script>\n<!-- \/ Yoast SEO Premium plugin. -->","yoast_head_json":{"title":"Geisterfl\u00fcsterer Jacke \u2013 Ultraleicht, Outer Dark Jack Pine","description":"Geisterfl\u00fcsterer Jacke \u2013 Ultraleicht und \u00f6kologisch gefertigt aus recyceltem Material mit RDS-zertifizierter Daunenisolation. Jetzt entdecken und nachhaltige W\u00e4rme erleben.","robots":{"index":"index","follow":"follow","max-snippet":"max-snippet:-1","max-image-preview":"max-image-preview:large","max-video-preview":"max-video-preview:-1"},"canonical":"https:\/\/xmy.ch\/de\/prodotto\/w-geisterfluesterer-2-jacke-aussen-dark-jack-pine\/","og_locale":"de_DE","og_type":"article","og_title":"Geisterfl\u00fcsterer Jacke \u2013 Ultraleicht Outer Dark Jack Pine","og_description":"\u00d6kologisch hergestellt: Geisterfl\u00fcsterer Jacke mit recyceltem Oberstoff und RDS-Daunen. Jetzt mehr erfahren und nachhaltig w\u00e4rmen.","og_url":"https:\/\/xmy.ch\/de\/prodotto\/w-geisterfluesterer-2-jacke-aussen-dark-jack-pine\/","og_site_name":"Xmy Sagl","article_publisher":"https:\/\/www.facebook.com\/xmy.sagl","og_image":[{"width":1024,"height":1024,"url":"https:\/\/xmy.ch\/wp-content\/uploads\/2023\/11\/Mountain-Hardwear-W-Ghost-Whisperer-2\u2122-Jacket-jack-pine-314-Main.jpg","type":"image\/jpeg"}],"twitter_card":"summary_large_image","twitter_title":"Geisterfl\u00fcsterer Jacke \u2013 Ultraleicht Outer Dark Jack Pine","twitter_description":"Entdecken Sie die Geisterfl\u00fcsterer Jacke: ultraleicht, nachhaltig und warm. Jetzt informieren und stilvoll sch\u00fctzen.","twitter_misc":{"Gesch\u00e4tzte Lesezeit":"1 minute"},"schema":{"@context":"https:\/\/schema.org","@graph":[{"@type":"WebPage","@id":"https:\/\/xmy.ch\/de\/prodotto\/w-geisterfluesterer-2-jacke-aussen-dark-jack-pine\/","url":"https:\/\/xmy.ch\/de\/prodotto\/w-geisterfluesterer-2-jacke-aussen-dark-jack-pine\/","name":"Geisterfl\u00fcsterer Jacke \u2013 Ultraleicht, Outer Dark Jack Pine","isPartOf":{"@id":"https:\/\/xmy.ch\/de\/#website"},"primaryImageOfPage":{"@id":"https:\/\/xmy.ch\/de\/prodotto\/w-geisterfluesterer-2-jacke-aussen-dark-jack-pine\/#primaryimage"},"image":{"@id":"https:\/\/xmy.ch\/de\/prodotto\/w-geisterfluesterer-2-jacke-aussen-dark-jack-pine\/#primaryimage"},"thumbnailUrl":"https:\/\/xmy.ch\/wp-content\/uploads\/2023\/11\/Mountain-Hardwear-W-Ghost-Whisperer-2\u2122-Jacket-jack-pine-314-Main.jpg","datePublished":"2023-11-04T17:31:15+00:00","description":"Geisterfl\u00fcsterer Jacke \u2013 Ultraleicht und \u00f6kologisch gefertigt aus recyceltem Material mit RDS-zertifizierter Daunenisolation. Jetzt entdecken und nachhaltige W\u00e4rme erleben.","breadcrumb":{"@id":"https:\/\/xmy.ch\/de\/prodotto\/w-geisterfluesterer-2-jacke-aussen-dark-jack-pine\/#breadcrumb"},"inLanguage":"de-DE","potentialAction":[{"@type":"ReadAction","target":["https:\/\/xmy.ch\/de\/prodotto\/w-geisterfluesterer-2-jacke-aussen-dark-jack-pine\/"]}]},{"@type":"ImageObject","inLanguage":"de-DE","@id":"https:\/\/xmy.ch\/de\/prodotto\/w-geisterfluesterer-2-jacke-aussen-dark-jack-pine\/#primaryimage","url":"https:\/\/xmy.ch\/wp-content\/uploads\/2023\/11\/Mountain-Hardwear-W-Ghost-Whisperer-2\u2122-Jacket-jack-pine-314-Main.jpg","contentUrl":"https:\/\/xmy.ch\/wp-content\/uploads\/2023\/11\/Mountain-Hardwear-W-Ghost-Whisperer-2\u2122-Jacket-jack-pine-314-Main.jpg","width":1024,"height":1024},{"@type":"BreadcrumbList","@id":"https:\/\/xmy.ch\/de\/prodotto\/w-geisterfluesterer-2-jacke-aussen-dark-jack-pine\/#breadcrumb","itemListElement":[{"@type":"ListItem","position":1,"name":"Home","item":"https:\/\/xmy.ch\/de\/"},{"@type":"ListItem","position":2,"name":"Shop","item":"https:\/\/xmy.ch\/de\/shop-2\/"},{"@type":"ListItem","position":3,"name":"W Geisterfl\u00fcsterer\/2\u2122 Jacke Au\u00dfen Dark Jack Pine"}]},{"@type":"WebSite","@id":"https:\/\/xmy.ch\/de\/#website","url":"https:\/\/xmy.ch\/de\/","name":"Xmy Sagl","description":"","publisher":{"@id":"https:\/\/xmy.ch\/de\/#organization"},"potentialAction":[{"@type":"SearchAction","target":{"@type":"EntryPoint","urlTemplate":"https:\/\/xmy.ch\/de\/?s={search_term_string}"},"query-input":{"@type":"PropertyValueSpecification","valueRequired":true,"valueName":"search_term_string"}}],"inLanguage":"de-DE"},{"@type":"Organization","@id":"https:\/\/xmy.ch\/de\/#organization","name":"Xmy Sagl","url":"https:\/\/xmy.ch\/de\/","logo":{"@type":"ImageObject","inLanguage":"de-DE","@id":"https:\/\/xmy.ch\/de\/#\/schema\/logo\/image\/","url":"https:\/\/xmy.ch\/wp-content\/uploads\/2024\/02\/XMY_UNI_B.webp","contentUrl":"https:\/\/xmy.ch\/wp-content\/uploads\/2024\/02\/XMY_UNI_B.webp","width":1459,"height":421,"caption":"Xmy Sagl"},"image":{"@id":"https:\/\/xmy.ch\/de\/#\/schema\/logo\/image\/"},"sameAs":["https:\/\/www.facebook.com\/xmy.sagl","https:\/\/www.instagram.com\/xmy.sagl\/"]}]}},"_links":{"self":[{"href":"https:\/\/xmy.ch\/de\/wp-json\/wp\/v2\/product\/6249","targetHints":{"allow":["GET"]}}],"collection":[{"href":"https:\/\/xmy.ch\/de\/wp-json\/wp\/v2\/product"}],"about":[{"href":"https:\/\/xmy.ch\/de\/wp-json\/wp\/v2\/types\/product"}],"replies":[{"embeddable":true,"href":"https:\/\/xmy.ch\/de\/wp-json\/wp\/v2\/comments?post=6249"}],"wp:featuredmedia":[{"embeddable":true,"href":"https:\/\/xmy.ch\/de\/wp-json\/wp\/v2\/media\/4193"}],"wp:attachment":[{"href":"https:\/\/xmy.ch\/de\/wp-json\/wp\/v2\/media?parent=6249"}],"wp:term":[{"taxonomy":"product_brand","embeddable":true,"href":"https:\/\/xmy.ch\/de\/wp-json\/wp\/v2\/product_brand?post=6249"},{"taxonomy":"product_cat","embeddable":true,"href":"https:\/\/xmy.ch\/de\/wp-json\/wp\/v2\/product_cat?post=6249"},{"taxonomy":"product_tag","embeddable":true,"href":"https:\/\/xmy.ch\/de\/wp-json\/wp\/v2\/product_tag?post=6249"}],"curies":[{"name":"wp","href":"https:\/\/api.w.org\/{rel}","templated":true}]}}