{"id":6238,"date":"2023-11-04T18:09:00","date_gmt":"2023-11-04T17:09:00","guid":{"rendered":"https:\/\/xmy.ch\/prodotto\/w-polartec-double-brushed-full-zip-hoody-stone\/"},"modified":"2023-11-04T18:09:00","modified_gmt":"2023-11-04T17:09:00","slug":"w-polartec-double-brushed-full-zip-hoody-stone","status":"publish","type":"product","link":"https:\/\/xmy.ch\/de\/prodotto\/w-polartec-double-brushed-full-zip-hoody-stone\/","title":{"rendered":"W Polartec\u00ae Double Brushed Full Zip Hoody Stone"},"content":{"rendered":"<p>Der warme, dehnbare und entspannte Polartec\u00ae Double Brushed Hoodie ist ein weiches und bequemes Fleece-Oberteil mittlerer St\u00e4rke, das sich perfekt zum Wandern oder zum Entspannen mit Freunden eignet. Dieser Kapuzenpullover aus recyceltem Polartec 200-Fleece bietet \u00fcberragenden Komfort f\u00fcr t\u00e4gliche Outdoor-Aktivit\u00e4ten.<\/p>\n<ul>\n<li>Zwei Rei\u00dfverschlusstaschen an der Hand<\/li>\n<li>Durchgehender Rei\u00dfverschluss in der Mitte der Stirn<\/li>\n<li>Elastische Borte an \u00c4rmeln, Saum und Kapuze<\/li>\n<li>Gewebtes Etikett mit MHW-Logo<\/li>\n<\/ul>\n<p>87 % Polyester-Recyclat, 13 % Polyester<\/p>\n<p>Pflegehinweise:<\/p>\n<p>Zum Waschen in der Maschine schlie\u00dfen Sie alle Rei\u00dfverschl\u00fcsse, schlie\u00dfen alle Klettverschl\u00fcsse und drehen das Kleidungsst\u00fcck auf links. Verwenden Sie nur eine Frontlader-Maschine mit kaltem Wasser und einer sanften Einstellung. Verwenden Sie eine kleine Menge mildes Seifenpulver oder spezielle Seife f\u00fcr Bettdecken (erh\u00e4ltlich in Outdoor-L\u00e4den). Sp\u00fclen Sie das Kleidungsst\u00fcck mindestens zweimal aus, um die gesamte Seife zu entfernen. Wenn Sie das Kleidungsst\u00fcck von der Waschmaschine in den Trockner geben, tragen Sie es von unten. Trocknen Sie das Kleidungsst\u00fcck in einem gro\u00dfen, handels\u00fcblichen W\u00e4schetrockner bei niedriger Temperatur. Der Trockner muss gro\u00df genug sein, damit das Kleidungsst\u00fcck frei schweben kann. Das Trocknen kann mehrere Stunden dauern, und das Kleidungsst\u00fcck muss h\u00e4ufig kontrolliert werden, um sicherzustellen, dass es nicht \u00fcberhitzt ist. Achten Sie w\u00e4hrend des Trocknungsprozesses auf nasse Daunenklumpen und sch\u00fctteln Sie sie vorsichtig, um sie zu verteilen. Waschen Sie Ihre Bettdecke oder Ihren Parka nicht: &#8211; wenn Sie eine Toplader-Waschmaschine benutzen &#8211; wenn Sie Fl\u00fcssigseife oder Sp\u00fclmittel verwenden &#8211; wenn Sie Ihren Trockner benutzen &#8211; wenn Sie sie in der Sonne trocknen lassen (UV-Strahlen k\u00f6nnen Nylon besch\u00e4digen).<\/p>\n","protected":false},"excerpt":{"rendered":"<p>Der warme, dehnbare und entspannte Polartec\u00ae Double Brushed Hoodie ist ein weiches und bequemes Fleece-Oberteil mittlerer St\u00e4rke, das sich perfekt zum Wandern oder zum Entspannen mit Freunden eignet.<\/p>\n","protected":false},"featured_media":4144,"comment_status":"open","ping_status":"closed","template":"","meta":[],"product_brand":[],"product_cat":[332],"product_tag":[271],"class_list":{"0":"post-6238","1":"product","2":"type-product","3":"status-publish","4":"has-post-thumbnail","6":"product_cat-sweatshirts","7":"product_tag-frau","9":"first","10":"instock","11":"taxable","12":"shipping-taxable","13":"purchasable","14":"product-type-variable"},"yoast_head":"<!-- This site is optimized with the Yoast SEO Premium plugin v27.5 (Yoast SEO v27.5) - https:\/\/yoast.com\/product\/yoast-seo-premium-wordpress\/ -->\n<title>Polartec Hoodie Double Brushed Full Zip Hoody Stone<\/title>\n<meta name=\"description\" content=\"Polartec Hoodie bietet warme, dehnbare Komfort f\u00fcr Wandern und Entspannung. Entdecken Sie den Double Brushed Full Zip Hoody Stone jetzt bei Xmy.\" \/>\n<meta name=\"robots\" content=\"index, follow, max-snippet:-1, max-image-preview:large, max-video-preview:-1\" \/>\n<link rel=\"canonical\" href=\"https:\/\/xmy.ch\/de\/prodotto\/w-polartec-double-brushed-full-zip-hoody-stone\/\" \/>\n<meta property=\"og:locale\" content=\"de_DE\" \/>\n<meta property=\"og:type\" content=\"article\" \/>\n<meta property=\"og:title\" content=\"Polartec Hoodie Double Brushed Full Zip Hoody Stone\" \/>\n<meta property=\"og:description\" content=\"Polartec Hoodie bietet warme, bequeme Outdoor-W\u00e4rme. Jetzt Stone-Variante entdecken.\" \/>\n<meta property=\"og:url\" content=\"https:\/\/xmy.ch\/de\/prodotto\/w-polartec-double-brushed-full-zip-hoody-stone\/\" \/>\n<meta property=\"og:site_name\" content=\"Xmy Sagl\" \/>\n<meta property=\"article:publisher\" content=\"https:\/\/www.facebook.com\/xmy.sagl\" \/>\n<meta property=\"og:image\" content=\"https:\/\/xmy.ch\/wp-content\/uploads\/2023\/11\/Mountain-Hardwear-W-Polartec\u00ae-Double-Brushed-Full-Zip-Hoody-stone-022-Main_1920x1920.jpg\" \/>\n\t<meta property=\"og:image:width\" content=\"1024\" \/>\n\t<meta property=\"og:image:height\" content=\"1024\" \/>\n\t<meta property=\"og:image:type\" content=\"image\/jpeg\" \/>\n<meta name=\"twitter:card\" content=\"summary_large_image\" \/>\n<meta name=\"twitter:title\" content=\"Double Brushed Polartec Hoodie Full Zip Hoody Stone\" \/>\n<meta name=\"twitter:description\" content=\"Entdecke den Polartec Hoodie \u2013 komfortabel und warm. Jetzt Stone-Variante ansehen.\" \/>\n<meta name=\"twitter:label1\" content=\"Gesch\u00e4tzte Lesezeit\" \/>\n\t<meta name=\"twitter:data1\" content=\"1 minute\" \/>\n<script type=\"application\/ld+json\" class=\"yoast-schema-graph\">{\"@context\":\"https:\\\/\\\/schema.org\",\"@graph\":[{\"@type\":\"WebPage\",\"@id\":\"https:\\\/\\\/xmy.ch\\\/de\\\/prodotto\\\/w-polartec-double-brushed-full-zip-hoody-stone\\\/\",\"url\":\"https:\\\/\\\/xmy.ch\\\/de\\\/prodotto\\\/w-polartec-double-brushed-full-zip-hoody-stone\\\/\",\"name\":\"Polartec Hoodie Double Brushed Full Zip Hoody Stone\",\"isPartOf\":{\"@id\":\"https:\\\/\\\/xmy.ch\\\/de\\\/#website\"},\"primaryImageOfPage\":{\"@id\":\"https:\\\/\\\/xmy.ch\\\/de\\\/prodotto\\\/w-polartec-double-brushed-full-zip-hoody-stone\\\/#primaryimage\"},\"image\":{\"@id\":\"https:\\\/\\\/xmy.ch\\\/de\\\/prodotto\\\/w-polartec-double-brushed-full-zip-hoody-stone\\\/#primaryimage\"},\"thumbnailUrl\":\"https:\\\/\\\/xmy.ch\\\/wp-content\\\/uploads\\\/2023\\\/11\\\/Mountain-Hardwear-W-Polartec\u00ae-Double-Brushed-Full-Zip-Hoody-stone-022-Main_1920x1920.jpg\",\"datePublished\":\"2023-11-04T17:09:00+00:00\",\"description\":\"Polartec Hoodie bietet warme, dehnbare Komfort f\u00fcr Wandern und Entspannung. Entdecken Sie den Double Brushed Full Zip Hoody Stone jetzt bei Xmy.\",\"breadcrumb\":{\"@id\":\"https:\\\/\\\/xmy.ch\\\/de\\\/prodotto\\\/w-polartec-double-brushed-full-zip-hoody-stone\\\/#breadcrumb\"},\"inLanguage\":\"de-DE\",\"potentialAction\":[{\"@type\":\"ReadAction\",\"target\":[\"https:\\\/\\\/xmy.ch\\\/de\\\/prodotto\\\/w-polartec-double-brushed-full-zip-hoody-stone\\\/\"]}]},{\"@type\":\"ImageObject\",\"inLanguage\":\"de-DE\",\"@id\":\"https:\\\/\\\/xmy.ch\\\/de\\\/prodotto\\\/w-polartec-double-brushed-full-zip-hoody-stone\\\/#primaryimage\",\"url\":\"https:\\\/\\\/xmy.ch\\\/wp-content\\\/uploads\\\/2023\\\/11\\\/Mountain-Hardwear-W-Polartec\u00ae-Double-Brushed-Full-Zip-Hoody-stone-022-Main_1920x1920.jpg\",\"contentUrl\":\"https:\\\/\\\/xmy.ch\\\/wp-content\\\/uploads\\\/2023\\\/11\\\/Mountain-Hardwear-W-Polartec\u00ae-Double-Brushed-Full-Zip-Hoody-stone-022-Main_1920x1920.jpg\",\"width\":1024,\"height\":1024},{\"@type\":\"BreadcrumbList\",\"@id\":\"https:\\\/\\\/xmy.ch\\\/de\\\/prodotto\\\/w-polartec-double-brushed-full-zip-hoody-stone\\\/#breadcrumb\",\"itemListElement\":[{\"@type\":\"ListItem\",\"position\":1,\"name\":\"Home\",\"item\":\"https:\\\/\\\/xmy.ch\\\/de\\\/\"},{\"@type\":\"ListItem\",\"position\":2,\"name\":\"Shop\",\"item\":\"https:\\\/\\\/xmy.ch\\\/de\\\/shop-2\\\/\"},{\"@type\":\"ListItem\",\"position\":3,\"name\":\"W Polartec\u00ae Double Brushed Full Zip Hoody Stone\"}]},{\"@type\":\"WebSite\",\"@id\":\"https:\\\/\\\/xmy.ch\\\/de\\\/#website\",\"url\":\"https:\\\/\\\/xmy.ch\\\/de\\\/\",\"name\":\"Xmy Sagl\",\"description\":\"\",\"publisher\":{\"@id\":\"https:\\\/\\\/xmy.ch\\\/de\\\/#organization\"},\"potentialAction\":[{\"@type\":\"SearchAction\",\"target\":{\"@type\":\"EntryPoint\",\"urlTemplate\":\"https:\\\/\\\/xmy.ch\\\/de\\\/?s={search_term_string}\"},\"query-input\":{\"@type\":\"PropertyValueSpecification\",\"valueRequired\":true,\"valueName\":\"search_term_string\"}}],\"inLanguage\":\"de-DE\"},{\"@type\":\"Organization\",\"@id\":\"https:\\\/\\\/xmy.ch\\\/de\\\/#organization\",\"name\":\"Xmy Sagl\",\"url\":\"https:\\\/\\\/xmy.ch\\\/de\\\/\",\"logo\":{\"@type\":\"ImageObject\",\"inLanguage\":\"de-DE\",\"@id\":\"https:\\\/\\\/xmy.ch\\\/de\\\/#\\\/schema\\\/logo\\\/image\\\/\",\"url\":\"https:\\\/\\\/xmy.ch\\\/wp-content\\\/uploads\\\/2024\\\/02\\\/XMY_UNI_B.webp\",\"contentUrl\":\"https:\\\/\\\/xmy.ch\\\/wp-content\\\/uploads\\\/2024\\\/02\\\/XMY_UNI_B.webp\",\"width\":1459,\"height\":421,\"caption\":\"Xmy Sagl\"},\"image\":{\"@id\":\"https:\\\/\\\/xmy.ch\\\/de\\\/#\\\/schema\\\/logo\\\/image\\\/\"},\"sameAs\":[\"https:\\\/\\\/www.facebook.com\\\/xmy.sagl\",\"https:\\\/\\\/www.instagram.com\\\/xmy.sagl\\\/\"]}]}<\/script>\n<!-- \/ Yoast SEO Premium plugin. -->","yoast_head_json":{"title":"Polartec Hoodie Double Brushed Full Zip Hoody Stone","description":"Polartec Hoodie bietet warme, dehnbare Komfort f\u00fcr Wandern und Entspannung. Entdecken Sie den Double Brushed Full Zip Hoody Stone jetzt bei Xmy.","robots":{"index":"index","follow":"follow","max-snippet":"max-snippet:-1","max-image-preview":"max-image-preview:large","max-video-preview":"max-video-preview:-1"},"canonical":"https:\/\/xmy.ch\/de\/prodotto\/w-polartec-double-brushed-full-zip-hoody-stone\/","og_locale":"de_DE","og_type":"article","og_title":"Polartec Hoodie Double Brushed Full Zip Hoody Stone","og_description":"Polartec Hoodie bietet warme, bequeme Outdoor-W\u00e4rme. Jetzt Stone-Variante entdecken.","og_url":"https:\/\/xmy.ch\/de\/prodotto\/w-polartec-double-brushed-full-zip-hoody-stone\/","og_site_name":"Xmy Sagl","article_publisher":"https:\/\/www.facebook.com\/xmy.sagl","og_image":[{"width":1024,"height":1024,"url":"https:\/\/xmy.ch\/wp-content\/uploads\/2023\/11\/Mountain-Hardwear-W-Polartec\u00ae-Double-Brushed-Full-Zip-Hoody-stone-022-Main_1920x1920.jpg","type":"image\/jpeg"}],"twitter_card":"summary_large_image","twitter_title":"Double Brushed Polartec Hoodie Full Zip Hoody Stone","twitter_description":"Entdecke den Polartec Hoodie \u2013 komfortabel und warm. Jetzt Stone-Variante ansehen.","twitter_misc":{"Gesch\u00e4tzte Lesezeit":"1 minute"},"schema":{"@context":"https:\/\/schema.org","@graph":[{"@type":"WebPage","@id":"https:\/\/xmy.ch\/de\/prodotto\/w-polartec-double-brushed-full-zip-hoody-stone\/","url":"https:\/\/xmy.ch\/de\/prodotto\/w-polartec-double-brushed-full-zip-hoody-stone\/","name":"Polartec Hoodie Double Brushed Full Zip Hoody Stone","isPartOf":{"@id":"https:\/\/xmy.ch\/de\/#website"},"primaryImageOfPage":{"@id":"https:\/\/xmy.ch\/de\/prodotto\/w-polartec-double-brushed-full-zip-hoody-stone\/#primaryimage"},"image":{"@id":"https:\/\/xmy.ch\/de\/prodotto\/w-polartec-double-brushed-full-zip-hoody-stone\/#primaryimage"},"thumbnailUrl":"https:\/\/xmy.ch\/wp-content\/uploads\/2023\/11\/Mountain-Hardwear-W-Polartec\u00ae-Double-Brushed-Full-Zip-Hoody-stone-022-Main_1920x1920.jpg","datePublished":"2023-11-04T17:09:00+00:00","description":"Polartec Hoodie bietet warme, dehnbare Komfort f\u00fcr Wandern und Entspannung. Entdecken Sie den Double Brushed Full Zip Hoody Stone jetzt bei Xmy.","breadcrumb":{"@id":"https:\/\/xmy.ch\/de\/prodotto\/w-polartec-double-brushed-full-zip-hoody-stone\/#breadcrumb"},"inLanguage":"de-DE","potentialAction":[{"@type":"ReadAction","target":["https:\/\/xmy.ch\/de\/prodotto\/w-polartec-double-brushed-full-zip-hoody-stone\/"]}]},{"@type":"ImageObject","inLanguage":"de-DE","@id":"https:\/\/xmy.ch\/de\/prodotto\/w-polartec-double-brushed-full-zip-hoody-stone\/#primaryimage","url":"https:\/\/xmy.ch\/wp-content\/uploads\/2023\/11\/Mountain-Hardwear-W-Polartec\u00ae-Double-Brushed-Full-Zip-Hoody-stone-022-Main_1920x1920.jpg","contentUrl":"https:\/\/xmy.ch\/wp-content\/uploads\/2023\/11\/Mountain-Hardwear-W-Polartec\u00ae-Double-Brushed-Full-Zip-Hoody-stone-022-Main_1920x1920.jpg","width":1024,"height":1024},{"@type":"BreadcrumbList","@id":"https:\/\/xmy.ch\/de\/prodotto\/w-polartec-double-brushed-full-zip-hoody-stone\/#breadcrumb","itemListElement":[{"@type":"ListItem","position":1,"name":"Home","item":"https:\/\/xmy.ch\/de\/"},{"@type":"ListItem","position":2,"name":"Shop","item":"https:\/\/xmy.ch\/de\/shop-2\/"},{"@type":"ListItem","position":3,"name":"W Polartec\u00ae Double Brushed Full Zip Hoody Stone"}]},{"@type":"WebSite","@id":"https:\/\/xmy.ch\/de\/#website","url":"https:\/\/xmy.ch\/de\/","name":"Xmy Sagl","description":"","publisher":{"@id":"https:\/\/xmy.ch\/de\/#organization"},"potentialAction":[{"@type":"SearchAction","target":{"@type":"EntryPoint","urlTemplate":"https:\/\/xmy.ch\/de\/?s={search_term_string}"},"query-input":{"@type":"PropertyValueSpecification","valueRequired":true,"valueName":"search_term_string"}}],"inLanguage":"de-DE"},{"@type":"Organization","@id":"https:\/\/xmy.ch\/de\/#organization","name":"Xmy Sagl","url":"https:\/\/xmy.ch\/de\/","logo":{"@type":"ImageObject","inLanguage":"de-DE","@id":"https:\/\/xmy.ch\/de\/#\/schema\/logo\/image\/","url":"https:\/\/xmy.ch\/wp-content\/uploads\/2024\/02\/XMY_UNI_B.webp","contentUrl":"https:\/\/xmy.ch\/wp-content\/uploads\/2024\/02\/XMY_UNI_B.webp","width":1459,"height":421,"caption":"Xmy Sagl"},"image":{"@id":"https:\/\/xmy.ch\/de\/#\/schema\/logo\/image\/"},"sameAs":["https:\/\/www.facebook.com\/xmy.sagl","https:\/\/www.instagram.com\/xmy.sagl\/"]}]}},"_links":{"self":[{"href":"https:\/\/xmy.ch\/de\/wp-json\/wp\/v2\/product\/6238","targetHints":{"allow":["GET"]}}],"collection":[{"href":"https:\/\/xmy.ch\/de\/wp-json\/wp\/v2\/product"}],"about":[{"href":"https:\/\/xmy.ch\/de\/wp-json\/wp\/v2\/types\/product"}],"replies":[{"embeddable":true,"href":"https:\/\/xmy.ch\/de\/wp-json\/wp\/v2\/comments?post=6238"}],"wp:featuredmedia":[{"embeddable":true,"href":"https:\/\/xmy.ch\/de\/wp-json\/wp\/v2\/media\/4144"}],"wp:attachment":[{"href":"https:\/\/xmy.ch\/de\/wp-json\/wp\/v2\/media?parent=6238"}],"wp:term":[{"taxonomy":"product_brand","embeddable":true,"href":"https:\/\/xmy.ch\/de\/wp-json\/wp\/v2\/product_brand?post=6238"},{"taxonomy":"product_cat","embeddable":true,"href":"https:\/\/xmy.ch\/de\/wp-json\/wp\/v2\/product_cat?post=6238"},{"taxonomy":"product_tag","embeddable":true,"href":"https:\/\/xmy.ch\/de\/wp-json\/wp\/v2\/product_tag?post=6238"}],"curies":[{"name":"wp","href":"https:\/\/api.w.org\/{rel}","templated":true}]}}