{"id":6219,"date":"2023-11-04T18:02:00","date_gmt":"2023-11-04T17:02:00","guid":{"rendered":"https:\/\/xmy.ch\/prodotto\/w-polartec-high-loft-jacke-wild-oyster\/"},"modified":"2023-11-04T18:02:00","modified_gmt":"2023-11-04T17:02:00","slug":"w-polartec-high-loft-jacke-wild-oyster","status":"publish","type":"product","link":"https:\/\/xmy.ch\/de\/prodotto\/w-polartec-high-loft-jacke-wild-oyster\/","title":{"rendered":"W Polartec\u00ae High Loft\u2122 Jacke Wild Oyster"},"content":{"rendered":"<p>Die Polartec\u00ae High Loft\u00ae Jacke ist eine Neuinterpretation unseres klassischen Bestsellers, die weiterhin erstklassige W\u00e4rme f\u00fcr Schichten mit einem einzigartigen, ultraweichen Gef\u00fchl bietet. Die Polartec\u00ae High Loft\u00ae Jacke besteht aus leichtem Polartec\u00ae High Loft\u2122 Fleece mit strategisch platzierten Stretch-Fleece-Eins\u00e4tzen f\u00fcr mehr Bewegungsfreiheit.<\/p>\n<ul>\n<li>Klassischer Polartec\u00ae High Loft-Fleece-Stoff<\/li>\n<li>Integriertes Power Stretch\u00ae Gewebe an H\u00fcfte, Saum und Unterschenkeln<\/li>\n<li>Zwei Rei\u00dfverschlusstaschen und eine Brusttasche mit Rei\u00dfverschluss<\/li>\n<li>Power Stretch\u00ae-Gewebeeins\u00e4tze an Kragen, Seiten, Manschetten und Saum<\/li>\n<\/ul>\n<p>97 % Polyester, 3 % Elasthanne<\/p>\n<p>Pflegehinweise:<\/p>\n<p>Zum Waschen in der Maschine schlie\u00dfen Sie alle Rei\u00dfverschl\u00fcsse, schlie\u00dfen alle Klettverschl\u00fcsse und drehen das Kleidungsst\u00fcck auf links. Verwenden Sie nur eine Frontlader-Maschine mit kaltem Wasser und einer sanften Einstellung. Verwenden Sie eine kleine Menge mildes Seifenpulver oder spezielle Seife f\u00fcr Bettdecken (erh\u00e4ltlich in Outdoor-L\u00e4den). Sp\u00fclen Sie das Kleidungsst\u00fcck mindestens zweimal aus, um die gesamte Seife zu entfernen. Wenn Sie das Kleidungsst\u00fcck von der Waschmaschine in den Trockner geben, tragen Sie es von unten. Trocknen Sie das Kleidungsst\u00fcck in einem gro\u00dfen, handels\u00fcblichen W\u00e4schetrockner bei niedriger Temperatur. Der Trockner muss gro\u00df genug sein, damit das Kleidungsst\u00fcck frei schweben kann. Das Trocknen kann mehrere Stunden dauern, und das Kleidungsst\u00fcck muss h\u00e4ufig kontrolliert werden, um sicherzustellen, dass es nicht \u00fcberhitzt ist. Achten Sie w\u00e4hrend des Trocknungsprozesses auf nasse Daunenklumpen und sch\u00fctteln Sie sie vorsichtig, um sie zu verteilen. Waschen Sie Ihre Bettdecke oder Ihren Parka nicht: &#8211; wenn Sie eine Toplader-Waschmaschine benutzen &#8211; wenn Sie Fl\u00fcssigseife oder Sp\u00fclmittel verwenden &#8211; wenn Sie Ihren Trockner benutzen &#8211; wenn Sie sie in der Sonne trocknen lassen (UV-Strahlen k\u00f6nnen Nylon besch\u00e4digen).<\/p>\n","protected":false},"excerpt":{"rendered":"<p>Die Polartec\u00ae High Loft\u00ae Jacke ist eine Neuinterpretation unseres klassischen Bestsellers, die weiterhin erstklassige W\u00e4rme f\u00fcr Schichten mit einem einzigartigen, ultraweichen Gef\u00fchl bietet.<\/p>\n","protected":false},"featured_media":4132,"comment_status":"open","ping_status":"closed","template":"","meta":[],"product_brand":[],"product_cat":[330],"product_tag":[271],"class_list":{"0":"post-6219","1":"product","2":"type-product","3":"status-publish","4":"has-post-thumbnail","6":"product_cat-jacken-und-westen","7":"product_tag-frau","9":"first","10":"instock","11":"taxable","12":"shipping-taxable","13":"purchasable","14":"product-type-variable"},"yoast_head":"<!-- This site is optimized with the Yoast SEO Premium plugin v27.5 (Yoast SEO v27.5) - https:\/\/yoast.com\/product\/yoast-seo-premium-wordpress\/ -->\n<title>Polartec High Loft Jacke Wild Oyster \u2013 W\u00e4rme &amp; Komfort<\/title>\n<meta name=\"description\" content=\"Entdecke die Polartec High Loft Jacke Wild Oyster \u2013 leicht, warm und ultraweich mit Stretch-Eins\u00e4tzen f\u00fcr mehr Bewegungsfreiheit. Jetzt online bestellen.\" \/>\n<meta name=\"robots\" content=\"index, follow, max-snippet:-1, max-image-preview:large, max-video-preview:-1\" \/>\n<link rel=\"canonical\" href=\"https:\/\/xmy.ch\/de\/prodotto\/w-polartec-high-loft-jacke-wild-oyster\/\" \/>\n<meta property=\"og:locale\" content=\"de_DE\" \/>\n<meta property=\"og:type\" content=\"article\" \/>\n<meta property=\"og:title\" content=\"Polartec High Loft Jacke Wild Oyster \u2013 W\u00e4rme pur &amp; Komfort\" \/>\n<meta property=\"og:description\" content=\"Erlebe W\u00e4rme, Weichheit und Bewegungsfreiheit. Jetzt sichern!\" \/>\n<meta property=\"og:url\" content=\"https:\/\/xmy.ch\/de\/prodotto\/w-polartec-high-loft-jacke-wild-oyster\/\" \/>\n<meta property=\"og:site_name\" content=\"Xmy Sagl\" \/>\n<meta property=\"article:publisher\" content=\"https:\/\/www.facebook.com\/xmy.sagl\" \/>\n<meta property=\"og:image\" content=\"https:\/\/xmy.ch\/wp-content\/uploads\/2023\/11\/Mountain-Hardwear-W-Polartec\u00ae-High-Loft\u2122-Jacket-wild-oyster-248-Main.jpg\" \/>\n\t<meta property=\"og:image:width\" content=\"1024\" \/>\n\t<meta property=\"og:image:height\" content=\"1024\" \/>\n\t<meta property=\"og:image:type\" content=\"image\/jpeg\" \/>\n<meta name=\"twitter:card\" content=\"summary_large_image\" \/>\n<meta name=\"twitter:title\" content=\"Wild Oyster Polartec High Loft Jacke \u2013 Warm &amp; Weich\" \/>\n<meta name=\"twitter:description\" content=\"Schnapp dir die Jacke \u2013 kompromisslose W\u00e4rme und Tragekomfort.\" \/>\n<meta name=\"twitter:label1\" content=\"Gesch\u00e4tzte Lesezeit\" \/>\n\t<meta name=\"twitter:data1\" content=\"1 minute\" \/>\n<script type=\"application\/ld+json\" class=\"yoast-schema-graph\">{\"@context\":\"https:\\\/\\\/schema.org\",\"@graph\":[{\"@type\":\"WebPage\",\"@id\":\"https:\\\/\\\/xmy.ch\\\/de\\\/prodotto\\\/w-polartec-high-loft-jacke-wild-oyster\\\/\",\"url\":\"https:\\\/\\\/xmy.ch\\\/de\\\/prodotto\\\/w-polartec-high-loft-jacke-wild-oyster\\\/\",\"name\":\"Polartec High Loft Jacke Wild Oyster \u2013 W\u00e4rme &amp; Komfort\",\"isPartOf\":{\"@id\":\"https:\\\/\\\/xmy.ch\\\/de\\\/#website\"},\"primaryImageOfPage\":{\"@id\":\"https:\\\/\\\/xmy.ch\\\/de\\\/prodotto\\\/w-polartec-high-loft-jacke-wild-oyster\\\/#primaryimage\"},\"image\":{\"@id\":\"https:\\\/\\\/xmy.ch\\\/de\\\/prodotto\\\/w-polartec-high-loft-jacke-wild-oyster\\\/#primaryimage\"},\"thumbnailUrl\":\"https:\\\/\\\/xmy.ch\\\/wp-content\\\/uploads\\\/2023\\\/11\\\/Mountain-Hardwear-W-Polartec\u00ae-High-Loft\u2122-Jacket-wild-oyster-248-Main.jpg\",\"datePublished\":\"2023-11-04T17:02:00+00:00\",\"description\":\"Entdecke die Polartec High Loft Jacke Wild Oyster \u2013 leicht, warm und ultraweich mit Stretch-Eins\u00e4tzen f\u00fcr mehr Bewegungsfreiheit. Jetzt online bestellen.\",\"breadcrumb\":{\"@id\":\"https:\\\/\\\/xmy.ch\\\/de\\\/prodotto\\\/w-polartec-high-loft-jacke-wild-oyster\\\/#breadcrumb\"},\"inLanguage\":\"de-DE\",\"potentialAction\":[{\"@type\":\"ReadAction\",\"target\":[\"https:\\\/\\\/xmy.ch\\\/de\\\/prodotto\\\/w-polartec-high-loft-jacke-wild-oyster\\\/\"]}]},{\"@type\":\"ImageObject\",\"inLanguage\":\"de-DE\",\"@id\":\"https:\\\/\\\/xmy.ch\\\/de\\\/prodotto\\\/w-polartec-high-loft-jacke-wild-oyster\\\/#primaryimage\",\"url\":\"https:\\\/\\\/xmy.ch\\\/wp-content\\\/uploads\\\/2023\\\/11\\\/Mountain-Hardwear-W-Polartec\u00ae-High-Loft\u2122-Jacket-wild-oyster-248-Main.jpg\",\"contentUrl\":\"https:\\\/\\\/xmy.ch\\\/wp-content\\\/uploads\\\/2023\\\/11\\\/Mountain-Hardwear-W-Polartec\u00ae-High-Loft\u2122-Jacket-wild-oyster-248-Main.jpg\",\"width\":1024,\"height\":1024},{\"@type\":\"BreadcrumbList\",\"@id\":\"https:\\\/\\\/xmy.ch\\\/de\\\/prodotto\\\/w-polartec-high-loft-jacke-wild-oyster\\\/#breadcrumb\",\"itemListElement\":[{\"@type\":\"ListItem\",\"position\":1,\"name\":\"Home\",\"item\":\"https:\\\/\\\/xmy.ch\\\/de\\\/\"},{\"@type\":\"ListItem\",\"position\":2,\"name\":\"Shop\",\"item\":\"https:\\\/\\\/xmy.ch\\\/de\\\/shop-2\\\/\"},{\"@type\":\"ListItem\",\"position\":3,\"name\":\"W Polartec\u00ae High Loft\u2122 Jacke Wild Oyster\"}]},{\"@type\":\"WebSite\",\"@id\":\"https:\\\/\\\/xmy.ch\\\/de\\\/#website\",\"url\":\"https:\\\/\\\/xmy.ch\\\/de\\\/\",\"name\":\"Xmy Sagl\",\"description\":\"\",\"publisher\":{\"@id\":\"https:\\\/\\\/xmy.ch\\\/de\\\/#organization\"},\"potentialAction\":[{\"@type\":\"SearchAction\",\"target\":{\"@type\":\"EntryPoint\",\"urlTemplate\":\"https:\\\/\\\/xmy.ch\\\/de\\\/?s={search_term_string}\"},\"query-input\":{\"@type\":\"PropertyValueSpecification\",\"valueRequired\":true,\"valueName\":\"search_term_string\"}}],\"inLanguage\":\"de-DE\"},{\"@type\":\"Organization\",\"@id\":\"https:\\\/\\\/xmy.ch\\\/de\\\/#organization\",\"name\":\"Xmy Sagl\",\"url\":\"https:\\\/\\\/xmy.ch\\\/de\\\/\",\"logo\":{\"@type\":\"ImageObject\",\"inLanguage\":\"de-DE\",\"@id\":\"https:\\\/\\\/xmy.ch\\\/de\\\/#\\\/schema\\\/logo\\\/image\\\/\",\"url\":\"https:\\\/\\\/xmy.ch\\\/wp-content\\\/uploads\\\/2024\\\/02\\\/XMY_UNI_B.webp\",\"contentUrl\":\"https:\\\/\\\/xmy.ch\\\/wp-content\\\/uploads\\\/2024\\\/02\\\/XMY_UNI_B.webp\",\"width\":1459,\"height\":421,\"caption\":\"Xmy Sagl\"},\"image\":{\"@id\":\"https:\\\/\\\/xmy.ch\\\/de\\\/#\\\/schema\\\/logo\\\/image\\\/\"},\"sameAs\":[\"https:\\\/\\\/www.facebook.com\\\/xmy.sagl\",\"https:\\\/\\\/www.instagram.com\\\/xmy.sagl\\\/\"]}]}<\/script>\n<!-- \/ Yoast SEO Premium plugin. -->","yoast_head_json":{"title":"Polartec High Loft Jacke Wild Oyster \u2013 W\u00e4rme &amp; Komfort","description":"Entdecke die Polartec High Loft Jacke Wild Oyster \u2013 leicht, warm und ultraweich mit Stretch-Eins\u00e4tzen f\u00fcr mehr Bewegungsfreiheit. Jetzt online bestellen.","robots":{"index":"index","follow":"follow","max-snippet":"max-snippet:-1","max-image-preview":"max-image-preview:large","max-video-preview":"max-video-preview:-1"},"canonical":"https:\/\/xmy.ch\/de\/prodotto\/w-polartec-high-loft-jacke-wild-oyster\/","og_locale":"de_DE","og_type":"article","og_title":"Polartec High Loft Jacke Wild Oyster \u2013 W\u00e4rme pur &amp; Komfort","og_description":"Erlebe W\u00e4rme, Weichheit und Bewegungsfreiheit. Jetzt sichern!","og_url":"https:\/\/xmy.ch\/de\/prodotto\/w-polartec-high-loft-jacke-wild-oyster\/","og_site_name":"Xmy Sagl","article_publisher":"https:\/\/www.facebook.com\/xmy.sagl","og_image":[{"width":1024,"height":1024,"url":"https:\/\/xmy.ch\/wp-content\/uploads\/2023\/11\/Mountain-Hardwear-W-Polartec\u00ae-High-Loft\u2122-Jacket-wild-oyster-248-Main.jpg","type":"image\/jpeg"}],"twitter_card":"summary_large_image","twitter_title":"Wild Oyster Polartec High Loft Jacke \u2013 Warm &amp; Weich","twitter_description":"Schnapp dir die Jacke \u2013 kompromisslose W\u00e4rme und Tragekomfort.","twitter_misc":{"Gesch\u00e4tzte Lesezeit":"1 minute"},"schema":{"@context":"https:\/\/schema.org","@graph":[{"@type":"WebPage","@id":"https:\/\/xmy.ch\/de\/prodotto\/w-polartec-high-loft-jacke-wild-oyster\/","url":"https:\/\/xmy.ch\/de\/prodotto\/w-polartec-high-loft-jacke-wild-oyster\/","name":"Polartec High Loft Jacke Wild Oyster \u2013 W\u00e4rme &amp; Komfort","isPartOf":{"@id":"https:\/\/xmy.ch\/de\/#website"},"primaryImageOfPage":{"@id":"https:\/\/xmy.ch\/de\/prodotto\/w-polartec-high-loft-jacke-wild-oyster\/#primaryimage"},"image":{"@id":"https:\/\/xmy.ch\/de\/prodotto\/w-polartec-high-loft-jacke-wild-oyster\/#primaryimage"},"thumbnailUrl":"https:\/\/xmy.ch\/wp-content\/uploads\/2023\/11\/Mountain-Hardwear-W-Polartec\u00ae-High-Loft\u2122-Jacket-wild-oyster-248-Main.jpg","datePublished":"2023-11-04T17:02:00+00:00","description":"Entdecke die Polartec High Loft Jacke Wild Oyster \u2013 leicht, warm und ultraweich mit Stretch-Eins\u00e4tzen f\u00fcr mehr Bewegungsfreiheit. Jetzt online bestellen.","breadcrumb":{"@id":"https:\/\/xmy.ch\/de\/prodotto\/w-polartec-high-loft-jacke-wild-oyster\/#breadcrumb"},"inLanguage":"de-DE","potentialAction":[{"@type":"ReadAction","target":["https:\/\/xmy.ch\/de\/prodotto\/w-polartec-high-loft-jacke-wild-oyster\/"]}]},{"@type":"ImageObject","inLanguage":"de-DE","@id":"https:\/\/xmy.ch\/de\/prodotto\/w-polartec-high-loft-jacke-wild-oyster\/#primaryimage","url":"https:\/\/xmy.ch\/wp-content\/uploads\/2023\/11\/Mountain-Hardwear-W-Polartec\u00ae-High-Loft\u2122-Jacket-wild-oyster-248-Main.jpg","contentUrl":"https:\/\/xmy.ch\/wp-content\/uploads\/2023\/11\/Mountain-Hardwear-W-Polartec\u00ae-High-Loft\u2122-Jacket-wild-oyster-248-Main.jpg","width":1024,"height":1024},{"@type":"BreadcrumbList","@id":"https:\/\/xmy.ch\/de\/prodotto\/w-polartec-high-loft-jacke-wild-oyster\/#breadcrumb","itemListElement":[{"@type":"ListItem","position":1,"name":"Home","item":"https:\/\/xmy.ch\/de\/"},{"@type":"ListItem","position":2,"name":"Shop","item":"https:\/\/xmy.ch\/de\/shop-2\/"},{"@type":"ListItem","position":3,"name":"W Polartec\u00ae High Loft\u2122 Jacke Wild Oyster"}]},{"@type":"WebSite","@id":"https:\/\/xmy.ch\/de\/#website","url":"https:\/\/xmy.ch\/de\/","name":"Xmy Sagl","description":"","publisher":{"@id":"https:\/\/xmy.ch\/de\/#organization"},"potentialAction":[{"@type":"SearchAction","target":{"@type":"EntryPoint","urlTemplate":"https:\/\/xmy.ch\/de\/?s={search_term_string}"},"query-input":{"@type":"PropertyValueSpecification","valueRequired":true,"valueName":"search_term_string"}}],"inLanguage":"de-DE"},{"@type":"Organization","@id":"https:\/\/xmy.ch\/de\/#organization","name":"Xmy Sagl","url":"https:\/\/xmy.ch\/de\/","logo":{"@type":"ImageObject","inLanguage":"de-DE","@id":"https:\/\/xmy.ch\/de\/#\/schema\/logo\/image\/","url":"https:\/\/xmy.ch\/wp-content\/uploads\/2024\/02\/XMY_UNI_B.webp","contentUrl":"https:\/\/xmy.ch\/wp-content\/uploads\/2024\/02\/XMY_UNI_B.webp","width":1459,"height":421,"caption":"Xmy Sagl"},"image":{"@id":"https:\/\/xmy.ch\/de\/#\/schema\/logo\/image\/"},"sameAs":["https:\/\/www.facebook.com\/xmy.sagl","https:\/\/www.instagram.com\/xmy.sagl\/"]}]}},"_links":{"self":[{"href":"https:\/\/xmy.ch\/de\/wp-json\/wp\/v2\/product\/6219","targetHints":{"allow":["GET"]}}],"collection":[{"href":"https:\/\/xmy.ch\/de\/wp-json\/wp\/v2\/product"}],"about":[{"href":"https:\/\/xmy.ch\/de\/wp-json\/wp\/v2\/types\/product"}],"replies":[{"embeddable":true,"href":"https:\/\/xmy.ch\/de\/wp-json\/wp\/v2\/comments?post=6219"}],"wp:featuredmedia":[{"embeddable":true,"href":"https:\/\/xmy.ch\/de\/wp-json\/wp\/v2\/media\/4132"}],"wp:attachment":[{"href":"https:\/\/xmy.ch\/de\/wp-json\/wp\/v2\/media?parent=6219"}],"wp:term":[{"taxonomy":"product_brand","embeddable":true,"href":"https:\/\/xmy.ch\/de\/wp-json\/wp\/v2\/product_brand?post=6219"},{"taxonomy":"product_cat","embeddable":true,"href":"https:\/\/xmy.ch\/de\/wp-json\/wp\/v2\/product_cat?post=6219"},{"taxonomy":"product_tag","embeddable":true,"href":"https:\/\/xmy.ch\/de\/wp-json\/wp\/v2\/product_tag?post=6219"}],"curies":[{"name":"wp","href":"https:\/\/api.w.org\/{rel}","templated":true}]}}