{"id":6202,"date":"2023-11-04T16:08:00","date_gmt":"2023-11-04T15:08:00","guid":{"rendered":"https:\/\/xmy.ch\/prodotto\/performance-ss-tshirt-mann-aloy-zitrus\/"},"modified":"2023-11-04T16:08:00","modified_gmt":"2023-11-04T15:08:00","slug":"performance-ss-tshirt-mann-aloy-zitrus","status":"publish","type":"product","link":"https:\/\/xmy.ch\/de\/prodotto\/performance-ss-tshirt-mann-aloy-zitrus\/","title":{"rendered":"Performance SS Tshirt Mann Aloy\/Zitrus"},"content":{"rendered":"<p>Leistungsstarkes Lauftrikot aus weicher, nahtloser Mikrofaser mit integrierter Bel\u00fcftung f\u00fcr intensives Training und Rennen.<\/p>\n<p>Leichter als unser Training SS T-Shirt, aber etwas dicker als das Racing-Modell, vereint das kurz\u00e4rmelige Performance SS Shirt Funktionalit\u00e4t und Leichtigkeit und ist bereit, sich der Intensit\u00e4t des Trainings und den Strapazen des Rennens mit gleicher Begeisterung zu stellen. Speziell f\u00fcr extremen Komfort und Weichheit entwickelt, ist es eines jener T-Shirts, die man nach dem Tragen kaum noch sp\u00fcrt. Das Mikrofasergewebe und das nahtlose Design sorgen daf\u00fcr, dass Reibung, Irritationen und Ger\u00fcche, die bei sportlichen Aktivit\u00e4ten entstehen, unter Kontrolle gehalten werden. Feine Mesh-Ventilationslinien sind auf der Vorderseite, dem R\u00fccken und entlang der \u00c4rmel f\u00fcr eine optimale Bel\u00fcftung integriert. Schwei\u00df und Feuchtigkeit werden schnell abtransportiert, damit Sie auch bei intensivsten Trainingseinheiten trocken bleiben und keine Hautreizungen auftreten. Die regul\u00e4re Passform bietet einen einschn\u00fcrungsfreien Schnitt. Der runde Halsausschnitt liegt flach auf der Haut, w\u00e4hrend das neu gestaltete \u00c4rmeldesign die Schulterpartie freil\u00e4sst und so weitreichende Bewegungen erm\u00f6glicht. Der Stoff besteht aus gef\u00e4rbten Fasern, die eine l\u00e4ngere Haltbarkeit gew\u00e4hrleisten. Das asymmetrische Streifenmuster an den \u00c4rmeln und der H\u00fcfte verleiht dem Auftritt einen Hauch von Klasse. Egal, ob Sie eine Runde um den Block laufen oder an einem Rennen teilnehmen, mit dem vielseitigen Performance SS Shirt k\u00f6nnen Sie nichts falsch machen!<\/p>\n<p>92% Polyamid 8% Elastan<\/p>\n<p><img decoding=\"async\" class=\"w-50 my-2\" src=\"https:\/\/www.compressport.com\/ch\/img\/prods_entretien.png\"><\/p>\n","protected":false},"excerpt":{"rendered":"<p>Leistungsstarkes Lauftrikot aus weicher, nahtloser Mikrofaser mit integrierter Bel\u00fcftung f\u00fcr intensives Training und Rennen.<\/p>\n","protected":false},"featured_media":3777,"comment_status":"open","ping_status":"closed","template":"","meta":[],"product_brand":[],"product_cat":[339],"product_tag":[272],"class_list":{"0":"post-6202","1":"product","2":"type-product","3":"status-publish","4":"has-post-thumbnail","6":"product_cat-t-shirts","7":"product_tag-mann","9":"first","10":"instock","11":"taxable","12":"shipping-taxable","13":"purchasable","14":"product-type-variable"},"yoast_head":"<!-- This site is optimized with the Yoast SEO Premium plugin v27.5 (Yoast SEO v27.5) - https:\/\/yoast.com\/product\/yoast-seo-premium-wordpress\/ -->\n<title>Performance Shirt Mann Aloy\/Zitrus \u2013 Xmy Sagl<\/title>\n<meta name=\"description\" content=\"Performance Shirt bietet nahtlose Mikrofaser, Bel\u00fcftung und Feuchtigkeitstransport f\u00fcr Training und Rennen. Jetzt Komfort, Leichtigkeit und Performance entdecken.\" \/>\n<meta name=\"robots\" content=\"index, follow, max-snippet:-1, max-image-preview:large, max-video-preview:-1\" \/>\n<link rel=\"canonical\" href=\"https:\/\/xmy.ch\/de\/prodotto\/performance-ss-tshirt-mann-aloy-zitrus\/\" \/>\n<meta property=\"og:locale\" content=\"de_DE\" \/>\n<meta property=\"og:type\" content=\"article\" \/>\n<meta property=\"og:title\" content=\"Performance Shirt Mann Aloy\/Zitrus \u2013 Xmy Sagl\" \/>\n<meta property=\"og:description\" content=\"Jetzt Performance Shirt sichern und dein Training steigern.\" \/>\n<meta property=\"og:url\" content=\"https:\/\/xmy.ch\/de\/prodotto\/performance-ss-tshirt-mann-aloy-zitrus\/\" \/>\n<meta property=\"og:site_name\" content=\"Xmy Sagl\" \/>\n<meta property=\"article:publisher\" content=\"https:\/\/www.facebook.com\/xmy.sagl\" \/>\n<meta property=\"og:image\" content=\"https:\/\/xmy.ch\/wp-content\/uploads\/2023\/10\/Alloy.png\" \/>\n\t<meta property=\"og:image:width\" content=\"549\" \/>\n\t<meta property=\"og:image:height\" content=\"712\" \/>\n\t<meta property=\"og:image:type\" content=\"image\/png\" \/>\n<meta name=\"twitter:card\" content=\"summary_large_image\" \/>\n<meta name=\"twitter:title\" content=\"Herren Performance Shirt Aloy\/Zitrus \u2013 Xmy Sagl\" \/>\n<meta name=\"twitter:description\" content=\"Erlebe Bel\u00fcftung und Leichtigkeit beim Training \u2013 jetzt bestellen.\" \/>\n<meta name=\"twitter:label1\" content=\"Gesch\u00e4tzte Lesezeit\" \/>\n\t<meta name=\"twitter:data1\" content=\"1 minute\" \/>\n<script type=\"application\/ld+json\" class=\"yoast-schema-graph\">{\"@context\":\"https:\\\/\\\/schema.org\",\"@graph\":[{\"@type\":\"WebPage\",\"@id\":\"https:\\\/\\\/xmy.ch\\\/de\\\/prodotto\\\/performance-ss-tshirt-mann-aloy-zitrus\\\/\",\"url\":\"https:\\\/\\\/xmy.ch\\\/de\\\/prodotto\\\/performance-ss-tshirt-mann-aloy-zitrus\\\/\",\"name\":\"Performance Shirt Mann Aloy\\\/Zitrus \u2013 Xmy Sagl\",\"isPartOf\":{\"@id\":\"https:\\\/\\\/xmy.ch\\\/de\\\/#website\"},\"primaryImageOfPage\":{\"@id\":\"https:\\\/\\\/xmy.ch\\\/de\\\/prodotto\\\/performance-ss-tshirt-mann-aloy-zitrus\\\/#primaryimage\"},\"image\":{\"@id\":\"https:\\\/\\\/xmy.ch\\\/de\\\/prodotto\\\/performance-ss-tshirt-mann-aloy-zitrus\\\/#primaryimage\"},\"thumbnailUrl\":\"https:\\\/\\\/xmy.ch\\\/wp-content\\\/uploads\\\/2023\\\/10\\\/Alloy.png\",\"datePublished\":\"2023-11-04T15:08:00+00:00\",\"description\":\"Performance Shirt bietet nahtlose Mikrofaser, Bel\u00fcftung und Feuchtigkeitstransport f\u00fcr Training und Rennen. Jetzt Komfort, Leichtigkeit und Performance entdecken.\",\"breadcrumb\":{\"@id\":\"https:\\\/\\\/xmy.ch\\\/de\\\/prodotto\\\/performance-ss-tshirt-mann-aloy-zitrus\\\/#breadcrumb\"},\"inLanguage\":\"de-DE\",\"potentialAction\":[{\"@type\":\"ReadAction\",\"target\":[\"https:\\\/\\\/xmy.ch\\\/de\\\/prodotto\\\/performance-ss-tshirt-mann-aloy-zitrus\\\/\"]}]},{\"@type\":\"ImageObject\",\"inLanguage\":\"de-DE\",\"@id\":\"https:\\\/\\\/xmy.ch\\\/de\\\/prodotto\\\/performance-ss-tshirt-mann-aloy-zitrus\\\/#primaryimage\",\"url\":\"https:\\\/\\\/xmy.ch\\\/wp-content\\\/uploads\\\/2023\\\/10\\\/Alloy.png\",\"contentUrl\":\"https:\\\/\\\/xmy.ch\\\/wp-content\\\/uploads\\\/2023\\\/10\\\/Alloy.png\",\"width\":549,\"height\":712},{\"@type\":\"BreadcrumbList\",\"@id\":\"https:\\\/\\\/xmy.ch\\\/de\\\/prodotto\\\/performance-ss-tshirt-mann-aloy-zitrus\\\/#breadcrumb\",\"itemListElement\":[{\"@type\":\"ListItem\",\"position\":1,\"name\":\"Home\",\"item\":\"https:\\\/\\\/xmy.ch\\\/de\\\/\"},{\"@type\":\"ListItem\",\"position\":2,\"name\":\"Shop\",\"item\":\"https:\\\/\\\/xmy.ch\\\/de\\\/shop-2\\\/\"},{\"@type\":\"ListItem\",\"position\":3,\"name\":\"Performance SS Tshirt Mann Aloy\\\/Zitrus\"}]},{\"@type\":\"WebSite\",\"@id\":\"https:\\\/\\\/xmy.ch\\\/de\\\/#website\",\"url\":\"https:\\\/\\\/xmy.ch\\\/de\\\/\",\"name\":\"Xmy Sagl\",\"description\":\"\",\"publisher\":{\"@id\":\"https:\\\/\\\/xmy.ch\\\/de\\\/#organization\"},\"potentialAction\":[{\"@type\":\"SearchAction\",\"target\":{\"@type\":\"EntryPoint\",\"urlTemplate\":\"https:\\\/\\\/xmy.ch\\\/de\\\/?s={search_term_string}\"},\"query-input\":{\"@type\":\"PropertyValueSpecification\",\"valueRequired\":true,\"valueName\":\"search_term_string\"}}],\"inLanguage\":\"de-DE\"},{\"@type\":\"Organization\",\"@id\":\"https:\\\/\\\/xmy.ch\\\/de\\\/#organization\",\"name\":\"Xmy Sagl\",\"url\":\"https:\\\/\\\/xmy.ch\\\/de\\\/\",\"logo\":{\"@type\":\"ImageObject\",\"inLanguage\":\"de-DE\",\"@id\":\"https:\\\/\\\/xmy.ch\\\/de\\\/#\\\/schema\\\/logo\\\/image\\\/\",\"url\":\"https:\\\/\\\/xmy.ch\\\/wp-content\\\/uploads\\\/2024\\\/02\\\/XMY_UNI_B.webp\",\"contentUrl\":\"https:\\\/\\\/xmy.ch\\\/wp-content\\\/uploads\\\/2024\\\/02\\\/XMY_UNI_B.webp\",\"width\":1459,\"height\":421,\"caption\":\"Xmy Sagl\"},\"image\":{\"@id\":\"https:\\\/\\\/xmy.ch\\\/de\\\/#\\\/schema\\\/logo\\\/image\\\/\"},\"sameAs\":[\"https:\\\/\\\/www.facebook.com\\\/xmy.sagl\",\"https:\\\/\\\/www.instagram.com\\\/xmy.sagl\\\/\"]}]}<\/script>\n<!-- \/ Yoast SEO Premium plugin. -->","yoast_head_json":{"title":"Performance Shirt Mann Aloy\/Zitrus \u2013 Xmy Sagl","description":"Performance Shirt bietet nahtlose Mikrofaser, Bel\u00fcftung und Feuchtigkeitstransport f\u00fcr Training und Rennen. Jetzt Komfort, Leichtigkeit und Performance entdecken.","robots":{"index":"index","follow":"follow","max-snippet":"max-snippet:-1","max-image-preview":"max-image-preview:large","max-video-preview":"max-video-preview:-1"},"canonical":"https:\/\/xmy.ch\/de\/prodotto\/performance-ss-tshirt-mann-aloy-zitrus\/","og_locale":"de_DE","og_type":"article","og_title":"Performance Shirt Mann Aloy\/Zitrus \u2013 Xmy Sagl","og_description":"Jetzt Performance Shirt sichern und dein Training steigern.","og_url":"https:\/\/xmy.ch\/de\/prodotto\/performance-ss-tshirt-mann-aloy-zitrus\/","og_site_name":"Xmy Sagl","article_publisher":"https:\/\/www.facebook.com\/xmy.sagl","og_image":[{"width":549,"height":712,"url":"https:\/\/xmy.ch\/wp-content\/uploads\/2023\/10\/Alloy.png","type":"image\/png"}],"twitter_card":"summary_large_image","twitter_title":"Herren Performance Shirt Aloy\/Zitrus \u2013 Xmy Sagl","twitter_description":"Erlebe Bel\u00fcftung und Leichtigkeit beim Training \u2013 jetzt bestellen.","twitter_misc":{"Gesch\u00e4tzte Lesezeit":"1 minute"},"schema":{"@context":"https:\/\/schema.org","@graph":[{"@type":"WebPage","@id":"https:\/\/xmy.ch\/de\/prodotto\/performance-ss-tshirt-mann-aloy-zitrus\/","url":"https:\/\/xmy.ch\/de\/prodotto\/performance-ss-tshirt-mann-aloy-zitrus\/","name":"Performance Shirt Mann Aloy\/Zitrus \u2013 Xmy Sagl","isPartOf":{"@id":"https:\/\/xmy.ch\/de\/#website"},"primaryImageOfPage":{"@id":"https:\/\/xmy.ch\/de\/prodotto\/performance-ss-tshirt-mann-aloy-zitrus\/#primaryimage"},"image":{"@id":"https:\/\/xmy.ch\/de\/prodotto\/performance-ss-tshirt-mann-aloy-zitrus\/#primaryimage"},"thumbnailUrl":"https:\/\/xmy.ch\/wp-content\/uploads\/2023\/10\/Alloy.png","datePublished":"2023-11-04T15:08:00+00:00","description":"Performance Shirt bietet nahtlose Mikrofaser, Bel\u00fcftung und Feuchtigkeitstransport f\u00fcr Training und Rennen. Jetzt Komfort, Leichtigkeit und Performance entdecken.","breadcrumb":{"@id":"https:\/\/xmy.ch\/de\/prodotto\/performance-ss-tshirt-mann-aloy-zitrus\/#breadcrumb"},"inLanguage":"de-DE","potentialAction":[{"@type":"ReadAction","target":["https:\/\/xmy.ch\/de\/prodotto\/performance-ss-tshirt-mann-aloy-zitrus\/"]}]},{"@type":"ImageObject","inLanguage":"de-DE","@id":"https:\/\/xmy.ch\/de\/prodotto\/performance-ss-tshirt-mann-aloy-zitrus\/#primaryimage","url":"https:\/\/xmy.ch\/wp-content\/uploads\/2023\/10\/Alloy.png","contentUrl":"https:\/\/xmy.ch\/wp-content\/uploads\/2023\/10\/Alloy.png","width":549,"height":712},{"@type":"BreadcrumbList","@id":"https:\/\/xmy.ch\/de\/prodotto\/performance-ss-tshirt-mann-aloy-zitrus\/#breadcrumb","itemListElement":[{"@type":"ListItem","position":1,"name":"Home","item":"https:\/\/xmy.ch\/de\/"},{"@type":"ListItem","position":2,"name":"Shop","item":"https:\/\/xmy.ch\/de\/shop-2\/"},{"@type":"ListItem","position":3,"name":"Performance SS Tshirt Mann Aloy\/Zitrus"}]},{"@type":"WebSite","@id":"https:\/\/xmy.ch\/de\/#website","url":"https:\/\/xmy.ch\/de\/","name":"Xmy Sagl","description":"","publisher":{"@id":"https:\/\/xmy.ch\/de\/#organization"},"potentialAction":[{"@type":"SearchAction","target":{"@type":"EntryPoint","urlTemplate":"https:\/\/xmy.ch\/de\/?s={search_term_string}"},"query-input":{"@type":"PropertyValueSpecification","valueRequired":true,"valueName":"search_term_string"}}],"inLanguage":"de-DE"},{"@type":"Organization","@id":"https:\/\/xmy.ch\/de\/#organization","name":"Xmy Sagl","url":"https:\/\/xmy.ch\/de\/","logo":{"@type":"ImageObject","inLanguage":"de-DE","@id":"https:\/\/xmy.ch\/de\/#\/schema\/logo\/image\/","url":"https:\/\/xmy.ch\/wp-content\/uploads\/2024\/02\/XMY_UNI_B.webp","contentUrl":"https:\/\/xmy.ch\/wp-content\/uploads\/2024\/02\/XMY_UNI_B.webp","width":1459,"height":421,"caption":"Xmy Sagl"},"image":{"@id":"https:\/\/xmy.ch\/de\/#\/schema\/logo\/image\/"},"sameAs":["https:\/\/www.facebook.com\/xmy.sagl","https:\/\/www.instagram.com\/xmy.sagl\/"]}]}},"_links":{"self":[{"href":"https:\/\/xmy.ch\/de\/wp-json\/wp\/v2\/product\/6202","targetHints":{"allow":["GET"]}}],"collection":[{"href":"https:\/\/xmy.ch\/de\/wp-json\/wp\/v2\/product"}],"about":[{"href":"https:\/\/xmy.ch\/de\/wp-json\/wp\/v2\/types\/product"}],"replies":[{"embeddable":true,"href":"https:\/\/xmy.ch\/de\/wp-json\/wp\/v2\/comments?post=6202"}],"wp:featuredmedia":[{"embeddable":true,"href":"https:\/\/xmy.ch\/de\/wp-json\/wp\/v2\/media\/3777"}],"wp:attachment":[{"href":"https:\/\/xmy.ch\/de\/wp-json\/wp\/v2\/media?parent=6202"}],"wp:term":[{"taxonomy":"product_brand","embeddable":true,"href":"https:\/\/xmy.ch\/de\/wp-json\/wp\/v2\/product_brand?post=6202"},{"taxonomy":"product_cat","embeddable":true,"href":"https:\/\/xmy.ch\/de\/wp-json\/wp\/v2\/product_cat?post=6202"},{"taxonomy":"product_tag","embeddable":true,"href":"https:\/\/xmy.ch\/de\/wp-json\/wp\/v2\/product_tag?post=6202"}],"curies":[{"name":"wp","href":"https:\/\/api.w.org\/{rel}","templated":true}]}}