{"id":6021,"date":"2023-11-04T15:13:54","date_gmt":"2023-11-04T14:13:54","guid":{"rendered":"https:\/\/xmy.ch\/prodotto\/no-show-socken-weiss\/"},"modified":"2023-11-04T15:13:54","modified_gmt":"2023-11-04T14:13:54","slug":"no-show-socken-weiss","status":"publish","type":"product","link":"https:\/\/xmy.ch\/de\/prodotto\/no-show-socken-weiss\/","title":{"rendered":"No Show Socken Wei\u00df"},"content":{"rendered":"<p>Ergonomische, unsichtbare Socke f\u00fcr optimale Thermoregulation und Stil.<\/p>\n<p>Wir stellen die brandneuen No Show-Socken vor. Diese unsichtbaren Socken sind f\u00fcr den Alltag geeignet und mit ihrer leistungsstarken Technologie die optimale Wahl f\u00fcr einen ruhigen Spaziergang in der Stadt, wenn die Sommerstimmung auf dem H\u00f6hepunkt ist. Unsere 3D-Dot-Technologie aktiviert die Mikrozirkulation an der Fu\u00dfsohle und sorgt f\u00fcr au\u00dfergew\u00f6hnliche Leichtigkeit w\u00e4hrend des Tages. Unser klassisches, bel\u00fcftetes Gewebe leitet Schwei\u00df und Feuchtigkeit schnell ab und eliminiert gleichzeitig Ger\u00fcche. Das ergonomische Design sorgt f\u00fcr optimalen Komfort, bleibt aber im Inneren des Schuhs verborgen, so dass Sie ihn problemlos mit Ihrer Lieblings-Sommerkleidung kombinieren k\u00f6nnen. Sie sch\u00fctzt die Zehen, w\u00e4hrend der schmale Bogen ein Verdrehen des Materials verhindert und l\u00e4stigen Blasen vorbeugt. Mit dieser knallgr\u00fcnen Sonderedition sind Sie in diesem Sommer bereit, Ihre Moves zu zeigen: keine Socken in Sicht.<\/p>\n<p>98% Polyamid, 2% Elasthan<\/p>\n<p><img decoding=\"async\" class=\"w-50 my-2\" src=\"https:\/\/www.compressport.com\/ch\/img\/prods_entretien.png\"><\/p>\n","protected":false},"excerpt":{"rendered":"<p>Ergonomische, unsichtbare Socke f\u00fcr optimale Thermoregulation und Stil.<\/p>\n","protected":false},"featured_media":3638,"comment_status":"open","ping_status":"closed","template":"","meta":[],"product_brand":[],"product_cat":[290],"product_tag":[271,272],"class_list":{"0":"post-6021","1":"product","2":"type-product","3":"status-publish","4":"has-post-thumbnail","6":"product_cat-socken","7":"product_tag-frau","8":"product_tag-mann","10":"first","11":"instock","12":"taxable","13":"shipping-taxable","14":"purchasable","15":"product-type-variable"},"yoast_head":"<!-- This site is optimized with the Yoast SEO Premium plugin v27.5 (Yoast SEO v27.5) - https:\/\/yoast.com\/product\/yoast-seo-premium-wordpress\/ -->\n<title>No Show Socken Wei\u00df \u2013 Unsichtbare Sommersocken mit Stil<\/title>\n<meta name=\"description\" content=\"No Show Socken Wei\u00df bieten unsichtbaren Komfort, verbessern die Mikrozirkulation durch 3D-Dot-Technologie, leiten Feuchtigkeit ab und verhindern Ger\u00fcche. Jetzt stilvoll unterwegs.\" \/>\n<meta name=\"robots\" content=\"index, follow, max-snippet:-1, max-image-preview:large, max-video-preview:-1\" \/>\n<link rel=\"canonical\" href=\"https:\/\/xmy.ch\/de\/prodotto\/no-show-socken-weiss\/\" \/>\n<meta property=\"og:locale\" content=\"de_DE\" \/>\n<meta property=\"og:type\" content=\"article\" \/>\n<meta property=\"og:title\" content=\"No Show Socken Wei\u00df \u2013 Unsichtbare Sommersocken mit Stil\" \/>\n<meta property=\"og:description\" content=\"Erlebe Unsichtbarkeit und Komfort \u2013 jetzt No Show Socken Wei\u00df entdecken\" \/>\n<meta property=\"og:url\" content=\"https:\/\/xmy.ch\/de\/prodotto\/no-show-socken-weiss\/\" \/>\n<meta property=\"og:site_name\" content=\"Xmy Sagl\" \/>\n<meta property=\"article:publisher\" content=\"https:\/\/www.facebook.com\/xmy.sagl\" \/>\n<meta property=\"og:image\" content=\"https:\/\/xmy.ch\/wp-content\/uploads\/2023\/10\/no-show-socks-white-blue.webp\" \/>\n\t<meta property=\"og:image:width\" content=\"549\" \/>\n\t<meta property=\"og:image:height\" content=\"712\" \/>\n\t<meta property=\"og:image:type\" content=\"image\/webp\" \/>\n<meta name=\"twitter:card\" content=\"summary_large_image\" \/>\n<meta name=\"twitter:title\" content=\"No Show Socken Wei\u00df \u2013 Unsichtbare Sommersocken\" \/>\n<meta name=\"twitter:description\" content=\"Entdecke nahtlosen Komfort mit No Show Socken Wei\u00df. Jetzt shoppen\" \/>\n<meta name=\"twitter:label1\" content=\"Gesch\u00e4tzte Lesezeit\" \/>\n\t<meta name=\"twitter:data1\" content=\"1 minute\" \/>\n<script type=\"application\/ld+json\" class=\"yoast-schema-graph\">{\"@context\":\"https:\\\/\\\/schema.org\",\"@graph\":[{\"@type\":\"WebPage\",\"@id\":\"https:\\\/\\\/xmy.ch\\\/de\\\/prodotto\\\/no-show-socken-weiss\\\/\",\"url\":\"https:\\\/\\\/xmy.ch\\\/de\\\/prodotto\\\/no-show-socken-weiss\\\/\",\"name\":\"No Show Socken Wei\u00df \u2013 Unsichtbare Sommersocken mit Stil\",\"isPartOf\":{\"@id\":\"https:\\\/\\\/xmy.ch\\\/de\\\/#website\"},\"primaryImageOfPage\":{\"@id\":\"https:\\\/\\\/xmy.ch\\\/de\\\/prodotto\\\/no-show-socken-weiss\\\/#primaryimage\"},\"image\":{\"@id\":\"https:\\\/\\\/xmy.ch\\\/de\\\/prodotto\\\/no-show-socken-weiss\\\/#primaryimage\"},\"thumbnailUrl\":\"https:\\\/\\\/xmy.ch\\\/wp-content\\\/uploads\\\/2023\\\/10\\\/no-show-socks-white-blue.webp\",\"datePublished\":\"2023-11-04T14:13:54+00:00\",\"description\":\"No Show Socken Wei\u00df bieten unsichtbaren Komfort, verbessern die Mikrozirkulation durch 3D-Dot-Technologie, leiten Feuchtigkeit ab und verhindern Ger\u00fcche. Jetzt stilvoll unterwegs.\",\"breadcrumb\":{\"@id\":\"https:\\\/\\\/xmy.ch\\\/de\\\/prodotto\\\/no-show-socken-weiss\\\/#breadcrumb\"},\"inLanguage\":\"de-DE\",\"potentialAction\":[{\"@type\":\"ReadAction\",\"target\":[\"https:\\\/\\\/xmy.ch\\\/de\\\/prodotto\\\/no-show-socken-weiss\\\/\"]}]},{\"@type\":\"ImageObject\",\"inLanguage\":\"de-DE\",\"@id\":\"https:\\\/\\\/xmy.ch\\\/de\\\/prodotto\\\/no-show-socken-weiss\\\/#primaryimage\",\"url\":\"https:\\\/\\\/xmy.ch\\\/wp-content\\\/uploads\\\/2023\\\/10\\\/no-show-socks-white-blue.webp\",\"contentUrl\":\"https:\\\/\\\/xmy.ch\\\/wp-content\\\/uploads\\\/2023\\\/10\\\/no-show-socks-white-blue.webp\",\"width\":549,\"height\":712},{\"@type\":\"BreadcrumbList\",\"@id\":\"https:\\\/\\\/xmy.ch\\\/de\\\/prodotto\\\/no-show-socken-weiss\\\/#breadcrumb\",\"itemListElement\":[{\"@type\":\"ListItem\",\"position\":1,\"name\":\"Home\",\"item\":\"https:\\\/\\\/xmy.ch\\\/de\\\/\"},{\"@type\":\"ListItem\",\"position\":2,\"name\":\"Shop\",\"item\":\"https:\\\/\\\/xmy.ch\\\/de\\\/shop-2\\\/\"},{\"@type\":\"ListItem\",\"position\":3,\"name\":\"No Show Socken Wei\u00df\"}]},{\"@type\":\"WebSite\",\"@id\":\"https:\\\/\\\/xmy.ch\\\/de\\\/#website\",\"url\":\"https:\\\/\\\/xmy.ch\\\/de\\\/\",\"name\":\"Xmy Sagl\",\"description\":\"\",\"publisher\":{\"@id\":\"https:\\\/\\\/xmy.ch\\\/de\\\/#organization\"},\"potentialAction\":[{\"@type\":\"SearchAction\",\"target\":{\"@type\":\"EntryPoint\",\"urlTemplate\":\"https:\\\/\\\/xmy.ch\\\/de\\\/?s={search_term_string}\"},\"query-input\":{\"@type\":\"PropertyValueSpecification\",\"valueRequired\":true,\"valueName\":\"search_term_string\"}}],\"inLanguage\":\"de-DE\"},{\"@type\":\"Organization\",\"@id\":\"https:\\\/\\\/xmy.ch\\\/de\\\/#organization\",\"name\":\"Xmy Sagl\",\"url\":\"https:\\\/\\\/xmy.ch\\\/de\\\/\",\"logo\":{\"@type\":\"ImageObject\",\"inLanguage\":\"de-DE\",\"@id\":\"https:\\\/\\\/xmy.ch\\\/de\\\/#\\\/schema\\\/logo\\\/image\\\/\",\"url\":\"https:\\\/\\\/xmy.ch\\\/wp-content\\\/uploads\\\/2024\\\/02\\\/XMY_UNI_B.webp\",\"contentUrl\":\"https:\\\/\\\/xmy.ch\\\/wp-content\\\/uploads\\\/2024\\\/02\\\/XMY_UNI_B.webp\",\"width\":1459,\"height\":421,\"caption\":\"Xmy Sagl\"},\"image\":{\"@id\":\"https:\\\/\\\/xmy.ch\\\/de\\\/#\\\/schema\\\/logo\\\/image\\\/\"},\"sameAs\":[\"https:\\\/\\\/www.facebook.com\\\/xmy.sagl\",\"https:\\\/\\\/www.instagram.com\\\/xmy.sagl\\\/\"]}]}<\/script>\n<!-- \/ Yoast SEO Premium plugin. -->","yoast_head_json":{"title":"No Show Socken Wei\u00df \u2013 Unsichtbare Sommersocken mit Stil","description":"No Show Socken Wei\u00df bieten unsichtbaren Komfort, verbessern die Mikrozirkulation durch 3D-Dot-Technologie, leiten Feuchtigkeit ab und verhindern Ger\u00fcche. Jetzt stilvoll unterwegs.","robots":{"index":"index","follow":"follow","max-snippet":"max-snippet:-1","max-image-preview":"max-image-preview:large","max-video-preview":"max-video-preview:-1"},"canonical":"https:\/\/xmy.ch\/de\/prodotto\/no-show-socken-weiss\/","og_locale":"de_DE","og_type":"article","og_title":"No Show Socken Wei\u00df \u2013 Unsichtbare Sommersocken mit Stil","og_description":"Erlebe Unsichtbarkeit und Komfort \u2013 jetzt No Show Socken Wei\u00df entdecken","og_url":"https:\/\/xmy.ch\/de\/prodotto\/no-show-socken-weiss\/","og_site_name":"Xmy Sagl","article_publisher":"https:\/\/www.facebook.com\/xmy.sagl","og_image":[{"width":549,"height":712,"url":"https:\/\/xmy.ch\/wp-content\/uploads\/2023\/10\/no-show-socks-white-blue.webp","type":"image\/webp"}],"twitter_card":"summary_large_image","twitter_title":"No Show Socken Wei\u00df \u2013 Unsichtbare Sommersocken","twitter_description":"Entdecke nahtlosen Komfort mit No Show Socken Wei\u00df. Jetzt shoppen","twitter_misc":{"Gesch\u00e4tzte Lesezeit":"1 minute"},"schema":{"@context":"https:\/\/schema.org","@graph":[{"@type":"WebPage","@id":"https:\/\/xmy.ch\/de\/prodotto\/no-show-socken-weiss\/","url":"https:\/\/xmy.ch\/de\/prodotto\/no-show-socken-weiss\/","name":"No Show Socken Wei\u00df \u2013 Unsichtbare Sommersocken mit Stil","isPartOf":{"@id":"https:\/\/xmy.ch\/de\/#website"},"primaryImageOfPage":{"@id":"https:\/\/xmy.ch\/de\/prodotto\/no-show-socken-weiss\/#primaryimage"},"image":{"@id":"https:\/\/xmy.ch\/de\/prodotto\/no-show-socken-weiss\/#primaryimage"},"thumbnailUrl":"https:\/\/xmy.ch\/wp-content\/uploads\/2023\/10\/no-show-socks-white-blue.webp","datePublished":"2023-11-04T14:13:54+00:00","description":"No Show Socken Wei\u00df bieten unsichtbaren Komfort, verbessern die Mikrozirkulation durch 3D-Dot-Technologie, leiten Feuchtigkeit ab und verhindern Ger\u00fcche. Jetzt stilvoll unterwegs.","breadcrumb":{"@id":"https:\/\/xmy.ch\/de\/prodotto\/no-show-socken-weiss\/#breadcrumb"},"inLanguage":"de-DE","potentialAction":[{"@type":"ReadAction","target":["https:\/\/xmy.ch\/de\/prodotto\/no-show-socken-weiss\/"]}]},{"@type":"ImageObject","inLanguage":"de-DE","@id":"https:\/\/xmy.ch\/de\/prodotto\/no-show-socken-weiss\/#primaryimage","url":"https:\/\/xmy.ch\/wp-content\/uploads\/2023\/10\/no-show-socks-white-blue.webp","contentUrl":"https:\/\/xmy.ch\/wp-content\/uploads\/2023\/10\/no-show-socks-white-blue.webp","width":549,"height":712},{"@type":"BreadcrumbList","@id":"https:\/\/xmy.ch\/de\/prodotto\/no-show-socken-weiss\/#breadcrumb","itemListElement":[{"@type":"ListItem","position":1,"name":"Home","item":"https:\/\/xmy.ch\/de\/"},{"@type":"ListItem","position":2,"name":"Shop","item":"https:\/\/xmy.ch\/de\/shop-2\/"},{"@type":"ListItem","position":3,"name":"No Show Socken Wei\u00df"}]},{"@type":"WebSite","@id":"https:\/\/xmy.ch\/de\/#website","url":"https:\/\/xmy.ch\/de\/","name":"Xmy Sagl","description":"","publisher":{"@id":"https:\/\/xmy.ch\/de\/#organization"},"potentialAction":[{"@type":"SearchAction","target":{"@type":"EntryPoint","urlTemplate":"https:\/\/xmy.ch\/de\/?s={search_term_string}"},"query-input":{"@type":"PropertyValueSpecification","valueRequired":true,"valueName":"search_term_string"}}],"inLanguage":"de-DE"},{"@type":"Organization","@id":"https:\/\/xmy.ch\/de\/#organization","name":"Xmy Sagl","url":"https:\/\/xmy.ch\/de\/","logo":{"@type":"ImageObject","inLanguage":"de-DE","@id":"https:\/\/xmy.ch\/de\/#\/schema\/logo\/image\/","url":"https:\/\/xmy.ch\/wp-content\/uploads\/2024\/02\/XMY_UNI_B.webp","contentUrl":"https:\/\/xmy.ch\/wp-content\/uploads\/2024\/02\/XMY_UNI_B.webp","width":1459,"height":421,"caption":"Xmy Sagl"},"image":{"@id":"https:\/\/xmy.ch\/de\/#\/schema\/logo\/image\/"},"sameAs":["https:\/\/www.facebook.com\/xmy.sagl","https:\/\/www.instagram.com\/xmy.sagl\/"]}]}},"_links":{"self":[{"href":"https:\/\/xmy.ch\/de\/wp-json\/wp\/v2\/product\/6021","targetHints":{"allow":["GET"]}}],"collection":[{"href":"https:\/\/xmy.ch\/de\/wp-json\/wp\/v2\/product"}],"about":[{"href":"https:\/\/xmy.ch\/de\/wp-json\/wp\/v2\/types\/product"}],"replies":[{"embeddable":true,"href":"https:\/\/xmy.ch\/de\/wp-json\/wp\/v2\/comments?post=6021"}],"wp:featuredmedia":[{"embeddable":true,"href":"https:\/\/xmy.ch\/de\/wp-json\/wp\/v2\/media\/3638"}],"wp:attachment":[{"href":"https:\/\/xmy.ch\/de\/wp-json\/wp\/v2\/media?parent=6021"}],"wp:term":[{"taxonomy":"product_brand","embeddable":true,"href":"https:\/\/xmy.ch\/de\/wp-json\/wp\/v2\/product_brand?post=6021"},{"taxonomy":"product_cat","embeddable":true,"href":"https:\/\/xmy.ch\/de\/wp-json\/wp\/v2\/product_cat?post=6021"},{"taxonomy":"product_tag","embeddable":true,"href":"https:\/\/xmy.ch\/de\/wp-json\/wp\/v2\/product_tag?post=6021"}],"curies":[{"name":"wp","href":"https:\/\/api.w.org\/{rel}","templated":true}]}}