{"id":5995,"date":"2023-11-04T14:37:00","date_gmt":"2023-11-04T13:37:00","guid":{"rendered":"https:\/\/xmy.ch\/prodotto\/winter-trail-postural-ls-top-magnet-hawaiianischer-ozean\/"},"modified":"2023-11-04T14:37:00","modified_gmt":"2023-11-04T13:37:00","slug":"winter-trail-postural-ls-top-magnet-hawaiianischer-ozean","status":"publish","type":"product","link":"https:\/\/xmy.ch\/de\/prodotto\/winter-trail-postural-ls-top-magnet-hawaiianischer-ozean\/","title":{"rendered":"Winter Trail Postural LS Top Magnet\/Hawaiianischer Ozean"},"content":{"rendered":"<p>Atmungsaktives, lang\u00e4rmeliges Trailrunning-Trikot mit geschlechts- und k\u00f6rperspezifischer Temperaturregulierung, das bei kalten Bedingungen warm h\u00e4lt.<\/p>\n<p>Manchmal ist eine Schicht genau das Richtige, selbst mitten im Winter. Das neue lang\u00e4rmelige Winter-Trail-Top besteht aus einem leistungsstarken technischen Overlay aus Merinowolle und Polyamid und sorgt daf\u00fcr, dass Sie in den k\u00e4lteren Monaten im Training und im Rennen fit bleiben. Unser Body-Science-Team hat viele Stunden im Labor verbracht, um ein \u00e4u\u00dferst pr\u00e4zises und geschlechtsspezifisches Body Mapping zu entwickeln. Das Ergebnis ist die pr\u00e4ziseste Thermoregulationsqualit\u00e4t, die unsere Marke bisher erreicht hat: In Bereichen, die schnell ausk\u00fchlen und mehr W\u00e4rme ben\u00f6tigen, liegt die weiche Wolle auf der Innenseite an der Haut an, w\u00e4hrend das Au\u00dfenmaterial aus Polyamid besteht. In den weniger empfindlichen Bereichen wird die Schichtung des Materials umgekehrt, um bei der Beschleunigung keine \u00dcberhitzung zu verursachen. Lasergeschnittene Perforationen, Bel\u00fcftungseins\u00e4tze und der 3\/4-Rei\u00dfverschluss sorgen f\u00fcr Atmungsaktivit\u00e4t und Feuchtigkeitsmanagement, w\u00e4hrend das durchdachte \u00c4rmeldesign die Schultern in alle Richtungen frei l\u00e4sst. Der h\u00f6here Kragen sorgt f\u00fcr Komfort und Schutz, ebenso wie die praktischen Daumenschlaufen an den \u00c4rmeln. Und nicht zuletzt hilft unsere Spin Control-Technologie dabei, eine korrekte K\u00f6rperhaltung beizubehalten. Ein asymmetrischer Streifendruck und unser klassisches Rennsportlogo vervollst\u00e4ndigen das Design f\u00fcr hohe Leistungen. Wenn Sie das Trail-Trikot tragen, haben Sie keine Ausrede mehr f\u00fcr den Winter.<\/p>\n<p>69% Polyamid 31% Wolle<\/p>\n<p><img decoding=\"async\" class=\"w-50 my-2\" src=\"https:\/\/www.compressport.com\/ch\/img\/prods_entretien.png\"><\/p>\n","protected":false},"excerpt":{"rendered":"<p>Hightech-Langarm-T-Shirt mit k\u00f6rpereigener Thermoregulierung f\u00fcr optimale Leistung und Komfort bei kalten Bedingungen.<\/p>\n","protected":false},"featured_media":5207,"comment_status":"open","ping_status":"closed","template":"","meta":[],"product_brand":[],"product_cat":[323],"product_tag":[272],"class_list":{"0":"post-5995","1":"product","2":"type-product","3":"status-publish","4":"has-post-thumbnail","6":"product_cat-langarmelige-hemden","7":"product_tag-mann","9":"first","10":"instock","11":"taxable","12":"shipping-taxable","13":"purchasable","14":"product-type-variable"},"yoast_head":"<!-- This site is optimized with the Yoast SEO Premium plugin v27.5 (Yoast SEO v27.5) - https:\/\/yoast.com\/product\/yoast-seo-premium-wordpress\/ -->\n<title>Winter Trail Postural LS Top Magnet Hawaiianischer Ozean<\/title>\n<meta name=\"description\" content=\"Winter Trail Postural LS Top Magnet bietet thermo-regulierende Merinowolle, Bel\u00fcftung und Spin-Control f\u00fcr kalte Bedingungen. Jetzt bequem online entdecken und durchstarten.\" \/>\n<meta name=\"robots\" content=\"index, follow, max-snippet:-1, max-image-preview:large, max-video-preview:-1\" \/>\n<link rel=\"canonical\" href=\"https:\/\/xmy.ch\/de\/prodotto\/winter-trail-postural-ls-top-magnet-hawaiianischer-ozean\/\" \/>\n<meta property=\"og:locale\" content=\"de_DE\" \/>\n<meta property=\"og:type\" content=\"article\" \/>\n<meta property=\"og:title\" content=\"Winter Trail Postural LS Top Magnet Hawaiianischer Ozean\" \/>\n<meta property=\"og:description\" content=\"Leistungsstarkes Winter-Top jetzt entdecken und warm bleiben.\" \/>\n<meta property=\"og:url\" content=\"https:\/\/xmy.ch\/de\/prodotto\/winter-trail-postural-ls-top-magnet-hawaiianischer-ozean\/\" \/>\n<meta property=\"og:site_name\" content=\"Xmy Sagl\" \/>\n<meta property=\"article:publisher\" content=\"https:\/\/www.facebook.com\/xmy.sagl\" \/>\n<meta property=\"og:image\" content=\"https:\/\/xmy.ch\/wp-content\/uploads\/2023\/10\/winter-trail-postural-ls-top-m-magnet-hawaiian-ocean.webp\" \/>\n\t<meta property=\"og:image:width\" content=\"549\" \/>\n\t<meta property=\"og:image:height\" content=\"712\" \/>\n\t<meta property=\"og:image:type\" content=\"image\/webp\" \/>\n<meta name=\"twitter:card\" content=\"summary_large_image\" \/>\n<meta name=\"twitter:title\" content=\"Winter Trail Postural LS Top \u2013 Magnet Hawaiianischer Ozean\" \/>\n<meta name=\"twitter:description\" content=\"Jetzt das hochwertige Winter-Trail-Top sichern und trocken bleiben.\" \/>\n<meta name=\"twitter:label1\" content=\"Gesch\u00e4tzte Lesezeit\" \/>\n\t<meta name=\"twitter:data1\" content=\"1 minute\" \/>\n<script type=\"application\/ld+json\" class=\"yoast-schema-graph\">{\"@context\":\"https:\\\/\\\/schema.org\",\"@graph\":[{\"@type\":\"WebPage\",\"@id\":\"https:\\\/\\\/xmy.ch\\\/de\\\/prodotto\\\/winter-trail-postural-ls-top-magnet-hawaiianischer-ozean\\\/\",\"url\":\"https:\\\/\\\/xmy.ch\\\/de\\\/prodotto\\\/winter-trail-postural-ls-top-magnet-hawaiianischer-ozean\\\/\",\"name\":\"Winter Trail Postural LS Top Magnet Hawaiianischer Ozean\",\"isPartOf\":{\"@id\":\"https:\\\/\\\/xmy.ch\\\/de\\\/#website\"},\"primaryImageOfPage\":{\"@id\":\"https:\\\/\\\/xmy.ch\\\/de\\\/prodotto\\\/winter-trail-postural-ls-top-magnet-hawaiianischer-ozean\\\/#primaryimage\"},\"image\":{\"@id\":\"https:\\\/\\\/xmy.ch\\\/de\\\/prodotto\\\/winter-trail-postural-ls-top-magnet-hawaiianischer-ozean\\\/#primaryimage\"},\"thumbnailUrl\":\"https:\\\/\\\/xmy.ch\\\/wp-content\\\/uploads\\\/2023\\\/10\\\/winter-trail-postural-ls-top-m-magnet-hawaiian-ocean.webp\",\"datePublished\":\"2023-11-04T13:37:00+00:00\",\"description\":\"Winter Trail Postural LS Top Magnet bietet thermo-regulierende Merinowolle, Bel\u00fcftung und Spin-Control f\u00fcr kalte Bedingungen. Jetzt bequem online entdecken und durchstarten.\",\"breadcrumb\":{\"@id\":\"https:\\\/\\\/xmy.ch\\\/de\\\/prodotto\\\/winter-trail-postural-ls-top-magnet-hawaiianischer-ozean\\\/#breadcrumb\"},\"inLanguage\":\"de-DE\",\"potentialAction\":[{\"@type\":\"ReadAction\",\"target\":[\"https:\\\/\\\/xmy.ch\\\/de\\\/prodotto\\\/winter-trail-postural-ls-top-magnet-hawaiianischer-ozean\\\/\"]}]},{\"@type\":\"ImageObject\",\"inLanguage\":\"de-DE\",\"@id\":\"https:\\\/\\\/xmy.ch\\\/de\\\/prodotto\\\/winter-trail-postural-ls-top-magnet-hawaiianischer-ozean\\\/#primaryimage\",\"url\":\"https:\\\/\\\/xmy.ch\\\/wp-content\\\/uploads\\\/2023\\\/10\\\/winter-trail-postural-ls-top-m-magnet-hawaiian-ocean.webp\",\"contentUrl\":\"https:\\\/\\\/xmy.ch\\\/wp-content\\\/uploads\\\/2023\\\/10\\\/winter-trail-postural-ls-top-m-magnet-hawaiian-ocean.webp\",\"width\":549,\"height\":712,\"caption\":\"Maglia da trail running invernale a maniche lunghe con tecnologia termoregolante e traspirante.\"},{\"@type\":\"BreadcrumbList\",\"@id\":\"https:\\\/\\\/xmy.ch\\\/de\\\/prodotto\\\/winter-trail-postural-ls-top-magnet-hawaiianischer-ozean\\\/#breadcrumb\",\"itemListElement\":[{\"@type\":\"ListItem\",\"position\":1,\"name\":\"Home\",\"item\":\"https:\\\/\\\/xmy.ch\\\/de\\\/\"},{\"@type\":\"ListItem\",\"position\":2,\"name\":\"Shop\",\"item\":\"https:\\\/\\\/xmy.ch\\\/de\\\/shop-2\\\/\"},{\"@type\":\"ListItem\",\"position\":3,\"name\":\"Winter Trail Postural LS Top Magnet\\\/Hawaiianischer Ozean\"}]},{\"@type\":\"WebSite\",\"@id\":\"https:\\\/\\\/xmy.ch\\\/de\\\/#website\",\"url\":\"https:\\\/\\\/xmy.ch\\\/de\\\/\",\"name\":\"Xmy Sagl\",\"description\":\"\",\"publisher\":{\"@id\":\"https:\\\/\\\/xmy.ch\\\/de\\\/#organization\"},\"potentialAction\":[{\"@type\":\"SearchAction\",\"target\":{\"@type\":\"EntryPoint\",\"urlTemplate\":\"https:\\\/\\\/xmy.ch\\\/de\\\/?s={search_term_string}\"},\"query-input\":{\"@type\":\"PropertyValueSpecification\",\"valueRequired\":true,\"valueName\":\"search_term_string\"}}],\"inLanguage\":\"de-DE\"},{\"@type\":\"Organization\",\"@id\":\"https:\\\/\\\/xmy.ch\\\/de\\\/#organization\",\"name\":\"Xmy Sagl\",\"url\":\"https:\\\/\\\/xmy.ch\\\/de\\\/\",\"logo\":{\"@type\":\"ImageObject\",\"inLanguage\":\"de-DE\",\"@id\":\"https:\\\/\\\/xmy.ch\\\/de\\\/#\\\/schema\\\/logo\\\/image\\\/\",\"url\":\"https:\\\/\\\/xmy.ch\\\/wp-content\\\/uploads\\\/2024\\\/02\\\/XMY_UNI_B.webp\",\"contentUrl\":\"https:\\\/\\\/xmy.ch\\\/wp-content\\\/uploads\\\/2024\\\/02\\\/XMY_UNI_B.webp\",\"width\":1459,\"height\":421,\"caption\":\"Xmy Sagl\"},\"image\":{\"@id\":\"https:\\\/\\\/xmy.ch\\\/de\\\/#\\\/schema\\\/logo\\\/image\\\/\"},\"sameAs\":[\"https:\\\/\\\/www.facebook.com\\\/xmy.sagl\",\"https:\\\/\\\/www.instagram.com\\\/xmy.sagl\\\/\"]}]}<\/script>\n<!-- \/ Yoast SEO Premium plugin. -->","yoast_head_json":{"title":"Winter Trail Postural LS Top Magnet Hawaiianischer Ozean","description":"Winter Trail Postural LS Top Magnet bietet thermo-regulierende Merinowolle, Bel\u00fcftung und Spin-Control f\u00fcr kalte Bedingungen. Jetzt bequem online entdecken und durchstarten.","robots":{"index":"index","follow":"follow","max-snippet":"max-snippet:-1","max-image-preview":"max-image-preview:large","max-video-preview":"max-video-preview:-1"},"canonical":"https:\/\/xmy.ch\/de\/prodotto\/winter-trail-postural-ls-top-magnet-hawaiianischer-ozean\/","og_locale":"de_DE","og_type":"article","og_title":"Winter Trail Postural LS Top Magnet Hawaiianischer Ozean","og_description":"Leistungsstarkes Winter-Top jetzt entdecken und warm bleiben.","og_url":"https:\/\/xmy.ch\/de\/prodotto\/winter-trail-postural-ls-top-magnet-hawaiianischer-ozean\/","og_site_name":"Xmy Sagl","article_publisher":"https:\/\/www.facebook.com\/xmy.sagl","og_image":[{"width":549,"height":712,"url":"https:\/\/xmy.ch\/wp-content\/uploads\/2023\/10\/winter-trail-postural-ls-top-m-magnet-hawaiian-ocean.webp","type":"image\/webp"}],"twitter_card":"summary_large_image","twitter_title":"Winter Trail Postural LS Top \u2013 Magnet Hawaiianischer Ozean","twitter_description":"Jetzt das hochwertige Winter-Trail-Top sichern und trocken bleiben.","twitter_misc":{"Gesch\u00e4tzte Lesezeit":"1 minute"},"schema":{"@context":"https:\/\/schema.org","@graph":[{"@type":"WebPage","@id":"https:\/\/xmy.ch\/de\/prodotto\/winter-trail-postural-ls-top-magnet-hawaiianischer-ozean\/","url":"https:\/\/xmy.ch\/de\/prodotto\/winter-trail-postural-ls-top-magnet-hawaiianischer-ozean\/","name":"Winter Trail Postural LS Top Magnet Hawaiianischer Ozean","isPartOf":{"@id":"https:\/\/xmy.ch\/de\/#website"},"primaryImageOfPage":{"@id":"https:\/\/xmy.ch\/de\/prodotto\/winter-trail-postural-ls-top-magnet-hawaiianischer-ozean\/#primaryimage"},"image":{"@id":"https:\/\/xmy.ch\/de\/prodotto\/winter-trail-postural-ls-top-magnet-hawaiianischer-ozean\/#primaryimage"},"thumbnailUrl":"https:\/\/xmy.ch\/wp-content\/uploads\/2023\/10\/winter-trail-postural-ls-top-m-magnet-hawaiian-ocean.webp","datePublished":"2023-11-04T13:37:00+00:00","description":"Winter Trail Postural LS Top Magnet bietet thermo-regulierende Merinowolle, Bel\u00fcftung und Spin-Control f\u00fcr kalte Bedingungen. Jetzt bequem online entdecken und durchstarten.","breadcrumb":{"@id":"https:\/\/xmy.ch\/de\/prodotto\/winter-trail-postural-ls-top-magnet-hawaiianischer-ozean\/#breadcrumb"},"inLanguage":"de-DE","potentialAction":[{"@type":"ReadAction","target":["https:\/\/xmy.ch\/de\/prodotto\/winter-trail-postural-ls-top-magnet-hawaiianischer-ozean\/"]}]},{"@type":"ImageObject","inLanguage":"de-DE","@id":"https:\/\/xmy.ch\/de\/prodotto\/winter-trail-postural-ls-top-magnet-hawaiianischer-ozean\/#primaryimage","url":"https:\/\/xmy.ch\/wp-content\/uploads\/2023\/10\/winter-trail-postural-ls-top-m-magnet-hawaiian-ocean.webp","contentUrl":"https:\/\/xmy.ch\/wp-content\/uploads\/2023\/10\/winter-trail-postural-ls-top-m-magnet-hawaiian-ocean.webp","width":549,"height":712,"caption":"Maglia da trail running invernale a maniche lunghe con tecnologia termoregolante e traspirante."},{"@type":"BreadcrumbList","@id":"https:\/\/xmy.ch\/de\/prodotto\/winter-trail-postural-ls-top-magnet-hawaiianischer-ozean\/#breadcrumb","itemListElement":[{"@type":"ListItem","position":1,"name":"Home","item":"https:\/\/xmy.ch\/de\/"},{"@type":"ListItem","position":2,"name":"Shop","item":"https:\/\/xmy.ch\/de\/shop-2\/"},{"@type":"ListItem","position":3,"name":"Winter Trail Postural LS Top Magnet\/Hawaiianischer Ozean"}]},{"@type":"WebSite","@id":"https:\/\/xmy.ch\/de\/#website","url":"https:\/\/xmy.ch\/de\/","name":"Xmy Sagl","description":"","publisher":{"@id":"https:\/\/xmy.ch\/de\/#organization"},"potentialAction":[{"@type":"SearchAction","target":{"@type":"EntryPoint","urlTemplate":"https:\/\/xmy.ch\/de\/?s={search_term_string}"},"query-input":{"@type":"PropertyValueSpecification","valueRequired":true,"valueName":"search_term_string"}}],"inLanguage":"de-DE"},{"@type":"Organization","@id":"https:\/\/xmy.ch\/de\/#organization","name":"Xmy Sagl","url":"https:\/\/xmy.ch\/de\/","logo":{"@type":"ImageObject","inLanguage":"de-DE","@id":"https:\/\/xmy.ch\/de\/#\/schema\/logo\/image\/","url":"https:\/\/xmy.ch\/wp-content\/uploads\/2024\/02\/XMY_UNI_B.webp","contentUrl":"https:\/\/xmy.ch\/wp-content\/uploads\/2024\/02\/XMY_UNI_B.webp","width":1459,"height":421,"caption":"Xmy Sagl"},"image":{"@id":"https:\/\/xmy.ch\/de\/#\/schema\/logo\/image\/"},"sameAs":["https:\/\/www.facebook.com\/xmy.sagl","https:\/\/www.instagram.com\/xmy.sagl\/"]}]}},"_links":{"self":[{"href":"https:\/\/xmy.ch\/de\/wp-json\/wp\/v2\/product\/5995","targetHints":{"allow":["GET"]}}],"collection":[{"href":"https:\/\/xmy.ch\/de\/wp-json\/wp\/v2\/product"}],"about":[{"href":"https:\/\/xmy.ch\/de\/wp-json\/wp\/v2\/types\/product"}],"replies":[{"embeddable":true,"href":"https:\/\/xmy.ch\/de\/wp-json\/wp\/v2\/comments?post=5995"}],"wp:featuredmedia":[{"embeddable":true,"href":"https:\/\/xmy.ch\/de\/wp-json\/wp\/v2\/media\/5207"}],"wp:attachment":[{"href":"https:\/\/xmy.ch\/de\/wp-json\/wp\/v2\/media?parent=5995"}],"wp:term":[{"taxonomy":"product_brand","embeddable":true,"href":"https:\/\/xmy.ch\/de\/wp-json\/wp\/v2\/product_brand?post=5995"},{"taxonomy":"product_cat","embeddable":true,"href":"https:\/\/xmy.ch\/de\/wp-json\/wp\/v2\/product_cat?post=5995"},{"taxonomy":"product_tag","embeddable":true,"href":"https:\/\/xmy.ch\/de\/wp-json\/wp\/v2\/product_tag?post=5995"}],"curies":[{"name":"wp","href":"https:\/\/api.w.org\/{rel}","templated":true}]}}