{"id":5966,"date":"2023-11-04T14:11:09","date_gmt":"2023-11-04T13:11:09","guid":{"rendered":"https:\/\/xmy.ch\/prodotto\/3d-thermo-seamless-ultralight-steuerrohr-schwarz\/"},"modified":"2023-11-04T14:11:09","modified_gmt":"2023-11-04T13:11:09","slug":"3d-thermo-seamless-ultralight-steuerrohr-schwarz","status":"publish","type":"product","link":"https:\/\/xmy.ch\/de\/prodotto\/3d-thermo-seamless-ultralight-steuerrohr-schwarz\/","title":{"rendered":"3D Thermo Seamless Ultralight Steuerrohr Schwarz"},"content":{"rendered":"<p>3D Thermo Ultralight Ultralight Headtube aus nahtloser schwarzer Mikrofaser, extrem weich und vielseitig f\u00fcr optimalen Wetterschutz in jeder Disziplin.<br \/>\nEs gibt Dinge, die man einmal im Jahr braucht, und andere, die man \u00fcberall in seinem Koffer findet. Das ultraleichte, nahtlose 3D-Thermo-Crewneck in Schwarz ist ein scheinbar einfaches St\u00fcck Stoff, aber es ist die Vielseitigkeit in Person. Das elastische Hightech-3D-Gewebe sorgt f\u00fcr Bel\u00fcftung in allen Bereichen und h\u00e4lt die Temperatur bei besonders kalten Bedingungen konstant. Der leichte und reizfreie Rundhalsausschnitt f\u00fcr Trailrunning und Multisport liegt sanft auf der Haut und bietet beruhigenden Schutz. Tragen Sie es um den Hals, ziehen Sie es hoch, um Mund und Nase zu bedecken, bedecken Sie Ihren Kopf oder verwenden Sie es als Halstuch um die Ohren, um sich vor K\u00e4lte oder sogar Hitze, Staub und Insekten zu sch\u00fctzen. Wenn er nicht ben\u00f6tigt wird, kann er zusammengeklappt und in eine Tasche gesteckt werden. Auch wenn Sie bereits eine haben, ist der unersetzliche Mikrofaser-Rundhalsausschnitt eine unverzichtbare Erg\u00e4nzung Ihrer Sportgarderobe.<\/p>\n<p>92% Polyamid, 7% Elastan, 1% Polypropyl\u00e8ne<\/p>\n<p><img decoding=\"async\" class=\"w-50 my-2\" src=\"https:\/\/www.compressport.com\/ch\/img\/prods_entretien.png\"><\/p>\n","protected":false},"excerpt":{"rendered":"<p>Modisches schwarzes Racing Trucker Cap mit High-Performance-Technologie f\u00fcr optimale Bel\u00fcftung und Schwei\u00dfableitung bei Training und Rennen.<\/p>\n","protected":false},"featured_media":3551,"comment_status":"open","ping_status":"closed","template":"","meta":[],"product_brand":[],"product_cat":[266],"product_tag":[271,272],"class_list":{"0":"post-5966","1":"product","2":"type-product","3":"status-publish","4":"has-post-thumbnail","6":"product_cat-zubehor","7":"product_tag-frau","8":"product_tag-mann","10":"first","11":"instock","12":"taxable","13":"shipping-taxable","14":"purchasable","15":"product-type-variable","16":"has-default-attributes"},"yoast_head":"<!-- This site is optimized with the Yoast SEO Premium plugin v27.5 (Yoast SEO v27.5) - https:\/\/yoast.com\/product\/yoast-seo-premium-wordpress\/ -->\n<title>Thermo Ultralight Headtube Schwarz \u2013 3D Seamless<\/title>\n<meta name=\"description\" content=\"Thermo Ultralight Headtube Schwarz bietet nahtlose Mikrofaser-Komfort und Wetterschutz. Jetzt entdecken und dein Setup optimieren \u2013 Xmy Shop.\" \/>\n<meta name=\"robots\" content=\"index, follow, max-snippet:-1, max-image-preview:large, max-video-preview:-1\" \/>\n<link rel=\"canonical\" href=\"https:\/\/xmy.ch\/de\/prodotto\/3d-thermo-seamless-ultralight-steuerrohr-schwarz\/\" \/>\n<meta property=\"og:locale\" content=\"de_DE\" \/>\n<meta property=\"og:type\" content=\"article\" \/>\n<meta property=\"og:title\" content=\"Thermo Ultralight Headtube Schwarz \u2013 3D Seamless\" \/>\n<meta property=\"og:description\" content=\"Sch\u00fctzt dich bei Training und Wettkampf \u2013 jetzt entdecken und kaufen.\" \/>\n<meta property=\"og:url\" content=\"https:\/\/xmy.ch\/de\/prodotto\/3d-thermo-seamless-ultralight-steuerrohr-schwarz\/\" \/>\n<meta property=\"og:site_name\" content=\"Xmy Sagl\" \/>\n<meta property=\"article:publisher\" content=\"https:\/\/www.facebook.com\/xmy.sagl\" \/>\n<meta property=\"og:image\" content=\"https:\/\/xmy.ch\/wp-content\/uploads\/2023\/10\/tour-de-cou-trail-running.jpg\" \/>\n\t<meta property=\"og:image:width\" content=\"549\" \/>\n\t<meta property=\"og:image:height\" content=\"712\" \/>\n\t<meta property=\"og:image:type\" content=\"image\/jpeg\" \/>\n<meta name=\"twitter:card\" content=\"summary_large_image\" \/>\n<meta name=\"twitter:title\" content=\"3D Thermo Ultralight Headtube Schwarz \u2013 Seamless\" \/>\n<meta name=\"twitter:description\" content=\"Leicht, nahtlos und vielseitig \u2013 bestelle jetzt f\u00fcr dein Sportoutfit.\" \/>\n<meta name=\"twitter:label1\" content=\"Gesch\u00e4tzte Lesezeit\" \/>\n\t<meta name=\"twitter:data1\" content=\"1 minute\" \/>\n<script type=\"application\/ld+json\" class=\"yoast-schema-graph\">{\"@context\":\"https:\\\/\\\/schema.org\",\"@graph\":[{\"@type\":\"WebPage\",\"@id\":\"https:\\\/\\\/xmy.ch\\\/de\\\/prodotto\\\/3d-thermo-seamless-ultralight-steuerrohr-schwarz\\\/\",\"url\":\"https:\\\/\\\/xmy.ch\\\/de\\\/prodotto\\\/3d-thermo-seamless-ultralight-steuerrohr-schwarz\\\/\",\"name\":\"Thermo Ultralight Headtube Schwarz \u2013 3D Seamless\",\"isPartOf\":{\"@id\":\"https:\\\/\\\/xmy.ch\\\/de\\\/#website\"},\"primaryImageOfPage\":{\"@id\":\"https:\\\/\\\/xmy.ch\\\/de\\\/prodotto\\\/3d-thermo-seamless-ultralight-steuerrohr-schwarz\\\/#primaryimage\"},\"image\":{\"@id\":\"https:\\\/\\\/xmy.ch\\\/de\\\/prodotto\\\/3d-thermo-seamless-ultralight-steuerrohr-schwarz\\\/#primaryimage\"},\"thumbnailUrl\":\"https:\\\/\\\/xmy.ch\\\/wp-content\\\/uploads\\\/2023\\\/10\\\/tour-de-cou-trail-running.jpg\",\"datePublished\":\"2023-11-04T13:11:09+00:00\",\"description\":\"Thermo Ultralight Headtube Schwarz bietet nahtlose Mikrofaser-Komfort und Wetterschutz. Jetzt entdecken und dein Setup optimieren \u2013 Xmy Shop.\",\"breadcrumb\":{\"@id\":\"https:\\\/\\\/xmy.ch\\\/de\\\/prodotto\\\/3d-thermo-seamless-ultralight-steuerrohr-schwarz\\\/#breadcrumb\"},\"inLanguage\":\"de-DE\",\"potentialAction\":[{\"@type\":\"ReadAction\",\"target\":[\"https:\\\/\\\/xmy.ch\\\/de\\\/prodotto\\\/3d-thermo-seamless-ultralight-steuerrohr-schwarz\\\/\"]}]},{\"@type\":\"ImageObject\",\"inLanguage\":\"de-DE\",\"@id\":\"https:\\\/\\\/xmy.ch\\\/de\\\/prodotto\\\/3d-thermo-seamless-ultralight-steuerrohr-schwarz\\\/#primaryimage\",\"url\":\"https:\\\/\\\/xmy.ch\\\/wp-content\\\/uploads\\\/2023\\\/10\\\/tour-de-cou-trail-running.jpg\",\"contentUrl\":\"https:\\\/\\\/xmy.ch\\\/wp-content\\\/uploads\\\/2023\\\/10\\\/tour-de-cou-trail-running.jpg\",\"width\":549,\"height\":712},{\"@type\":\"BreadcrumbList\",\"@id\":\"https:\\\/\\\/xmy.ch\\\/de\\\/prodotto\\\/3d-thermo-seamless-ultralight-steuerrohr-schwarz\\\/#breadcrumb\",\"itemListElement\":[{\"@type\":\"ListItem\",\"position\":1,\"name\":\"Home\",\"item\":\"https:\\\/\\\/xmy.ch\\\/de\\\/\"},{\"@type\":\"ListItem\",\"position\":2,\"name\":\"Shop\",\"item\":\"https:\\\/\\\/xmy.ch\\\/de\\\/shop-2\\\/\"},{\"@type\":\"ListItem\",\"position\":3,\"name\":\"3D Thermo Seamless Ultralight Steuerrohr Schwarz\"}]},{\"@type\":\"WebSite\",\"@id\":\"https:\\\/\\\/xmy.ch\\\/de\\\/#website\",\"url\":\"https:\\\/\\\/xmy.ch\\\/de\\\/\",\"name\":\"Xmy Sagl\",\"description\":\"\",\"publisher\":{\"@id\":\"https:\\\/\\\/xmy.ch\\\/de\\\/#organization\"},\"potentialAction\":[{\"@type\":\"SearchAction\",\"target\":{\"@type\":\"EntryPoint\",\"urlTemplate\":\"https:\\\/\\\/xmy.ch\\\/de\\\/?s={search_term_string}\"},\"query-input\":{\"@type\":\"PropertyValueSpecification\",\"valueRequired\":true,\"valueName\":\"search_term_string\"}}],\"inLanguage\":\"de-DE\"},{\"@type\":\"Organization\",\"@id\":\"https:\\\/\\\/xmy.ch\\\/de\\\/#organization\",\"name\":\"Xmy Sagl\",\"url\":\"https:\\\/\\\/xmy.ch\\\/de\\\/\",\"logo\":{\"@type\":\"ImageObject\",\"inLanguage\":\"de-DE\",\"@id\":\"https:\\\/\\\/xmy.ch\\\/de\\\/#\\\/schema\\\/logo\\\/image\\\/\",\"url\":\"https:\\\/\\\/xmy.ch\\\/wp-content\\\/uploads\\\/2024\\\/02\\\/XMY_UNI_B.webp\",\"contentUrl\":\"https:\\\/\\\/xmy.ch\\\/wp-content\\\/uploads\\\/2024\\\/02\\\/XMY_UNI_B.webp\",\"width\":1459,\"height\":421,\"caption\":\"Xmy Sagl\"},\"image\":{\"@id\":\"https:\\\/\\\/xmy.ch\\\/de\\\/#\\\/schema\\\/logo\\\/image\\\/\"},\"sameAs\":[\"https:\\\/\\\/www.facebook.com\\\/xmy.sagl\",\"https:\\\/\\\/www.instagram.com\\\/xmy.sagl\\\/\"]}]}<\/script>\n<!-- \/ Yoast SEO Premium plugin. -->","yoast_head_json":{"title":"Thermo Ultralight Headtube Schwarz \u2013 3D Seamless","description":"Thermo Ultralight Headtube Schwarz bietet nahtlose Mikrofaser-Komfort und Wetterschutz. Jetzt entdecken und dein Setup optimieren \u2013 Xmy Shop.","robots":{"index":"index","follow":"follow","max-snippet":"max-snippet:-1","max-image-preview":"max-image-preview:large","max-video-preview":"max-video-preview:-1"},"canonical":"https:\/\/xmy.ch\/de\/prodotto\/3d-thermo-seamless-ultralight-steuerrohr-schwarz\/","og_locale":"de_DE","og_type":"article","og_title":"Thermo Ultralight Headtube Schwarz \u2013 3D Seamless","og_description":"Sch\u00fctzt dich bei Training und Wettkampf \u2013 jetzt entdecken und kaufen.","og_url":"https:\/\/xmy.ch\/de\/prodotto\/3d-thermo-seamless-ultralight-steuerrohr-schwarz\/","og_site_name":"Xmy Sagl","article_publisher":"https:\/\/www.facebook.com\/xmy.sagl","og_image":[{"width":549,"height":712,"url":"https:\/\/xmy.ch\/wp-content\/uploads\/2023\/10\/tour-de-cou-trail-running.jpg","type":"image\/jpeg"}],"twitter_card":"summary_large_image","twitter_title":"3D Thermo Ultralight Headtube Schwarz \u2013 Seamless","twitter_description":"Leicht, nahtlos und vielseitig \u2013 bestelle jetzt f\u00fcr dein Sportoutfit.","twitter_misc":{"Gesch\u00e4tzte Lesezeit":"1 minute"},"schema":{"@context":"https:\/\/schema.org","@graph":[{"@type":"WebPage","@id":"https:\/\/xmy.ch\/de\/prodotto\/3d-thermo-seamless-ultralight-steuerrohr-schwarz\/","url":"https:\/\/xmy.ch\/de\/prodotto\/3d-thermo-seamless-ultralight-steuerrohr-schwarz\/","name":"Thermo Ultralight Headtube Schwarz \u2013 3D Seamless","isPartOf":{"@id":"https:\/\/xmy.ch\/de\/#website"},"primaryImageOfPage":{"@id":"https:\/\/xmy.ch\/de\/prodotto\/3d-thermo-seamless-ultralight-steuerrohr-schwarz\/#primaryimage"},"image":{"@id":"https:\/\/xmy.ch\/de\/prodotto\/3d-thermo-seamless-ultralight-steuerrohr-schwarz\/#primaryimage"},"thumbnailUrl":"https:\/\/xmy.ch\/wp-content\/uploads\/2023\/10\/tour-de-cou-trail-running.jpg","datePublished":"2023-11-04T13:11:09+00:00","description":"Thermo Ultralight Headtube Schwarz bietet nahtlose Mikrofaser-Komfort und Wetterschutz. Jetzt entdecken und dein Setup optimieren \u2013 Xmy Shop.","breadcrumb":{"@id":"https:\/\/xmy.ch\/de\/prodotto\/3d-thermo-seamless-ultralight-steuerrohr-schwarz\/#breadcrumb"},"inLanguage":"de-DE","potentialAction":[{"@type":"ReadAction","target":["https:\/\/xmy.ch\/de\/prodotto\/3d-thermo-seamless-ultralight-steuerrohr-schwarz\/"]}]},{"@type":"ImageObject","inLanguage":"de-DE","@id":"https:\/\/xmy.ch\/de\/prodotto\/3d-thermo-seamless-ultralight-steuerrohr-schwarz\/#primaryimage","url":"https:\/\/xmy.ch\/wp-content\/uploads\/2023\/10\/tour-de-cou-trail-running.jpg","contentUrl":"https:\/\/xmy.ch\/wp-content\/uploads\/2023\/10\/tour-de-cou-trail-running.jpg","width":549,"height":712},{"@type":"BreadcrumbList","@id":"https:\/\/xmy.ch\/de\/prodotto\/3d-thermo-seamless-ultralight-steuerrohr-schwarz\/#breadcrumb","itemListElement":[{"@type":"ListItem","position":1,"name":"Home","item":"https:\/\/xmy.ch\/de\/"},{"@type":"ListItem","position":2,"name":"Shop","item":"https:\/\/xmy.ch\/de\/shop-2\/"},{"@type":"ListItem","position":3,"name":"3D Thermo Seamless Ultralight Steuerrohr Schwarz"}]},{"@type":"WebSite","@id":"https:\/\/xmy.ch\/de\/#website","url":"https:\/\/xmy.ch\/de\/","name":"Xmy Sagl","description":"","publisher":{"@id":"https:\/\/xmy.ch\/de\/#organization"},"potentialAction":[{"@type":"SearchAction","target":{"@type":"EntryPoint","urlTemplate":"https:\/\/xmy.ch\/de\/?s={search_term_string}"},"query-input":{"@type":"PropertyValueSpecification","valueRequired":true,"valueName":"search_term_string"}}],"inLanguage":"de-DE"},{"@type":"Organization","@id":"https:\/\/xmy.ch\/de\/#organization","name":"Xmy Sagl","url":"https:\/\/xmy.ch\/de\/","logo":{"@type":"ImageObject","inLanguage":"de-DE","@id":"https:\/\/xmy.ch\/de\/#\/schema\/logo\/image\/","url":"https:\/\/xmy.ch\/wp-content\/uploads\/2024\/02\/XMY_UNI_B.webp","contentUrl":"https:\/\/xmy.ch\/wp-content\/uploads\/2024\/02\/XMY_UNI_B.webp","width":1459,"height":421,"caption":"Xmy Sagl"},"image":{"@id":"https:\/\/xmy.ch\/de\/#\/schema\/logo\/image\/"},"sameAs":["https:\/\/www.facebook.com\/xmy.sagl","https:\/\/www.instagram.com\/xmy.sagl\/"]}]}},"_links":{"self":[{"href":"https:\/\/xmy.ch\/de\/wp-json\/wp\/v2\/product\/5966","targetHints":{"allow":["GET"]}}],"collection":[{"href":"https:\/\/xmy.ch\/de\/wp-json\/wp\/v2\/product"}],"about":[{"href":"https:\/\/xmy.ch\/de\/wp-json\/wp\/v2\/types\/product"}],"replies":[{"embeddable":true,"href":"https:\/\/xmy.ch\/de\/wp-json\/wp\/v2\/comments?post=5966"}],"wp:featuredmedia":[{"embeddable":true,"href":"https:\/\/xmy.ch\/de\/wp-json\/wp\/v2\/media\/3551"}],"wp:attachment":[{"href":"https:\/\/xmy.ch\/de\/wp-json\/wp\/v2\/media?parent=5966"}],"wp:term":[{"taxonomy":"product_brand","embeddable":true,"href":"https:\/\/xmy.ch\/de\/wp-json\/wp\/v2\/product_brand?post=5966"},{"taxonomy":"product_cat","embeddable":true,"href":"https:\/\/xmy.ch\/de\/wp-json\/wp\/v2\/product_cat?post=5966"},{"taxonomy":"product_tag","embeddable":true,"href":"https:\/\/xmy.ch\/de\/wp-json\/wp\/v2\/product_tag?post=5966"}],"curies":[{"name":"wp","href":"https:\/\/api.w.org\/{rel}","templated":true}]}}