{"id":5959,"date":"2023-10-26T19:53:00","date_gmt":"2023-10-26T17:53:00","guid":{"rendered":"https:\/\/xmy.ch\/prodotto\/armsleeve-unter-kontrolle-schwarz\/"},"modified":"2023-10-26T19:53:00","modified_gmt":"2023-10-26T17:53:00","slug":"armsleeve-unter-kontrolle-schwarz","status":"publish","type":"product","link":"https:\/\/xmy.ch\/de\/prodotto\/armsleeve-unter-kontrolle-schwarz\/","title":{"rendered":"Armsleeve unter Kontrolle Schwarz"},"content":{"rendered":"<p>Schwarze Second-Skin-Kompressions\u00e4rmel f\u00fcr verbesserte Leistung bei intensivem Training und Wettkampf.<\/p>\n<p>Die Under Control Armsleeves geben 2020 ihr Deb\u00fct bei Compressport als bahnbrechendes Produkt der Oxygen-Reihe. Nach dem gro\u00dfen Erfolg der Oxygen R2 Leggings, die f\u00fcr die Triathlon-Weltmeisterschaften auf Hawaii entwickelt wurden, setzen wir die Technologie in einigen ausgew\u00e4hlten Produkten f\u00fcr Hochleistungswettk\u00e4mpfe unter h\u00e4rtesten und hei\u00dfesten Bedingungen fort. Die Kompressionsh\u00fcllen f\u00fcr den Ausdauersport werden auf denselben Maschinen hergestellt, die auch dem Gewebe der Oxygen-Leggings ihre bew\u00e4hrte medizinische Wirksamkeit verleihen, und verwenden dasselbe federleichte Material. Das elastische Material in Schweizer Qualit\u00e4t sorgt f\u00fcr eine konstante Kompression, um die Durchblutung zu verbessern und die Muskeln zu unterst\u00fctzen. Dadurch werden Entz\u00fcndungen reduziert und die Arme bleiben auch bei Anstrengung k\u00fchl. Die hochelastischen \u00c4rmel lassen sich leicht anziehen und wirken, ohne auf der Haut zu beschweren &#8211; f\u00fcr einen au\u00dfergew\u00f6hnlichen Komfort. Vielseitig einsetzbar, kann sie als zus\u00e4tzliche Schicht getragen werden, wenn die Temperaturen leicht sinken, aber auch bei extremer Hitze, ohne dass die Gefahr einer \u00dcberhitzung besteht, dank der 360\u00b0-Bel\u00fcftung. Wenn Details den Unterschied ausmachen, sind die schwarzen Under Control Armsleeves auf Ihrer Seite.<\/p>\n<p>82% Polyamid, 18% Elasthan<\/p>\n<p><img decoding=\"async\" class=\"w-50 my-2\" src=\"https:\/\/www.compressport.com\/ch\/img\/prods_entretien.png\"><\/p>\n","protected":false},"excerpt":{"rendered":"<p>Schwarze Second-Skin-Kompressions\u00e4rmel f\u00fcr verbesserte Leistung bei intensivem Training und Wettkampf.<\/p>\n","protected":false},"featured_media":3654,"comment_status":"open","ping_status":"closed","template":"","meta":[],"product_brand":[],"product_cat":[266],"product_tag":[271,272],"class_list":{"0":"post-5959","1":"product","2":"type-product","3":"status-publish","4":"has-post-thumbnail","6":"product_cat-zubehor","7":"product_tag-frau","8":"product_tag-mann","10":"first","11":"instock","12":"taxable","13":"shipping-taxable","14":"purchasable","15":"product-type-variable"},"yoast_head":"<!-- This site is optimized with the Yoast SEO Premium plugin v27.5 (Yoast SEO v27.5) - https:\/\/yoast.com\/product\/yoast-seo-premium-wordpress\/ -->\n<title>Armsleeve Schwarz \u2013 Unter Kontrolle f\u00fcr H\u00f6chstleistung<\/title>\n<meta name=\"description\" content=\"Armsleeve Schwarz bietet Second-Skin-Kompression, k\u00fchlende Bel\u00fcftung und verbesserte Durchblutung f\u00fcr Training und Wettkampf. Jetzt entdecken und Leistung steigern.\" \/>\n<meta name=\"robots\" content=\"index, follow, max-snippet:-1, max-image-preview:large, max-video-preview:-1\" \/>\n<link rel=\"canonical\" href=\"https:\/\/xmy.ch\/de\/prodotto\/armsleeve-unter-kontrolle-schwarz\/\" \/>\n<meta property=\"og:locale\" content=\"de_DE\" \/>\n<meta property=\"og:type\" content=\"article\" \/>\n<meta property=\"og:title\" content=\"Armsleeve Schwarz \u2013 Unter Kontrolle f\u00fcr H\u00f6chstleistung\" \/>\n<meta property=\"og:description\" content=\"Armsleeve Schwarz sorgt f\u00fcr optimale Kompression und K\u00fchlung \u2013 jetzt entdecken und Leistung steigern.\" \/>\n<meta property=\"og:url\" content=\"https:\/\/xmy.ch\/de\/prodotto\/armsleeve-unter-kontrolle-schwarz\/\" \/>\n<meta property=\"og:site_name\" content=\"Xmy Sagl\" \/>\n<meta property=\"article:publisher\" content=\"https:\/\/www.facebook.com\/xmy.sagl\" \/>\n<meta property=\"og:image\" content=\"https:\/\/xmy.ch\/wp-content\/uploads\/2023\/10\/manchette-de-compression-sport.webp\" \/>\n\t<meta property=\"og:image:width\" content=\"549\" \/>\n\t<meta property=\"og:image:height\" content=\"712\" \/>\n\t<meta property=\"og:image:type\" content=\"image\/webp\" \/>\n<meta name=\"twitter:card\" content=\"summary_large_image\" \/>\n<meta name=\"twitter:title\" content=\"Armsleeve Schwarz: Unter Kontrolle \u2013 Wettkampf-Performance\" \/>\n<meta name=\"twitter:description\" content=\"Jetzt Armsleeve Schwarz entdecken und Leistung steigern.\" \/>\n<meta name=\"twitter:label1\" content=\"Gesch\u00e4tzte Lesezeit\" \/>\n\t<meta name=\"twitter:data1\" content=\"1 minute\" \/>\n<script type=\"application\/ld+json\" class=\"yoast-schema-graph\">{\"@context\":\"https:\\\/\\\/schema.org\",\"@graph\":[{\"@type\":\"WebPage\",\"@id\":\"https:\\\/\\\/xmy.ch\\\/de\\\/prodotto\\\/armsleeve-unter-kontrolle-schwarz\\\/\",\"url\":\"https:\\\/\\\/xmy.ch\\\/de\\\/prodotto\\\/armsleeve-unter-kontrolle-schwarz\\\/\",\"name\":\"Armsleeve Schwarz \u2013 Unter Kontrolle f\u00fcr H\u00f6chstleistung\",\"isPartOf\":{\"@id\":\"https:\\\/\\\/xmy.ch\\\/de\\\/#website\"},\"primaryImageOfPage\":{\"@id\":\"https:\\\/\\\/xmy.ch\\\/de\\\/prodotto\\\/armsleeve-unter-kontrolle-schwarz\\\/#primaryimage\"},\"image\":{\"@id\":\"https:\\\/\\\/xmy.ch\\\/de\\\/prodotto\\\/armsleeve-unter-kontrolle-schwarz\\\/#primaryimage\"},\"thumbnailUrl\":\"https:\\\/\\\/xmy.ch\\\/wp-content\\\/uploads\\\/2023\\\/10\\\/manchette-de-compression-sport.webp\",\"datePublished\":\"2023-10-26T17:53:00+00:00\",\"description\":\"Armsleeve Schwarz bietet Second-Skin-Kompression, k\u00fchlende Bel\u00fcftung und verbesserte Durchblutung f\u00fcr Training und Wettkampf. Jetzt entdecken und Leistung steigern.\",\"breadcrumb\":{\"@id\":\"https:\\\/\\\/xmy.ch\\\/de\\\/prodotto\\\/armsleeve-unter-kontrolle-schwarz\\\/#breadcrumb\"},\"inLanguage\":\"de-DE\",\"potentialAction\":[{\"@type\":\"ReadAction\",\"target\":[\"https:\\\/\\\/xmy.ch\\\/de\\\/prodotto\\\/armsleeve-unter-kontrolle-schwarz\\\/\"]}]},{\"@type\":\"ImageObject\",\"inLanguage\":\"de-DE\",\"@id\":\"https:\\\/\\\/xmy.ch\\\/de\\\/prodotto\\\/armsleeve-unter-kontrolle-schwarz\\\/#primaryimage\",\"url\":\"https:\\\/\\\/xmy.ch\\\/wp-content\\\/uploads\\\/2023\\\/10\\\/manchette-de-compression-sport.webp\",\"contentUrl\":\"https:\\\/\\\/xmy.ch\\\/wp-content\\\/uploads\\\/2023\\\/10\\\/manchette-de-compression-sport.webp\",\"width\":549,\"height\":712},{\"@type\":\"BreadcrumbList\",\"@id\":\"https:\\\/\\\/xmy.ch\\\/de\\\/prodotto\\\/armsleeve-unter-kontrolle-schwarz\\\/#breadcrumb\",\"itemListElement\":[{\"@type\":\"ListItem\",\"position\":1,\"name\":\"Home\",\"item\":\"https:\\\/\\\/xmy.ch\\\/de\\\/\"},{\"@type\":\"ListItem\",\"position\":2,\"name\":\"Shop\",\"item\":\"https:\\\/\\\/xmy.ch\\\/de\\\/shop-2\\\/\"},{\"@type\":\"ListItem\",\"position\":3,\"name\":\"Armsleeve unter Kontrolle Schwarz\"}]},{\"@type\":\"WebSite\",\"@id\":\"https:\\\/\\\/xmy.ch\\\/de\\\/#website\",\"url\":\"https:\\\/\\\/xmy.ch\\\/de\\\/\",\"name\":\"Xmy Sagl\",\"description\":\"\",\"publisher\":{\"@id\":\"https:\\\/\\\/xmy.ch\\\/de\\\/#organization\"},\"potentialAction\":[{\"@type\":\"SearchAction\",\"target\":{\"@type\":\"EntryPoint\",\"urlTemplate\":\"https:\\\/\\\/xmy.ch\\\/de\\\/?s={search_term_string}\"},\"query-input\":{\"@type\":\"PropertyValueSpecification\",\"valueRequired\":true,\"valueName\":\"search_term_string\"}}],\"inLanguage\":\"de-DE\"},{\"@type\":\"Organization\",\"@id\":\"https:\\\/\\\/xmy.ch\\\/de\\\/#organization\",\"name\":\"Xmy Sagl\",\"url\":\"https:\\\/\\\/xmy.ch\\\/de\\\/\",\"logo\":{\"@type\":\"ImageObject\",\"inLanguage\":\"de-DE\",\"@id\":\"https:\\\/\\\/xmy.ch\\\/de\\\/#\\\/schema\\\/logo\\\/image\\\/\",\"url\":\"https:\\\/\\\/xmy.ch\\\/wp-content\\\/uploads\\\/2024\\\/02\\\/XMY_UNI_B.webp\",\"contentUrl\":\"https:\\\/\\\/xmy.ch\\\/wp-content\\\/uploads\\\/2024\\\/02\\\/XMY_UNI_B.webp\",\"width\":1459,\"height\":421,\"caption\":\"Xmy Sagl\"},\"image\":{\"@id\":\"https:\\\/\\\/xmy.ch\\\/de\\\/#\\\/schema\\\/logo\\\/image\\\/\"},\"sameAs\":[\"https:\\\/\\\/www.facebook.com\\\/xmy.sagl\",\"https:\\\/\\\/www.instagram.com\\\/xmy.sagl\\\/\"]}]}<\/script>\n<!-- \/ Yoast SEO Premium plugin. -->","yoast_head_json":{"title":"Armsleeve Schwarz \u2013 Unter Kontrolle f\u00fcr H\u00f6chstleistung","description":"Armsleeve Schwarz bietet Second-Skin-Kompression, k\u00fchlende Bel\u00fcftung und verbesserte Durchblutung f\u00fcr Training und Wettkampf. Jetzt entdecken und Leistung steigern.","robots":{"index":"index","follow":"follow","max-snippet":"max-snippet:-1","max-image-preview":"max-image-preview:large","max-video-preview":"max-video-preview:-1"},"canonical":"https:\/\/xmy.ch\/de\/prodotto\/armsleeve-unter-kontrolle-schwarz\/","og_locale":"de_DE","og_type":"article","og_title":"Armsleeve Schwarz \u2013 Unter Kontrolle f\u00fcr H\u00f6chstleistung","og_description":"Armsleeve Schwarz sorgt f\u00fcr optimale Kompression und K\u00fchlung \u2013 jetzt entdecken und Leistung steigern.","og_url":"https:\/\/xmy.ch\/de\/prodotto\/armsleeve-unter-kontrolle-schwarz\/","og_site_name":"Xmy Sagl","article_publisher":"https:\/\/www.facebook.com\/xmy.sagl","og_image":[{"width":549,"height":712,"url":"https:\/\/xmy.ch\/wp-content\/uploads\/2023\/10\/manchette-de-compression-sport.webp","type":"image\/webp"}],"twitter_card":"summary_large_image","twitter_title":"Armsleeve Schwarz: Unter Kontrolle \u2013 Wettkampf-Performance","twitter_description":"Jetzt Armsleeve Schwarz entdecken und Leistung steigern.","twitter_misc":{"Gesch\u00e4tzte Lesezeit":"1 minute"},"schema":{"@context":"https:\/\/schema.org","@graph":[{"@type":"WebPage","@id":"https:\/\/xmy.ch\/de\/prodotto\/armsleeve-unter-kontrolle-schwarz\/","url":"https:\/\/xmy.ch\/de\/prodotto\/armsleeve-unter-kontrolle-schwarz\/","name":"Armsleeve Schwarz \u2013 Unter Kontrolle f\u00fcr H\u00f6chstleistung","isPartOf":{"@id":"https:\/\/xmy.ch\/de\/#website"},"primaryImageOfPage":{"@id":"https:\/\/xmy.ch\/de\/prodotto\/armsleeve-unter-kontrolle-schwarz\/#primaryimage"},"image":{"@id":"https:\/\/xmy.ch\/de\/prodotto\/armsleeve-unter-kontrolle-schwarz\/#primaryimage"},"thumbnailUrl":"https:\/\/xmy.ch\/wp-content\/uploads\/2023\/10\/manchette-de-compression-sport.webp","datePublished":"2023-10-26T17:53:00+00:00","description":"Armsleeve Schwarz bietet Second-Skin-Kompression, k\u00fchlende Bel\u00fcftung und verbesserte Durchblutung f\u00fcr Training und Wettkampf. Jetzt entdecken und Leistung steigern.","breadcrumb":{"@id":"https:\/\/xmy.ch\/de\/prodotto\/armsleeve-unter-kontrolle-schwarz\/#breadcrumb"},"inLanguage":"de-DE","potentialAction":[{"@type":"ReadAction","target":["https:\/\/xmy.ch\/de\/prodotto\/armsleeve-unter-kontrolle-schwarz\/"]}]},{"@type":"ImageObject","inLanguage":"de-DE","@id":"https:\/\/xmy.ch\/de\/prodotto\/armsleeve-unter-kontrolle-schwarz\/#primaryimage","url":"https:\/\/xmy.ch\/wp-content\/uploads\/2023\/10\/manchette-de-compression-sport.webp","contentUrl":"https:\/\/xmy.ch\/wp-content\/uploads\/2023\/10\/manchette-de-compression-sport.webp","width":549,"height":712},{"@type":"BreadcrumbList","@id":"https:\/\/xmy.ch\/de\/prodotto\/armsleeve-unter-kontrolle-schwarz\/#breadcrumb","itemListElement":[{"@type":"ListItem","position":1,"name":"Home","item":"https:\/\/xmy.ch\/de\/"},{"@type":"ListItem","position":2,"name":"Shop","item":"https:\/\/xmy.ch\/de\/shop-2\/"},{"@type":"ListItem","position":3,"name":"Armsleeve unter Kontrolle Schwarz"}]},{"@type":"WebSite","@id":"https:\/\/xmy.ch\/de\/#website","url":"https:\/\/xmy.ch\/de\/","name":"Xmy Sagl","description":"","publisher":{"@id":"https:\/\/xmy.ch\/de\/#organization"},"potentialAction":[{"@type":"SearchAction","target":{"@type":"EntryPoint","urlTemplate":"https:\/\/xmy.ch\/de\/?s={search_term_string}"},"query-input":{"@type":"PropertyValueSpecification","valueRequired":true,"valueName":"search_term_string"}}],"inLanguage":"de-DE"},{"@type":"Organization","@id":"https:\/\/xmy.ch\/de\/#organization","name":"Xmy Sagl","url":"https:\/\/xmy.ch\/de\/","logo":{"@type":"ImageObject","inLanguage":"de-DE","@id":"https:\/\/xmy.ch\/de\/#\/schema\/logo\/image\/","url":"https:\/\/xmy.ch\/wp-content\/uploads\/2024\/02\/XMY_UNI_B.webp","contentUrl":"https:\/\/xmy.ch\/wp-content\/uploads\/2024\/02\/XMY_UNI_B.webp","width":1459,"height":421,"caption":"Xmy Sagl"},"image":{"@id":"https:\/\/xmy.ch\/de\/#\/schema\/logo\/image\/"},"sameAs":["https:\/\/www.facebook.com\/xmy.sagl","https:\/\/www.instagram.com\/xmy.sagl\/"]}]}},"_links":{"self":[{"href":"https:\/\/xmy.ch\/de\/wp-json\/wp\/v2\/product\/5959","targetHints":{"allow":["GET"]}}],"collection":[{"href":"https:\/\/xmy.ch\/de\/wp-json\/wp\/v2\/product"}],"about":[{"href":"https:\/\/xmy.ch\/de\/wp-json\/wp\/v2\/types\/product"}],"replies":[{"embeddable":true,"href":"https:\/\/xmy.ch\/de\/wp-json\/wp\/v2\/comments?post=5959"}],"wp:featuredmedia":[{"embeddable":true,"href":"https:\/\/xmy.ch\/de\/wp-json\/wp\/v2\/media\/3654"}],"wp:attachment":[{"href":"https:\/\/xmy.ch\/de\/wp-json\/wp\/v2\/media?parent=5959"}],"wp:term":[{"taxonomy":"product_brand","embeddable":true,"href":"https:\/\/xmy.ch\/de\/wp-json\/wp\/v2\/product_brand?post=5959"},{"taxonomy":"product_cat","embeddable":true,"href":"https:\/\/xmy.ch\/de\/wp-json\/wp\/v2\/product_cat?post=5959"},{"taxonomy":"product_tag","embeddable":true,"href":"https:\/\/xmy.ch\/de\/wp-json\/wp\/v2\/product_tag?post=5959"}],"curies":[{"name":"wp","href":"https:\/\/api.w.org\/{rel}","templated":true}]}}