{"id":5928,"date":"2023-11-04T13:59:51","date_gmt":"2023-11-04T12:59:51","guid":{"rendered":"https:\/\/xmy.ch\/prodotto\/trucker-cap-magnet-herbst\/"},"modified":"2023-11-04T13:59:51","modified_gmt":"2023-11-04T12:59:51","slug":"trucker-cap-magnet-herbst","status":"publish","type":"product","link":"https:\/\/xmy.ch\/de\/prodotto\/trucker-cap-magnet-herbst\/","title":{"rendered":"Trucker Cap Magnet\/Herbst"},"content":{"rendered":"<p>M\u00fctzen sind wie Schuhe und T-Shirts: Man braucht mindestens eine f\u00fcr jede Situation. Unsere trendige Compressport Trucker-Kappe sch\u00fctzt Ihren Kopf vor und nach den Trainingseinheiten und Rennen mit Stil. Das gew\u00f6lbte Visier sch\u00fctzt vor der Sonne und verhindert, dass Flieger die Sicht versperren, w\u00e4hrend das klassische Tucker-Mesh auf der R\u00fcckseite den Kopf bei steigenden Temperaturen k\u00fchl h\u00e4lt. Die Gr\u00f6\u00dfe l\u00e4sst sich mit einem verstellbaren Verschluss leicht variieren. Unser ikonisches Racing-Logo ist auf der Vorderseite aufgestickt und sorgt f\u00fcr einen dynamischen und ausgefallenen Look beim Race Briefing, der n\u00e4chsten Party oder einfach am Strand.<\/p>\n<p>Stoff 1: 100% Baumwolle &#8211; Stoff 2: 100% Polyester<\/p>\n<p><img decoding=\"async\" class=\"w-50 my-2\" src=\"https:\/\/www.compressport.com\/ch\/img\/prods_entretien.png\"><\/p>\n","protected":false},"excerpt":{"rendered":"<p>Klassische Trucker-Cap mit gebogenem Schirm und Compressport-Logo f\u00fcr einen trendigen Look vor und nach dem Training<\/p>\n","protected":false},"featured_media":3460,"comment_status":"open","ping_status":"closed","template":"","meta":[],"product_brand":[],"product_cat":[266],"product_tag":[271,272],"class_list":{"0":"post-5928","1":"product","2":"type-product","3":"status-publish","4":"has-post-thumbnail","6":"product_cat-zubehor","7":"product_tag-frau","8":"product_tag-mann","10":"first","11":"instock","12":"taxable","13":"shipping-taxable","14":"purchasable","15":"product-type-variable","16":"has-default-attributes"},"yoast_head":"<!-- This site is optimized with the Yoast SEO Premium plugin v27.5 (Yoast SEO v27.5) - https:\/\/yoast.com\/product\/yoast-seo-premium-wordpress\/ -->\n<title>Trucker Cap Magnet\/Herbst \u2013 Compressport Accessori XMY<\/title>\n<meta name=\"description\" content=\"Trucker Cap Magnet\/Herbst von Compressport sch\u00fctzt Kopf vor und nach dem Training; verstellbare Passform, Mesh-R\u00fcckseite, ikonisches Racing-Logo.\" \/>\n<meta name=\"robots\" content=\"index, follow, max-snippet:-1, max-image-preview:large, max-video-preview:-1\" \/>\n<link rel=\"canonical\" href=\"https:\/\/xmy.ch\/de\/prodotto\/trucker-cap-magnet-herbst\/\" \/>\n<meta property=\"og:locale\" content=\"de_DE\" \/>\n<meta property=\"og:type\" content=\"article\" \/>\n<meta property=\"og:title\" content=\"Trucker Cap Magnet\/Herbst \u2013 Compressport Accessori\" \/>\n<meta property=\"og:description\" content=\"Stil trifft Funktion: Trucker Cap Magnet\/Herbst entdecken und Kopf sch\u00fctzen.\" \/>\n<meta property=\"og:url\" content=\"https:\/\/xmy.ch\/de\/prodotto\/trucker-cap-magnet-herbst\/\" \/>\n<meta property=\"og:site_name\" content=\"Xmy Sagl\" \/>\n<meta property=\"article:publisher\" content=\"https:\/\/www.facebook.com\/xmy.sagl\" \/>\n<meta property=\"og:image\" content=\"https:\/\/xmy.ch\/wp-content\/uploads\/2023\/10\/trucker-cap-magnet-autumn-glory.webp\" \/>\n\t<meta property=\"og:image:width\" content=\"600\" \/>\n\t<meta property=\"og:image:height\" content=\"600\" \/>\n\t<meta property=\"og:image:type\" content=\"image\/webp\" \/>\n<meta name=\"twitter:card\" content=\"summary_large_image\" \/>\n<meta name=\"twitter:title\" content=\"Compressport Trucker Cap Magnet\/Herbst\" \/>\n<meta name=\"twitter:description\" content=\"Jetzt Stil und Schutz kombinieren mit der Trucker Cap Magnet\/Herbst.\" \/>\n<meta name=\"twitter:label1\" content=\"Gesch\u00e4tzte Lesezeit\" \/>\n\t<meta name=\"twitter:data1\" content=\"1 minute\" \/>\n<script type=\"application\/ld+json\" class=\"yoast-schema-graph\">{\"@context\":\"https:\\\/\\\/schema.org\",\"@graph\":[{\"@type\":\"WebPage\",\"@id\":\"https:\\\/\\\/xmy.ch\\\/de\\\/prodotto\\\/trucker-cap-magnet-herbst\\\/\",\"url\":\"https:\\\/\\\/xmy.ch\\\/de\\\/prodotto\\\/trucker-cap-magnet-herbst\\\/\",\"name\":\"Trucker Cap Magnet\\\/Herbst \u2013 Compressport Accessori XMY\",\"isPartOf\":{\"@id\":\"https:\\\/\\\/xmy.ch\\\/de\\\/#website\"},\"primaryImageOfPage\":{\"@id\":\"https:\\\/\\\/xmy.ch\\\/de\\\/prodotto\\\/trucker-cap-magnet-herbst\\\/#primaryimage\"},\"image\":{\"@id\":\"https:\\\/\\\/xmy.ch\\\/de\\\/prodotto\\\/trucker-cap-magnet-herbst\\\/#primaryimage\"},\"thumbnailUrl\":\"https:\\\/\\\/xmy.ch\\\/wp-content\\\/uploads\\\/2023\\\/10\\\/trucker-cap-magnet-autumn-glory.webp\",\"datePublished\":\"2023-11-04T12:59:51+00:00\",\"description\":\"Trucker Cap Magnet\\\/Herbst von Compressport sch\u00fctzt Kopf vor und nach dem Training; verstellbare Passform, Mesh-R\u00fcckseite, ikonisches Racing-Logo.\",\"breadcrumb\":{\"@id\":\"https:\\\/\\\/xmy.ch\\\/de\\\/prodotto\\\/trucker-cap-magnet-herbst\\\/#breadcrumb\"},\"inLanguage\":\"de-DE\",\"potentialAction\":[{\"@type\":\"ReadAction\",\"target\":[\"https:\\\/\\\/xmy.ch\\\/de\\\/prodotto\\\/trucker-cap-magnet-herbst\\\/\"]}]},{\"@type\":\"ImageObject\",\"inLanguage\":\"de-DE\",\"@id\":\"https:\\\/\\\/xmy.ch\\\/de\\\/prodotto\\\/trucker-cap-magnet-herbst\\\/#primaryimage\",\"url\":\"https:\\\/\\\/xmy.ch\\\/wp-content\\\/uploads\\\/2023\\\/10\\\/trucker-cap-magnet-autumn-glory.webp\",\"contentUrl\":\"https:\\\/\\\/xmy.ch\\\/wp-content\\\/uploads\\\/2023\\\/10\\\/trucker-cap-magnet-autumn-glory.webp\",\"width\":600,\"height\":600},{\"@type\":\"BreadcrumbList\",\"@id\":\"https:\\\/\\\/xmy.ch\\\/de\\\/prodotto\\\/trucker-cap-magnet-herbst\\\/#breadcrumb\",\"itemListElement\":[{\"@type\":\"ListItem\",\"position\":1,\"name\":\"Home\",\"item\":\"https:\\\/\\\/xmy.ch\\\/de\\\/\"},{\"@type\":\"ListItem\",\"position\":2,\"name\":\"Shop\",\"item\":\"https:\\\/\\\/xmy.ch\\\/de\\\/shop-2\\\/\"},{\"@type\":\"ListItem\",\"position\":3,\"name\":\"Trucker Cap Magnet\\\/Herbst\"}]},{\"@type\":\"WebSite\",\"@id\":\"https:\\\/\\\/xmy.ch\\\/de\\\/#website\",\"url\":\"https:\\\/\\\/xmy.ch\\\/de\\\/\",\"name\":\"Xmy Sagl\",\"description\":\"\",\"publisher\":{\"@id\":\"https:\\\/\\\/xmy.ch\\\/de\\\/#organization\"},\"potentialAction\":[{\"@type\":\"SearchAction\",\"target\":{\"@type\":\"EntryPoint\",\"urlTemplate\":\"https:\\\/\\\/xmy.ch\\\/de\\\/?s={search_term_string}\"},\"query-input\":{\"@type\":\"PropertyValueSpecification\",\"valueRequired\":true,\"valueName\":\"search_term_string\"}}],\"inLanguage\":\"de-DE\"},{\"@type\":\"Organization\",\"@id\":\"https:\\\/\\\/xmy.ch\\\/de\\\/#organization\",\"name\":\"Xmy Sagl\",\"url\":\"https:\\\/\\\/xmy.ch\\\/de\\\/\",\"logo\":{\"@type\":\"ImageObject\",\"inLanguage\":\"de-DE\",\"@id\":\"https:\\\/\\\/xmy.ch\\\/de\\\/#\\\/schema\\\/logo\\\/image\\\/\",\"url\":\"https:\\\/\\\/xmy.ch\\\/wp-content\\\/uploads\\\/2024\\\/02\\\/XMY_UNI_B.webp\",\"contentUrl\":\"https:\\\/\\\/xmy.ch\\\/wp-content\\\/uploads\\\/2024\\\/02\\\/XMY_UNI_B.webp\",\"width\":1459,\"height\":421,\"caption\":\"Xmy Sagl\"},\"image\":{\"@id\":\"https:\\\/\\\/xmy.ch\\\/de\\\/#\\\/schema\\\/logo\\\/image\\\/\"},\"sameAs\":[\"https:\\\/\\\/www.facebook.com\\\/xmy.sagl\",\"https:\\\/\\\/www.instagram.com\\\/xmy.sagl\\\/\"]}]}<\/script>\n<!-- \/ Yoast SEO Premium plugin. -->","yoast_head_json":{"title":"Trucker Cap Magnet\/Herbst \u2013 Compressport Accessori XMY","description":"Trucker Cap Magnet\/Herbst von Compressport sch\u00fctzt Kopf vor und nach dem Training; verstellbare Passform, Mesh-R\u00fcckseite, ikonisches Racing-Logo.","robots":{"index":"index","follow":"follow","max-snippet":"max-snippet:-1","max-image-preview":"max-image-preview:large","max-video-preview":"max-video-preview:-1"},"canonical":"https:\/\/xmy.ch\/de\/prodotto\/trucker-cap-magnet-herbst\/","og_locale":"de_DE","og_type":"article","og_title":"Trucker Cap Magnet\/Herbst \u2013 Compressport Accessori","og_description":"Stil trifft Funktion: Trucker Cap Magnet\/Herbst entdecken und Kopf sch\u00fctzen.","og_url":"https:\/\/xmy.ch\/de\/prodotto\/trucker-cap-magnet-herbst\/","og_site_name":"Xmy Sagl","article_publisher":"https:\/\/www.facebook.com\/xmy.sagl","og_image":[{"width":600,"height":600,"url":"https:\/\/xmy.ch\/wp-content\/uploads\/2023\/10\/trucker-cap-magnet-autumn-glory.webp","type":"image\/webp"}],"twitter_card":"summary_large_image","twitter_title":"Compressport Trucker Cap Magnet\/Herbst","twitter_description":"Jetzt Stil und Schutz kombinieren mit der Trucker Cap Magnet\/Herbst.","twitter_misc":{"Gesch\u00e4tzte Lesezeit":"1 minute"},"schema":{"@context":"https:\/\/schema.org","@graph":[{"@type":"WebPage","@id":"https:\/\/xmy.ch\/de\/prodotto\/trucker-cap-magnet-herbst\/","url":"https:\/\/xmy.ch\/de\/prodotto\/trucker-cap-magnet-herbst\/","name":"Trucker Cap Magnet\/Herbst \u2013 Compressport Accessori XMY","isPartOf":{"@id":"https:\/\/xmy.ch\/de\/#website"},"primaryImageOfPage":{"@id":"https:\/\/xmy.ch\/de\/prodotto\/trucker-cap-magnet-herbst\/#primaryimage"},"image":{"@id":"https:\/\/xmy.ch\/de\/prodotto\/trucker-cap-magnet-herbst\/#primaryimage"},"thumbnailUrl":"https:\/\/xmy.ch\/wp-content\/uploads\/2023\/10\/trucker-cap-magnet-autumn-glory.webp","datePublished":"2023-11-04T12:59:51+00:00","description":"Trucker Cap Magnet\/Herbst von Compressport sch\u00fctzt Kopf vor und nach dem Training; verstellbare Passform, Mesh-R\u00fcckseite, ikonisches Racing-Logo.","breadcrumb":{"@id":"https:\/\/xmy.ch\/de\/prodotto\/trucker-cap-magnet-herbst\/#breadcrumb"},"inLanguage":"de-DE","potentialAction":[{"@type":"ReadAction","target":["https:\/\/xmy.ch\/de\/prodotto\/trucker-cap-magnet-herbst\/"]}]},{"@type":"ImageObject","inLanguage":"de-DE","@id":"https:\/\/xmy.ch\/de\/prodotto\/trucker-cap-magnet-herbst\/#primaryimage","url":"https:\/\/xmy.ch\/wp-content\/uploads\/2023\/10\/trucker-cap-magnet-autumn-glory.webp","contentUrl":"https:\/\/xmy.ch\/wp-content\/uploads\/2023\/10\/trucker-cap-magnet-autumn-glory.webp","width":600,"height":600},{"@type":"BreadcrumbList","@id":"https:\/\/xmy.ch\/de\/prodotto\/trucker-cap-magnet-herbst\/#breadcrumb","itemListElement":[{"@type":"ListItem","position":1,"name":"Home","item":"https:\/\/xmy.ch\/de\/"},{"@type":"ListItem","position":2,"name":"Shop","item":"https:\/\/xmy.ch\/de\/shop-2\/"},{"@type":"ListItem","position":3,"name":"Trucker Cap Magnet\/Herbst"}]},{"@type":"WebSite","@id":"https:\/\/xmy.ch\/de\/#website","url":"https:\/\/xmy.ch\/de\/","name":"Xmy Sagl","description":"","publisher":{"@id":"https:\/\/xmy.ch\/de\/#organization"},"potentialAction":[{"@type":"SearchAction","target":{"@type":"EntryPoint","urlTemplate":"https:\/\/xmy.ch\/de\/?s={search_term_string}"},"query-input":{"@type":"PropertyValueSpecification","valueRequired":true,"valueName":"search_term_string"}}],"inLanguage":"de-DE"},{"@type":"Organization","@id":"https:\/\/xmy.ch\/de\/#organization","name":"Xmy Sagl","url":"https:\/\/xmy.ch\/de\/","logo":{"@type":"ImageObject","inLanguage":"de-DE","@id":"https:\/\/xmy.ch\/de\/#\/schema\/logo\/image\/","url":"https:\/\/xmy.ch\/wp-content\/uploads\/2024\/02\/XMY_UNI_B.webp","contentUrl":"https:\/\/xmy.ch\/wp-content\/uploads\/2024\/02\/XMY_UNI_B.webp","width":1459,"height":421,"caption":"Xmy Sagl"},"image":{"@id":"https:\/\/xmy.ch\/de\/#\/schema\/logo\/image\/"},"sameAs":["https:\/\/www.facebook.com\/xmy.sagl","https:\/\/www.instagram.com\/xmy.sagl\/"]}]}},"_links":{"self":[{"href":"https:\/\/xmy.ch\/de\/wp-json\/wp\/v2\/product\/5928","targetHints":{"allow":["GET"]}}],"collection":[{"href":"https:\/\/xmy.ch\/de\/wp-json\/wp\/v2\/product"}],"about":[{"href":"https:\/\/xmy.ch\/de\/wp-json\/wp\/v2\/types\/product"}],"replies":[{"embeddable":true,"href":"https:\/\/xmy.ch\/de\/wp-json\/wp\/v2\/comments?post=5928"}],"wp:featuredmedia":[{"embeddable":true,"href":"https:\/\/xmy.ch\/de\/wp-json\/wp\/v2\/media\/3460"}],"wp:attachment":[{"href":"https:\/\/xmy.ch\/de\/wp-json\/wp\/v2\/media?parent=5928"}],"wp:term":[{"taxonomy":"product_brand","embeddable":true,"href":"https:\/\/xmy.ch\/de\/wp-json\/wp\/v2\/product_brand?post=5928"},{"taxonomy":"product_cat","embeddable":true,"href":"https:\/\/xmy.ch\/de\/wp-json\/wp\/v2\/product_cat?post=5928"},{"taxonomy":"product_tag","embeddable":true,"href":"https:\/\/xmy.ch\/de\/wp-json\/wp\/v2\/product_tag?post=5928"}],"curies":[{"name":"wp","href":"https:\/\/api.w.org\/{rel}","templated":true}]}}