{"id":5891,"date":"2023-10-26T20:40:00","date_gmt":"2023-10-26T18:40:00","guid":{"rendered":"https:\/\/xmy.ch\/prodotto\/hurricane-wasserdichte-10-10-jacke-mosaik-blau\/"},"modified":"2023-10-26T20:40:00","modified_gmt":"2023-10-26T18:40:00","slug":"hurricane-wasserdichte-10-10-jacke-mosaik-blau","status":"publish","type":"product","link":"https:\/\/xmy.ch\/de\/prodotto\/hurricane-wasserdichte-10-10-jacke-mosaik-blau\/","title":{"rendered":"Hurricane Wasserdichte 10\/10 Jacke Mosaik Blau"},"content":{"rendered":"<p>Wasserdichte Laufjacke, die ausgezeichneten Schutz vor Regen bietet und gleichzeitig hoch atmungsaktiv und extrem leicht ist.<\/p>\n<p>Mit der perfekt wasserdichten und atmungsaktiven Hurricane 10\/10 Wasserschutzjacke, die nur 105 Gramm wiegt und ein minimalistisches und stromlinienf\u00f6rmiges Design hat, wird Sie das Wetter nie wieder abschrecken! Die Jacke bietet das perfekte Gleichgewicht zwischen Schutz, Unterst\u00fctzung und Komfort. Sie ist absolut wasserdicht und sch\u00fctzt dank der 10.000 wasserfesten Schmerber-Fasern und der versiegelten N\u00e4hte vor Regen und Wind. Die Faser ist extrem atmungsaktiv und sorgt f\u00fcr einen hervorragenden Feuchtigkeits- und Schwei\u00dftransport, sodass Sie innen und au\u00dfen trocken bleiben. Die minimalistische, wasserdichte Jacke Hurricane 10\/10 bietet eine un\u00fcbertroffene Kombination aus Schutz und Leichtigkeit. Dank der Stretch-Faser und dem eng anliegenden, aerodynamischen Schnitt bleiben Sie bei jeder Bewegung v\u00f6llig frei. Die wasserdichte Jacke Hurricane 10\/10 ist vielseitig einsetzbar und sch\u00fctzt vor Regen bei jeder Sportart (Trailrunning, Triathlon, Trekking, Mountainbiking&#8230;.). Es erf\u00fcllt auch die Anforderungen f\u00fcr die obligatorische Ausr\u00fcstung von Ultratrails (Membranen, die einem Wasserdruck von bis zu 10.000 mm standhalten).<\/p>\n<p>56% PES, 44% PU<\/p>\n<p><img decoding=\"async\" class=\"w-50 my-2\" src=\"https:\/\/www.compressport.com\/ch\/img\/prods_entretien.png\"><\/p>\n","protected":false},"excerpt":{"rendered":"<p>Wasserdichte Laufjacke, die ausgezeichneten Schutz vor Regen bietet und gleichzeitig hoch atmungsaktiv und extrem leicht ist.<\/p>\n","protected":false},"featured_media":3748,"comment_status":"open","ping_status":"closed","template":"","meta":[],"product_brand":[],"product_cat":[330],"product_tag":[271,272],"class_list":{"0":"post-5891","1":"product","2":"type-product","3":"status-publish","4":"has-post-thumbnail","6":"product_cat-jacken-und-westen","7":"product_tag-frau","8":"product_tag-mann","10":"first","11":"instock","12":"taxable","13":"shipping-taxable","14":"purchasable","15":"product-type-variable"},"yoast_head":"<!-- This site is optimized with the Yoast SEO Premium plugin v27.5 (Yoast SEO v27.5) - https:\/\/yoast.com\/product\/yoast-seo-premium-wordpress\/ -->\n<title>Wasserdichte Jacke Hurricane Mosaik Blau \u2013 ultraleicht<\/title>\n<meta name=\"description\" content=\"Wasserdichte Jacke Hurricane 10\/10 Mosaik Blau sch\u00fctzt zuverl\u00e4ssig vor Regen, bleibt atmungsaktiv und ultraleicht. Informieren Sie sich jetzt.\" \/>\n<meta name=\"robots\" content=\"index, follow, max-snippet:-1, max-image-preview:large, max-video-preview:-1\" \/>\n<link rel=\"canonical\" href=\"https:\/\/xmy.ch\/de\/prodotto\/hurricane-wasserdichte-10-10-jacke-mosaik-blau\/\" \/>\n<meta property=\"og:locale\" content=\"de_DE\" \/>\n<meta property=\"og:type\" content=\"article\" \/>\n<meta property=\"og:title\" content=\"Hurricane Mosaik Blau \u2013 Wasserdichte Jacke 10\/10 ultraleicht\" \/>\n<meta property=\"og:description\" content=\"Wasserdichte Hurricane 10\/10 Mosaik Blau: ultraleicht, atmungsaktiv und zuverl\u00e4ssig bei jedem Wetter.\" \/>\n<meta property=\"og:url\" content=\"https:\/\/xmy.ch\/de\/prodotto\/hurricane-wasserdichte-10-10-jacke-mosaik-blau\/\" \/>\n<meta property=\"og:site_name\" content=\"Xmy Sagl\" \/>\n<meta property=\"article:publisher\" content=\"https:\/\/www.facebook.com\/xmy.sagl\" \/>\n<meta property=\"og:image\" content=\"https:\/\/xmy.ch\/wp-content\/uploads\/2023\/10\/hurricane-waterproof-10-10-jacket-mosaic-blue.png\" \/>\n\t<meta property=\"og:image:width\" content=\"549\" \/>\n\t<meta property=\"og:image:height\" content=\"712\" \/>\n\t<meta property=\"og:image:type\" content=\"image\/png\" \/>\n<meta name=\"twitter:card\" content=\"summary_large_image\" \/>\n<meta name=\"twitter:title\" content=\"Wasserdichte Jacke \u2013 Hurricane Mosaik Blau 10\/10 ultraleicht\" \/>\n<meta name=\"twitter:description\" content=\"Wasserdichte Hurricane 10\/10 Mosaik Blau \u2013 jetzt informieren.\" \/>\n<meta name=\"twitter:label1\" content=\"Gesch\u00e4tzte Lesezeit\" \/>\n\t<meta name=\"twitter:data1\" content=\"1 minute\" \/>\n<script type=\"application\/ld+json\" class=\"yoast-schema-graph\">{\"@context\":\"https:\\\/\\\/schema.org\",\"@graph\":[{\"@type\":\"WebPage\",\"@id\":\"https:\\\/\\\/xmy.ch\\\/de\\\/prodotto\\\/hurricane-wasserdichte-10-10-jacke-mosaik-blau\\\/\",\"url\":\"https:\\\/\\\/xmy.ch\\\/de\\\/prodotto\\\/hurricane-wasserdichte-10-10-jacke-mosaik-blau\\\/\",\"name\":\"Wasserdichte Jacke Hurricane Mosaik Blau \u2013 ultraleicht\",\"isPartOf\":{\"@id\":\"https:\\\/\\\/xmy.ch\\\/de\\\/#website\"},\"primaryImageOfPage\":{\"@id\":\"https:\\\/\\\/xmy.ch\\\/de\\\/prodotto\\\/hurricane-wasserdichte-10-10-jacke-mosaik-blau\\\/#primaryimage\"},\"image\":{\"@id\":\"https:\\\/\\\/xmy.ch\\\/de\\\/prodotto\\\/hurricane-wasserdichte-10-10-jacke-mosaik-blau\\\/#primaryimage\"},\"thumbnailUrl\":\"https:\\\/\\\/xmy.ch\\\/wp-content\\\/uploads\\\/2023\\\/10\\\/hurricane-waterproof-10-10-jacket-mosaic-blue.png\",\"datePublished\":\"2023-10-26T18:40:00+00:00\",\"description\":\"Wasserdichte Jacke Hurricane 10\\\/10 Mosaik Blau sch\u00fctzt zuverl\u00e4ssig vor Regen, bleibt atmungsaktiv und ultraleicht. Informieren Sie sich jetzt.\",\"breadcrumb\":{\"@id\":\"https:\\\/\\\/xmy.ch\\\/de\\\/prodotto\\\/hurricane-wasserdichte-10-10-jacke-mosaik-blau\\\/#breadcrumb\"},\"inLanguage\":\"de-DE\",\"potentialAction\":[{\"@type\":\"ReadAction\",\"target\":[\"https:\\\/\\\/xmy.ch\\\/de\\\/prodotto\\\/hurricane-wasserdichte-10-10-jacke-mosaik-blau\\\/\"]}]},{\"@type\":\"ImageObject\",\"inLanguage\":\"de-DE\",\"@id\":\"https:\\\/\\\/xmy.ch\\\/de\\\/prodotto\\\/hurricane-wasserdichte-10-10-jacke-mosaik-blau\\\/#primaryimage\",\"url\":\"https:\\\/\\\/xmy.ch\\\/wp-content\\\/uploads\\\/2023\\\/10\\\/hurricane-waterproof-10-10-jacket-mosaic-blue.png\",\"contentUrl\":\"https:\\\/\\\/xmy.ch\\\/wp-content\\\/uploads\\\/2023\\\/10\\\/hurricane-waterproof-10-10-jacket-mosaic-blue.png\",\"width\":549,\"height\":712},{\"@type\":\"BreadcrumbList\",\"@id\":\"https:\\\/\\\/xmy.ch\\\/de\\\/prodotto\\\/hurricane-wasserdichte-10-10-jacke-mosaik-blau\\\/#breadcrumb\",\"itemListElement\":[{\"@type\":\"ListItem\",\"position\":1,\"name\":\"Home\",\"item\":\"https:\\\/\\\/xmy.ch\\\/de\\\/\"},{\"@type\":\"ListItem\",\"position\":2,\"name\":\"Shop\",\"item\":\"https:\\\/\\\/xmy.ch\\\/de\\\/shop-2\\\/\"},{\"@type\":\"ListItem\",\"position\":3,\"name\":\"Hurricane Wasserdichte 10\\\/10 Jacke Mosaik Blau\"}]},{\"@type\":\"WebSite\",\"@id\":\"https:\\\/\\\/xmy.ch\\\/de\\\/#website\",\"url\":\"https:\\\/\\\/xmy.ch\\\/de\\\/\",\"name\":\"Xmy Sagl\",\"description\":\"\",\"publisher\":{\"@id\":\"https:\\\/\\\/xmy.ch\\\/de\\\/#organization\"},\"potentialAction\":[{\"@type\":\"SearchAction\",\"target\":{\"@type\":\"EntryPoint\",\"urlTemplate\":\"https:\\\/\\\/xmy.ch\\\/de\\\/?s={search_term_string}\"},\"query-input\":{\"@type\":\"PropertyValueSpecification\",\"valueRequired\":true,\"valueName\":\"search_term_string\"}}],\"inLanguage\":\"de-DE\"},{\"@type\":\"Organization\",\"@id\":\"https:\\\/\\\/xmy.ch\\\/de\\\/#organization\",\"name\":\"Xmy Sagl\",\"url\":\"https:\\\/\\\/xmy.ch\\\/de\\\/\",\"logo\":{\"@type\":\"ImageObject\",\"inLanguage\":\"de-DE\",\"@id\":\"https:\\\/\\\/xmy.ch\\\/de\\\/#\\\/schema\\\/logo\\\/image\\\/\",\"url\":\"https:\\\/\\\/xmy.ch\\\/wp-content\\\/uploads\\\/2024\\\/02\\\/XMY_UNI_B.webp\",\"contentUrl\":\"https:\\\/\\\/xmy.ch\\\/wp-content\\\/uploads\\\/2024\\\/02\\\/XMY_UNI_B.webp\",\"width\":1459,\"height\":421,\"caption\":\"Xmy Sagl\"},\"image\":{\"@id\":\"https:\\\/\\\/xmy.ch\\\/de\\\/#\\\/schema\\\/logo\\\/image\\\/\"},\"sameAs\":[\"https:\\\/\\\/www.facebook.com\\\/xmy.sagl\",\"https:\\\/\\\/www.instagram.com\\\/xmy.sagl\\\/\"]}]}<\/script>\n<!-- \/ Yoast SEO Premium plugin. -->","yoast_head_json":{"title":"Wasserdichte Jacke Hurricane Mosaik Blau \u2013 ultraleicht","description":"Wasserdichte Jacke Hurricane 10\/10 Mosaik Blau sch\u00fctzt zuverl\u00e4ssig vor Regen, bleibt atmungsaktiv und ultraleicht. Informieren Sie sich jetzt.","robots":{"index":"index","follow":"follow","max-snippet":"max-snippet:-1","max-image-preview":"max-image-preview:large","max-video-preview":"max-video-preview:-1"},"canonical":"https:\/\/xmy.ch\/de\/prodotto\/hurricane-wasserdichte-10-10-jacke-mosaik-blau\/","og_locale":"de_DE","og_type":"article","og_title":"Hurricane Mosaik Blau \u2013 Wasserdichte Jacke 10\/10 ultraleicht","og_description":"Wasserdichte Hurricane 10\/10 Mosaik Blau: ultraleicht, atmungsaktiv und zuverl\u00e4ssig bei jedem Wetter.","og_url":"https:\/\/xmy.ch\/de\/prodotto\/hurricane-wasserdichte-10-10-jacke-mosaik-blau\/","og_site_name":"Xmy Sagl","article_publisher":"https:\/\/www.facebook.com\/xmy.sagl","og_image":[{"width":549,"height":712,"url":"https:\/\/xmy.ch\/wp-content\/uploads\/2023\/10\/hurricane-waterproof-10-10-jacket-mosaic-blue.png","type":"image\/png"}],"twitter_card":"summary_large_image","twitter_title":"Wasserdichte Jacke \u2013 Hurricane Mosaik Blau 10\/10 ultraleicht","twitter_description":"Wasserdichte Hurricane 10\/10 Mosaik Blau \u2013 jetzt informieren.","twitter_misc":{"Gesch\u00e4tzte Lesezeit":"1 minute"},"schema":{"@context":"https:\/\/schema.org","@graph":[{"@type":"WebPage","@id":"https:\/\/xmy.ch\/de\/prodotto\/hurricane-wasserdichte-10-10-jacke-mosaik-blau\/","url":"https:\/\/xmy.ch\/de\/prodotto\/hurricane-wasserdichte-10-10-jacke-mosaik-blau\/","name":"Wasserdichte Jacke Hurricane Mosaik Blau \u2013 ultraleicht","isPartOf":{"@id":"https:\/\/xmy.ch\/de\/#website"},"primaryImageOfPage":{"@id":"https:\/\/xmy.ch\/de\/prodotto\/hurricane-wasserdichte-10-10-jacke-mosaik-blau\/#primaryimage"},"image":{"@id":"https:\/\/xmy.ch\/de\/prodotto\/hurricane-wasserdichte-10-10-jacke-mosaik-blau\/#primaryimage"},"thumbnailUrl":"https:\/\/xmy.ch\/wp-content\/uploads\/2023\/10\/hurricane-waterproof-10-10-jacket-mosaic-blue.png","datePublished":"2023-10-26T18:40:00+00:00","description":"Wasserdichte Jacke Hurricane 10\/10 Mosaik Blau sch\u00fctzt zuverl\u00e4ssig vor Regen, bleibt atmungsaktiv und ultraleicht. Informieren Sie sich jetzt.","breadcrumb":{"@id":"https:\/\/xmy.ch\/de\/prodotto\/hurricane-wasserdichte-10-10-jacke-mosaik-blau\/#breadcrumb"},"inLanguage":"de-DE","potentialAction":[{"@type":"ReadAction","target":["https:\/\/xmy.ch\/de\/prodotto\/hurricane-wasserdichte-10-10-jacke-mosaik-blau\/"]}]},{"@type":"ImageObject","inLanguage":"de-DE","@id":"https:\/\/xmy.ch\/de\/prodotto\/hurricane-wasserdichte-10-10-jacke-mosaik-blau\/#primaryimage","url":"https:\/\/xmy.ch\/wp-content\/uploads\/2023\/10\/hurricane-waterproof-10-10-jacket-mosaic-blue.png","contentUrl":"https:\/\/xmy.ch\/wp-content\/uploads\/2023\/10\/hurricane-waterproof-10-10-jacket-mosaic-blue.png","width":549,"height":712},{"@type":"BreadcrumbList","@id":"https:\/\/xmy.ch\/de\/prodotto\/hurricane-wasserdichte-10-10-jacke-mosaik-blau\/#breadcrumb","itemListElement":[{"@type":"ListItem","position":1,"name":"Home","item":"https:\/\/xmy.ch\/de\/"},{"@type":"ListItem","position":2,"name":"Shop","item":"https:\/\/xmy.ch\/de\/shop-2\/"},{"@type":"ListItem","position":3,"name":"Hurricane Wasserdichte 10\/10 Jacke Mosaik Blau"}]},{"@type":"WebSite","@id":"https:\/\/xmy.ch\/de\/#website","url":"https:\/\/xmy.ch\/de\/","name":"Xmy Sagl","description":"","publisher":{"@id":"https:\/\/xmy.ch\/de\/#organization"},"potentialAction":[{"@type":"SearchAction","target":{"@type":"EntryPoint","urlTemplate":"https:\/\/xmy.ch\/de\/?s={search_term_string}"},"query-input":{"@type":"PropertyValueSpecification","valueRequired":true,"valueName":"search_term_string"}}],"inLanguage":"de-DE"},{"@type":"Organization","@id":"https:\/\/xmy.ch\/de\/#organization","name":"Xmy Sagl","url":"https:\/\/xmy.ch\/de\/","logo":{"@type":"ImageObject","inLanguage":"de-DE","@id":"https:\/\/xmy.ch\/de\/#\/schema\/logo\/image\/","url":"https:\/\/xmy.ch\/wp-content\/uploads\/2024\/02\/XMY_UNI_B.webp","contentUrl":"https:\/\/xmy.ch\/wp-content\/uploads\/2024\/02\/XMY_UNI_B.webp","width":1459,"height":421,"caption":"Xmy Sagl"},"image":{"@id":"https:\/\/xmy.ch\/de\/#\/schema\/logo\/image\/"},"sameAs":["https:\/\/www.facebook.com\/xmy.sagl","https:\/\/www.instagram.com\/xmy.sagl\/"]}]}},"_links":{"self":[{"href":"https:\/\/xmy.ch\/de\/wp-json\/wp\/v2\/product\/5891","targetHints":{"allow":["GET"]}}],"collection":[{"href":"https:\/\/xmy.ch\/de\/wp-json\/wp\/v2\/product"}],"about":[{"href":"https:\/\/xmy.ch\/de\/wp-json\/wp\/v2\/types\/product"}],"replies":[{"embeddable":true,"href":"https:\/\/xmy.ch\/de\/wp-json\/wp\/v2\/comments?post=5891"}],"wp:featuredmedia":[{"embeddable":true,"href":"https:\/\/xmy.ch\/de\/wp-json\/wp\/v2\/media\/3748"}],"wp:attachment":[{"href":"https:\/\/xmy.ch\/de\/wp-json\/wp\/v2\/media?parent=5891"}],"wp:term":[{"taxonomy":"product_brand","embeddable":true,"href":"https:\/\/xmy.ch\/de\/wp-json\/wp\/v2\/product_brand?post=5891"},{"taxonomy":"product_cat","embeddable":true,"href":"https:\/\/xmy.ch\/de\/wp-json\/wp\/v2\/product_cat?post=5891"},{"taxonomy":"product_tag","embeddable":true,"href":"https:\/\/xmy.ch\/de\/wp-json\/wp\/v2\/product_tag?post=5891"}],"curies":[{"name":"wp","href":"https:\/\/api.w.org\/{rel}","templated":true}]}}