{"id":5874,"date":"2023-10-26T20:01:27","date_gmt":"2023-10-26T18:01:27","guid":{"rendered":"https:\/\/xmy.ch\/prodotto\/on-off-strumpfhose-mann-grau-melange\/"},"modified":"2023-10-26T20:01:27","modified_gmt":"2023-10-26T18:01:27","slug":"on-off-strumpfhose-mann-grau-melange","status":"publish","type":"product","link":"https:\/\/xmy.ch\/de\/prodotto\/on-off-strumpfhose-mann-grau-melange\/","title":{"rendered":"On Off Strumpfhose Mann Grau Melange"},"content":{"rendered":"<p>Atmungsaktive, hochkomfortable Basisschicht-Tights mit hervorragender Thermoregulierung, um beim Training und bei Winterwettk\u00e4mpfen warm zu bleiben.<\/p>\n<p>Verbessern Sie Ihre Winterleistung mit der neuen On\/Off Base Layer Tights. Mit der gleichen Technologie wie die Langarmshirts und entwickelt, um unter locker sitzenden Hosen oder Shorts getragen zu werden, bietet diese Winter-Basisschicht eine hervorragende W\u00e4rmeregulierung bei den intensivsten Trainingseinheiten. Wenn die Intensit\u00e4t zunimmt, \u00f6ffnen sich die intelligenten Alveolen der Mikrofaser, um die Kompression zu verringern und die Atmungsaktivit\u00e4t zu erh\u00f6hen. Nimmt die Belastung ab, schlie\u00dfen sich die Alveolen, um den W\u00e4rmer\u00fcckhalt zu sch\u00fctzen. Das geschlechtsspezifische Bodymapping sorgt f\u00fcr einen besseren Schutz besonders empfindlicher Bereiche, insbesondere des unteren R\u00fcckens und des \u00e4u\u00dferen Quadrizeps. Das Ergebnis ist eine leistungsstarke W\u00e4rmeregulierung, die unabh\u00e4ngig von Anstrengung und \u00e4u\u00dferen Bedingungen eine konstante Innentemperatur aufrechterh\u00e4lt. Die enge Ergo-Passform f\u00f6rdert diesen Hightech-Effekt, blockiert die Luftzirkulation und sorgt f\u00fcr maximale W\u00e4rme beim Training. Dank ihres nahtlosen Designs ist diese Mikrofaser-Tights \u00e4u\u00dferst bequem und garantiert keine Reibung, so dass beim Wandern, Radfahren oder Laufen volle Bewegungsfreiheit gew\u00e4hrleistet ist. Die flache Taille ist bequem und fest, mit einem Kordelzug zur einfachen Anpassung. Und nicht zuletzt bek\u00e4mpfen die nat\u00fcrlichen antibakteriellen Eigenschaften des Stoffes Geruch und Reizungen. Tragen Sie diese Tights unter einer Hurricane-Hose und profitieren Sie von mehr W\u00e4rme und verbesserter Leistung beim Wintertraining.<\/p>\n<p>73% Polyester, 19% Polyamid, 8% Elasthan<\/p>\n<p><img decoding=\"async\" class=\"w-50 my-2\" src=\"https:\/\/www.compressport.com\/ch\/img\/prods_entretien.png\"><\/p>\n","protected":false},"excerpt":{"rendered":"<p>Atmungsaktive, hochkomfortable Basisschicht-Tights mit hervorragender Thermoregulierung, um beim Training und bei Winterwettk\u00e4mpfen warm zu bleiben.<\/p>\n","protected":false},"featured_media":3664,"comment_status":"open","ping_status":"closed","template":"","meta":[],"product_brand":[],"product_cat":[298],"product_tag":[272],"class_list":{"0":"post-5874","1":"product","2":"type-product","3":"status-publish","4":"has-post-thumbnail","6":"product_cat-shorts-hosen","7":"product_tag-mann","9":"first","10":"instock","11":"taxable","12":"shipping-taxable","13":"purchasable","14":"product-type-variable"},"yoast_head":"<!-- This site is optimized with the Yoast SEO Premium plugin v27.5 (Yoast SEO v27.5) - https:\/\/yoast.com\/product\/yoast-seo-premium-wordpress\/ -->\n<title>On Off Strumpfhose Basisschicht-Tights Grau Melange f\u00fcr Training<\/title>\n<meta name=\"description\" content=\"On Off Strumpfhose Basisschicht-Tights mit Atmungsaktivit\u00e4t und W\u00e4rmeregulierung. ideal f\u00fcr Training und Winterwettk\u00e4mpfe \u2013 entdecken.\" \/>\n<meta name=\"robots\" content=\"index, follow, max-snippet:-1, max-image-preview:large, max-video-preview:-1\" \/>\n<link rel=\"canonical\" href=\"https:\/\/xmy.ch\/de\/prodotto\/on-off-strumpfhose-mann-grau-melange\/\" \/>\n<meta property=\"og:locale\" content=\"de_DE\" \/>\n<meta property=\"og:type\" content=\"article\" \/>\n<meta property=\"og:title\" content=\"On Off Strumpfhose Basisschicht-Tights Grau Melange\" \/>\n<meta property=\"og:description\" content=\"Hohe W\u00e4rme, Atmungsaktivit\u00e4t im Training. Jetzt entdecken.\" \/>\n<meta property=\"og:url\" content=\"https:\/\/xmy.ch\/de\/prodotto\/on-off-strumpfhose-mann-grau-melange\/\" \/>\n<meta property=\"og:site_name\" content=\"Xmy Sagl\" \/>\n<meta property=\"article:publisher\" content=\"https:\/\/www.facebook.com\/xmy.sagl\" \/>\n<meta property=\"og:image\" content=\"https:\/\/xmy.ch\/wp-content\/uploads\/2023\/10\/on-off-tights-m-grey.webp\" \/>\n\t<meta property=\"og:image:width\" content=\"549\" \/>\n\t<meta property=\"og:image:height\" content=\"712\" \/>\n\t<meta property=\"og:image:type\" content=\"image\/webp\" \/>\n<meta name=\"twitter:card\" content=\"summary_large_image\" \/>\n<meta name=\"twitter:title\" content=\"On Off Strumpfhose Basisschicht-Tights Grau Melange f\u00fcr Training\" \/>\n<meta name=\"twitter:description\" content=\"Warme Basisschicht mit Atmungsaktivit\u00e4t. Jetzt ansehen.\" \/>\n<meta name=\"twitter:label1\" content=\"Gesch\u00e4tzte Lesezeit\" \/>\n\t<meta name=\"twitter:data1\" content=\"1 minute\" \/>\n<script type=\"application\/ld+json\" class=\"yoast-schema-graph\">{\"@context\":\"https:\\\/\\\/schema.org\",\"@graph\":[{\"@type\":\"WebPage\",\"@id\":\"https:\\\/\\\/xmy.ch\\\/de\\\/prodotto\\\/on-off-strumpfhose-mann-grau-melange\\\/\",\"url\":\"https:\\\/\\\/xmy.ch\\\/de\\\/prodotto\\\/on-off-strumpfhose-mann-grau-melange\\\/\",\"name\":\"On Off Strumpfhose Basisschicht-Tights Grau Melange f\u00fcr Training\",\"isPartOf\":{\"@id\":\"https:\\\/\\\/xmy.ch\\\/de\\\/#website\"},\"primaryImageOfPage\":{\"@id\":\"https:\\\/\\\/xmy.ch\\\/de\\\/prodotto\\\/on-off-strumpfhose-mann-grau-melange\\\/#primaryimage\"},\"image\":{\"@id\":\"https:\\\/\\\/xmy.ch\\\/de\\\/prodotto\\\/on-off-strumpfhose-mann-grau-melange\\\/#primaryimage\"},\"thumbnailUrl\":\"https:\\\/\\\/xmy.ch\\\/wp-content\\\/uploads\\\/2023\\\/10\\\/on-off-tights-m-grey.webp\",\"datePublished\":\"2023-10-26T18:01:27+00:00\",\"description\":\"On Off Strumpfhose Basisschicht-Tights mit Atmungsaktivit\u00e4t und W\u00e4rmeregulierung. ideal f\u00fcr Training und Winterwettk\u00e4mpfe \u2013 entdecken.\",\"breadcrumb\":{\"@id\":\"https:\\\/\\\/xmy.ch\\\/de\\\/prodotto\\\/on-off-strumpfhose-mann-grau-melange\\\/#breadcrumb\"},\"inLanguage\":\"de-DE\",\"potentialAction\":[{\"@type\":\"ReadAction\",\"target\":[\"https:\\\/\\\/xmy.ch\\\/de\\\/prodotto\\\/on-off-strumpfhose-mann-grau-melange\\\/\"]}]},{\"@type\":\"ImageObject\",\"inLanguage\":\"de-DE\",\"@id\":\"https:\\\/\\\/xmy.ch\\\/de\\\/prodotto\\\/on-off-strumpfhose-mann-grau-melange\\\/#primaryimage\",\"url\":\"https:\\\/\\\/xmy.ch\\\/wp-content\\\/uploads\\\/2023\\\/10\\\/on-off-tights-m-grey.webp\",\"contentUrl\":\"https:\\\/\\\/xmy.ch\\\/wp-content\\\/uploads\\\/2023\\\/10\\\/on-off-tights-m-grey.webp\",\"width\":549,\"height\":712},{\"@type\":\"BreadcrumbList\",\"@id\":\"https:\\\/\\\/xmy.ch\\\/de\\\/prodotto\\\/on-off-strumpfhose-mann-grau-melange\\\/#breadcrumb\",\"itemListElement\":[{\"@type\":\"ListItem\",\"position\":1,\"name\":\"Home\",\"item\":\"https:\\\/\\\/xmy.ch\\\/de\\\/\"},{\"@type\":\"ListItem\",\"position\":2,\"name\":\"Shop\",\"item\":\"https:\\\/\\\/xmy.ch\\\/de\\\/shop-2\\\/\"},{\"@type\":\"ListItem\",\"position\":3,\"name\":\"On Off Strumpfhose Mann Grau Melange\"}]},{\"@type\":\"WebSite\",\"@id\":\"https:\\\/\\\/xmy.ch\\\/de\\\/#website\",\"url\":\"https:\\\/\\\/xmy.ch\\\/de\\\/\",\"name\":\"Xmy Sagl\",\"description\":\"\",\"publisher\":{\"@id\":\"https:\\\/\\\/xmy.ch\\\/de\\\/#organization\"},\"potentialAction\":[{\"@type\":\"SearchAction\",\"target\":{\"@type\":\"EntryPoint\",\"urlTemplate\":\"https:\\\/\\\/xmy.ch\\\/de\\\/?s={search_term_string}\"},\"query-input\":{\"@type\":\"PropertyValueSpecification\",\"valueRequired\":true,\"valueName\":\"search_term_string\"}}],\"inLanguage\":\"de-DE\"},{\"@type\":\"Organization\",\"@id\":\"https:\\\/\\\/xmy.ch\\\/de\\\/#organization\",\"name\":\"Xmy Sagl\",\"url\":\"https:\\\/\\\/xmy.ch\\\/de\\\/\",\"logo\":{\"@type\":\"ImageObject\",\"inLanguage\":\"de-DE\",\"@id\":\"https:\\\/\\\/xmy.ch\\\/de\\\/#\\\/schema\\\/logo\\\/image\\\/\",\"url\":\"https:\\\/\\\/xmy.ch\\\/wp-content\\\/uploads\\\/2024\\\/02\\\/XMY_UNI_B.webp\",\"contentUrl\":\"https:\\\/\\\/xmy.ch\\\/wp-content\\\/uploads\\\/2024\\\/02\\\/XMY_UNI_B.webp\",\"width\":1459,\"height\":421,\"caption\":\"Xmy Sagl\"},\"image\":{\"@id\":\"https:\\\/\\\/xmy.ch\\\/de\\\/#\\\/schema\\\/logo\\\/image\\\/\"},\"sameAs\":[\"https:\\\/\\\/www.facebook.com\\\/xmy.sagl\",\"https:\\\/\\\/www.instagram.com\\\/xmy.sagl\\\/\"]}]}<\/script>\n<!-- \/ Yoast SEO Premium plugin. -->","yoast_head_json":{"title":"On Off Strumpfhose Basisschicht-Tights Grau Melange f\u00fcr Training","description":"On Off Strumpfhose Basisschicht-Tights mit Atmungsaktivit\u00e4t und W\u00e4rmeregulierung. ideal f\u00fcr Training und Winterwettk\u00e4mpfe \u2013 entdecken.","robots":{"index":"index","follow":"follow","max-snippet":"max-snippet:-1","max-image-preview":"max-image-preview:large","max-video-preview":"max-video-preview:-1"},"canonical":"https:\/\/xmy.ch\/de\/prodotto\/on-off-strumpfhose-mann-grau-melange\/","og_locale":"de_DE","og_type":"article","og_title":"On Off Strumpfhose Basisschicht-Tights Grau Melange","og_description":"Hohe W\u00e4rme, Atmungsaktivit\u00e4t im Training. Jetzt entdecken.","og_url":"https:\/\/xmy.ch\/de\/prodotto\/on-off-strumpfhose-mann-grau-melange\/","og_site_name":"Xmy Sagl","article_publisher":"https:\/\/www.facebook.com\/xmy.sagl","og_image":[{"width":549,"height":712,"url":"https:\/\/xmy.ch\/wp-content\/uploads\/2023\/10\/on-off-tights-m-grey.webp","type":"image\/webp"}],"twitter_card":"summary_large_image","twitter_title":"On Off Strumpfhose Basisschicht-Tights Grau Melange f\u00fcr Training","twitter_description":"Warme Basisschicht mit Atmungsaktivit\u00e4t. Jetzt ansehen.","twitter_misc":{"Gesch\u00e4tzte Lesezeit":"1 minute"},"schema":{"@context":"https:\/\/schema.org","@graph":[{"@type":"WebPage","@id":"https:\/\/xmy.ch\/de\/prodotto\/on-off-strumpfhose-mann-grau-melange\/","url":"https:\/\/xmy.ch\/de\/prodotto\/on-off-strumpfhose-mann-grau-melange\/","name":"On Off Strumpfhose Basisschicht-Tights Grau Melange f\u00fcr Training","isPartOf":{"@id":"https:\/\/xmy.ch\/de\/#website"},"primaryImageOfPage":{"@id":"https:\/\/xmy.ch\/de\/prodotto\/on-off-strumpfhose-mann-grau-melange\/#primaryimage"},"image":{"@id":"https:\/\/xmy.ch\/de\/prodotto\/on-off-strumpfhose-mann-grau-melange\/#primaryimage"},"thumbnailUrl":"https:\/\/xmy.ch\/wp-content\/uploads\/2023\/10\/on-off-tights-m-grey.webp","datePublished":"2023-10-26T18:01:27+00:00","description":"On Off Strumpfhose Basisschicht-Tights mit Atmungsaktivit\u00e4t und W\u00e4rmeregulierung. ideal f\u00fcr Training und Winterwettk\u00e4mpfe \u2013 entdecken.","breadcrumb":{"@id":"https:\/\/xmy.ch\/de\/prodotto\/on-off-strumpfhose-mann-grau-melange\/#breadcrumb"},"inLanguage":"de-DE","potentialAction":[{"@type":"ReadAction","target":["https:\/\/xmy.ch\/de\/prodotto\/on-off-strumpfhose-mann-grau-melange\/"]}]},{"@type":"ImageObject","inLanguage":"de-DE","@id":"https:\/\/xmy.ch\/de\/prodotto\/on-off-strumpfhose-mann-grau-melange\/#primaryimage","url":"https:\/\/xmy.ch\/wp-content\/uploads\/2023\/10\/on-off-tights-m-grey.webp","contentUrl":"https:\/\/xmy.ch\/wp-content\/uploads\/2023\/10\/on-off-tights-m-grey.webp","width":549,"height":712},{"@type":"BreadcrumbList","@id":"https:\/\/xmy.ch\/de\/prodotto\/on-off-strumpfhose-mann-grau-melange\/#breadcrumb","itemListElement":[{"@type":"ListItem","position":1,"name":"Home","item":"https:\/\/xmy.ch\/de\/"},{"@type":"ListItem","position":2,"name":"Shop","item":"https:\/\/xmy.ch\/de\/shop-2\/"},{"@type":"ListItem","position":3,"name":"On Off Strumpfhose Mann Grau Melange"}]},{"@type":"WebSite","@id":"https:\/\/xmy.ch\/de\/#website","url":"https:\/\/xmy.ch\/de\/","name":"Xmy Sagl","description":"","publisher":{"@id":"https:\/\/xmy.ch\/de\/#organization"},"potentialAction":[{"@type":"SearchAction","target":{"@type":"EntryPoint","urlTemplate":"https:\/\/xmy.ch\/de\/?s={search_term_string}"},"query-input":{"@type":"PropertyValueSpecification","valueRequired":true,"valueName":"search_term_string"}}],"inLanguage":"de-DE"},{"@type":"Organization","@id":"https:\/\/xmy.ch\/de\/#organization","name":"Xmy Sagl","url":"https:\/\/xmy.ch\/de\/","logo":{"@type":"ImageObject","inLanguage":"de-DE","@id":"https:\/\/xmy.ch\/de\/#\/schema\/logo\/image\/","url":"https:\/\/xmy.ch\/wp-content\/uploads\/2024\/02\/XMY_UNI_B.webp","contentUrl":"https:\/\/xmy.ch\/wp-content\/uploads\/2024\/02\/XMY_UNI_B.webp","width":1459,"height":421,"caption":"Xmy Sagl"},"image":{"@id":"https:\/\/xmy.ch\/de\/#\/schema\/logo\/image\/"},"sameAs":["https:\/\/www.facebook.com\/xmy.sagl","https:\/\/www.instagram.com\/xmy.sagl\/"]}]}},"_links":{"self":[{"href":"https:\/\/xmy.ch\/de\/wp-json\/wp\/v2\/product\/5874","targetHints":{"allow":["GET"]}}],"collection":[{"href":"https:\/\/xmy.ch\/de\/wp-json\/wp\/v2\/product"}],"about":[{"href":"https:\/\/xmy.ch\/de\/wp-json\/wp\/v2\/types\/product"}],"replies":[{"embeddable":true,"href":"https:\/\/xmy.ch\/de\/wp-json\/wp\/v2\/comments?post=5874"}],"wp:featuredmedia":[{"embeddable":true,"href":"https:\/\/xmy.ch\/de\/wp-json\/wp\/v2\/media\/3664"}],"wp:attachment":[{"href":"https:\/\/xmy.ch\/de\/wp-json\/wp\/v2\/media?parent=5874"}],"wp:term":[{"taxonomy":"product_brand","embeddable":true,"href":"https:\/\/xmy.ch\/de\/wp-json\/wp\/v2\/product_brand?post=5874"},{"taxonomy":"product_cat","embeddable":true,"href":"https:\/\/xmy.ch\/de\/wp-json\/wp\/v2\/product_cat?post=5874"},{"taxonomy":"product_tag","embeddable":true,"href":"https:\/\/xmy.ch\/de\/wp-json\/wp\/v2\/product_tag?post=5874"}],"curies":[{"name":"wp","href":"https:\/\/api.w.org\/{rel}","templated":true}]}}