{"id":5865,"date":"2023-10-26T20:13:00","date_gmt":"2023-10-26T18:13:00","guid":{"rendered":"https:\/\/xmy.ch\/prodotto\/nahtlose-hose-mood-indigo\/"},"modified":"2023-10-26T20:13:00","modified_gmt":"2023-10-26T18:13:00","slug":"nahtlose-hose-mood-indigo","status":"publish","type":"product","link":"https:\/\/xmy.ch\/de\/prodotto\/nahtlose-hose-mood-indigo\/","title":{"rendered":"Nahtlose Hose Mood Indigo"},"content":{"rendered":"<p>Vielseitige und modische Jogginghose mit optimaler Thermoregulierung zum Aufw\u00e4rmen, Abk\u00fchlen oder Entspannen.<\/p>\n<p>Das Gef\u00fchl von schweren Beinen nach dem Training, wenn man sich nur noch auf die Couch legen will&#8230; und nie wieder enge Kleidung tragen will. Es ist nur vor\u00fcbergehend, aber wir haben es alle schon erlebt. Unsere Profisportler empfehlen die nahtlose Hose f\u00fcr einen entspannten und gem\u00fctlichen Komfort nach dem Training. Nicht nur zur Entspannung, sondern auch zum Aufw\u00e4rmen oder Abk\u00fchlen ist diese Sporthose vielseitig einsetzbar und kann auch \u00fcber Laufshorts getragen werden. Das einzigartige Mikrofasergestrick f\u00f6rdert die Luftzirkulation, so dass die K\u00f6rpertemperatur auch in kalten Umgebungen stabil bleibt. Das weiche Frottee auf der Innenseite liegt warm und weich auf der Haut. Unser exklusives nahtloses Compressport-Gewebe verhindert jegliches Risiko von Scheuern, Reizungen und Juckreiz, w\u00e4hrend die nat\u00fcrlichen schwei\u00dfabsorbierenden Eigenschaften des Gewebes unangenehme Ger\u00fcche begrenzen. Die Hose ist an den Oberschenkeln breiter und bietet so volle Bewegungsfreiheit. Sie kann \u00fcber Jogginghosen oder in Kombination mit Kompressionsleggings zur Erholung getragen werden. Der breite elastische Bund ist flach und bequem, w\u00e4hrend das taillierte Bein leichten Halt mit einem l\u00e4ssigen und eleganten Design kombiniert. Sie passen zu unserem nahtlosen Sweatshirt mit Rei\u00dfverschluss oder unserem 3D-Thermo-Kapuzenpullover f\u00fcr sportlich-schicken Komfort.<\/p>\n<p>60% Polyamid 36% Polyester 4% Elastan<\/p>\n<p><img decoding=\"async\" class=\"w-50 my-2\" src=\"https:\/\/www.compressport.com\/ch\/img\/prods_entretien.png\"><\/p>\n","protected":false},"excerpt":{"rendered":"<p>Vielseitige und modische Jogginghose mit optimaler Thermoregulierung zum Aufw\u00e4rmen, Abk\u00fchlen oder Entspannen.<\/p>\n","protected":false},"featured_media":3681,"comment_status":"open","ping_status":"closed","template":"","meta":[],"product_brand":[],"product_cat":[298],"product_tag":[271,272],"class_list":{"0":"post-5865","1":"product","2":"type-product","3":"status-publish","4":"has-post-thumbnail","6":"product_cat-shorts-hosen","7":"product_tag-frau","8":"product_tag-mann","10":"first","11":"instock","12":"taxable","13":"shipping-taxable","14":"purchasable","15":"product-type-variable"},"yoast_head":"<!-- This site is optimized with the Yoast SEO Premium plugin v27.5 (Yoast SEO v27.5) - https:\/\/yoast.com\/product\/yoast-seo-premium-wordpress\/ -->\n<title>Mood Indigo Nahtlose Hose \u2013 Komfort nach dem Training<\/title>\n<meta name=\"description\" content=\"Mood Indigo nahtlose Hose bietet vielseitigen Komfort, optimale Thermoregulierung und Erholung nach dem Training. Jetzt entdecken und entspannen.\" \/>\n<meta name=\"robots\" content=\"index, follow, max-snippet:-1, max-image-preview:large, max-video-preview:-1\" \/>\n<link rel=\"canonical\" href=\"https:\/\/xmy.ch\/de\/prodotto\/nahtlose-hose-mood-indigo\/\" \/>\n<meta property=\"og:locale\" content=\"de_DE\" \/>\n<meta property=\"og:type\" content=\"article\" \/>\n<meta property=\"og:title\" content=\"Mood Indigo Nahtlose Hose \u2013 Komfort nach dem Training\" \/>\n<meta property=\"og:description\" content=\"Mood Indigo nahtlose Hose bietet vielseitigen Komfort und Erholung nach dem Training. Jetzt entdecken.\" \/>\n<meta property=\"og:url\" content=\"https:\/\/xmy.ch\/de\/prodotto\/nahtlose-hose-mood-indigo\/\" \/>\n<meta property=\"og:site_name\" content=\"Xmy Sagl\" \/>\n<meta property=\"article:publisher\" content=\"https:\/\/www.facebook.com\/xmy.sagl\" \/>\n<meta property=\"og:image\" content=\"https:\/\/xmy.ch\/wp-content\/uploads\/2023\/10\/seamless-pants-mood-indigo-melange.webp\" \/>\n\t<meta property=\"og:image:width\" content=\"549\" \/>\n\t<meta property=\"og:image:height\" content=\"712\" \/>\n\t<meta property=\"og:image:type\" content=\"image\/webp\" \/>\n<meta name=\"twitter:card\" content=\"summary_large_image\" \/>\n<meta name=\"twitter:title\" content=\"Mood IndigoNahtlose Hose \u2013 Optimaler Komfort\" \/>\n<meta name=\"twitter:description\" content=\"Perfekt zum Aufw\u00e4rmen, Abk\u00fchlen oder Entspannen \u2013 entdecke Mood Indigo jetzt.\" \/>\n<meta name=\"twitter:label1\" content=\"Gesch\u00e4tzte Lesezeit\" \/>\n\t<meta name=\"twitter:data1\" content=\"1 minute\" \/>\n<script type=\"application\/ld+json\" class=\"yoast-schema-graph\">{\"@context\":\"https:\\\/\\\/schema.org\",\"@graph\":[{\"@type\":\"WebPage\",\"@id\":\"https:\\\/\\\/xmy.ch\\\/de\\\/prodotto\\\/nahtlose-hose-mood-indigo\\\/\",\"url\":\"https:\\\/\\\/xmy.ch\\\/de\\\/prodotto\\\/nahtlose-hose-mood-indigo\\\/\",\"name\":\"Mood Indigo Nahtlose Hose \u2013 Komfort nach dem Training\",\"isPartOf\":{\"@id\":\"https:\\\/\\\/xmy.ch\\\/de\\\/#website\"},\"primaryImageOfPage\":{\"@id\":\"https:\\\/\\\/xmy.ch\\\/de\\\/prodotto\\\/nahtlose-hose-mood-indigo\\\/#primaryimage\"},\"image\":{\"@id\":\"https:\\\/\\\/xmy.ch\\\/de\\\/prodotto\\\/nahtlose-hose-mood-indigo\\\/#primaryimage\"},\"thumbnailUrl\":\"https:\\\/\\\/xmy.ch\\\/wp-content\\\/uploads\\\/2023\\\/10\\\/seamless-pants-mood-indigo-melange.webp\",\"datePublished\":\"2023-10-26T18:13:00+00:00\",\"description\":\"Mood Indigo nahtlose Hose bietet vielseitigen Komfort, optimale Thermoregulierung und Erholung nach dem Training. Jetzt entdecken und entspannen.\",\"breadcrumb\":{\"@id\":\"https:\\\/\\\/xmy.ch\\\/de\\\/prodotto\\\/nahtlose-hose-mood-indigo\\\/#breadcrumb\"},\"inLanguage\":\"de-DE\",\"potentialAction\":[{\"@type\":\"ReadAction\",\"target\":[\"https:\\\/\\\/xmy.ch\\\/de\\\/prodotto\\\/nahtlose-hose-mood-indigo\\\/\"]}]},{\"@type\":\"ImageObject\",\"inLanguage\":\"de-DE\",\"@id\":\"https:\\\/\\\/xmy.ch\\\/de\\\/prodotto\\\/nahtlose-hose-mood-indigo\\\/#primaryimage\",\"url\":\"https:\\\/\\\/xmy.ch\\\/wp-content\\\/uploads\\\/2023\\\/10\\\/seamless-pants-mood-indigo-melange.webp\",\"contentUrl\":\"https:\\\/\\\/xmy.ch\\\/wp-content\\\/uploads\\\/2023\\\/10\\\/seamless-pants-mood-indigo-melange.webp\",\"width\":549,\"height\":712},{\"@type\":\"BreadcrumbList\",\"@id\":\"https:\\\/\\\/xmy.ch\\\/de\\\/prodotto\\\/nahtlose-hose-mood-indigo\\\/#breadcrumb\",\"itemListElement\":[{\"@type\":\"ListItem\",\"position\":1,\"name\":\"Home\",\"item\":\"https:\\\/\\\/xmy.ch\\\/de\\\/\"},{\"@type\":\"ListItem\",\"position\":2,\"name\":\"Shop\",\"item\":\"https:\\\/\\\/xmy.ch\\\/de\\\/shop-2\\\/\"},{\"@type\":\"ListItem\",\"position\":3,\"name\":\"Nahtlose Hose Mood Indigo\"}]},{\"@type\":\"WebSite\",\"@id\":\"https:\\\/\\\/xmy.ch\\\/de\\\/#website\",\"url\":\"https:\\\/\\\/xmy.ch\\\/de\\\/\",\"name\":\"Xmy Sagl\",\"description\":\"\",\"publisher\":{\"@id\":\"https:\\\/\\\/xmy.ch\\\/de\\\/#organization\"},\"potentialAction\":[{\"@type\":\"SearchAction\",\"target\":{\"@type\":\"EntryPoint\",\"urlTemplate\":\"https:\\\/\\\/xmy.ch\\\/de\\\/?s={search_term_string}\"},\"query-input\":{\"@type\":\"PropertyValueSpecification\",\"valueRequired\":true,\"valueName\":\"search_term_string\"}}],\"inLanguage\":\"de-DE\"},{\"@type\":\"Organization\",\"@id\":\"https:\\\/\\\/xmy.ch\\\/de\\\/#organization\",\"name\":\"Xmy Sagl\",\"url\":\"https:\\\/\\\/xmy.ch\\\/de\\\/\",\"logo\":{\"@type\":\"ImageObject\",\"inLanguage\":\"de-DE\",\"@id\":\"https:\\\/\\\/xmy.ch\\\/de\\\/#\\\/schema\\\/logo\\\/image\\\/\",\"url\":\"https:\\\/\\\/xmy.ch\\\/wp-content\\\/uploads\\\/2024\\\/02\\\/XMY_UNI_B.webp\",\"contentUrl\":\"https:\\\/\\\/xmy.ch\\\/wp-content\\\/uploads\\\/2024\\\/02\\\/XMY_UNI_B.webp\",\"width\":1459,\"height\":421,\"caption\":\"Xmy Sagl\"},\"image\":{\"@id\":\"https:\\\/\\\/xmy.ch\\\/de\\\/#\\\/schema\\\/logo\\\/image\\\/\"},\"sameAs\":[\"https:\\\/\\\/www.facebook.com\\\/xmy.sagl\",\"https:\\\/\\\/www.instagram.com\\\/xmy.sagl\\\/\"]}]}<\/script>\n<!-- \/ Yoast SEO Premium plugin. -->","yoast_head_json":{"title":"Mood Indigo Nahtlose Hose \u2013 Komfort nach dem Training","description":"Mood Indigo nahtlose Hose bietet vielseitigen Komfort, optimale Thermoregulierung und Erholung nach dem Training. Jetzt entdecken und entspannen.","robots":{"index":"index","follow":"follow","max-snippet":"max-snippet:-1","max-image-preview":"max-image-preview:large","max-video-preview":"max-video-preview:-1"},"canonical":"https:\/\/xmy.ch\/de\/prodotto\/nahtlose-hose-mood-indigo\/","og_locale":"de_DE","og_type":"article","og_title":"Mood Indigo Nahtlose Hose \u2013 Komfort nach dem Training","og_description":"Mood Indigo nahtlose Hose bietet vielseitigen Komfort und Erholung nach dem Training. Jetzt entdecken.","og_url":"https:\/\/xmy.ch\/de\/prodotto\/nahtlose-hose-mood-indigo\/","og_site_name":"Xmy Sagl","article_publisher":"https:\/\/www.facebook.com\/xmy.sagl","og_image":[{"width":549,"height":712,"url":"https:\/\/xmy.ch\/wp-content\/uploads\/2023\/10\/seamless-pants-mood-indigo-melange.webp","type":"image\/webp"}],"twitter_card":"summary_large_image","twitter_title":"Mood IndigoNahtlose Hose \u2013 Optimaler Komfort","twitter_description":"Perfekt zum Aufw\u00e4rmen, Abk\u00fchlen oder Entspannen \u2013 entdecke Mood Indigo jetzt.","twitter_misc":{"Gesch\u00e4tzte Lesezeit":"1 minute"},"schema":{"@context":"https:\/\/schema.org","@graph":[{"@type":"WebPage","@id":"https:\/\/xmy.ch\/de\/prodotto\/nahtlose-hose-mood-indigo\/","url":"https:\/\/xmy.ch\/de\/prodotto\/nahtlose-hose-mood-indigo\/","name":"Mood Indigo Nahtlose Hose \u2013 Komfort nach dem Training","isPartOf":{"@id":"https:\/\/xmy.ch\/de\/#website"},"primaryImageOfPage":{"@id":"https:\/\/xmy.ch\/de\/prodotto\/nahtlose-hose-mood-indigo\/#primaryimage"},"image":{"@id":"https:\/\/xmy.ch\/de\/prodotto\/nahtlose-hose-mood-indigo\/#primaryimage"},"thumbnailUrl":"https:\/\/xmy.ch\/wp-content\/uploads\/2023\/10\/seamless-pants-mood-indigo-melange.webp","datePublished":"2023-10-26T18:13:00+00:00","description":"Mood Indigo nahtlose Hose bietet vielseitigen Komfort, optimale Thermoregulierung und Erholung nach dem Training. Jetzt entdecken und entspannen.","breadcrumb":{"@id":"https:\/\/xmy.ch\/de\/prodotto\/nahtlose-hose-mood-indigo\/#breadcrumb"},"inLanguage":"de-DE","potentialAction":[{"@type":"ReadAction","target":["https:\/\/xmy.ch\/de\/prodotto\/nahtlose-hose-mood-indigo\/"]}]},{"@type":"ImageObject","inLanguage":"de-DE","@id":"https:\/\/xmy.ch\/de\/prodotto\/nahtlose-hose-mood-indigo\/#primaryimage","url":"https:\/\/xmy.ch\/wp-content\/uploads\/2023\/10\/seamless-pants-mood-indigo-melange.webp","contentUrl":"https:\/\/xmy.ch\/wp-content\/uploads\/2023\/10\/seamless-pants-mood-indigo-melange.webp","width":549,"height":712},{"@type":"BreadcrumbList","@id":"https:\/\/xmy.ch\/de\/prodotto\/nahtlose-hose-mood-indigo\/#breadcrumb","itemListElement":[{"@type":"ListItem","position":1,"name":"Home","item":"https:\/\/xmy.ch\/de\/"},{"@type":"ListItem","position":2,"name":"Shop","item":"https:\/\/xmy.ch\/de\/shop-2\/"},{"@type":"ListItem","position":3,"name":"Nahtlose Hose Mood Indigo"}]},{"@type":"WebSite","@id":"https:\/\/xmy.ch\/de\/#website","url":"https:\/\/xmy.ch\/de\/","name":"Xmy Sagl","description":"","publisher":{"@id":"https:\/\/xmy.ch\/de\/#organization"},"potentialAction":[{"@type":"SearchAction","target":{"@type":"EntryPoint","urlTemplate":"https:\/\/xmy.ch\/de\/?s={search_term_string}"},"query-input":{"@type":"PropertyValueSpecification","valueRequired":true,"valueName":"search_term_string"}}],"inLanguage":"de-DE"},{"@type":"Organization","@id":"https:\/\/xmy.ch\/de\/#organization","name":"Xmy Sagl","url":"https:\/\/xmy.ch\/de\/","logo":{"@type":"ImageObject","inLanguage":"de-DE","@id":"https:\/\/xmy.ch\/de\/#\/schema\/logo\/image\/","url":"https:\/\/xmy.ch\/wp-content\/uploads\/2024\/02\/XMY_UNI_B.webp","contentUrl":"https:\/\/xmy.ch\/wp-content\/uploads\/2024\/02\/XMY_UNI_B.webp","width":1459,"height":421,"caption":"Xmy Sagl"},"image":{"@id":"https:\/\/xmy.ch\/de\/#\/schema\/logo\/image\/"},"sameAs":["https:\/\/www.facebook.com\/xmy.sagl","https:\/\/www.instagram.com\/xmy.sagl\/"]}]}},"_links":{"self":[{"href":"https:\/\/xmy.ch\/de\/wp-json\/wp\/v2\/product\/5865","targetHints":{"allow":["GET"]}}],"collection":[{"href":"https:\/\/xmy.ch\/de\/wp-json\/wp\/v2\/product"}],"about":[{"href":"https:\/\/xmy.ch\/de\/wp-json\/wp\/v2\/types\/product"}],"replies":[{"embeddable":true,"href":"https:\/\/xmy.ch\/de\/wp-json\/wp\/v2\/comments?post=5865"}],"wp:featuredmedia":[{"embeddable":true,"href":"https:\/\/xmy.ch\/de\/wp-json\/wp\/v2\/media\/3681"}],"wp:attachment":[{"href":"https:\/\/xmy.ch\/de\/wp-json\/wp\/v2\/media?parent=5865"}],"wp:term":[{"taxonomy":"product_brand","embeddable":true,"href":"https:\/\/xmy.ch\/de\/wp-json\/wp\/v2\/product_brand?post=5865"},{"taxonomy":"product_cat","embeddable":true,"href":"https:\/\/xmy.ch\/de\/wp-json\/wp\/v2\/product_cat?post=5865"},{"taxonomy":"product_tag","embeddable":true,"href":"https:\/\/xmy.ch\/de\/wp-json\/wp\/v2\/product_tag?post=5865"}],"curies":[{"name":"wp","href":"https:\/\/api.w.org\/{rel}","templated":true}]}}