{"id":5847,"date":"2023-10-25T21:19:00","date_gmt":"2023-10-25T19:19:00","guid":{"rendered":"https:\/\/xmy.ch\/prodotto\/free-belt-mini-schwarz\/"},"modified":"2023-10-25T21:19:00","modified_gmt":"2023-10-25T19:19:00","slug":"free-belt-mini-schwarz","status":"publish","type":"product","link":"https:\/\/xmy.ch\/de\/prodotto\/free-belt-mini-schwarz\/","title":{"rendered":"Free Belt mini Schwarz"},"content":{"rendered":"<p>Leichter, scheuerfreier und federnder Trailrunning-G\u00fcrtel zum Tragen von St\u00f6cken und wichtigen Lebensmitteln.<\/p>\n<p>Der Free Belt Mini vervollst\u00e4ndigt unsere Free Belt-Familie und wurde in erster Linie entwickelt, um eines der h\u00e4ufigsten Probleme von Trailrunnern zu l\u00f6sen: Wohin mit den St\u00f6cken? Mit seiner geringen H\u00f6he und den optimierten \u00d6sen f\u00fcr St\u00f6cke ist dieser ergonomische und komfortable G\u00fcrtel ideal f\u00fcr alle, die eine praktische und leichte L\u00f6sung suchen. Er liegt tiefer als die gr\u00f6\u00dferen Gurte und ist so konzipiert, dass er bei langen Strecken keinen Druck auf den Bauchbereich aus\u00fcbt. Die neu entwickelten elastischen Stockhalterungen &#8211; zwei gr\u00f6\u00dfere diagonale Ringe mit doppeltem Anti-Rutsch-Silikon und zwei kleinere f\u00fcr die Stabilit\u00e4t &#8211; halten die einziehbaren St\u00f6cke fest an ihrem Platz und sorgen daf\u00fcr, dass sie immer in Reichweite sind, wenn der Weg unwegsam wird. Wenn Stunden vergangen sind und die M\u00fcdigkeit zunimmt, ziehen Sie die St\u00f6cke einfach mit einer schnellen Bewegung heraus, ohne Verrenkungen oder Armbewegungen. Der Freebelt Mini ist aus dem gleichen atmungsaktiven Netzgewebe gefertigt wie seine gr\u00f6\u00dferen Verwandten, mit nahtlosen und sehr weichen Mikrofasern, die ein Scheuern und H\u00fcpfen verhindern. Dar\u00fcber hinaus ist die Innenseite des G\u00fcrtels an drei strategischen Punkten gepolstert, um Reibung durch Stockdruck zu vermeiden. Nicht zuletzt erm\u00f6glicht der leicht zug\u00e4ngliche 360-Grad-Stauraum auch die Aufbewahrung von Hausschl\u00fcsseln oder ein paar Energiegels. Perfekt f\u00fcr eine schnelle Tour am Abend oder in Kombination mit einem Rucksack f\u00fcr k\u00fcrzere Strecken. H\u00f6he: 8 cm<\/p>\n<p>87% Polyamid, 12% Elastan, 1% Polypropyl\u00e8ne<\/p>\n<p><img decoding=\"async\" class=\"w-50 my-2\" src=\"https:\/\/www.compressport.com\/ch\/img\/prods_entretien.png\"><\/p>\n","protected":false},"excerpt":{"rendered":"<p>Leichter, scheuerfreier und federnder Trailrunning-G\u00fcrtel zum Tragen von St\u00f6cken und wichtigen Lebensmitteln.<\/p>\n","protected":false},"featured_media":3622,"comment_status":"open","ping_status":"closed","template":"","meta":[],"product_brand":[],"product_cat":[266],"product_tag":[271,272],"class_list":{"0":"post-5847","1":"product","2":"type-product","3":"status-publish","4":"has-post-thumbnail","6":"product_cat-zubehor","7":"product_tag-frau","8":"product_tag-mann","10":"first","11":"instock","12":"taxable","13":"shipping-taxable","14":"purchasable","15":"product-type-variable"},"yoast_head":"<!-- This site is optimized with the Yoast SEO Premium plugin v27.5 (Yoast SEO v27.5) - https:\/\/yoast.com\/product\/yoast-seo-premium-wordpress\/ -->\n<title>Free Belt Mini Schwarz \u2013 Leicht, bequem &amp; kompakt<\/title>\n<meta name=\"description\" content=\"Free Belt Mini Schwarz ist der leichte Trailrunning-G\u00fcrtel f\u00fcr St\u00f6cke und Essentials. Ergonomisch, atmungsaktiv und komfortabel \u2013 jetzt entdecken.\" \/>\n<meta name=\"robots\" content=\"index, follow, max-snippet:-1, max-image-preview:large, max-video-preview:-1\" \/>\n<link rel=\"canonical\" href=\"https:\/\/xmy.ch\/de\/prodotto\/free-belt-mini-schwarz\/\" \/>\n<meta property=\"og:locale\" content=\"de_DE\" \/>\n<meta property=\"og:type\" content=\"article\" \/>\n<meta property=\"og:title\" content=\"Free Belt Mini Schwarz \u2013 Trailrunning-G\u00fcrtel\" \/>\n<meta property=\"og:description\" content=\"Ergonomisch, leicht &amp; praktisch f\u00fcr St\u00f6cke \u2013 jetzt entdecken.\" \/>\n<meta property=\"og:url\" content=\"https:\/\/xmy.ch\/de\/prodotto\/free-belt-mini-schwarz\/\" \/>\n<meta property=\"og:site_name\" content=\"Xmy Sagl\" \/>\n<meta property=\"article:publisher\" content=\"https:\/\/www.facebook.com\/xmy.sagl\" \/>\n<meta property=\"og:image\" content=\"https:\/\/xmy.ch\/wp-content\/uploads\/2023\/10\/free-belt-mini-black.png\" \/>\n\t<meta property=\"og:image:width\" content=\"549\" \/>\n\t<meta property=\"og:image:height\" content=\"712\" \/>\n\t<meta property=\"og:image:type\" content=\"image\/png\" \/>\n<meta name=\"twitter:card\" content=\"summary_large_image\" \/>\n<meta name=\"twitter:title\" content=\"Free Belt Mini Schwarz \u2013 Leichter Trailg\u00fcrtel\" \/>\n<meta name=\"twitter:description\" content=\"Stockhalterungen &amp; bequemes Tragegef\u00fchl f\u00fcr die n\u00e4chste Runde \u2013 jetzt ansehen.\" \/>\n<meta name=\"twitter:label1\" content=\"Gesch\u00e4tzte Lesezeit\" \/>\n\t<meta name=\"twitter:data1\" content=\"1 minute\" \/>\n<script type=\"application\/ld+json\" class=\"yoast-schema-graph\">{\"@context\":\"https:\\\/\\\/schema.org\",\"@graph\":[{\"@type\":\"WebPage\",\"@id\":\"https:\\\/\\\/xmy.ch\\\/de\\\/prodotto\\\/free-belt-mini-schwarz\\\/\",\"url\":\"https:\\\/\\\/xmy.ch\\\/de\\\/prodotto\\\/free-belt-mini-schwarz\\\/\",\"name\":\"Free Belt Mini Schwarz \u2013 Leicht, bequem &amp; kompakt\",\"isPartOf\":{\"@id\":\"https:\\\/\\\/xmy.ch\\\/de\\\/#website\"},\"primaryImageOfPage\":{\"@id\":\"https:\\\/\\\/xmy.ch\\\/de\\\/prodotto\\\/free-belt-mini-schwarz\\\/#primaryimage\"},\"image\":{\"@id\":\"https:\\\/\\\/xmy.ch\\\/de\\\/prodotto\\\/free-belt-mini-schwarz\\\/#primaryimage\"},\"thumbnailUrl\":\"https:\\\/\\\/xmy.ch\\\/wp-content\\\/uploads\\\/2023\\\/10\\\/free-belt-mini-black.png\",\"datePublished\":\"2023-10-25T19:19:00+00:00\",\"description\":\"Free Belt Mini Schwarz ist der leichte Trailrunning-G\u00fcrtel f\u00fcr St\u00f6cke und Essentials. Ergonomisch, atmungsaktiv und komfortabel \u2013 jetzt entdecken.\",\"breadcrumb\":{\"@id\":\"https:\\\/\\\/xmy.ch\\\/de\\\/prodotto\\\/free-belt-mini-schwarz\\\/#breadcrumb\"},\"inLanguage\":\"de-DE\",\"potentialAction\":[{\"@type\":\"ReadAction\",\"target\":[\"https:\\\/\\\/xmy.ch\\\/de\\\/prodotto\\\/free-belt-mini-schwarz\\\/\"]}]},{\"@type\":\"ImageObject\",\"inLanguage\":\"de-DE\",\"@id\":\"https:\\\/\\\/xmy.ch\\\/de\\\/prodotto\\\/free-belt-mini-schwarz\\\/#primaryimage\",\"url\":\"https:\\\/\\\/xmy.ch\\\/wp-content\\\/uploads\\\/2023\\\/10\\\/free-belt-mini-black.png\",\"contentUrl\":\"https:\\\/\\\/xmy.ch\\\/wp-content\\\/uploads\\\/2023\\\/10\\\/free-belt-mini-black.png\",\"width\":549,\"height\":712},{\"@type\":\"BreadcrumbList\",\"@id\":\"https:\\\/\\\/xmy.ch\\\/de\\\/prodotto\\\/free-belt-mini-schwarz\\\/#breadcrumb\",\"itemListElement\":[{\"@type\":\"ListItem\",\"position\":1,\"name\":\"Home\",\"item\":\"https:\\\/\\\/xmy.ch\\\/de\\\/\"},{\"@type\":\"ListItem\",\"position\":2,\"name\":\"Shop\",\"item\":\"https:\\\/\\\/xmy.ch\\\/de\\\/shop-2\\\/\"},{\"@type\":\"ListItem\",\"position\":3,\"name\":\"Free Belt mini Schwarz\"}]},{\"@type\":\"WebSite\",\"@id\":\"https:\\\/\\\/xmy.ch\\\/de\\\/#website\",\"url\":\"https:\\\/\\\/xmy.ch\\\/de\\\/\",\"name\":\"Xmy Sagl\",\"description\":\"\",\"publisher\":{\"@id\":\"https:\\\/\\\/xmy.ch\\\/de\\\/#organization\"},\"potentialAction\":[{\"@type\":\"SearchAction\",\"target\":{\"@type\":\"EntryPoint\",\"urlTemplate\":\"https:\\\/\\\/xmy.ch\\\/de\\\/?s={search_term_string}\"},\"query-input\":{\"@type\":\"PropertyValueSpecification\",\"valueRequired\":true,\"valueName\":\"search_term_string\"}}],\"inLanguage\":\"de-DE\"},{\"@type\":\"Organization\",\"@id\":\"https:\\\/\\\/xmy.ch\\\/de\\\/#organization\",\"name\":\"Xmy Sagl\",\"url\":\"https:\\\/\\\/xmy.ch\\\/de\\\/\",\"logo\":{\"@type\":\"ImageObject\",\"inLanguage\":\"de-DE\",\"@id\":\"https:\\\/\\\/xmy.ch\\\/de\\\/#\\\/schema\\\/logo\\\/image\\\/\",\"url\":\"https:\\\/\\\/xmy.ch\\\/wp-content\\\/uploads\\\/2024\\\/02\\\/XMY_UNI_B.webp\",\"contentUrl\":\"https:\\\/\\\/xmy.ch\\\/wp-content\\\/uploads\\\/2024\\\/02\\\/XMY_UNI_B.webp\",\"width\":1459,\"height\":421,\"caption\":\"Xmy Sagl\"},\"image\":{\"@id\":\"https:\\\/\\\/xmy.ch\\\/de\\\/#\\\/schema\\\/logo\\\/image\\\/\"},\"sameAs\":[\"https:\\\/\\\/www.facebook.com\\\/xmy.sagl\",\"https:\\\/\\\/www.instagram.com\\\/xmy.sagl\\\/\"]}]}<\/script>\n<!-- \/ Yoast SEO Premium plugin. -->","yoast_head_json":{"title":"Free Belt Mini Schwarz \u2013 Leicht, bequem &amp; kompakt","description":"Free Belt Mini Schwarz ist der leichte Trailrunning-G\u00fcrtel f\u00fcr St\u00f6cke und Essentials. Ergonomisch, atmungsaktiv und komfortabel \u2013 jetzt entdecken.","robots":{"index":"index","follow":"follow","max-snippet":"max-snippet:-1","max-image-preview":"max-image-preview:large","max-video-preview":"max-video-preview:-1"},"canonical":"https:\/\/xmy.ch\/de\/prodotto\/free-belt-mini-schwarz\/","og_locale":"de_DE","og_type":"article","og_title":"Free Belt Mini Schwarz \u2013 Trailrunning-G\u00fcrtel","og_description":"Ergonomisch, leicht &amp; praktisch f\u00fcr St\u00f6cke \u2013 jetzt entdecken.","og_url":"https:\/\/xmy.ch\/de\/prodotto\/free-belt-mini-schwarz\/","og_site_name":"Xmy Sagl","article_publisher":"https:\/\/www.facebook.com\/xmy.sagl","og_image":[{"width":549,"height":712,"url":"https:\/\/xmy.ch\/wp-content\/uploads\/2023\/10\/free-belt-mini-black.png","type":"image\/png"}],"twitter_card":"summary_large_image","twitter_title":"Free Belt Mini Schwarz \u2013 Leichter Trailg\u00fcrtel","twitter_description":"Stockhalterungen &amp; bequemes Tragegef\u00fchl f\u00fcr die n\u00e4chste Runde \u2013 jetzt ansehen.","twitter_misc":{"Gesch\u00e4tzte Lesezeit":"1 minute"},"schema":{"@context":"https:\/\/schema.org","@graph":[{"@type":"WebPage","@id":"https:\/\/xmy.ch\/de\/prodotto\/free-belt-mini-schwarz\/","url":"https:\/\/xmy.ch\/de\/prodotto\/free-belt-mini-schwarz\/","name":"Free Belt Mini Schwarz \u2013 Leicht, bequem &amp; kompakt","isPartOf":{"@id":"https:\/\/xmy.ch\/de\/#website"},"primaryImageOfPage":{"@id":"https:\/\/xmy.ch\/de\/prodotto\/free-belt-mini-schwarz\/#primaryimage"},"image":{"@id":"https:\/\/xmy.ch\/de\/prodotto\/free-belt-mini-schwarz\/#primaryimage"},"thumbnailUrl":"https:\/\/xmy.ch\/wp-content\/uploads\/2023\/10\/free-belt-mini-black.png","datePublished":"2023-10-25T19:19:00+00:00","description":"Free Belt Mini Schwarz ist der leichte Trailrunning-G\u00fcrtel f\u00fcr St\u00f6cke und Essentials. Ergonomisch, atmungsaktiv und komfortabel \u2013 jetzt entdecken.","breadcrumb":{"@id":"https:\/\/xmy.ch\/de\/prodotto\/free-belt-mini-schwarz\/#breadcrumb"},"inLanguage":"de-DE","potentialAction":[{"@type":"ReadAction","target":["https:\/\/xmy.ch\/de\/prodotto\/free-belt-mini-schwarz\/"]}]},{"@type":"ImageObject","inLanguage":"de-DE","@id":"https:\/\/xmy.ch\/de\/prodotto\/free-belt-mini-schwarz\/#primaryimage","url":"https:\/\/xmy.ch\/wp-content\/uploads\/2023\/10\/free-belt-mini-black.png","contentUrl":"https:\/\/xmy.ch\/wp-content\/uploads\/2023\/10\/free-belt-mini-black.png","width":549,"height":712},{"@type":"BreadcrumbList","@id":"https:\/\/xmy.ch\/de\/prodotto\/free-belt-mini-schwarz\/#breadcrumb","itemListElement":[{"@type":"ListItem","position":1,"name":"Home","item":"https:\/\/xmy.ch\/de\/"},{"@type":"ListItem","position":2,"name":"Shop","item":"https:\/\/xmy.ch\/de\/shop-2\/"},{"@type":"ListItem","position":3,"name":"Free Belt mini Schwarz"}]},{"@type":"WebSite","@id":"https:\/\/xmy.ch\/de\/#website","url":"https:\/\/xmy.ch\/de\/","name":"Xmy Sagl","description":"","publisher":{"@id":"https:\/\/xmy.ch\/de\/#organization"},"potentialAction":[{"@type":"SearchAction","target":{"@type":"EntryPoint","urlTemplate":"https:\/\/xmy.ch\/de\/?s={search_term_string}"},"query-input":{"@type":"PropertyValueSpecification","valueRequired":true,"valueName":"search_term_string"}}],"inLanguage":"de-DE"},{"@type":"Organization","@id":"https:\/\/xmy.ch\/de\/#organization","name":"Xmy Sagl","url":"https:\/\/xmy.ch\/de\/","logo":{"@type":"ImageObject","inLanguage":"de-DE","@id":"https:\/\/xmy.ch\/de\/#\/schema\/logo\/image\/","url":"https:\/\/xmy.ch\/wp-content\/uploads\/2024\/02\/XMY_UNI_B.webp","contentUrl":"https:\/\/xmy.ch\/wp-content\/uploads\/2024\/02\/XMY_UNI_B.webp","width":1459,"height":421,"caption":"Xmy Sagl"},"image":{"@id":"https:\/\/xmy.ch\/de\/#\/schema\/logo\/image\/"},"sameAs":["https:\/\/www.facebook.com\/xmy.sagl","https:\/\/www.instagram.com\/xmy.sagl\/"]}]}},"_links":{"self":[{"href":"https:\/\/xmy.ch\/de\/wp-json\/wp\/v2\/product\/5847","targetHints":{"allow":["GET"]}}],"collection":[{"href":"https:\/\/xmy.ch\/de\/wp-json\/wp\/v2\/product"}],"about":[{"href":"https:\/\/xmy.ch\/de\/wp-json\/wp\/v2\/types\/product"}],"replies":[{"embeddable":true,"href":"https:\/\/xmy.ch\/de\/wp-json\/wp\/v2\/comments?post=5847"}],"wp:featuredmedia":[{"embeddable":true,"href":"https:\/\/xmy.ch\/de\/wp-json\/wp\/v2\/media\/3622"}],"wp:attachment":[{"href":"https:\/\/xmy.ch\/de\/wp-json\/wp\/v2\/media?parent=5847"}],"wp:term":[{"taxonomy":"product_brand","embeddable":true,"href":"https:\/\/xmy.ch\/de\/wp-json\/wp\/v2\/product_brand?post=5847"},{"taxonomy":"product_cat","embeddable":true,"href":"https:\/\/xmy.ch\/de\/wp-json\/wp\/v2\/product_cat?post=5847"},{"taxonomy":"product_tag","embeddable":true,"href":"https:\/\/xmy.ch\/de\/wp-json\/wp\/v2\/product_tag?post=5847"}],"curies":[{"name":"wp","href":"https:\/\/api.w.org\/{rel}","templated":true}]}}