{"id":5833,"date":"2023-10-25T21:09:00","date_gmt":"2023-10-25T19:09:00","guid":{"rendered":"https:\/\/xmy.ch\/prodotto\/free-belt-pro-schwarz\/"},"modified":"2023-10-25T21:09:00","modified_gmt":"2023-10-25T19:09:00","slug":"free-belt-pro-schwarz","status":"publish","type":"product","link":"https:\/\/xmy.ch\/de\/prodotto\/free-belt-pro-schwarz\/","title":{"rendered":"Free Belt Pro Schwarz"},"content":{"rendered":"<p>Professioneller Trailrunning-G\u00fcrtel, mit dem Sie bis zu 6 Stunden lang autonom laufen k\u00f6nnen, ohne den Inhalt zu sch\u00fctteln.<\/p>\n<p>Der Free Belt ist perfekt f\u00fcr Trailrunning und h\u00e4lt Ihnen bis zu 6 Stunden lang die H\u00e4nde frei. Er ist auch ein gro\u00dfartiges Accessoire, das Sie als Erg\u00e4nzung zu Ihrer Hydrationsweste tragen k\u00f6nnen. Das einzelne Fach des professionellen Free Belt ist gr\u00f6\u00dfer und der Platz f\u00fcr Gegenst\u00e4nde kann flexibel organisiert werden, je nachdem, was Sie brauchen: Telefon, Gel, Flasche, Geldbeutel&#8230;.. Fasst bis zu 1,2 Liter Wasser! Ohne Rei\u00dfverschl\u00fcsse oder ein Verschlusssystem erm\u00f6glicht er es Ihnen, einfach zu greifen, was Sie unterwegs brauchen. Die zugeschnittenen und elastischen Fasern halten die enthaltenen Gegenst\u00e4nde fest an ihrem Platz. Auch faltbare oder einziehbare St\u00f6cke lassen sich so bequem mitnehmen. Sie lassen sich in weniger als einer Sekunde anbringen und wieder abnehmen. Sie k\u00f6nnen auch Ihre Startnummer einfach und sicher daran befestigen. Eine reflektierende \u00d6ffnung erm\u00f6glicht das Herausziehen des Trinkflaschenschlauchs. Der ergonomische, ultraleichte (nur 57 Gramm), nahtlose und gut bel\u00fcftete G\u00fcrtel ist sehr bequem. Er l\u00e4sst sich leicht anziehen, passt sich jeder K\u00f6rpergr\u00f6\u00dfe an und h\u00e4lt perfekt still, ohne den Inhalt zu verwackeln.<\/p>\n<p>87% Polyamid, 12% Elastan, 1% Polypropyl\u00e8ne<\/p>\n<p><img decoding=\"async\" class=\"w-50 my-2\" src=\"https:\/\/www.compressport.com\/ch\/img\/prods_entretien.png\"><\/p>\n","protected":false},"excerpt":{"rendered":"<p>Professioneller Trailrunning-G\u00fcrtel, mit dem Sie bis zu 6 Stunden lang autonom laufen k\u00f6nnen, ohne den Inhalt zu sch\u00fctteln.<\/p>\n","protected":false},"featured_media":3614,"comment_status":"open","ping_status":"closed","template":"","meta":[],"product_brand":[],"product_cat":[266],"product_tag":[271,272],"class_list":{"0":"post-5833","1":"product","2":"type-product","3":"status-publish","4":"has-post-thumbnail","6":"product_cat-zubehor","7":"product_tag-frau","8":"product_tag-mann","10":"first","11":"instock","12":"taxable","13":"shipping-taxable","14":"purchasable","15":"product-type-variable"},"yoast_head":"<!-- This site is optimized with the Yoast SEO Premium plugin v27.5 (Yoast SEO v27.5) - https:\/\/yoast.com\/product\/yoast-seo-premium-wordpress\/ -->\n<title>Free Belt Pro Schwarz \u2013 Trailrunning G\u00fcrtel, 6 Std Laufzeit<\/title>\n<meta name=\"description\" content=\"Free Belt Pro Schwarz bietet bis zu 6 Stunden autonomes Trailrunning, H\u00e4nde frei und flexibel organisiert. Jetzt mehr erfahren.\" \/>\n<meta name=\"robots\" content=\"index, follow, max-snippet:-1, max-image-preview:large, max-video-preview:-1\" \/>\n<link rel=\"canonical\" href=\"https:\/\/xmy.ch\/de\/prodotto\/free-belt-pro-schwarz\/\" \/>\n<meta property=\"og:locale\" content=\"de_DE\" \/>\n<meta property=\"og:type\" content=\"article\" \/>\n<meta property=\"og:title\" content=\"Free Belt Pro Schwarz \u2013 Ultralight Trailrunning-G\u00fcrtel\" \/>\n<meta property=\"og:description\" content=\"Hands-free Trailrunning mit Free Belt Pro Schwarz. Jetzt informieren.\" \/>\n<meta property=\"og:url\" content=\"https:\/\/xmy.ch\/de\/prodotto\/free-belt-pro-schwarz\/\" \/>\n<meta property=\"og:site_name\" content=\"Xmy Sagl\" \/>\n<meta property=\"article:publisher\" content=\"https:\/\/www.facebook.com\/xmy.sagl\" \/>\n<meta property=\"og:image\" content=\"https:\/\/xmy.ch\/wp-content\/uploads\/2023\/10\/free-belt-pro-black.webp\" \/>\n\t<meta property=\"og:image:width\" content=\"648\" \/>\n\t<meta property=\"og:image:height\" content=\"486\" \/>\n\t<meta property=\"og:image:type\" content=\"image\/webp\" \/>\n<meta name=\"twitter:card\" content=\"summary_large_image\" \/>\n<meta name=\"twitter:title\" content=\"Free Belt Pro Schwarz \u2013 Ultralight Trailbelt f\u00fcr unterwegs\" \/>\n<meta name=\"twitter:description\" content=\"Kompakt, leicht, flexibel \u2013 Free Belt Pro Schwarz jetzt testen und Trail genie\u00dfen.\" \/>\n<meta name=\"twitter:label1\" content=\"Gesch\u00e4tzte Lesezeit\" \/>\n\t<meta name=\"twitter:data1\" content=\"1 minute\" \/>\n<script type=\"application\/ld+json\" class=\"yoast-schema-graph\">{\"@context\":\"https:\\\/\\\/schema.org\",\"@graph\":[{\"@type\":\"WebPage\",\"@id\":\"https:\\\/\\\/xmy.ch\\\/de\\\/prodotto\\\/free-belt-pro-schwarz\\\/\",\"url\":\"https:\\\/\\\/xmy.ch\\\/de\\\/prodotto\\\/free-belt-pro-schwarz\\\/\",\"name\":\"Free Belt Pro Schwarz \u2013 Trailrunning G\u00fcrtel, 6 Std Laufzeit\",\"isPartOf\":{\"@id\":\"https:\\\/\\\/xmy.ch\\\/de\\\/#website\"},\"primaryImageOfPage\":{\"@id\":\"https:\\\/\\\/xmy.ch\\\/de\\\/prodotto\\\/free-belt-pro-schwarz\\\/#primaryimage\"},\"image\":{\"@id\":\"https:\\\/\\\/xmy.ch\\\/de\\\/prodotto\\\/free-belt-pro-schwarz\\\/#primaryimage\"},\"thumbnailUrl\":\"https:\\\/\\\/xmy.ch\\\/wp-content\\\/uploads\\\/2023\\\/10\\\/free-belt-pro-black.webp\",\"datePublished\":\"2023-10-25T19:09:00+00:00\",\"description\":\"Free Belt Pro Schwarz bietet bis zu 6 Stunden autonomes Trailrunning, H\u00e4nde frei und flexibel organisiert. Jetzt mehr erfahren.\",\"breadcrumb\":{\"@id\":\"https:\\\/\\\/xmy.ch\\\/de\\\/prodotto\\\/free-belt-pro-schwarz\\\/#breadcrumb\"},\"inLanguage\":\"de-DE\",\"potentialAction\":[{\"@type\":\"ReadAction\",\"target\":[\"https:\\\/\\\/xmy.ch\\\/de\\\/prodotto\\\/free-belt-pro-schwarz\\\/\"]}]},{\"@type\":\"ImageObject\",\"inLanguage\":\"de-DE\",\"@id\":\"https:\\\/\\\/xmy.ch\\\/de\\\/prodotto\\\/free-belt-pro-schwarz\\\/#primaryimage\",\"url\":\"https:\\\/\\\/xmy.ch\\\/wp-content\\\/uploads\\\/2023\\\/10\\\/free-belt-pro-black.webp\",\"contentUrl\":\"https:\\\/\\\/xmy.ch\\\/wp-content\\\/uploads\\\/2023\\\/10\\\/free-belt-pro-black.webp\",\"width\":648,\"height\":486},{\"@type\":\"BreadcrumbList\",\"@id\":\"https:\\\/\\\/xmy.ch\\\/de\\\/prodotto\\\/free-belt-pro-schwarz\\\/#breadcrumb\",\"itemListElement\":[{\"@type\":\"ListItem\",\"position\":1,\"name\":\"Home\",\"item\":\"https:\\\/\\\/xmy.ch\\\/de\\\/\"},{\"@type\":\"ListItem\",\"position\":2,\"name\":\"Shop\",\"item\":\"https:\\\/\\\/xmy.ch\\\/de\\\/shop-2\\\/\"},{\"@type\":\"ListItem\",\"position\":3,\"name\":\"Free Belt Pro Schwarz\"}]},{\"@type\":\"WebSite\",\"@id\":\"https:\\\/\\\/xmy.ch\\\/de\\\/#website\",\"url\":\"https:\\\/\\\/xmy.ch\\\/de\\\/\",\"name\":\"Xmy Sagl\",\"description\":\"\",\"publisher\":{\"@id\":\"https:\\\/\\\/xmy.ch\\\/de\\\/#organization\"},\"potentialAction\":[{\"@type\":\"SearchAction\",\"target\":{\"@type\":\"EntryPoint\",\"urlTemplate\":\"https:\\\/\\\/xmy.ch\\\/de\\\/?s={search_term_string}\"},\"query-input\":{\"@type\":\"PropertyValueSpecification\",\"valueRequired\":true,\"valueName\":\"search_term_string\"}}],\"inLanguage\":\"de-DE\"},{\"@type\":\"Organization\",\"@id\":\"https:\\\/\\\/xmy.ch\\\/de\\\/#organization\",\"name\":\"Xmy Sagl\",\"url\":\"https:\\\/\\\/xmy.ch\\\/de\\\/\",\"logo\":{\"@type\":\"ImageObject\",\"inLanguage\":\"de-DE\",\"@id\":\"https:\\\/\\\/xmy.ch\\\/de\\\/#\\\/schema\\\/logo\\\/image\\\/\",\"url\":\"https:\\\/\\\/xmy.ch\\\/wp-content\\\/uploads\\\/2024\\\/02\\\/XMY_UNI_B.webp\",\"contentUrl\":\"https:\\\/\\\/xmy.ch\\\/wp-content\\\/uploads\\\/2024\\\/02\\\/XMY_UNI_B.webp\",\"width\":1459,\"height\":421,\"caption\":\"Xmy Sagl\"},\"image\":{\"@id\":\"https:\\\/\\\/xmy.ch\\\/de\\\/#\\\/schema\\\/logo\\\/image\\\/\"},\"sameAs\":[\"https:\\\/\\\/www.facebook.com\\\/xmy.sagl\",\"https:\\\/\\\/www.instagram.com\\\/xmy.sagl\\\/\"]}]}<\/script>\n<!-- \/ Yoast SEO Premium plugin. -->","yoast_head_json":{"title":"Free Belt Pro Schwarz \u2013 Trailrunning G\u00fcrtel, 6 Std Laufzeit","description":"Free Belt Pro Schwarz bietet bis zu 6 Stunden autonomes Trailrunning, H\u00e4nde frei und flexibel organisiert. Jetzt mehr erfahren.","robots":{"index":"index","follow":"follow","max-snippet":"max-snippet:-1","max-image-preview":"max-image-preview:large","max-video-preview":"max-video-preview:-1"},"canonical":"https:\/\/xmy.ch\/de\/prodotto\/free-belt-pro-schwarz\/","og_locale":"de_DE","og_type":"article","og_title":"Free Belt Pro Schwarz \u2013 Ultralight Trailrunning-G\u00fcrtel","og_description":"Hands-free Trailrunning mit Free Belt Pro Schwarz. Jetzt informieren.","og_url":"https:\/\/xmy.ch\/de\/prodotto\/free-belt-pro-schwarz\/","og_site_name":"Xmy Sagl","article_publisher":"https:\/\/www.facebook.com\/xmy.sagl","og_image":[{"width":648,"height":486,"url":"https:\/\/xmy.ch\/wp-content\/uploads\/2023\/10\/free-belt-pro-black.webp","type":"image\/webp"}],"twitter_card":"summary_large_image","twitter_title":"Free Belt Pro Schwarz \u2013 Ultralight Trailbelt f\u00fcr unterwegs","twitter_description":"Kompakt, leicht, flexibel \u2013 Free Belt Pro Schwarz jetzt testen und Trail genie\u00dfen.","twitter_misc":{"Gesch\u00e4tzte Lesezeit":"1 minute"},"schema":{"@context":"https:\/\/schema.org","@graph":[{"@type":"WebPage","@id":"https:\/\/xmy.ch\/de\/prodotto\/free-belt-pro-schwarz\/","url":"https:\/\/xmy.ch\/de\/prodotto\/free-belt-pro-schwarz\/","name":"Free Belt Pro Schwarz \u2013 Trailrunning G\u00fcrtel, 6 Std Laufzeit","isPartOf":{"@id":"https:\/\/xmy.ch\/de\/#website"},"primaryImageOfPage":{"@id":"https:\/\/xmy.ch\/de\/prodotto\/free-belt-pro-schwarz\/#primaryimage"},"image":{"@id":"https:\/\/xmy.ch\/de\/prodotto\/free-belt-pro-schwarz\/#primaryimage"},"thumbnailUrl":"https:\/\/xmy.ch\/wp-content\/uploads\/2023\/10\/free-belt-pro-black.webp","datePublished":"2023-10-25T19:09:00+00:00","description":"Free Belt Pro Schwarz bietet bis zu 6 Stunden autonomes Trailrunning, H\u00e4nde frei und flexibel organisiert. Jetzt mehr erfahren.","breadcrumb":{"@id":"https:\/\/xmy.ch\/de\/prodotto\/free-belt-pro-schwarz\/#breadcrumb"},"inLanguage":"de-DE","potentialAction":[{"@type":"ReadAction","target":["https:\/\/xmy.ch\/de\/prodotto\/free-belt-pro-schwarz\/"]}]},{"@type":"ImageObject","inLanguage":"de-DE","@id":"https:\/\/xmy.ch\/de\/prodotto\/free-belt-pro-schwarz\/#primaryimage","url":"https:\/\/xmy.ch\/wp-content\/uploads\/2023\/10\/free-belt-pro-black.webp","contentUrl":"https:\/\/xmy.ch\/wp-content\/uploads\/2023\/10\/free-belt-pro-black.webp","width":648,"height":486},{"@type":"BreadcrumbList","@id":"https:\/\/xmy.ch\/de\/prodotto\/free-belt-pro-schwarz\/#breadcrumb","itemListElement":[{"@type":"ListItem","position":1,"name":"Home","item":"https:\/\/xmy.ch\/de\/"},{"@type":"ListItem","position":2,"name":"Shop","item":"https:\/\/xmy.ch\/de\/shop-2\/"},{"@type":"ListItem","position":3,"name":"Free Belt Pro Schwarz"}]},{"@type":"WebSite","@id":"https:\/\/xmy.ch\/de\/#website","url":"https:\/\/xmy.ch\/de\/","name":"Xmy Sagl","description":"","publisher":{"@id":"https:\/\/xmy.ch\/de\/#organization"},"potentialAction":[{"@type":"SearchAction","target":{"@type":"EntryPoint","urlTemplate":"https:\/\/xmy.ch\/de\/?s={search_term_string}"},"query-input":{"@type":"PropertyValueSpecification","valueRequired":true,"valueName":"search_term_string"}}],"inLanguage":"de-DE"},{"@type":"Organization","@id":"https:\/\/xmy.ch\/de\/#organization","name":"Xmy Sagl","url":"https:\/\/xmy.ch\/de\/","logo":{"@type":"ImageObject","inLanguage":"de-DE","@id":"https:\/\/xmy.ch\/de\/#\/schema\/logo\/image\/","url":"https:\/\/xmy.ch\/wp-content\/uploads\/2024\/02\/XMY_UNI_B.webp","contentUrl":"https:\/\/xmy.ch\/wp-content\/uploads\/2024\/02\/XMY_UNI_B.webp","width":1459,"height":421,"caption":"Xmy Sagl"},"image":{"@id":"https:\/\/xmy.ch\/de\/#\/schema\/logo\/image\/"},"sameAs":["https:\/\/www.facebook.com\/xmy.sagl","https:\/\/www.instagram.com\/xmy.sagl\/"]}]}},"_links":{"self":[{"href":"https:\/\/xmy.ch\/de\/wp-json\/wp\/v2\/product\/5833","targetHints":{"allow":["GET"]}}],"collection":[{"href":"https:\/\/xmy.ch\/de\/wp-json\/wp\/v2\/product"}],"about":[{"href":"https:\/\/xmy.ch\/de\/wp-json\/wp\/v2\/types\/product"}],"replies":[{"embeddable":true,"href":"https:\/\/xmy.ch\/de\/wp-json\/wp\/v2\/comments?post=5833"}],"wp:featuredmedia":[{"embeddable":true,"href":"https:\/\/xmy.ch\/de\/wp-json\/wp\/v2\/media\/3614"}],"wp:attachment":[{"href":"https:\/\/xmy.ch\/de\/wp-json\/wp\/v2\/media?parent=5833"}],"wp:term":[{"taxonomy":"product_brand","embeddable":true,"href":"https:\/\/xmy.ch\/de\/wp-json\/wp\/v2\/product_brand?post=5833"},{"taxonomy":"product_cat","embeddable":true,"href":"https:\/\/xmy.ch\/de\/wp-json\/wp\/v2\/product_cat?post=5833"},{"taxonomy":"product_tag","embeddable":true,"href":"https:\/\/xmy.ch\/de\/wp-json\/wp\/v2\/product_tag?post=5833"}],"curies":[{"name":"wp","href":"https:\/\/api.w.org\/{rel}","templated":true}]}}