{"id":5828,"date":"2023-10-25T20:29:18","date_gmt":"2023-10-25T18:29:18","guid":{"rendered":"https:\/\/xmy.ch\/prodotto\/full-socks-run-schwarz\/"},"modified":"2023-10-25T20:29:18","modified_gmt":"2023-10-25T18:29:18","slug":"full-socks-run-schwarz","status":"publish","type":"product","link":"https:\/\/xmy.ch\/de\/prodotto\/full-socks-run-schwarz\/","title":{"rendered":"Full Socks Run &#8211; Schwarz"},"content":{"rendered":"<p>Leistungsstarke Socken f\u00fcr die ganze Wade, um Muskelvibrationen zu reduzieren und die Leistung bei Training und Rennen zu steigern.<\/p>\n<p>Einige unserer L\u00e4ufer hatten das Bed\u00fcrfnis nach einer in eine Hochleistungssocke integrierten Kompressionsh\u00fclle. Wir sind dankbar! Die weichen, elastischen Fasern der hohen Laufsocken bieten eine gezielte Kompression auf die arbeitende Muskulatur f\u00fcr eine optimale Unterst\u00fctzung bei Stra\u00dfen-, Trail- oder Bahnrennen. Ihre Muskeln werden weniger verletzt, weil die Vibrationen ged\u00e4mpft werden und die Erm\u00fcdung verringert wird, so dass Sie sich l\u00e4nger konzentrieren k\u00f6nnen. Sie k\u00f6nnen in Pf\u00fctzen oder im Regen laufen, und die Socken bleiben dank der direkt in den Stoff eingearbeiteten, schnell trocknenden Bel\u00fcftungsb\u00e4nder leicht. Unsere 3D.Dot-Technologie absorbiert St\u00f6\u00dfe, sch\u00fctzt empfindliche Bereiche wie die Achillessehne und sorgt f\u00fcr eine Mikromassage, die die Durchblutung f\u00f6rdert. Au\u00dferdem sorgt es f\u00fcr einen optimalen Halt des Fu\u00dfes im Schuh und reduziert das Risiko von \u00dcberhitzung und Blasenbildung durch \u00fcberm\u00e4\u00dfige Bewegung. Die integrierte Fu\u00dfgew\u00f6lbest\u00fctze verhindert ein Verdrehen des Gewebes und sorgt f\u00fcr Stabilit\u00e4t und damit f\u00fcr Sicherheit in felsigem Gel\u00e4nde, w\u00e4hrend die elastischen Fasern ein nat\u00fcrliches Ausstrecken der Zehen beim Aufprall erm\u00f6glichen und so f\u00fcr ein spontanes und lockeres Fahrgef\u00fchl sorgen. Diese erfrischenden wei\u00dfen Kompressionssocken k\u00f6nnen auch vor dem Sport getragen werden, um die Durchblutung zu f\u00f6rdern und die Muskeln und den Geist auf die Anstrengung vorzubereiten.<\/p>\n<p>92% Polyamid, 7% Elastan, 1% Polypropyl\u00e8ne<\/p>\n<p><img decoding=\"async\" class=\"w-50 my-2\" src=\"https:\/\/www.compressport.com\/ch\/img\/prods_entretien.png\"><\/p>\n","protected":false},"excerpt":{"rendered":"<p>Leistungsstarke Socken f\u00fcr die ganze Wade, um Muskelvibrationen zu reduzieren und die Leistung bei Training und Rennen zu steigern.<\/p>\n","protected":false},"featured_media":3590,"comment_status":"open","ping_status":"closed","template":"","meta":[],"product_brand":[],"product_cat":[290],"product_tag":[271,272],"class_list":{"0":"post-5828","1":"product","2":"type-product","3":"status-publish","4":"has-post-thumbnail","6":"product_cat-socken","7":"product_tag-frau","8":"product_tag-mann","10":"first","11":"instock","12":"taxable","13":"shipping-taxable","14":"purchasable","15":"product-type-variable"},"yoast_head":"<!-- This site is optimized with the Yoast SEO Premium plugin v27.5 (Yoast SEO v27.5) - https:\/\/yoast.com\/product\/yoast-seo-premium-wordpress\/ -->\n<title>Full Socks Run \u2013 Schwarz | Hochleistungssocken Training<\/title>\n<meta name=\"description\" content=\"Full Socks Run Schwarz liefern gezielte Kompression zur Reduzierung von Muskelvibrationen und gesteigerter Leistungsf\u00e4higkeit beim Training und Rennen. Jetzt testen.\" \/>\n<meta name=\"robots\" content=\"index, follow, max-snippet:-1, max-image-preview:large, max-video-preview:-1\" \/>\n<link rel=\"canonical\" href=\"https:\/\/xmy.ch\/de\/prodotto\/full-socks-run-schwarz\/\" \/>\n<meta property=\"og:locale\" content=\"de_DE\" \/>\n<meta property=\"og:type\" content=\"article\" \/>\n<meta property=\"og:title\" content=\"Full Socks Run \u2013 Schwarz: Hochleistungs-Laufsocken\" \/>\n<meta property=\"og:description\" content=\"Gezielte Kompression und Komfort f\u00fcr Training und Rennen. Jetzt testen.\" \/>\n<meta property=\"og:url\" content=\"https:\/\/xmy.ch\/de\/prodotto\/full-socks-run-schwarz\/\" \/>\n<meta property=\"og:site_name\" content=\"Xmy Sagl\" \/>\n<meta property=\"article:publisher\" content=\"https:\/\/www.facebook.com\/xmy.sagl\" \/>\n<meta property=\"og:image\" content=\"https:\/\/xmy.ch\/wp-content\/uploads\/2023\/10\/chaussette-compression-noir.png\" \/>\n\t<meta property=\"og:image:width\" content=\"549\" \/>\n\t<meta property=\"og:image:height\" content=\"712\" \/>\n\t<meta property=\"og:image:type\" content=\"image\/png\" \/>\n<meta name=\"twitter:card\" content=\"summary_large_image\" \/>\n<meta name=\"twitter:title\" content=\"Full Socks Run Schwarz \u2013 Hochleistungs-Laufsocken\" \/>\n<meta name=\"twitter:description\" content=\"Verbesserte Stabilit\u00e4t und Durchblutung. Jetzt ausprobieren.\" \/>\n<meta name=\"twitter:label1\" content=\"Gesch\u00e4tzte Lesezeit\" \/>\n\t<meta name=\"twitter:data1\" content=\"1 minute\" \/>\n<script type=\"application\/ld+json\" class=\"yoast-schema-graph\">{\"@context\":\"https:\\\/\\\/schema.org\",\"@graph\":[{\"@type\":\"WebPage\",\"@id\":\"https:\\\/\\\/xmy.ch\\\/de\\\/prodotto\\\/full-socks-run-schwarz\\\/\",\"url\":\"https:\\\/\\\/xmy.ch\\\/de\\\/prodotto\\\/full-socks-run-schwarz\\\/\",\"name\":\"Full Socks Run \u2013 Schwarz | Hochleistungssocken Training\",\"isPartOf\":{\"@id\":\"https:\\\/\\\/xmy.ch\\\/de\\\/#website\"},\"primaryImageOfPage\":{\"@id\":\"https:\\\/\\\/xmy.ch\\\/de\\\/prodotto\\\/full-socks-run-schwarz\\\/#primaryimage\"},\"image\":{\"@id\":\"https:\\\/\\\/xmy.ch\\\/de\\\/prodotto\\\/full-socks-run-schwarz\\\/#primaryimage\"},\"thumbnailUrl\":\"https:\\\/\\\/xmy.ch\\\/wp-content\\\/uploads\\\/2023\\\/10\\\/chaussette-compression-noir.png\",\"datePublished\":\"2023-10-25T18:29:18+00:00\",\"description\":\"Full Socks Run Schwarz liefern gezielte Kompression zur Reduzierung von Muskelvibrationen und gesteigerter Leistungsf\u00e4higkeit beim Training und Rennen. Jetzt testen.\",\"breadcrumb\":{\"@id\":\"https:\\\/\\\/xmy.ch\\\/de\\\/prodotto\\\/full-socks-run-schwarz\\\/#breadcrumb\"},\"inLanguage\":\"de-DE\",\"potentialAction\":[{\"@type\":\"ReadAction\",\"target\":[\"https:\\\/\\\/xmy.ch\\\/de\\\/prodotto\\\/full-socks-run-schwarz\\\/\"]}]},{\"@type\":\"ImageObject\",\"inLanguage\":\"de-DE\",\"@id\":\"https:\\\/\\\/xmy.ch\\\/de\\\/prodotto\\\/full-socks-run-schwarz\\\/#primaryimage\",\"url\":\"https:\\\/\\\/xmy.ch\\\/wp-content\\\/uploads\\\/2023\\\/10\\\/chaussette-compression-noir.png\",\"contentUrl\":\"https:\\\/\\\/xmy.ch\\\/wp-content\\\/uploads\\\/2023\\\/10\\\/chaussette-compression-noir.png\",\"width\":549,\"height\":712},{\"@type\":\"BreadcrumbList\",\"@id\":\"https:\\\/\\\/xmy.ch\\\/de\\\/prodotto\\\/full-socks-run-schwarz\\\/#breadcrumb\",\"itemListElement\":[{\"@type\":\"ListItem\",\"position\":1,\"name\":\"Home\",\"item\":\"https:\\\/\\\/xmy.ch\\\/de\\\/\"},{\"@type\":\"ListItem\",\"position\":2,\"name\":\"Shop\",\"item\":\"https:\\\/\\\/xmy.ch\\\/de\\\/shop-2\\\/\"},{\"@type\":\"ListItem\",\"position\":3,\"name\":\"Full Socks Run &#8211; Schwarz\"}]},{\"@type\":\"WebSite\",\"@id\":\"https:\\\/\\\/xmy.ch\\\/de\\\/#website\",\"url\":\"https:\\\/\\\/xmy.ch\\\/de\\\/\",\"name\":\"Xmy Sagl\",\"description\":\"\",\"publisher\":{\"@id\":\"https:\\\/\\\/xmy.ch\\\/de\\\/#organization\"},\"potentialAction\":[{\"@type\":\"SearchAction\",\"target\":{\"@type\":\"EntryPoint\",\"urlTemplate\":\"https:\\\/\\\/xmy.ch\\\/de\\\/?s={search_term_string}\"},\"query-input\":{\"@type\":\"PropertyValueSpecification\",\"valueRequired\":true,\"valueName\":\"search_term_string\"}}],\"inLanguage\":\"de-DE\"},{\"@type\":\"Organization\",\"@id\":\"https:\\\/\\\/xmy.ch\\\/de\\\/#organization\",\"name\":\"Xmy Sagl\",\"url\":\"https:\\\/\\\/xmy.ch\\\/de\\\/\",\"logo\":{\"@type\":\"ImageObject\",\"inLanguage\":\"de-DE\",\"@id\":\"https:\\\/\\\/xmy.ch\\\/de\\\/#\\\/schema\\\/logo\\\/image\\\/\",\"url\":\"https:\\\/\\\/xmy.ch\\\/wp-content\\\/uploads\\\/2024\\\/02\\\/XMY_UNI_B.webp\",\"contentUrl\":\"https:\\\/\\\/xmy.ch\\\/wp-content\\\/uploads\\\/2024\\\/02\\\/XMY_UNI_B.webp\",\"width\":1459,\"height\":421,\"caption\":\"Xmy Sagl\"},\"image\":{\"@id\":\"https:\\\/\\\/xmy.ch\\\/de\\\/#\\\/schema\\\/logo\\\/image\\\/\"},\"sameAs\":[\"https:\\\/\\\/www.facebook.com\\\/xmy.sagl\",\"https:\\\/\\\/www.instagram.com\\\/xmy.sagl\\\/\"]}]}<\/script>\n<!-- \/ Yoast SEO Premium plugin. -->","yoast_head_json":{"title":"Full Socks Run \u2013 Schwarz | Hochleistungssocken Training","description":"Full Socks Run Schwarz liefern gezielte Kompression zur Reduzierung von Muskelvibrationen und gesteigerter Leistungsf\u00e4higkeit beim Training und Rennen. Jetzt testen.","robots":{"index":"index","follow":"follow","max-snippet":"max-snippet:-1","max-image-preview":"max-image-preview:large","max-video-preview":"max-video-preview:-1"},"canonical":"https:\/\/xmy.ch\/de\/prodotto\/full-socks-run-schwarz\/","og_locale":"de_DE","og_type":"article","og_title":"Full Socks Run \u2013 Schwarz: Hochleistungs-Laufsocken","og_description":"Gezielte Kompression und Komfort f\u00fcr Training und Rennen. Jetzt testen.","og_url":"https:\/\/xmy.ch\/de\/prodotto\/full-socks-run-schwarz\/","og_site_name":"Xmy Sagl","article_publisher":"https:\/\/www.facebook.com\/xmy.sagl","og_image":[{"width":549,"height":712,"url":"https:\/\/xmy.ch\/wp-content\/uploads\/2023\/10\/chaussette-compression-noir.png","type":"image\/png"}],"twitter_card":"summary_large_image","twitter_title":"Full Socks Run Schwarz \u2013 Hochleistungs-Laufsocken","twitter_description":"Verbesserte Stabilit\u00e4t und Durchblutung. Jetzt ausprobieren.","twitter_misc":{"Gesch\u00e4tzte Lesezeit":"1 minute"},"schema":{"@context":"https:\/\/schema.org","@graph":[{"@type":"WebPage","@id":"https:\/\/xmy.ch\/de\/prodotto\/full-socks-run-schwarz\/","url":"https:\/\/xmy.ch\/de\/prodotto\/full-socks-run-schwarz\/","name":"Full Socks Run \u2013 Schwarz | Hochleistungssocken Training","isPartOf":{"@id":"https:\/\/xmy.ch\/de\/#website"},"primaryImageOfPage":{"@id":"https:\/\/xmy.ch\/de\/prodotto\/full-socks-run-schwarz\/#primaryimage"},"image":{"@id":"https:\/\/xmy.ch\/de\/prodotto\/full-socks-run-schwarz\/#primaryimage"},"thumbnailUrl":"https:\/\/xmy.ch\/wp-content\/uploads\/2023\/10\/chaussette-compression-noir.png","datePublished":"2023-10-25T18:29:18+00:00","description":"Full Socks Run Schwarz liefern gezielte Kompression zur Reduzierung von Muskelvibrationen und gesteigerter Leistungsf\u00e4higkeit beim Training und Rennen. Jetzt testen.","breadcrumb":{"@id":"https:\/\/xmy.ch\/de\/prodotto\/full-socks-run-schwarz\/#breadcrumb"},"inLanguage":"de-DE","potentialAction":[{"@type":"ReadAction","target":["https:\/\/xmy.ch\/de\/prodotto\/full-socks-run-schwarz\/"]}]},{"@type":"ImageObject","inLanguage":"de-DE","@id":"https:\/\/xmy.ch\/de\/prodotto\/full-socks-run-schwarz\/#primaryimage","url":"https:\/\/xmy.ch\/wp-content\/uploads\/2023\/10\/chaussette-compression-noir.png","contentUrl":"https:\/\/xmy.ch\/wp-content\/uploads\/2023\/10\/chaussette-compression-noir.png","width":549,"height":712},{"@type":"BreadcrumbList","@id":"https:\/\/xmy.ch\/de\/prodotto\/full-socks-run-schwarz\/#breadcrumb","itemListElement":[{"@type":"ListItem","position":1,"name":"Home","item":"https:\/\/xmy.ch\/de\/"},{"@type":"ListItem","position":2,"name":"Shop","item":"https:\/\/xmy.ch\/de\/shop-2\/"},{"@type":"ListItem","position":3,"name":"Full Socks Run &#8211; Schwarz"}]},{"@type":"WebSite","@id":"https:\/\/xmy.ch\/de\/#website","url":"https:\/\/xmy.ch\/de\/","name":"Xmy Sagl","description":"","publisher":{"@id":"https:\/\/xmy.ch\/de\/#organization"},"potentialAction":[{"@type":"SearchAction","target":{"@type":"EntryPoint","urlTemplate":"https:\/\/xmy.ch\/de\/?s={search_term_string}"},"query-input":{"@type":"PropertyValueSpecification","valueRequired":true,"valueName":"search_term_string"}}],"inLanguage":"de-DE"},{"@type":"Organization","@id":"https:\/\/xmy.ch\/de\/#organization","name":"Xmy Sagl","url":"https:\/\/xmy.ch\/de\/","logo":{"@type":"ImageObject","inLanguage":"de-DE","@id":"https:\/\/xmy.ch\/de\/#\/schema\/logo\/image\/","url":"https:\/\/xmy.ch\/wp-content\/uploads\/2024\/02\/XMY_UNI_B.webp","contentUrl":"https:\/\/xmy.ch\/wp-content\/uploads\/2024\/02\/XMY_UNI_B.webp","width":1459,"height":421,"caption":"Xmy Sagl"},"image":{"@id":"https:\/\/xmy.ch\/de\/#\/schema\/logo\/image\/"},"sameAs":["https:\/\/www.facebook.com\/xmy.sagl","https:\/\/www.instagram.com\/xmy.sagl\/"]}]}},"_links":{"self":[{"href":"https:\/\/xmy.ch\/de\/wp-json\/wp\/v2\/product\/5828","targetHints":{"allow":["GET"]}}],"collection":[{"href":"https:\/\/xmy.ch\/de\/wp-json\/wp\/v2\/product"}],"about":[{"href":"https:\/\/xmy.ch\/de\/wp-json\/wp\/v2\/types\/product"}],"replies":[{"embeddable":true,"href":"https:\/\/xmy.ch\/de\/wp-json\/wp\/v2\/comments?post=5828"}],"wp:featuredmedia":[{"embeddable":true,"href":"https:\/\/xmy.ch\/de\/wp-json\/wp\/v2\/media\/3590"}],"wp:attachment":[{"href":"https:\/\/xmy.ch\/de\/wp-json\/wp\/v2\/media?parent=5828"}],"wp:term":[{"taxonomy":"product_brand","embeddable":true,"href":"https:\/\/xmy.ch\/de\/wp-json\/wp\/v2\/product_brand?post=5828"},{"taxonomy":"product_cat","embeddable":true,"href":"https:\/\/xmy.ch\/de\/wp-json\/wp\/v2\/product_cat?post=5828"},{"taxonomy":"product_tag","embeddable":true,"href":"https:\/\/xmy.ch\/de\/wp-json\/wp\/v2\/product_tag?post=5828"}],"curies":[{"name":"wp","href":"https:\/\/api.w.org\/{rel}","templated":true}]}}