{"id":5818,"date":"2023-10-22T14:53:03","date_gmt":"2023-10-22T12:53:03","guid":{"rendered":"https:\/\/xmy.ch\/prodotto\/racing-trucker-cap-schwarz-gelb\/"},"modified":"2023-10-22T14:53:03","modified_gmt":"2023-10-22T12:53:03","slug":"racing-trucker-cap-schwarz-gelb","status":"publish","type":"product","link":"https:\/\/xmy.ch\/de\/prodotto\/racing-trucker-cap-schwarz-gelb\/","title":{"rendered":"Racing Trucker Cap schwarz\/gelb"},"content":{"rendered":"<p>Modisches schwarzes Racing Trucker Cap mit High-Performance-Technologie f\u00fcr optimale Bel\u00fcftung und Schwei\u00dfableitung bei Training und Rennen.<\/p>\n<p>Stoff 1: 100% Polyester<\/p>\n<p><img decoding=\"async\" class=\"w-50 my-2\" src=\"https:\/\/www.compressport.com\/ch\/img\/prods_entretien.png\"><\/p>\n","protected":false},"excerpt":{"rendered":"<p>Modisches schwarzes Racing Trucker Cap mit High-Performance-Technologie f\u00fcr optimale Bel\u00fcftung und Schwei\u00dfableitung bei Training und Rennen.<\/p>\n","protected":false},"featured_media":3484,"comment_status":"open","ping_status":"closed","template":"","meta":[],"product_brand":[],"product_cat":[266],"product_tag":[271,272],"class_list":{"0":"post-5818","1":"product","2":"type-product","3":"status-publish","4":"has-post-thumbnail","6":"product_cat-zubehor","7":"product_tag-frau","8":"product_tag-mann","10":"first","11":"instock","12":"taxable","13":"shipping-taxable","14":"purchasable","15":"product-type-variable","16":"has-default-attributes"},"yoast_head":"<!-- This site is optimized with the Yoast SEO Premium plugin v27.5 (Yoast SEO v27.5) - https:\/\/yoast.com\/product\/yoast-seo-premium-wordpress\/ -->\n<title>Racing Trucker Cap schwarz\/gelb - Sportliches Design - Xmy Sagl<\/title>\n<meta name=\"description\" content=\"Scopri i nostri Guanti in microfibra termoregolanti: il massimo del comfort e calore con tecnologia in microfibra e design termoregolante per running.\" \/>\n<meta name=\"robots\" content=\"index, follow, max-snippet:-1, max-image-preview:large, max-video-preview:-1\" \/>\n<link rel=\"canonical\" href=\"https:\/\/xmy.ch\/de\/prodotto\/racing-trucker-cap-schwarz-gelb\/\" \/>\n<meta property=\"og:locale\" content=\"de_DE\" \/>\n<meta property=\"og:type\" content=\"article\" \/>\n<meta property=\"og:title\" content=\"Racing Trucker Cap schwarz\/gelb \u2013 High-Performance\" \/>\n<meta property=\"og:description\" content=\"Sch\u00fctzt Training und Rennen dank Bel\u00fcftung und Schwei\u00dfableitung.\" \/>\n<meta property=\"og:url\" content=\"https:\/\/xmy.ch\/de\/prodotto\/racing-trucker-cap-schwarz-gelb\/\" \/>\n<meta property=\"og:site_name\" content=\"Xmy Sagl\" \/>\n<meta property=\"article:publisher\" content=\"https:\/\/www.facebook.com\/xmy.sagl\" \/>\n<meta property=\"og:image\" content=\"https:\/\/xmy.ch\/wp-content\/uploads\/2023\/10\/Racing-Trucker-Cap-.jpg\" \/>\n\t<meta property=\"og:image:width\" content=\"818\" \/>\n\t<meta property=\"og:image:height\" content=\"614\" \/>\n\t<meta property=\"og:image:type\" content=\"image\/jpeg\" \/>\n<meta name=\"twitter:card\" content=\"summary_large_image\" \/>\n<meta name=\"twitter:title\" content=\"Racing Trucker Cap schwarz\/gelb \u2013 Hochleistung\" \/>\n<meta name=\"twitter:description\" content=\"Bel\u00fcftung und Schwei\u00dfableitung f\u00fcr Training und Rennen \u2013 entdecken.\" \/>\n<script type=\"application\/ld+json\" class=\"yoast-schema-graph\">{\"@context\":\"https:\\\/\\\/schema.org\",\"@graph\":[{\"@type\":\"WebPage\",\"@id\":\"https:\\\/\\\/xmy.ch\\\/de\\\/prodotto\\\/racing-trucker-cap-schwarz-gelb\\\/\",\"url\":\"https:\\\/\\\/xmy.ch\\\/de\\\/prodotto\\\/racing-trucker-cap-schwarz-gelb\\\/\",\"name\":\"Racing Trucker Cap schwarz\\\/gelb - Sportliches Design - Xmy Sagl\",\"isPartOf\":{\"@id\":\"https:\\\/\\\/xmy.ch\\\/de\\\/#website\"},\"primaryImageOfPage\":{\"@id\":\"https:\\\/\\\/xmy.ch\\\/de\\\/prodotto\\\/racing-trucker-cap-schwarz-gelb\\\/#primaryimage\"},\"image\":{\"@id\":\"https:\\\/\\\/xmy.ch\\\/de\\\/prodotto\\\/racing-trucker-cap-schwarz-gelb\\\/#primaryimage\"},\"thumbnailUrl\":\"https:\\\/\\\/xmy.ch\\\/wp-content\\\/uploads\\\/2023\\\/10\\\/Racing-Trucker-Cap-.jpg\",\"datePublished\":\"2023-10-22T12:53:03+00:00\",\"description\":\"Scopri i nostri Guanti in microfibra termoregolanti: il massimo del comfort e calore con tecnologia in microfibra e design termoregolante per running.\",\"breadcrumb\":{\"@id\":\"https:\\\/\\\/xmy.ch\\\/de\\\/prodotto\\\/racing-trucker-cap-schwarz-gelb\\\/#breadcrumb\"},\"inLanguage\":\"de-DE\",\"potentialAction\":[{\"@type\":\"ReadAction\",\"target\":[\"https:\\\/\\\/xmy.ch\\\/de\\\/prodotto\\\/racing-trucker-cap-schwarz-gelb\\\/\"]}]},{\"@type\":\"ImageObject\",\"inLanguage\":\"de-DE\",\"@id\":\"https:\\\/\\\/xmy.ch\\\/de\\\/prodotto\\\/racing-trucker-cap-schwarz-gelb\\\/#primaryimage\",\"url\":\"https:\\\/\\\/xmy.ch\\\/wp-content\\\/uploads\\\/2023\\\/10\\\/Racing-Trucker-Cap-.jpg\",\"contentUrl\":\"https:\\\/\\\/xmy.ch\\\/wp-content\\\/uploads\\\/2023\\\/10\\\/Racing-Trucker-Cap-.jpg\",\"width\":818,\"height\":614},{\"@type\":\"BreadcrumbList\",\"@id\":\"https:\\\/\\\/xmy.ch\\\/de\\\/prodotto\\\/racing-trucker-cap-schwarz-gelb\\\/#breadcrumb\",\"itemListElement\":[{\"@type\":\"ListItem\",\"position\":1,\"name\":\"Home\",\"item\":\"https:\\\/\\\/xmy.ch\\\/de\\\/\"},{\"@type\":\"ListItem\",\"position\":2,\"name\":\"Shop\",\"item\":\"https:\\\/\\\/xmy.ch\\\/de\\\/shop-2\\\/\"},{\"@type\":\"ListItem\",\"position\":3,\"name\":\"Racing Trucker Cap schwarz\\\/gelb\"}]},{\"@type\":\"WebSite\",\"@id\":\"https:\\\/\\\/xmy.ch\\\/de\\\/#website\",\"url\":\"https:\\\/\\\/xmy.ch\\\/de\\\/\",\"name\":\"Xmy Sagl\",\"description\":\"\",\"publisher\":{\"@id\":\"https:\\\/\\\/xmy.ch\\\/de\\\/#organization\"},\"potentialAction\":[{\"@type\":\"SearchAction\",\"target\":{\"@type\":\"EntryPoint\",\"urlTemplate\":\"https:\\\/\\\/xmy.ch\\\/de\\\/?s={search_term_string}\"},\"query-input\":{\"@type\":\"PropertyValueSpecification\",\"valueRequired\":true,\"valueName\":\"search_term_string\"}}],\"inLanguage\":\"de-DE\"},{\"@type\":\"Organization\",\"@id\":\"https:\\\/\\\/xmy.ch\\\/de\\\/#organization\",\"name\":\"Xmy Sagl\",\"url\":\"https:\\\/\\\/xmy.ch\\\/de\\\/\",\"logo\":{\"@type\":\"ImageObject\",\"inLanguage\":\"de-DE\",\"@id\":\"https:\\\/\\\/xmy.ch\\\/de\\\/#\\\/schema\\\/logo\\\/image\\\/\",\"url\":\"https:\\\/\\\/xmy.ch\\\/wp-content\\\/uploads\\\/2024\\\/02\\\/XMY_UNI_B.webp\",\"contentUrl\":\"https:\\\/\\\/xmy.ch\\\/wp-content\\\/uploads\\\/2024\\\/02\\\/XMY_UNI_B.webp\",\"width\":1459,\"height\":421,\"caption\":\"Xmy Sagl\"},\"image\":{\"@id\":\"https:\\\/\\\/xmy.ch\\\/de\\\/#\\\/schema\\\/logo\\\/image\\\/\"},\"sameAs\":[\"https:\\\/\\\/www.facebook.com\\\/xmy.sagl\",\"https:\\\/\\\/www.instagram.com\\\/xmy.sagl\\\/\"]}]}<\/script>\n<!-- \/ Yoast SEO Premium plugin. -->","yoast_head_json":{"title":"Racing Trucker Cap schwarz\/gelb - Sportliches Design - Xmy Sagl","description":"Scopri i nostri Guanti in microfibra termoregolanti: il massimo del comfort e calore con tecnologia in microfibra e design termoregolante per running.","robots":{"index":"index","follow":"follow","max-snippet":"max-snippet:-1","max-image-preview":"max-image-preview:large","max-video-preview":"max-video-preview:-1"},"canonical":"https:\/\/xmy.ch\/de\/prodotto\/racing-trucker-cap-schwarz-gelb\/","og_locale":"de_DE","og_type":"article","og_title":"Racing Trucker Cap schwarz\/gelb \u2013 High-Performance","og_description":"Sch\u00fctzt Training und Rennen dank Bel\u00fcftung und Schwei\u00dfableitung.","og_url":"https:\/\/xmy.ch\/de\/prodotto\/racing-trucker-cap-schwarz-gelb\/","og_site_name":"Xmy Sagl","article_publisher":"https:\/\/www.facebook.com\/xmy.sagl","og_image":[{"width":818,"height":614,"url":"https:\/\/xmy.ch\/wp-content\/uploads\/2023\/10\/Racing-Trucker-Cap-.jpg","type":"image\/jpeg"}],"twitter_card":"summary_large_image","twitter_title":"Racing Trucker Cap schwarz\/gelb \u2013 Hochleistung","twitter_description":"Bel\u00fcftung und Schwei\u00dfableitung f\u00fcr Training und Rennen \u2013 entdecken.","schema":{"@context":"https:\/\/schema.org","@graph":[{"@type":"WebPage","@id":"https:\/\/xmy.ch\/de\/prodotto\/racing-trucker-cap-schwarz-gelb\/","url":"https:\/\/xmy.ch\/de\/prodotto\/racing-trucker-cap-schwarz-gelb\/","name":"Racing Trucker Cap schwarz\/gelb - Sportliches Design - Xmy Sagl","isPartOf":{"@id":"https:\/\/xmy.ch\/de\/#website"},"primaryImageOfPage":{"@id":"https:\/\/xmy.ch\/de\/prodotto\/racing-trucker-cap-schwarz-gelb\/#primaryimage"},"image":{"@id":"https:\/\/xmy.ch\/de\/prodotto\/racing-trucker-cap-schwarz-gelb\/#primaryimage"},"thumbnailUrl":"https:\/\/xmy.ch\/wp-content\/uploads\/2023\/10\/Racing-Trucker-Cap-.jpg","datePublished":"2023-10-22T12:53:03+00:00","description":"Scopri i nostri Guanti in microfibra termoregolanti: il massimo del comfort e calore con tecnologia in microfibra e design termoregolante per running.","breadcrumb":{"@id":"https:\/\/xmy.ch\/de\/prodotto\/racing-trucker-cap-schwarz-gelb\/#breadcrumb"},"inLanguage":"de-DE","potentialAction":[{"@type":"ReadAction","target":["https:\/\/xmy.ch\/de\/prodotto\/racing-trucker-cap-schwarz-gelb\/"]}]},{"@type":"ImageObject","inLanguage":"de-DE","@id":"https:\/\/xmy.ch\/de\/prodotto\/racing-trucker-cap-schwarz-gelb\/#primaryimage","url":"https:\/\/xmy.ch\/wp-content\/uploads\/2023\/10\/Racing-Trucker-Cap-.jpg","contentUrl":"https:\/\/xmy.ch\/wp-content\/uploads\/2023\/10\/Racing-Trucker-Cap-.jpg","width":818,"height":614},{"@type":"BreadcrumbList","@id":"https:\/\/xmy.ch\/de\/prodotto\/racing-trucker-cap-schwarz-gelb\/#breadcrumb","itemListElement":[{"@type":"ListItem","position":1,"name":"Home","item":"https:\/\/xmy.ch\/de\/"},{"@type":"ListItem","position":2,"name":"Shop","item":"https:\/\/xmy.ch\/de\/shop-2\/"},{"@type":"ListItem","position":3,"name":"Racing Trucker Cap schwarz\/gelb"}]},{"@type":"WebSite","@id":"https:\/\/xmy.ch\/de\/#website","url":"https:\/\/xmy.ch\/de\/","name":"Xmy Sagl","description":"","publisher":{"@id":"https:\/\/xmy.ch\/de\/#organization"},"potentialAction":[{"@type":"SearchAction","target":{"@type":"EntryPoint","urlTemplate":"https:\/\/xmy.ch\/de\/?s={search_term_string}"},"query-input":{"@type":"PropertyValueSpecification","valueRequired":true,"valueName":"search_term_string"}}],"inLanguage":"de-DE"},{"@type":"Organization","@id":"https:\/\/xmy.ch\/de\/#organization","name":"Xmy Sagl","url":"https:\/\/xmy.ch\/de\/","logo":{"@type":"ImageObject","inLanguage":"de-DE","@id":"https:\/\/xmy.ch\/de\/#\/schema\/logo\/image\/","url":"https:\/\/xmy.ch\/wp-content\/uploads\/2024\/02\/XMY_UNI_B.webp","contentUrl":"https:\/\/xmy.ch\/wp-content\/uploads\/2024\/02\/XMY_UNI_B.webp","width":1459,"height":421,"caption":"Xmy Sagl"},"image":{"@id":"https:\/\/xmy.ch\/de\/#\/schema\/logo\/image\/"},"sameAs":["https:\/\/www.facebook.com\/xmy.sagl","https:\/\/www.instagram.com\/xmy.sagl\/"]}]}},"_links":{"self":[{"href":"https:\/\/xmy.ch\/de\/wp-json\/wp\/v2\/product\/5818","targetHints":{"allow":["GET"]}}],"collection":[{"href":"https:\/\/xmy.ch\/de\/wp-json\/wp\/v2\/product"}],"about":[{"href":"https:\/\/xmy.ch\/de\/wp-json\/wp\/v2\/types\/product"}],"replies":[{"embeddable":true,"href":"https:\/\/xmy.ch\/de\/wp-json\/wp\/v2\/comments?post=5818"}],"wp:featuredmedia":[{"embeddable":true,"href":"https:\/\/xmy.ch\/de\/wp-json\/wp\/v2\/media\/3484"}],"wp:attachment":[{"href":"https:\/\/xmy.ch\/de\/wp-json\/wp\/v2\/media?parent=5818"}],"wp:term":[{"taxonomy":"product_brand","embeddable":true,"href":"https:\/\/xmy.ch\/de\/wp-json\/wp\/v2\/product_brand?post=5818"},{"taxonomy":"product_cat","embeddable":true,"href":"https:\/\/xmy.ch\/de\/wp-json\/wp\/v2\/product_cat?post=5818"},{"taxonomy":"product_tag","embeddable":true,"href":"https:\/\/xmy.ch\/de\/wp-json\/wp\/v2\/product_tag?post=5818"}],"curies":[{"name":"wp","href":"https:\/\/api.w.org\/{rel}","templated":true}]}}