{"id":5813,"date":"2023-10-25T20:51:08","date_gmt":"2023-10-25T18:51:08","guid":{"rendered":"https:\/\/xmy.ch\/prodotto\/ultra-trail-socken-schwarz\/"},"modified":"2023-10-25T20:51:08","modified_gmt":"2023-10-25T18:51:08","slug":"ultra-trail-socken-schwarz","status":"publish","type":"product","link":"https:\/\/xmy.ch\/de\/prodotto\/ultra-trail-socken-schwarz\/","title":{"rendered":"Ultra Trail Socken Schwarz"},"content":{"rendered":"<p>F\u00fcr Ultra-Sportler entwickelte Hochleistungssocken, die noch mehr Halt und D\u00e4mpfung f\u00fcr optimalen Schutz bei Langstreckenrennen bieten.<\/p>\n<p>Jordi, Diego und Seb k\u00f6nnen best\u00e4tigen, dass 100 Meilen eine sehr, sehr lange Strecke sind. Und sie k\u00f6nnen auch best\u00e4tigen, dass es noch l\u00e4nger dauert, wenn Sie zertr\u00fcmmerte F\u00fc\u00dfe haben. Urspr\u00fcnglich f\u00fcr die Anforderungen des zerm\u00fcrbenden UTMB entwickelt, werden Sie entschuldigt sein, wenn Sie diese sch\u00fctzenden Socken auf anderen Ultra-Trails rund um die Welt tragen. Diese Ultra-Trail-Socken sind den professionellen Laufsocken nachempfunden und verf\u00fcgen \u00fcber ein verst\u00e4rktes Band im Achillessehnenbereich f\u00fcr zus\u00e4tzlichen Halt und unglaubliche Stabilit\u00e4t. Die zahlreichen 3D-Punkte absorbieren viele St\u00f6\u00dfe und Vibrationen des sich st\u00e4ndig ver\u00e4ndernden Gel\u00e4ndes und verhindern auf intelligente Weise Druckstellen an der Innenseite des Beins und am Kn\u00f6chel, die durch das Drehen der F\u00fc\u00dfe entstehen. Die Zehenbox ist speziell verst\u00e4rkt und gepolstert, um die Zehen und N\u00e4gel bei t\u00f6dlichen technischen Abfahrten zu sch\u00fctzen. Im mittleren und vorderen Bereich des Fu\u00dfes verhindert die Kombination aus N\u00e4hten und 360\u00b0-Gew\u00f6lbest\u00fctze das Verdrehen des Gewebes, was die Gefahr von Blasenbildung verringert und mehr Stabilit\u00e4t bietet. Die gezielte Kompression erh\u00f6ht die Durchblutung, um die Erm\u00fcdung hinauszuz\u00f6gern und Ihnen zu erm\u00f6glichen, die ganze Nacht hindurch weiterzulaufen. Folgen Sie dem Beispiel unserer Profis und bezwingen Sie das h\u00e4rteste und schwierigste Terrain mit den schwarzen Ultra-Trail-Socken.<\/p>\n<p>mm : 95% Polyamid 5% Elastan<\/p>\n<p><img decoding=\"async\" class=\"w-50 my-2\" src=\"https:\/\/www.compressport.com\/ch\/img\/prods_entretien.png\"><\/p>\n","protected":false},"excerpt":{"rendered":"<p>Hochleistungssocken, die f\u00fcr Ultra-Sportler entwickelt wurden und noch mehr Unterst\u00fctzung und D\u00e4mpfung f\u00fcr optimalen Schutz bei Langstreckenrennen bieten.<\/p>\n","protected":false},"featured_media":7030,"comment_status":"open","ping_status":"closed","template":"","meta":[],"product_brand":[],"product_cat":[290],"product_tag":[271,272],"class_list":{"0":"post-5813","1":"product","2":"type-product","3":"status-publish","4":"has-post-thumbnail","6":"product_cat-socken","7":"product_tag-frau","8":"product_tag-mann","10":"first","11":"instock","12":"taxable","13":"shipping-taxable","14":"purchasable","15":"product-type-variable"},"yoast_head":"<!-- This site is optimized with the Yoast SEO Premium plugin v27.5 (Yoast SEO v27.5) - https:\/\/yoast.com\/product\/yoast-seo-premium-wordpress\/ -->\n<title>Ultra-Trail Socken: H\u00f6chste Stabilit\u00e4t f\u00fcr Ultral\u00e4ufer<\/title>\n<meta name=\"description\" content=\"Ultra-Trail Socken bieten maximale Halt- und D\u00e4mpfung f\u00fcr Langstreckenrennen. Profitieren Sie von 3D-Punkten, Achillessehnenband und 360\u00b0 Gew\u00f6lbest\u00fctze.\" \/>\n<meta name=\"robots\" content=\"index, follow, max-snippet:-1, max-image-preview:large, max-video-preview:-1\" \/>\n<link rel=\"canonical\" href=\"https:\/\/xmy.ch\/de\/prodotto\/ultra-trail-socken-schwarz\/\" \/>\n<meta property=\"og:locale\" content=\"de_DE\" \/>\n<meta property=\"og:type\" content=\"article\" \/>\n<meta property=\"og:title\" content=\"Ultra-Trail Socken \u2013 H\u00f6chste Stabilit\u00e4t f\u00fcr Ultramarathons\" \/>\n<meta property=\"og:description\" content=\"Sch\u00fctzen Sie Ihre F\u00fc\u00dfe bei Ultra-Trails. Jetzt Ultra-Trail Socken testen.\" \/>\n<meta property=\"og:url\" content=\"https:\/\/xmy.ch\/de\/prodotto\/ultra-trail-socken-schwarz\/\" \/>\n<meta property=\"og:site_name\" content=\"Xmy Sagl\" \/>\n<meta property=\"article:publisher\" content=\"https:\/\/www.facebook.com\/xmy.sagl\" \/>\n<meta property=\"og:image\" content=\"https:\/\/xmy.ch\/wp-content\/uploads\/2023\/10\/calze-da-corsa-calze-running-calze-ultratrail.webp\" \/>\n\t<meta property=\"og:image:width\" content=\"549\" \/>\n\t<meta property=\"og:image:height\" content=\"712\" \/>\n\t<meta property=\"og:image:type\" content=\"image\/webp\" \/>\n<meta name=\"twitter:card\" content=\"summary_large_image\" \/>\n<meta name=\"twitter:title\" content=\"Ultra-Trail Socken \u2013 H\u00f6chste Stabilit\u00e4t beim Ultra-Lauf\" \/>\n<meta name=\"twitter:description\" content=\"Mehr Schutz, weniger Blasen auf langen Trails. Jetzt testen.\" \/>\n<meta name=\"twitter:label1\" content=\"Gesch\u00e4tzte Lesezeit\" \/>\n\t<meta name=\"twitter:data1\" content=\"1 minute\" \/>\n<script type=\"application\/ld+json\" class=\"yoast-schema-graph\">{\"@context\":\"https:\\\/\\\/schema.org\",\"@graph\":[{\"@type\":\"WebPage\",\"@id\":\"https:\\\/\\\/xmy.ch\\\/de\\\/prodotto\\\/ultra-trail-socken-schwarz\\\/\",\"url\":\"https:\\\/\\\/xmy.ch\\\/de\\\/prodotto\\\/ultra-trail-socken-schwarz\\\/\",\"name\":\"Ultra-Trail Socken: H\u00f6chste Stabilit\u00e4t f\u00fcr Ultral\u00e4ufer\",\"isPartOf\":{\"@id\":\"https:\\\/\\\/xmy.ch\\\/de\\\/#website\"},\"primaryImageOfPage\":{\"@id\":\"https:\\\/\\\/xmy.ch\\\/de\\\/prodotto\\\/ultra-trail-socken-schwarz\\\/#primaryimage\"},\"image\":{\"@id\":\"https:\\\/\\\/xmy.ch\\\/de\\\/prodotto\\\/ultra-trail-socken-schwarz\\\/#primaryimage\"},\"thumbnailUrl\":\"https:\\\/\\\/xmy.ch\\\/wp-content\\\/uploads\\\/2023\\\/10\\\/calze-da-corsa-calze-running-calze-ultratrail.webp\",\"datePublished\":\"2023-10-25T18:51:08+00:00\",\"description\":\"Ultra-Trail Socken bieten maximale Halt- und D\u00e4mpfung f\u00fcr Langstreckenrennen. Profitieren Sie von 3D-Punkten, Achillessehnenband und 360\u00b0 Gew\u00f6lbest\u00fctze.\",\"breadcrumb\":{\"@id\":\"https:\\\/\\\/xmy.ch\\\/de\\\/prodotto\\\/ultra-trail-socken-schwarz\\\/#breadcrumb\"},\"inLanguage\":\"de-DE\",\"potentialAction\":[{\"@type\":\"ReadAction\",\"target\":[\"https:\\\/\\\/xmy.ch\\\/de\\\/prodotto\\\/ultra-trail-socken-schwarz\\\/\"]}]},{\"@type\":\"ImageObject\",\"inLanguage\":\"de-DE\",\"@id\":\"https:\\\/\\\/xmy.ch\\\/de\\\/prodotto\\\/ultra-trail-socken-schwarz\\\/#primaryimage\",\"url\":\"https:\\\/\\\/xmy.ch\\\/wp-content\\\/uploads\\\/2023\\\/10\\\/calze-da-corsa-calze-running-calze-ultratrail.webp\",\"contentUrl\":\"https:\\\/\\\/xmy.ch\\\/wp-content\\\/uploads\\\/2023\\\/10\\\/calze-da-corsa-calze-running-calze-ultratrail.webp\",\"width\":549,\"height\":712,\"caption\":\"Vengono mostrate delle calze da corsa o anche chiamate calze running o calze ultratrail\"},{\"@type\":\"BreadcrumbList\",\"@id\":\"https:\\\/\\\/xmy.ch\\\/de\\\/prodotto\\\/ultra-trail-socken-schwarz\\\/#breadcrumb\",\"itemListElement\":[{\"@type\":\"ListItem\",\"position\":1,\"name\":\"Home\",\"item\":\"https:\\\/\\\/xmy.ch\\\/de\\\/\"},{\"@type\":\"ListItem\",\"position\":2,\"name\":\"Shop\",\"item\":\"https:\\\/\\\/xmy.ch\\\/de\\\/shop-2\\\/\"},{\"@type\":\"ListItem\",\"position\":3,\"name\":\"Ultra Trail Socken Schwarz\"}]},{\"@type\":\"WebSite\",\"@id\":\"https:\\\/\\\/xmy.ch\\\/de\\\/#website\",\"url\":\"https:\\\/\\\/xmy.ch\\\/de\\\/\",\"name\":\"Xmy Sagl\",\"description\":\"\",\"publisher\":{\"@id\":\"https:\\\/\\\/xmy.ch\\\/de\\\/#organization\"},\"potentialAction\":[{\"@type\":\"SearchAction\",\"target\":{\"@type\":\"EntryPoint\",\"urlTemplate\":\"https:\\\/\\\/xmy.ch\\\/de\\\/?s={search_term_string}\"},\"query-input\":{\"@type\":\"PropertyValueSpecification\",\"valueRequired\":true,\"valueName\":\"search_term_string\"}}],\"inLanguage\":\"de-DE\"},{\"@type\":\"Organization\",\"@id\":\"https:\\\/\\\/xmy.ch\\\/de\\\/#organization\",\"name\":\"Xmy Sagl\",\"url\":\"https:\\\/\\\/xmy.ch\\\/de\\\/\",\"logo\":{\"@type\":\"ImageObject\",\"inLanguage\":\"de-DE\",\"@id\":\"https:\\\/\\\/xmy.ch\\\/de\\\/#\\\/schema\\\/logo\\\/image\\\/\",\"url\":\"https:\\\/\\\/xmy.ch\\\/wp-content\\\/uploads\\\/2024\\\/02\\\/XMY_UNI_B.webp\",\"contentUrl\":\"https:\\\/\\\/xmy.ch\\\/wp-content\\\/uploads\\\/2024\\\/02\\\/XMY_UNI_B.webp\",\"width\":1459,\"height\":421,\"caption\":\"Xmy Sagl\"},\"image\":{\"@id\":\"https:\\\/\\\/xmy.ch\\\/de\\\/#\\\/schema\\\/logo\\\/image\\\/\"},\"sameAs\":[\"https:\\\/\\\/www.facebook.com\\\/xmy.sagl\",\"https:\\\/\\\/www.instagram.com\\\/xmy.sagl\\\/\"]}]}<\/script>\n<!-- \/ Yoast SEO Premium plugin. -->","yoast_head_json":{"title":"Ultra-Trail Socken: H\u00f6chste Stabilit\u00e4t f\u00fcr Ultral\u00e4ufer","description":"Ultra-Trail Socken bieten maximale Halt- und D\u00e4mpfung f\u00fcr Langstreckenrennen. Profitieren Sie von 3D-Punkten, Achillessehnenband und 360\u00b0 Gew\u00f6lbest\u00fctze.","robots":{"index":"index","follow":"follow","max-snippet":"max-snippet:-1","max-image-preview":"max-image-preview:large","max-video-preview":"max-video-preview:-1"},"canonical":"https:\/\/xmy.ch\/de\/prodotto\/ultra-trail-socken-schwarz\/","og_locale":"de_DE","og_type":"article","og_title":"Ultra-Trail Socken \u2013 H\u00f6chste Stabilit\u00e4t f\u00fcr Ultramarathons","og_description":"Sch\u00fctzen Sie Ihre F\u00fc\u00dfe bei Ultra-Trails. Jetzt Ultra-Trail Socken testen.","og_url":"https:\/\/xmy.ch\/de\/prodotto\/ultra-trail-socken-schwarz\/","og_site_name":"Xmy Sagl","article_publisher":"https:\/\/www.facebook.com\/xmy.sagl","og_image":[{"width":549,"height":712,"url":"https:\/\/xmy.ch\/wp-content\/uploads\/2023\/10\/calze-da-corsa-calze-running-calze-ultratrail.webp","type":"image\/webp"}],"twitter_card":"summary_large_image","twitter_title":"Ultra-Trail Socken \u2013 H\u00f6chste Stabilit\u00e4t beim Ultra-Lauf","twitter_description":"Mehr Schutz, weniger Blasen auf langen Trails. Jetzt testen.","twitter_misc":{"Gesch\u00e4tzte Lesezeit":"1 minute"},"schema":{"@context":"https:\/\/schema.org","@graph":[{"@type":"WebPage","@id":"https:\/\/xmy.ch\/de\/prodotto\/ultra-trail-socken-schwarz\/","url":"https:\/\/xmy.ch\/de\/prodotto\/ultra-trail-socken-schwarz\/","name":"Ultra-Trail Socken: H\u00f6chste Stabilit\u00e4t f\u00fcr Ultral\u00e4ufer","isPartOf":{"@id":"https:\/\/xmy.ch\/de\/#website"},"primaryImageOfPage":{"@id":"https:\/\/xmy.ch\/de\/prodotto\/ultra-trail-socken-schwarz\/#primaryimage"},"image":{"@id":"https:\/\/xmy.ch\/de\/prodotto\/ultra-trail-socken-schwarz\/#primaryimage"},"thumbnailUrl":"https:\/\/xmy.ch\/wp-content\/uploads\/2023\/10\/calze-da-corsa-calze-running-calze-ultratrail.webp","datePublished":"2023-10-25T18:51:08+00:00","description":"Ultra-Trail Socken bieten maximale Halt- und D\u00e4mpfung f\u00fcr Langstreckenrennen. Profitieren Sie von 3D-Punkten, Achillessehnenband und 360\u00b0 Gew\u00f6lbest\u00fctze.","breadcrumb":{"@id":"https:\/\/xmy.ch\/de\/prodotto\/ultra-trail-socken-schwarz\/#breadcrumb"},"inLanguage":"de-DE","potentialAction":[{"@type":"ReadAction","target":["https:\/\/xmy.ch\/de\/prodotto\/ultra-trail-socken-schwarz\/"]}]},{"@type":"ImageObject","inLanguage":"de-DE","@id":"https:\/\/xmy.ch\/de\/prodotto\/ultra-trail-socken-schwarz\/#primaryimage","url":"https:\/\/xmy.ch\/wp-content\/uploads\/2023\/10\/calze-da-corsa-calze-running-calze-ultratrail.webp","contentUrl":"https:\/\/xmy.ch\/wp-content\/uploads\/2023\/10\/calze-da-corsa-calze-running-calze-ultratrail.webp","width":549,"height":712,"caption":"Vengono mostrate delle calze da corsa o anche chiamate calze running o calze ultratrail"},{"@type":"BreadcrumbList","@id":"https:\/\/xmy.ch\/de\/prodotto\/ultra-trail-socken-schwarz\/#breadcrumb","itemListElement":[{"@type":"ListItem","position":1,"name":"Home","item":"https:\/\/xmy.ch\/de\/"},{"@type":"ListItem","position":2,"name":"Shop","item":"https:\/\/xmy.ch\/de\/shop-2\/"},{"@type":"ListItem","position":3,"name":"Ultra Trail Socken Schwarz"}]},{"@type":"WebSite","@id":"https:\/\/xmy.ch\/de\/#website","url":"https:\/\/xmy.ch\/de\/","name":"Xmy Sagl","description":"","publisher":{"@id":"https:\/\/xmy.ch\/de\/#organization"},"potentialAction":[{"@type":"SearchAction","target":{"@type":"EntryPoint","urlTemplate":"https:\/\/xmy.ch\/de\/?s={search_term_string}"},"query-input":{"@type":"PropertyValueSpecification","valueRequired":true,"valueName":"search_term_string"}}],"inLanguage":"de-DE"},{"@type":"Organization","@id":"https:\/\/xmy.ch\/de\/#organization","name":"Xmy Sagl","url":"https:\/\/xmy.ch\/de\/","logo":{"@type":"ImageObject","inLanguage":"de-DE","@id":"https:\/\/xmy.ch\/de\/#\/schema\/logo\/image\/","url":"https:\/\/xmy.ch\/wp-content\/uploads\/2024\/02\/XMY_UNI_B.webp","contentUrl":"https:\/\/xmy.ch\/wp-content\/uploads\/2024\/02\/XMY_UNI_B.webp","width":1459,"height":421,"caption":"Xmy Sagl"},"image":{"@id":"https:\/\/xmy.ch\/de\/#\/schema\/logo\/image\/"},"sameAs":["https:\/\/www.facebook.com\/xmy.sagl","https:\/\/www.instagram.com\/xmy.sagl\/"]}]}},"_links":{"self":[{"href":"https:\/\/xmy.ch\/de\/wp-json\/wp\/v2\/product\/5813","targetHints":{"allow":["GET"]}}],"collection":[{"href":"https:\/\/xmy.ch\/de\/wp-json\/wp\/v2\/product"}],"about":[{"href":"https:\/\/xmy.ch\/de\/wp-json\/wp\/v2\/types\/product"}],"replies":[{"embeddable":true,"href":"https:\/\/xmy.ch\/de\/wp-json\/wp\/v2\/comments?post=5813"}],"wp:featuredmedia":[{"embeddable":true,"href":"https:\/\/xmy.ch\/de\/wp-json\/wp\/v2\/media\/7030"}],"wp:attachment":[{"href":"https:\/\/xmy.ch\/de\/wp-json\/wp\/v2\/media?parent=5813"}],"wp:term":[{"taxonomy":"product_brand","embeddable":true,"href":"https:\/\/xmy.ch\/de\/wp-json\/wp\/v2\/product_brand?post=5813"},{"taxonomy":"product_cat","embeddable":true,"href":"https:\/\/xmy.ch\/de\/wp-json\/wp\/v2\/product_cat?post=5813"},{"taxonomy":"product_tag","embeddable":true,"href":"https:\/\/xmy.ch\/de\/wp-json\/wp\/v2\/product_tag?post=5813"}],"curies":[{"name":"wp","href":"https:\/\/api.w.org\/{rel}","templated":true}]}}