{"id":5790,"date":"2023-10-25T20:23:45","date_gmt":"2023-10-25T18:23:45","guid":{"rendered":"https:\/\/xmy.ch\/prodotto\/casual-beanie-asphalt-schwarz\/"},"modified":"2023-10-25T20:23:45","modified_gmt":"2023-10-25T18:23:45","slug":"casual-beanie-asphalt-schwarz","status":"publish","type":"product","link":"https:\/\/xmy.ch\/de\/prodotto\/casual-beanie-asphalt-schwarz\/","title":{"rendered":"Casual Beanie Asphalt\/Schwarz"},"content":{"rendered":"<p>Eine dicke, nachhaltige Winterm\u00fctze aus recycelten Materialien, die sowohl auf der Rennstrecke als auch auf der Stra\u00dfe warm und modisch bleibt.<\/p>\n<p>Ein Winteroutfit ist ohne die passende Kopfbedeckung nicht komplett, und die brandneue, l\u00e4ssige M\u00fctze ist so konzipiert, dass sie W\u00e4rme und Isolierung bietet, wenn es schneit. Diese stylische Winterm\u00fctze aus recycelten Materialien ist ein Freund deines Kopfes und unseres Planeten. Sie ist ultrabequem, luxuri\u00f6s dick und unglaublich angenehm und eignet sich perfekt zum Tragen vor und nach dem Training und den Wettk\u00e4mpfen. Getreu den Compressport-Standards ist die Kappe atmungsaktiv und reizfrei und bietet ein sehr angenehmes Tragegef\u00fchl. Die Steppn\u00e4hte auf dem Oberteil sorgen f\u00fcr eine modische Form, w\u00e4hrend das eingewebte Compressport-Logo f\u00fcr eine sportliche Note sorgt. Die l\u00e4ssige M\u00fctze ist der perfekte Begleiter, um sich warm zu halten.<\/p>\n<p>100% recyceltes Polyester<\/p>\n<p><img decoding=\"async\" class=\"w-50 my-2\" src=\"https:\/\/www.compressport.com\/ch\/img\/prods_entretien.png\"><\/p>\n","protected":false},"excerpt":{"rendered":"<p>Eine dicke, nachhaltige Winterm\u00fctze aus recycelten Materialien, die sowohl auf der Rennstrecke als auch auf der Stra\u00dfe warm und modisch bleibt.<\/p>\n","protected":false},"featured_media":3573,"comment_status":"open","ping_status":"closed","template":"","meta":[],"product_brand":[],"product_cat":[266],"product_tag":[271,272],"class_list":{"0":"post-5790","1":"product","2":"type-product","3":"status-publish","4":"has-post-thumbnail","6":"product_cat-zubehor","7":"product_tag-frau","8":"product_tag-mann","10":"first","11":"instock","12":"taxable","13":"shipping-taxable","14":"purchasable","15":"product-type-variable","16":"has-default-attributes"},"yoast_head":"<!-- This site is optimized with the Yoast SEO Premium plugin v27.5 (Yoast SEO v27.5) - https:\/\/yoast.com\/product\/yoast-seo-premium-wordpress\/ -->\n<title>Casual Beanie Asphalt\/Schwarz \u2013 nachhaltige Winterm\u00fctze<\/title>\n<meta name=\"description\" content=\"Casual Beanie Asphalt\/Schwarz aus recyceltem Polyester bietet W\u00e4rme, Stil und Atmungsaktivit\u00e4t f\u00fcr Training und Alltag. Jetzt ansehen.\" \/>\n<meta name=\"robots\" content=\"index, follow, max-snippet:-1, max-image-preview:large, max-video-preview:-1\" \/>\n<link rel=\"canonical\" href=\"https:\/\/xmy.ch\/de\/prodotto\/casual-beanie-asphalt-schwarz\/\" \/>\n<meta property=\"og:locale\" content=\"de_DE\" \/>\n<meta property=\"og:type\" content=\"article\" \/>\n<meta property=\"og:title\" content=\"Casual Beanie Asphalt\/Schwarz \u2013 nachhaltige Winterm\u00fctze\" \/>\n<meta property=\"og:description\" content=\"Warm, stylisch und umweltbewusst \u2013 entdecken Sie diese Beanie.\" \/>\n<meta property=\"og:url\" content=\"https:\/\/xmy.ch\/de\/prodotto\/casual-beanie-asphalt-schwarz\/\" \/>\n<meta property=\"og:site_name\" content=\"Xmy Sagl\" \/>\n<meta property=\"article:publisher\" content=\"https:\/\/www.facebook.com\/xmy.sagl\" \/>\n<meta property=\"og:image\" content=\"https:\/\/xmy.ch\/wp-content\/uploads\/2023\/10\/casual-beanie-asphalte-black.webp\" \/>\n\t<meta property=\"og:image:width\" content=\"549\" \/>\n\t<meta property=\"og:image:height\" content=\"712\" \/>\n\t<meta property=\"og:image:type\" content=\"image\/webp\" \/>\n<meta name=\"twitter:card\" content=\"summary_large_image\" \/>\n<meta name=\"twitter:title\" content=\"Casual Beanie Asphalt\/Schwarz \u2013 nachhaltige Winterm\u00fctze\" \/>\n<meta name=\"twitter:description\" content=\"Sichern Sie sich W\u00e4rme und Style f\u00fcr Training &amp; Alltag \u2013 jetzt ansehen.\" \/>\n<meta name=\"twitter:label1\" content=\"Gesch\u00e4tzte Lesezeit\" \/>\n\t<meta name=\"twitter:data1\" content=\"1 minute\" \/>\n<script type=\"application\/ld+json\" class=\"yoast-schema-graph\">{\"@context\":\"https:\\\/\\\/schema.org\",\"@graph\":[{\"@type\":\"WebPage\",\"@id\":\"https:\\\/\\\/xmy.ch\\\/de\\\/prodotto\\\/casual-beanie-asphalt-schwarz\\\/\",\"url\":\"https:\\\/\\\/xmy.ch\\\/de\\\/prodotto\\\/casual-beanie-asphalt-schwarz\\\/\",\"name\":\"Casual Beanie Asphalt\\\/Schwarz \u2013 nachhaltige Winterm\u00fctze\",\"isPartOf\":{\"@id\":\"https:\\\/\\\/xmy.ch\\\/de\\\/#website\"},\"primaryImageOfPage\":{\"@id\":\"https:\\\/\\\/xmy.ch\\\/de\\\/prodotto\\\/casual-beanie-asphalt-schwarz\\\/#primaryimage\"},\"image\":{\"@id\":\"https:\\\/\\\/xmy.ch\\\/de\\\/prodotto\\\/casual-beanie-asphalt-schwarz\\\/#primaryimage\"},\"thumbnailUrl\":\"https:\\\/\\\/xmy.ch\\\/wp-content\\\/uploads\\\/2023\\\/10\\\/casual-beanie-asphalte-black.webp\",\"datePublished\":\"2023-10-25T18:23:45+00:00\",\"description\":\"Casual Beanie Asphalt\\\/Schwarz aus recyceltem Polyester bietet W\u00e4rme, Stil und Atmungsaktivit\u00e4t f\u00fcr Training und Alltag. Jetzt ansehen.\",\"breadcrumb\":{\"@id\":\"https:\\\/\\\/xmy.ch\\\/de\\\/prodotto\\\/casual-beanie-asphalt-schwarz\\\/#breadcrumb\"},\"inLanguage\":\"de-DE\",\"potentialAction\":[{\"@type\":\"ReadAction\",\"target\":[\"https:\\\/\\\/xmy.ch\\\/de\\\/prodotto\\\/casual-beanie-asphalt-schwarz\\\/\"]}]},{\"@type\":\"ImageObject\",\"inLanguage\":\"de-DE\",\"@id\":\"https:\\\/\\\/xmy.ch\\\/de\\\/prodotto\\\/casual-beanie-asphalt-schwarz\\\/#primaryimage\",\"url\":\"https:\\\/\\\/xmy.ch\\\/wp-content\\\/uploads\\\/2023\\\/10\\\/casual-beanie-asphalte-black.webp\",\"contentUrl\":\"https:\\\/\\\/xmy.ch\\\/wp-content\\\/uploads\\\/2023\\\/10\\\/casual-beanie-asphalte-black.webp\",\"width\":549,\"height\":712},{\"@type\":\"BreadcrumbList\",\"@id\":\"https:\\\/\\\/xmy.ch\\\/de\\\/prodotto\\\/casual-beanie-asphalt-schwarz\\\/#breadcrumb\",\"itemListElement\":[{\"@type\":\"ListItem\",\"position\":1,\"name\":\"Home\",\"item\":\"https:\\\/\\\/xmy.ch\\\/de\\\/\"},{\"@type\":\"ListItem\",\"position\":2,\"name\":\"Shop\",\"item\":\"https:\\\/\\\/xmy.ch\\\/de\\\/shop-2\\\/\"},{\"@type\":\"ListItem\",\"position\":3,\"name\":\"Casual Beanie Asphalt\\\/Schwarz\"}]},{\"@type\":\"WebSite\",\"@id\":\"https:\\\/\\\/xmy.ch\\\/de\\\/#website\",\"url\":\"https:\\\/\\\/xmy.ch\\\/de\\\/\",\"name\":\"Xmy Sagl\",\"description\":\"\",\"publisher\":{\"@id\":\"https:\\\/\\\/xmy.ch\\\/de\\\/#organization\"},\"potentialAction\":[{\"@type\":\"SearchAction\",\"target\":{\"@type\":\"EntryPoint\",\"urlTemplate\":\"https:\\\/\\\/xmy.ch\\\/de\\\/?s={search_term_string}\"},\"query-input\":{\"@type\":\"PropertyValueSpecification\",\"valueRequired\":true,\"valueName\":\"search_term_string\"}}],\"inLanguage\":\"de-DE\"},{\"@type\":\"Organization\",\"@id\":\"https:\\\/\\\/xmy.ch\\\/de\\\/#organization\",\"name\":\"Xmy Sagl\",\"url\":\"https:\\\/\\\/xmy.ch\\\/de\\\/\",\"logo\":{\"@type\":\"ImageObject\",\"inLanguage\":\"de-DE\",\"@id\":\"https:\\\/\\\/xmy.ch\\\/de\\\/#\\\/schema\\\/logo\\\/image\\\/\",\"url\":\"https:\\\/\\\/xmy.ch\\\/wp-content\\\/uploads\\\/2024\\\/02\\\/XMY_UNI_B.webp\",\"contentUrl\":\"https:\\\/\\\/xmy.ch\\\/wp-content\\\/uploads\\\/2024\\\/02\\\/XMY_UNI_B.webp\",\"width\":1459,\"height\":421,\"caption\":\"Xmy Sagl\"},\"image\":{\"@id\":\"https:\\\/\\\/xmy.ch\\\/de\\\/#\\\/schema\\\/logo\\\/image\\\/\"},\"sameAs\":[\"https:\\\/\\\/www.facebook.com\\\/xmy.sagl\",\"https:\\\/\\\/www.instagram.com\\\/xmy.sagl\\\/\"]}]}<\/script>\n<!-- \/ Yoast SEO Premium plugin. -->","yoast_head_json":{"title":"Casual Beanie Asphalt\/Schwarz \u2013 nachhaltige Winterm\u00fctze","description":"Casual Beanie Asphalt\/Schwarz aus recyceltem Polyester bietet W\u00e4rme, Stil und Atmungsaktivit\u00e4t f\u00fcr Training und Alltag. Jetzt ansehen.","robots":{"index":"index","follow":"follow","max-snippet":"max-snippet:-1","max-image-preview":"max-image-preview:large","max-video-preview":"max-video-preview:-1"},"canonical":"https:\/\/xmy.ch\/de\/prodotto\/casual-beanie-asphalt-schwarz\/","og_locale":"de_DE","og_type":"article","og_title":"Casual Beanie Asphalt\/Schwarz \u2013 nachhaltige Winterm\u00fctze","og_description":"Warm, stylisch und umweltbewusst \u2013 entdecken Sie diese Beanie.","og_url":"https:\/\/xmy.ch\/de\/prodotto\/casual-beanie-asphalt-schwarz\/","og_site_name":"Xmy Sagl","article_publisher":"https:\/\/www.facebook.com\/xmy.sagl","og_image":[{"width":549,"height":712,"url":"https:\/\/xmy.ch\/wp-content\/uploads\/2023\/10\/casual-beanie-asphalte-black.webp","type":"image\/webp"}],"twitter_card":"summary_large_image","twitter_title":"Casual Beanie Asphalt\/Schwarz \u2013 nachhaltige Winterm\u00fctze","twitter_description":"Sichern Sie sich W\u00e4rme und Style f\u00fcr Training &amp; Alltag \u2013 jetzt ansehen.","twitter_misc":{"Gesch\u00e4tzte Lesezeit":"1 minute"},"schema":{"@context":"https:\/\/schema.org","@graph":[{"@type":"WebPage","@id":"https:\/\/xmy.ch\/de\/prodotto\/casual-beanie-asphalt-schwarz\/","url":"https:\/\/xmy.ch\/de\/prodotto\/casual-beanie-asphalt-schwarz\/","name":"Casual Beanie Asphalt\/Schwarz \u2013 nachhaltige Winterm\u00fctze","isPartOf":{"@id":"https:\/\/xmy.ch\/de\/#website"},"primaryImageOfPage":{"@id":"https:\/\/xmy.ch\/de\/prodotto\/casual-beanie-asphalt-schwarz\/#primaryimage"},"image":{"@id":"https:\/\/xmy.ch\/de\/prodotto\/casual-beanie-asphalt-schwarz\/#primaryimage"},"thumbnailUrl":"https:\/\/xmy.ch\/wp-content\/uploads\/2023\/10\/casual-beanie-asphalte-black.webp","datePublished":"2023-10-25T18:23:45+00:00","description":"Casual Beanie Asphalt\/Schwarz aus recyceltem Polyester bietet W\u00e4rme, Stil und Atmungsaktivit\u00e4t f\u00fcr Training und Alltag. Jetzt ansehen.","breadcrumb":{"@id":"https:\/\/xmy.ch\/de\/prodotto\/casual-beanie-asphalt-schwarz\/#breadcrumb"},"inLanguage":"de-DE","potentialAction":[{"@type":"ReadAction","target":["https:\/\/xmy.ch\/de\/prodotto\/casual-beanie-asphalt-schwarz\/"]}]},{"@type":"ImageObject","inLanguage":"de-DE","@id":"https:\/\/xmy.ch\/de\/prodotto\/casual-beanie-asphalt-schwarz\/#primaryimage","url":"https:\/\/xmy.ch\/wp-content\/uploads\/2023\/10\/casual-beanie-asphalte-black.webp","contentUrl":"https:\/\/xmy.ch\/wp-content\/uploads\/2023\/10\/casual-beanie-asphalte-black.webp","width":549,"height":712},{"@type":"BreadcrumbList","@id":"https:\/\/xmy.ch\/de\/prodotto\/casual-beanie-asphalt-schwarz\/#breadcrumb","itemListElement":[{"@type":"ListItem","position":1,"name":"Home","item":"https:\/\/xmy.ch\/de\/"},{"@type":"ListItem","position":2,"name":"Shop","item":"https:\/\/xmy.ch\/de\/shop-2\/"},{"@type":"ListItem","position":3,"name":"Casual Beanie Asphalt\/Schwarz"}]},{"@type":"WebSite","@id":"https:\/\/xmy.ch\/de\/#website","url":"https:\/\/xmy.ch\/de\/","name":"Xmy Sagl","description":"","publisher":{"@id":"https:\/\/xmy.ch\/de\/#organization"},"potentialAction":[{"@type":"SearchAction","target":{"@type":"EntryPoint","urlTemplate":"https:\/\/xmy.ch\/de\/?s={search_term_string}"},"query-input":{"@type":"PropertyValueSpecification","valueRequired":true,"valueName":"search_term_string"}}],"inLanguage":"de-DE"},{"@type":"Organization","@id":"https:\/\/xmy.ch\/de\/#organization","name":"Xmy Sagl","url":"https:\/\/xmy.ch\/de\/","logo":{"@type":"ImageObject","inLanguage":"de-DE","@id":"https:\/\/xmy.ch\/de\/#\/schema\/logo\/image\/","url":"https:\/\/xmy.ch\/wp-content\/uploads\/2024\/02\/XMY_UNI_B.webp","contentUrl":"https:\/\/xmy.ch\/wp-content\/uploads\/2024\/02\/XMY_UNI_B.webp","width":1459,"height":421,"caption":"Xmy Sagl"},"image":{"@id":"https:\/\/xmy.ch\/de\/#\/schema\/logo\/image\/"},"sameAs":["https:\/\/www.facebook.com\/xmy.sagl","https:\/\/www.instagram.com\/xmy.sagl\/"]}]}},"_links":{"self":[{"href":"https:\/\/xmy.ch\/de\/wp-json\/wp\/v2\/product\/5790","targetHints":{"allow":["GET"]}}],"collection":[{"href":"https:\/\/xmy.ch\/de\/wp-json\/wp\/v2\/product"}],"about":[{"href":"https:\/\/xmy.ch\/de\/wp-json\/wp\/v2\/types\/product"}],"replies":[{"embeddable":true,"href":"https:\/\/xmy.ch\/de\/wp-json\/wp\/v2\/comments?post=5790"}],"wp:featuredmedia":[{"embeddable":true,"href":"https:\/\/xmy.ch\/de\/wp-json\/wp\/v2\/media\/3573"}],"wp:attachment":[{"href":"https:\/\/xmy.ch\/de\/wp-json\/wp\/v2\/media?parent=5790"}],"wp:term":[{"taxonomy":"product_brand","embeddable":true,"href":"https:\/\/xmy.ch\/de\/wp-json\/wp\/v2\/product_brand?post=5790"},{"taxonomy":"product_cat","embeddable":true,"href":"https:\/\/xmy.ch\/de\/wp-json\/wp\/v2\/product_cat?post=5790"},{"taxonomy":"product_tag","embeddable":true,"href":"https:\/\/xmy.ch\/de\/wp-json\/wp\/v2\/product_tag?post=5790"}],"curies":[{"name":"wp","href":"https:\/\/api.w.org\/{rel}","templated":true}]}}