{"id":5394,"date":"2023-10-02T22:18:32","date_gmt":"2023-10-02T20:18:32","guid":{"rendered":"https:\/\/xmy.ch\/datenschutzbestimmungen\/"},"modified":"2024-02-27T02:00:20","modified_gmt":"2024-02-27T01:00:20","slug":"datenschutzbestimmungen","status":"publish","type":"page","link":"https:\/\/xmy.ch\/de\/datenschutzbestimmungen\/","title":{"rendered":"Datenschutzbestimmungen"},"content":{"rendered":"\n<p>Datenschutzbestimmungen<br\/>Zuletzt aktualisiert am 08-Nov-2023<br\/>Datum des Inkrafttretens 08-Nov-2023<\/p>\n\n<p>Diese Datenschutzrichtlinie beschreibt die Politik von Xmy Sagl, Via Pra Proed 1, San Vittore 6534, Schweiz, E-Mail: keforma.ch@gmail.com, Telefon: +41765885081 in Bezug auf die Sammlung, Verwendung und Offenlegung von Benutzerinformationen, die bei der Nutzung unserer Website ( https:\/\/xmy.dipetto.ch ) gesammelt werden. (der &#8220;Dienst&#8221;). Indem Sie auf den Dienst zugreifen oder ihn nutzen, erkl\u00e4ren Sie sich mit der Erfassung, Nutzung und Offenlegung Ihrer Daten in \u00dcbereinstimmung mit dieser Datenschutzrichtlinie einverstanden. Wenn Sie damit nicht einverstanden sind, unterlassen Sie bitte den Zugriff auf den Dienst und dessen Nutzung.<br\/>Wir k\u00f6nnen diese Datenschutzrichtlinie jederzeit ohne Vorank\u00fcndigung \u00e4ndern und werden die \u00fcberarbeitete Datenschutzrichtlinie im Dienst ver\u00f6ffentlichen. Die ge\u00e4nderte Richtlinie tritt 180 Tage nach der Ver\u00f6ffentlichung der ge\u00e4nderten Richtlinie im Dienst in Kraft, und Ihr fortgesetzter Zugriff auf den Dienst oder dessen Nutzung nach diesem Datum gilt als Ihre Zustimmung zur ge\u00e4nderten Richtlinie. Es ist daher ratsam, diese Seite in regelm\u00e4\u00dfigen Abst\u00e4nden zu \u00fcberpr\u00fcfen.<\/p>\n\n<h3 class=\"wp-block-heading\">Gesammelte Informationen:<\/h3>\n\n<p>Wir werden die folgenden pers\u00f6nlichen Informationen \u00fcber Sie sammeln und verarbeiten:<\/p>\n\n<ul class=\"wp-block-list\">\n<li>Vor- und Nachname<\/li>\n\n\n\n<li>E-Mail Adresse<\/li>\n\n\n\n<li>Mobiltelefon<\/li>\n\n\n\n<li>Datum der Geburt<\/li>\n\n\n\n<li>Adresse<\/li>\n<\/ul>\n\n<h3 class=\"wp-block-heading\">Wie wir Ihre Informationen sammeln:<\/h3>\n\n<p>Wir sammeln\/erhalten Informationen \u00fcber den Nutzer auf folgende Weise:<\/p>\n\n<ul class=\"wp-block-list\">\n<li>wenn der Nutzer das Anmeldeformular ausf\u00fcllt oder auf andere Weise personenbezogene Daten \u00fcbermittelt<\/li>\n\n\n\n<li>mit der Website interagiert<\/li>\n\n\n\n<li>Aus \u00f6ffentlichen Quellen<\/li>\n<\/ul>\n\n<h3 class=\"wp-block-heading\">Wie wir Ihre Informationen verwenden:<\/h3>\n\n<p>Wir werden die \u00fcber Sie gesammelten Informationen f\u00fcr die folgenden Zwecke verwenden:<\/p>\n\n<ul class=\"wp-block-list\">\n<li>Marketing\/Werbung<\/li>\n\n\n\n<li>Erstellen eines Benutzerkontos<\/li>\n\n\n\n<li>Zahlungsabwicklung<\/li>\n\n\n\n<li>Unterst\u00fctzung<\/li>\n\n\n\n<li>Administrative Informationen<\/li>\n\n\n\n<li>Gezielte Werbung<\/li>\n\n\n\n<li>Verwaltung von Kundenauftr\u00e4gen<\/li>\n\n\n\n<li>Kommentare von Benutzer zu Benutzer<\/li>\n\n\n\n<li>Verwaltung von Benutzerkonten<\/li>\n\n\n\n<li>Wenn wir Ihre Daten f\u00fcr einen anderen Zweck verwenden m\u00f6chten, werden wir Sie um Ihre Zustimmung bitten und Ihre Daten nur nach Erhalt Ihrer Zustimmung und dann nur f\u00fcr den Zweck oder die Zwecke verwenden, f\u00fcr die wir die Zustimmung erteilt haben, es sei denn, wir sind gesetzlich zu etwas anderem verpflichtet.<\/li>\n<\/ul>\n\n<h3 class=\"wp-block-heading\">Wie wir Ihre Informationen weitergeben:<\/h3>\n\n<p>Wir werden Ihre pers\u00f6nlichen Daten nicht an Dritte weitergeben, ohne Sie um Ihre Zustimmung zu bitten, au\u00dfer unter den unten beschriebenen begrenzten Umst\u00e4nden:<\/p>\n\n<ul class=\"wp-block-list\">\n<li>Anzeigenservice<\/li>\n\n\n\n<li>Analytik<\/li>\n<\/ul>\n\n<p>Wir verlangen von diesen Dritten, dass sie die personenbezogenen Daten, die wir ihnen \u00fcbermitteln, nur f\u00fcr den Zweck verwenden, f\u00fcr den sie \u00fcbermittelt wurden, und sie nicht l\u00e4nger aufbewahren, als es zur Erf\u00fcllung dieses Zwecks erforderlich ist.<br\/>Wir k\u00f6nnen Ihre pers\u00f6nlichen Daten auch aus den folgenden Gr\u00fcnden offenlegen: (1) zur Einhaltung von Gesetzen, Vorschriften, Gerichtsbeschl\u00fcssen oder anderen rechtlichen Verfahren; (2) zur Durchsetzung von Vertr\u00e4gen, die Sie mit uns geschlossen haben, einschlie\u00dflich dieser Datenschutzrichtlinie; oder (3) um auf Anspr\u00fcche zu reagieren, dass Ihre Nutzung des Dienstes die Rechte Dritter verletzt. Wenn der Dienst oder unser Unternehmen mit einem anderen Unternehmen fusioniert oder \u00fcbernommen wird, geh\u00f6ren Ihre Daten zu den Verm\u00f6genswerten, die an den neuen Eigent\u00fcmer \u00fcbertragen werden.<\/p>\n\n<h3 class=\"wp-block-heading\">Aufbewahrung von Nutzerinformationen:<\/h3>\n\n<p>Wir bewahren Ihre pers\u00f6nlichen Daten zwischen 90 Tagen und 2 Jahren nach Schlie\u00dfung Ihres Kontos oder so lange auf, wie es f\u00fcr die Erf\u00fcllung der Zwecke, f\u00fcr die sie gesammelt wurden, erforderlich ist, wie in dieser Datenschutzrichtlinie angegeben. Es kann sein, dass wir einige Informationen l\u00e4nger aufbewahren m\u00fcssen, z. B. f\u00fcr die Aufbewahrung von Daten\/Beziehungen in \u00dcbereinstimmung mit geltendem Recht oder aus anderen legitimen Gr\u00fcnden wie der Durchsetzung von Rechtsanspr\u00fcchen, der Betrugsbek\u00e4mpfung usw. Anonyme und zusammengefasste Restdaten, die Sie nicht (direkt oder indirekt) identifizieren, k\u00f6nnen auf unbestimmte Zeit gespeichert werden.<\/p>\n\n<h3 class=\"wp-block-heading\">Ihre Rechte:<\/h3>\n\n<p>Je nach geltendem Recht haben Sie das Recht, auf Ihre personenbezogenen Daten zuzugreifen, sie zu berichtigen oder zu l\u00f6schen oder eine Kopie davon zu erhalten, die aktive Verarbeitung Ihrer Daten einzuschr\u00e4nken oder ihr zu widersprechen, uns zu bitten, Ihre personenbezogenen Daten an eine andere Stelle weiterzugeben (zu \u00fcbertragen), Ihre Zustimmung zur Verarbeitung Ihrer Daten zu widerrufen, eine Beschwerde bei einer Justizbeh\u00f6rde einzureichen und alle anderen in den geltenden Gesetzen vorgesehenen Rechte auszu\u00fcben. Um diese Rechte auszu\u00fcben, k\u00f6nnen Sie uns unter keforma.ch@gmail.com schreiben. Wir werden Ihre Anfrage in \u00dcbereinstimmung mit dem geltenden Recht beantworten.<br\/>Sie k\u00f6nnen sich gegen Direktwerbung oder Profiling durch uns zu Marketingzwecken entscheiden, indem Sie uns unter keforma.ch@gmail.com schreiben.<br\/>Bitte beachten Sie, dass Sie m\u00f6glicherweise nicht in der Lage sind, auf die Dienste, f\u00fcr die Sie die Informationen angefordert haben, zuzugreifen oder diese zu nutzen, wenn Sie uns nicht erlauben, die angeforderten personenbezogenen Daten zu sammeln oder zu verarbeiten, oder wenn Sie Ihre Zustimmung zur Verarbeitung f\u00fcr die angeforderten Zwecke zur\u00fcckziehen.<\/p>\n\n<h3 class=\"wp-block-heading\">Cookies usw.<\/h3>\n\n<p>Weitere Informationen \u00fcber die Verwendung dieser Tracking-Technologien durch uns und Ihre Wahlm\u00f6glichkeiten in Bezug auf diese Technologien finden Sie in unserer Cookie-Richtlinie.<\/p>\n\n<h3 class=\"wp-block-heading\">Sicherheit:<\/h3>\n\n<p>Die Sicherheit Ihrer Daten ist uns wichtig und wir werden angemessene Sicherheitsma\u00dfnahmen ergreifen, um den Verlust, den Missbrauch oder die unbefugte \u00c4nderung Ihrer Daten unter unserer Kontrolle zu verhindern. Angesichts der inh\u00e4renten Risiken k\u00f6nnen wir jedoch keine absolute Sicherheit garantieren, und folglich k\u00f6nnen wir die Sicherheit von Informationen, die Sie uns \u00fcbermitteln, nicht gew\u00e4hrleisten oder garantieren, und Sie tun dies auf eigenes Risiko.<\/p>\n\n<h3 class=\"wp-block-heading\">Links zu Drittanbietern und Verwendung Ihrer Daten:<\/h3>\n\n<p>Unser Service kann Links zu anderen Websites enthalten, die nicht von uns betrieben werden. Diese Datenschutzrichtlinie gilt nicht f\u00fcr die Datenschutzrichtlinien und andere Praktiken Dritter, einschlie\u00dflich Dritter, die Websites oder Dienste betreiben, die \u00fcber einen Link im Dienst zug\u00e4nglich sind. Wir raten dem Benutzer dringend, die Datenschutzbestimmungen jeder besuchten Website zu lesen. Wir haben keine Kontrolle \u00fcber und \u00fcbernehmen keine Verantwortung f\u00fcr den Inhalt, die Datenschutzrichtlinien oder die Praktiken von Websites oder Diensten Dritter.<\/p>\n\n<h3 class=\"wp-block-heading\">Beschwerde-\/Datenschutzbeauftragter:<\/h3>\n\n<p>Wenn Sie Fragen oder Bedenken bez\u00fcglich der Verarbeitung Ihrer Daten bei uns haben, k\u00f6nnen Sie eine E-Mail an unseren Datenschutzbeauftragten, Xmy Sagl, Via Pra Proed 1, San Vittore 6534, Schweiz, E-Mail: keforma.ch@gmail.com, senden. Wir werden Ihr Anliegen im Einklang mit dem geltenden Recht behandeln.<\/p>\n\n<p>Mit CookieYes erstellte Datenschutzrichtlinie.<\/p>\n","protected":false},"excerpt":{"rendered":"<p>DatenschutzbestimmungenZuletzt aktualisiert am 08-Nov-2023Datum des Inkrafttretens 08-Nov-2023 Diese Datenschutzrichtlinie beschreibt die Politik von Xmy Sagl, Via Pra Proed 1, San Vittore 6534, Schweiz, E-Mail: keforma.ch@gmail.com, Telefon: +41765885081 in Bezug auf&hellip;<\/p>\n","protected":false},"author":1,"featured_media":0,"parent":0,"menu_order":0,"comment_status":"closed","ping_status":"closed","template":"","meta":{"footnotes":""},"class_list":["post-5394","page","type-page","status-publish","hentry"],"yoast_head":"<!-- This site is optimized with the Yoast SEO Premium plugin v27.5 (Yoast SEO v27.5) - https:\/\/yoast.com\/product\/yoast-seo-premium-wordpress\/ -->\n<title>Datenschutzbestimmungen - Xmy Sagl<\/title>\n<meta name=\"robots\" content=\"index, follow, max-snippet:-1, max-image-preview:large, max-video-preview:-1\" \/>\n<link rel=\"canonical\" href=\"https:\/\/xmy.ch\/de\/datenschutzbestimmungen\/\" \/>\n<meta property=\"og:locale\" content=\"de_DE\" \/>\n<meta property=\"og:type\" content=\"article\" \/>\n<meta property=\"og:title\" content=\"Datenschutzbestimmungen\" \/>\n<meta property=\"og:description\" content=\"DatenschutzbestimmungenZuletzt aktualisiert am 08-Nov-2023Datum des Inkrafttretens 08-Nov-2023 Diese Datenschutzrichtlinie beschreibt die Politik von Xmy Sagl, Via Pra Proed 1, San Vittore 6534, Schweiz, E-Mail: keforma.ch@gmail.com, Telefon: +41765885081 in Bezug auf&hellip;\" \/>\n<meta property=\"og:url\" content=\"https:\/\/xmy.ch\/de\/datenschutzbestimmungen\/\" \/>\n<meta property=\"og:site_name\" content=\"Xmy Sagl\" \/>\n<meta property=\"article:publisher\" content=\"https:\/\/www.facebook.com\/xmy.sagl\" \/>\n<meta property=\"article:modified_time\" content=\"2024-02-27T01:00:20+00:00\" \/>\n<meta name=\"twitter:card\" content=\"summary_large_image\" \/>\n<meta name=\"twitter:label1\" content=\"Gesch\u00e4tzte Lesezeit\" \/>\n\t<meta name=\"twitter:data1\" content=\"5 minutes\" \/>\n<script type=\"application\/ld+json\" class=\"yoast-schema-graph\">{\"@context\":\"https:\\\/\\\/schema.org\",\"@graph\":[{\"@type\":\"WebPage\",\"@id\":\"https:\\\/\\\/xmy.ch\\\/de\\\/datenschutzbestimmungen\\\/\",\"url\":\"https:\\\/\\\/xmy.ch\\\/de\\\/datenschutzbestimmungen\\\/\",\"name\":\"Datenschutzbestimmungen - Xmy Sagl\",\"isPartOf\":{\"@id\":\"https:\\\/\\\/xmy.ch\\\/de\\\/#website\"},\"datePublished\":\"2023-10-02T20:18:32+00:00\",\"dateModified\":\"2024-02-27T01:00:20+00:00\",\"breadcrumb\":{\"@id\":\"https:\\\/\\\/xmy.ch\\\/de\\\/datenschutzbestimmungen\\\/#breadcrumb\"},\"inLanguage\":\"de-DE\",\"potentialAction\":[{\"@type\":\"ReadAction\",\"target\":[\"https:\\\/\\\/xmy.ch\\\/de\\\/datenschutzbestimmungen\\\/\"]}]},{\"@type\":\"BreadcrumbList\",\"@id\":\"https:\\\/\\\/xmy.ch\\\/de\\\/datenschutzbestimmungen\\\/#breadcrumb\",\"itemListElement\":[{\"@type\":\"ListItem\",\"position\":1,\"name\":\"Home\",\"item\":\"https:\\\/\\\/xmy.ch\\\/de\\\/\"},{\"@type\":\"ListItem\",\"position\":2,\"name\":\"Datenschutzbestimmungen\"}]},{\"@type\":\"WebSite\",\"@id\":\"https:\\\/\\\/xmy.ch\\\/de\\\/#website\",\"url\":\"https:\\\/\\\/xmy.ch\\\/de\\\/\",\"name\":\"Xmy Sagl\",\"description\":\"\",\"publisher\":{\"@id\":\"https:\\\/\\\/xmy.ch\\\/de\\\/#organization\"},\"potentialAction\":[{\"@type\":\"SearchAction\",\"target\":{\"@type\":\"EntryPoint\",\"urlTemplate\":\"https:\\\/\\\/xmy.ch\\\/de\\\/?s={search_term_string}\"},\"query-input\":{\"@type\":\"PropertyValueSpecification\",\"valueRequired\":true,\"valueName\":\"search_term_string\"}}],\"inLanguage\":\"de-DE\"},{\"@type\":\"Organization\",\"@id\":\"https:\\\/\\\/xmy.ch\\\/de\\\/#organization\",\"name\":\"Xmy Sagl\",\"url\":\"https:\\\/\\\/xmy.ch\\\/de\\\/\",\"logo\":{\"@type\":\"ImageObject\",\"inLanguage\":\"de-DE\",\"@id\":\"https:\\\/\\\/xmy.ch\\\/de\\\/#\\\/schema\\\/logo\\\/image\\\/\",\"url\":\"https:\\\/\\\/xmy.ch\\\/wp-content\\\/uploads\\\/2024\\\/02\\\/XMY_UNI_B.webp\",\"contentUrl\":\"https:\\\/\\\/xmy.ch\\\/wp-content\\\/uploads\\\/2024\\\/02\\\/XMY_UNI_B.webp\",\"width\":1459,\"height\":421,\"caption\":\"Xmy Sagl\"},\"image\":{\"@id\":\"https:\\\/\\\/xmy.ch\\\/de\\\/#\\\/schema\\\/logo\\\/image\\\/\"},\"sameAs\":[\"https:\\\/\\\/www.facebook.com\\\/xmy.sagl\",\"https:\\\/\\\/www.instagram.com\\\/xmy.sagl\\\/\"]}]}<\/script>\n<!-- \/ Yoast SEO Premium plugin. -->","yoast_head_json":{"title":"Datenschutzbestimmungen - Xmy Sagl","robots":{"index":"index","follow":"follow","max-snippet":"max-snippet:-1","max-image-preview":"max-image-preview:large","max-video-preview":"max-video-preview:-1"},"canonical":"https:\/\/xmy.ch\/de\/datenschutzbestimmungen\/","og_locale":"de_DE","og_type":"article","og_title":"Datenschutzbestimmungen","og_description":"DatenschutzbestimmungenZuletzt aktualisiert am 08-Nov-2023Datum des Inkrafttretens 08-Nov-2023 Diese Datenschutzrichtlinie beschreibt die Politik von Xmy Sagl, Via Pra Proed 1, San Vittore 6534, Schweiz, E-Mail: keforma.ch@gmail.com, Telefon: +41765885081 in Bezug auf&hellip;","og_url":"https:\/\/xmy.ch\/de\/datenschutzbestimmungen\/","og_site_name":"Xmy Sagl","article_publisher":"https:\/\/www.facebook.com\/xmy.sagl","article_modified_time":"2024-02-27T01:00:20+00:00","twitter_card":"summary_large_image","twitter_misc":{"Gesch\u00e4tzte Lesezeit":"5 minutes"},"schema":{"@context":"https:\/\/schema.org","@graph":[{"@type":"WebPage","@id":"https:\/\/xmy.ch\/de\/datenschutzbestimmungen\/","url":"https:\/\/xmy.ch\/de\/datenschutzbestimmungen\/","name":"Datenschutzbestimmungen - Xmy Sagl","isPartOf":{"@id":"https:\/\/xmy.ch\/de\/#website"},"datePublished":"2023-10-02T20:18:32+00:00","dateModified":"2024-02-27T01:00:20+00:00","breadcrumb":{"@id":"https:\/\/xmy.ch\/de\/datenschutzbestimmungen\/#breadcrumb"},"inLanguage":"de-DE","potentialAction":[{"@type":"ReadAction","target":["https:\/\/xmy.ch\/de\/datenschutzbestimmungen\/"]}]},{"@type":"BreadcrumbList","@id":"https:\/\/xmy.ch\/de\/datenschutzbestimmungen\/#breadcrumb","itemListElement":[{"@type":"ListItem","position":1,"name":"Home","item":"https:\/\/xmy.ch\/de\/"},{"@type":"ListItem","position":2,"name":"Datenschutzbestimmungen"}]},{"@type":"WebSite","@id":"https:\/\/xmy.ch\/de\/#website","url":"https:\/\/xmy.ch\/de\/","name":"Xmy Sagl","description":"","publisher":{"@id":"https:\/\/xmy.ch\/de\/#organization"},"potentialAction":[{"@type":"SearchAction","target":{"@type":"EntryPoint","urlTemplate":"https:\/\/xmy.ch\/de\/?s={search_term_string}"},"query-input":{"@type":"PropertyValueSpecification","valueRequired":true,"valueName":"search_term_string"}}],"inLanguage":"de-DE"},{"@type":"Organization","@id":"https:\/\/xmy.ch\/de\/#organization","name":"Xmy Sagl","url":"https:\/\/xmy.ch\/de\/","logo":{"@type":"ImageObject","inLanguage":"de-DE","@id":"https:\/\/xmy.ch\/de\/#\/schema\/logo\/image\/","url":"https:\/\/xmy.ch\/wp-content\/uploads\/2024\/02\/XMY_UNI_B.webp","contentUrl":"https:\/\/xmy.ch\/wp-content\/uploads\/2024\/02\/XMY_UNI_B.webp","width":1459,"height":421,"caption":"Xmy Sagl"},"image":{"@id":"https:\/\/xmy.ch\/de\/#\/schema\/logo\/image\/"},"sameAs":["https:\/\/www.facebook.com\/xmy.sagl","https:\/\/www.instagram.com\/xmy.sagl\/"]}]}},"_links":{"self":[{"href":"https:\/\/xmy.ch\/de\/wp-json\/wp\/v2\/pages\/5394","targetHints":{"allow":["GET"]}}],"collection":[{"href":"https:\/\/xmy.ch\/de\/wp-json\/wp\/v2\/pages"}],"about":[{"href":"https:\/\/xmy.ch\/de\/wp-json\/wp\/v2\/types\/page"}],"author":[{"embeddable":true,"href":"https:\/\/xmy.ch\/de\/wp-json\/wp\/v2\/users\/1"}],"replies":[{"embeddable":true,"href":"https:\/\/xmy.ch\/de\/wp-json\/wp\/v2\/comments?post=5394"}],"version-history":[{"count":0,"href":"https:\/\/xmy.ch\/de\/wp-json\/wp\/v2\/pages\/5394\/revisions"}],"wp:attachment":[{"href":"https:\/\/xmy.ch\/de\/wp-json\/wp\/v2\/media?parent=5394"}],"curies":[{"name":"wp","href":"https:\/\/api.w.org\/{rel}","templated":true}]}}